{"id":22712,"date":"2024-04-10T15:56:48","date_gmt":"2024-04-10T13:56:48","guid":{"rendered":"https:\/\/www.fightingfilms.shop\/produit\/diploma-de-judo\/"},"modified":"2024-04-10T15:56:48","modified_gmt":"2024-04-10T13:56:48","slug":"diploma-de-judo","status":"publish","type":"product","link":"https:\/\/fightingfilms.shop\/es\/produit\/diploma-de-judo\/","title":{"rendered":"Diploma de judo"},"content":{"rendered":"<h2>Diploma de judo<\/h2>\n<p><strong>Pasar de grado<\/strong> es un momento importante de la temporada para los j\u00f3venes judokas. Los miembros m\u00e1s j\u00f3venes del equipo agradecen este reconocimiento y ven que su duro trabajo y su energ\u00eda dan sus frutos.<\/p>\n<p>Regala un diploma de judo en la tradicional <strong>ceremonia de<\/strong> graduaci\u00f3n.<\/p>\n<p>El diploma ser\u00e1 una parte integral de la transici\u00f3n de tus j\u00f3venes judokas a cintur\u00f3n de judo, permiti\u00e9ndoles mantener un registro escrito del que se sentir\u00e1n orgullosos.<\/p>\n<p>Para completar la gama de productos que necesitar\u00e1 para pasar de grado, puede optar por nuestros <a href=\"https:\/\/www.fightingfilms.shop\/produit\/rouleau-de-ceinture-de-judo-fighting-films\/\">rollos de cintur\u00f3n<\/a> o nuestros <a href=\"https:\/\/www.fightingfilms.shop\/produit\/ceinture-club-de-couleur\/\">cinturones r\u00edgidos da judo<\/a>.<\/p>\n<p>Caracter\u00edsticas:<\/p>\n<ul>\n<li>Tama\u00f1o: 21 cm x 14,8 cm (formato A5)<\/li>\n<li>Papel r\u00edgido 300 g\/m2<\/li>\n<li>Impresi\u00f3n a una cara<\/li>\n<li>Judo en japon\u00e9s<\/li>\n<li>Foto de Jigoro Kano<\/li>\n<\/ul>\n<p>\u00bfEst\u00e1s a cargo de un club? Descubra nuestras ofertas especiales exclusivas para clubes creando su propio espacio personalizado. Benef\u00edciese de descuentos en kimonos, bordados personalizados y un contacto privilegiado con nuestros equipos. Entrega r\u00e1pida garantizada.<\/p>\n<p>&nbsp;<\/p>\n","protected":false},"excerpt":{"rendered":"<p>Ahora que se acerca el final de la temporada, es el momento de ofrecer a tus socios un <strong>diploma de judo<\/strong>.<\/p>\n<p>Celebra este momento tan importante para los j\u00f3venes judokas con un diploma de judo. Es un s\u00edmbolo de progreso y compromiso por parte de los judokas.<\/p>\n<p>&nbsp;<\/p>\n","protected":false},"featured_media":22707,"comment_status":"","ping_status":"closed","template":"","meta":[],"product_brand":[],"product_cat":[464],"product_tag":[],"giftcard-category":[],"class_list":{"0":"post-22712","1":"product","2":"type-product","3":"status-publish","4":"has-post-thumbnail","6":"product_cat-cinturones-de-judo","7":"product_shipping_class-accesorios","9":"first","10":"instock","11":"taxable","12":"shipping-taxable","13":"purchasable","14":"product-type-simple"},"exclude_global_add_ons":[],"addons":[],"_links":{"self":[{"href":"https:\/\/fightingfilms.shop\/es\/wp-json\/wp\/v2\/product\/22712","targetHints":{"allow":["GET"]}}],"collection":[{"href":"https:\/\/fightingfilms.shop\/es\/wp-json\/wp\/v2\/product"}],"about":[{"href":"https:\/\/fightingfilms.shop\/es\/wp-json\/wp\/v2\/types\/product"}],"replies":[{"embeddable":true,"href":"https:\/\/fightingfilms.shop\/es\/wp-json\/wp\/v2\/comments?post=22712"}],"wp:featuredmedia":[{"embeddable":true,"href":"https:\/\/fightingfilms.shop\/es\/wp-json\/wp\/v2\/media\/22707"}],"wp:attachment":[{"href":"https:\/\/fightingfilms.shop\/es\/wp-json\/wp\/v2\/media?parent=22712"}],"wp:term":[{"taxonomy":"product_brand","embeddable":true,"href":"https:\/\/fightingfilms.shop\/es\/wp-json\/wp\/v2\/product_brand?post=22712"},{"taxonomy":"product_cat","embeddable":true,"href":"https:\/\/fightingfilms.shop\/es\/wp-json\/wp\/v2\/product_cat?post=22712"},{"taxonomy":"product_tag","embeddable":true,"href":"https:\/\/fightingfilms.shop\/es\/wp-json\/wp\/v2\/product_tag?post=22712"},{"taxonomy":"giftcard-category","embeddable":true,"href":"https:\/\/fightingfilms.shop\/es\/wp-json\/wp\/v2\/giftcard-category?post=22712"}],"curies":[{"name":"wp","href":"https:\/\/api.w.org\/{rel}","templated":true}]}}