{"id":22872,"date":"2024-04-12T14:23:44","date_gmt":"2024-04-12T12:23:44","guid":{"rendered":"https:\/\/www.fightingfilms.shop\/produit\/kimono-olimpico-de-judo\/"},"modified":"2024-05-24T10:38:27","modified_gmt":"2024-05-24T08:38:27","slug":"kimono-olimpico-de-judo","status":"publish","type":"product","link":"https:\/\/fightingfilms.shop\/es\/produit\/kimono-olimpico-de-judo\/","title":{"rendered":"Kimono ol\u00edmpico de judo"},"content":{"rendered":"<p>Los <strong>kimonos ol\u00edmpicos de judo<\/strong> ya est\u00e1n disponibles en Fighting Films. \u00bfLuchar\u00e1 en Par\u00eds este verano? \u00bfQuiere un judogi con el mismo nivel de exigencia que los grandes campeones? \u00bfO simplemente quieres un judogi m\u00e1s sobrio?<\/p>\n<p>Tenemos justo lo que necesita.<\/p>\n<h2>Kimono de judo de nivel ol\u00edmpico ( 750 Gr )<\/h2>\n<p>El <strong>kimono de judo de est\u00e1ndar ol\u00edmpico <\/strong>es similar al<strong><a href=\"https:\/\/www.fightingfilms.shop\/produit\/kimono-de-judo-superstar-750-ijf\/\"> Superstar 750 IJF<\/a><\/strong>Fighting Films, fabricado en algod\u00f3n de alta calidad.<\/p>\n<p>De hecho, sigue las normas de <strong>la FIJ<\/strong> (Federaci\u00f3n Internacional de Judo) para competiciones internacionales, con las siguientes modificaciones:<\/p>\n<ul>\n<li>Logotipo de Fighting Films s\u00f3lo en la manga derecha del kimono<\/li>\n<li>Logotipo m\u00e1s peque\u00f1o que en otros modelos judogi de Fighting Films<\/li>\n<li>No escribir debajo del logotipo<\/li>\n<\/ul>\n<p>Este judogi est\u00e1 disponible en los dos colores utilizados en las competiciones profesionales, blanco y azul.<\/p>\n<p>Fabricada con un 70% de algod\u00f3n y un 30% de poli\u00e9ster, s\u00f3lo encoger\u00e1 unos cent\u00edmetros antes de estabilizarse. Es c\u00f3modo de llevar y resistente. La chaqueta de grano de arroz presenta diversas costuras en la espalda y solapas forradas de gran resistencia, perfectas para soportar los judokas m\u00e1s duros.<\/p>\n<p>La anchura del escote y su grosor, as\u00ed como la longitud de la chaqueta y la anchura de las mangas, cumplen las distintas normativas establecidas por la federaci\u00f3n internacional.<\/p>\n<p>El <strong>kimono de judo de est\u00e1ndar ol\u00edmpico es adecuado<\/strong> tanto para peque\u00f1os como para grandes jugadores de judo.<\/p>\n<h4><strong>Lo m\u00e1s destacado:<\/strong><\/h4>\n<ul>\n<li>750 gr, que proporciona una buena resistencia a la tracci\u00f3n para el entrenamiento y la competici\u00f3n<\/li>\n<li>Aprobado para las nuevas normas de la FIJ y para los Juegos Ol\u00edmpicos<\/li>\n<li>Robusta y c\u00f3moda, adecuada para la pr\u00e1ctica regular del judo<\/li>\n<li>Corte ajustado que permite movimientos optimizados.<\/li>\n<li>3% de encogimiento al lavado<\/li>\n<li>Se vende con bolsa de transporte Fighting Films<\/li>\n<\/ul>\n<h4><strong>Consejos para cuidar tu kimono de judo:<\/strong><\/h4>\n<ul>\n<li>Lavado a m\u00e1quina &#8211; 30\u00b0 m\u00e1x. &#8211; normal<\/li>\n<li>Sin blanqueo<\/li>\n<\/ul>\n<h4><strong>\u00bfC\u00f3mo elijo la talla adecuada de kimono de judo para cumplir las normas de las Olympic Fighting Films? <\/strong><\/h4>\n<p>Aconsejamos a todos nuestros clientes que elijan un kimono <strong>5 cm por debajo de su estatura<\/strong>. Si mides <strong>1m70<\/strong>, opta por la de <strong>165cm.<\/strong> Con nuestra experiencia y conocimiento de nuestros kimonos, podemos asegurarle que este es el m\u00e9todo adecuado.<\/p>\n<p>Si tienes dudas, no dudes en consultar el art\u00edculo sobre c\u00f3mo <a href=\"https:\/\/www.fightingfilms.shop\/comment-bien-choisir-la-taille-de-son-judogi\/\">elegir la talla de tu kimono de judo<\/a> o contactar directamente con nosotros <a href=\"https:\/\/www.fightingfilms.shop\/contact\/\">aqu\u00ed<\/a>.<\/p>\n<h3>Puede consultar el patr\u00f3n en la galer\u00eda y nuestra gu\u00eda de tallas <a href=\"https:\/\/issuu.com\/fightingfilmseu\/docs\/fighting_films_-_guide_de_taille_sp_2024_v2\" rel=\"nofollow noopener\" target=\"_blank\">haciendo clic en este enlace<\/a> para conocer las dimensiones exactas.<\/h3>\n<p>Tambi\u00e9n puede consultar nuestros <a href=\"https:\/\/www.fightingfilms.shop\/blog\/\">diversos art\u00edculos<\/a> sobre c\u00f3mo elegir su <a href=\"https:\/\/www.fightingfilms.shop\/categorie\/kimonos\/kimonos-de-judo\/\">kimono de judo<\/a> o echar un vistazo a nuestros <a href=\"https:\/\/www.fightingfilms.shop\/categorie\/ceintures-de-judo\/\">cinturones de judo<\/a> para completar su atuendo.<\/p>\n<p>&nbsp;<\/p>\n","protected":false},"excerpt":{"rendered":"<p>Descubre el kimono ol\u00edmpico de Fighting Films. Un judogi de 750 g homologado seg\u00fan las normas de la FIJ, con algunos cambios para adaptarlo a las normas ol\u00edmpicas.<\/p>\n<p>Con un logotipo s\u00f3lo en un hombro y m\u00e1s peque\u00f1o, \u00a1podr\u00e1s participar en todas las competiciones que quieras!<\/p>\n<p>Judogi mixto disponible en blanco y azul.<\/p>\n","protected":false},"featured_media":23318,"comment_status":"closed","ping_status":"closed","template":"","meta":[],"product_brand":[],"product_cat":[448,995],"product_tag":[],"giftcard-category":[],"class_list":{"0":"post-22872","1":"product","2":"type-product","3":"status-publish","4":"has-post-thumbnail","6":"product_cat-kimonos-de-judo-es","7":"product_cat-judogi-ijf","9":"first","10":"instock","11":"taxable","12":"shipping-taxable","13":"purchasable","14":"product-type-variable"},"exclude_global_add_ons":[],"addons":[],"_links":{"self":[{"href":"https:\/\/fightingfilms.shop\/es\/wp-json\/wp\/v2\/product\/22872","targetHints":{"allow":["GET"]}}],"collection":[{"href":"https:\/\/fightingfilms.shop\/es\/wp-json\/wp\/v2\/product"}],"about":[{"href":"https:\/\/fightingfilms.shop\/es\/wp-json\/wp\/v2\/types\/product"}],"replies":[{"embeddable":true,"href":"https:\/\/fightingfilms.shop\/es\/wp-json\/wp\/v2\/comments?post=22872"}],"wp:featuredmedia":[{"embeddable":true,"href":"https:\/\/fightingfilms.shop\/es\/wp-json\/wp\/v2\/media\/23318"}],"wp:attachment":[{"href":"https:\/\/fightingfilms.shop\/es\/wp-json\/wp\/v2\/media?parent=22872"}],"wp:term":[{"taxonomy":"product_brand","embeddable":true,"href":"https:\/\/fightingfilms.shop\/es\/wp-json\/wp\/v2\/product_brand?post=22872"},{"taxonomy":"product_cat","embeddable":true,"href":"https:\/\/fightingfilms.shop\/es\/wp-json\/wp\/v2\/product_cat?post=22872"},{"taxonomy":"product_tag","embeddable":true,"href":"https:\/\/fightingfilms.shop\/es\/wp-json\/wp\/v2\/product_tag?post=22872"},{"taxonomy":"giftcard-category","embeddable":true,"href":"https:\/\/fightingfilms.shop\/es\/wp-json\/wp\/v2\/giftcard-category?post=22872"}],"curies":[{"name":"wp","href":"https:\/\/api.w.org\/{rel}","templated":true}]}}