{"id":23576,"date":"2024-06-04T15:01:31","date_gmt":"2024-06-04T13:01:31","guid":{"rendered":"https:\/\/www.fightingfilms.shop\/produit\/cinturon-amarillo-judo\/"},"modified":"2025-11-30T01:50:54","modified_gmt":"2025-11-30T00:50:54","slug":"cinturon-amarillo-judo","status":"publish","type":"product","link":"https:\/\/fightingfilms.shop\/es\/produit\/cinturon-amarillo-judo\/","title":{"rendered":"Cintur\u00f3n amarillo judo"},"content":{"rendered":"<p>Tras unos meses o a\u00f1os de entrenamiento, has adquirido todas las habilidades necesarias para el <a href=\"https:\/\/www.fightingfilms.shop\/produit\/ceinture-de-judo-blanche\/\">cintur\u00f3n blanco<\/a> de judo. Ahora es el momento de pasar al cintur\u00f3n amarillo de judo. Sabes aplicar las t\u00e9cnicas fundamentales del judo, c\u00f3mo hacer una reverencia y c\u00f3mo caer de espaldas.<\/p>\n<p>El cintur\u00f3n de judo amarillo Fighting Films viene con un elegante logotipo rojo Fighting Films en un extremo. Junto con el kimono, los <a href=\"https:\/\/www.fightingfilms.shop\/categorie\/ceintures-de-judo\/\"><strong>cinturones de judo<\/strong><\/a> son los elementos fundamentales del atuendo de un judoka.<\/p>\n<p>El cintur\u00f3n amarillo en judo marca la segunda etapa en el largo camino del aprendizaje. El judo es m\u00e1s que un arte marcial, es una escuela de vida que inculca valores y principios fundamentales a todos sus practicantes.<\/p>\n<p>El cintur\u00f3n amarillo representa la luz y la sabidur\u00eda e indica que el practicante ha adquirido conocimientos y habilidades y es capaz de aplicarlos.<\/p>\n<h2><em><strong>Las caracter\u00edsticas del cintur\u00f3n amarillo de judo: <\/strong><\/em><\/h2>\n<ul>\n<li>Anchura: 4 cm<\/li>\n<li>Longitud: 220 cm \/ 240 cm \/ 260 cm \/ 280 cm \/ 300 cm \/ 320 cm<\/li>\n<li>8 l\u00edneas de costura<\/li>\n<li>100% algod\u00f3n<\/li>\n<\/ul>\n<p>\u00bfNo est\u00e1s seguro de qu\u00e9 talla elegir para tu cintur\u00f3n amarillo de judo? Consulta nuestro art\u00edculo sobre <a href=\"https:\/\/www.fightingfilms.shop\/comment-choisir-la-taille-de-sa-ceinture-de-judo\/\">c\u00f3mo elegir la talla correcta de cintur\u00f3n de judo<\/a>, o ponte en contacto con nosotros directamente por correo electr\u00f3nico.<\/p>\n<p>\u00bfQuieres probar tu cintur\u00f3n de judo antes de comprarlo? Esperamos darte la bienvenida a nuestra tienda parisina situada en <a href=\"https:\/\/www.google.com\/maps\/place\/Fighting+Films+Europe+-+Judo+Shop\/@48.8761092,2.3481987,17z\/data=!3m1!4b1!4m6!3m5!1s0x47e66f3342322311:0xa604a392d0448936!8m2!3d48.8761057!4d2.3507736!16s%2Fg%2F11f7r5_h4m?entry=ttu\" rel=\"nofollow noopener\" target=\"_blank\">1 rue des Messageries, 75010 PAR\u00cdS.<\/a><\/p>\n","protected":false},"excerpt":{"rendered":"<p>Con tu <strong>cintur\u00f3n amarillo de judo de Fighting Films<\/strong>, puede comenzar la segunda fase del aprendizaje del judo. Mejora tu t\u00e9cnica, tus conocimientos y tu autocontrol.<\/p>\n<p>Cintur\u00f3n r\u00edgido disponible en tallas de ni\u00f1o a adulto.<\/p>\n","protected":false},"featured_media":18233,"comment_status":"","ping_status":"closed","template":"","meta":[],"product_brand":[],"product_cat":[464],"product_tag":[],"giftcard-category":[],"class_list":{"0":"post-23576","1":"product","2":"type-product","3":"status-publish","4":"has-post-thumbnail","6":"product_cat-cinturones-de-judo","7":"product_shipping_class-accesorios","9":"first","10":"instock","11":"taxable","12":"shipping-taxable","13":"purchasable","14":"product-type-variable"},"exclude_global_add_ons":[],"addons":[],"_links":{"self":[{"href":"https:\/\/fightingfilms.shop\/es\/wp-json\/wp\/v2\/product\/23576","targetHints":{"allow":["GET"]}}],"collection":[{"href":"https:\/\/fightingfilms.shop\/es\/wp-json\/wp\/v2\/product"}],"about":[{"href":"https:\/\/fightingfilms.shop\/es\/wp-json\/wp\/v2\/types\/product"}],"replies":[{"embeddable":true,"href":"https:\/\/fightingfilms.shop\/es\/wp-json\/wp\/v2\/comments?post=23576"}],"wp:featuredmedia":[{"embeddable":true,"href":"https:\/\/fightingfilms.shop\/es\/wp-json\/wp\/v2\/media\/18233"}],"wp:attachment":[{"href":"https:\/\/fightingfilms.shop\/es\/wp-json\/wp\/v2\/media?parent=23576"}],"wp:term":[{"taxonomy":"product_brand","embeddable":true,"href":"https:\/\/fightingfilms.shop\/es\/wp-json\/wp\/v2\/product_brand?post=23576"},{"taxonomy":"product_cat","embeddable":true,"href":"https:\/\/fightingfilms.shop\/es\/wp-json\/wp\/v2\/product_cat?post=23576"},{"taxonomy":"product_tag","embeddable":true,"href":"https:\/\/fightingfilms.shop\/es\/wp-json\/wp\/v2\/product_tag?post=23576"},{"taxonomy":"giftcard-category","embeddable":true,"href":"https:\/\/fightingfilms.shop\/es\/wp-json\/wp\/v2\/giftcard-category?post=23576"}],"curies":[{"name":"wp","href":"https:\/\/api.w.org\/{rel}","templated":true}]}}