{"id":23779,"date":"2024-06-05T17:23:52","date_gmt":"2024-06-05T15:23:52","guid":{"rendered":"https:\/\/www.fightingfilms.shop\/produit\/jjb-cinturon-blanco\/"},"modified":"2024-06-05T17:23:52","modified_gmt":"2024-06-05T15:23:52","slug":"jjb-cinturon-blanco","status":"publish","type":"product","link":"https:\/\/fightingfilms.shop\/es\/produit\/jjb-cinturon-blanco\/","title":{"rendered":"jjb cintur\u00f3n blanco"},"content":{"rendered":"<p>Sum\u00e9rgete en el mundo de jjb tengas la edad que tengas, nunca es tarde. Completa tu atuendo jjb con tu cintur\u00f3n blanco jjb Fighting Films.<\/p>\n<p>El <a href=\"https:\/\/www.fightingfilms.shop\/categorie\/jiu-jitsu\/ceintures-de-jjb\/\"><strong>cinturones jjb<\/strong><\/a> son, junto con el kimono, los elementos fundamentales del atuendo de jiu jitsuka.<\/p>\n<p>El cintur\u00f3n blanco jjb marca el inicio de un largo viaje de aprendizaje. El jiu jitsu brasile\u00f1o es m\u00e1s que un arte marcial, es una escuela de vida que inculca valores y principios fundamentales a todos sus practicantes.<\/p>\n<p>Los cinturones blancos aprenden t\u00e9cnicas defensivas y ofensivas sencillas y empiezan a comprender los principios b\u00e1sicos del agarre y las sumisiones.<\/p>\n<h2>El dise\u00f1o de las pel\u00edculas de lucha brasile\u00f1as jjb cintur\u00f3n blanco<\/h2>\n<p>El dise\u00f1o del cintur\u00f3n de Jiu-Jitsu brasile\u00f1o se ha hecho a medida para mantener un v\u00ednculo entre Jap\u00f3n y Brasil, la tierra del Jiu-Jitsu. En el cintur\u00f3n jjb blanco, encontrar\u00e1s un parche negro en un extremo en el que puedes hacer bordar tus distintos rangos. Para bordar tu cintur\u00f3n, visita nuestra <a href=\"https:\/\/www.fightingfilms.shop\/la-meilleure-boutique-darts-martiaux-a-paris\/\">boutique de artes marciales en Par\u00eds<\/a>.<\/p>\n<p>Al otro lado del cintur\u00f3n, encontrar\u00e1s un parche personalizado con los colores de la marca. Una bandera brasile\u00f1a coronada por la inscripci\u00f3n \u00abJiu-jitsu brasile\u00f1o\u00bb en japon\u00e9s. Esta bandera brasile\u00f1a redise\u00f1ada presenta el logotipo de <a href=\"https:\/\/fightingfilms.com\/\" target=\"_blank\" rel=\"nofollow noopener\">Fighting Films<\/a>, la fecha de creaci\u00f3n de la marca y las palabras \u00abjiu-jitsu brasile\u00f1o\u00bb.<\/p>\n<p>Este dise\u00f1o elegante y exclusivo le har\u00e1 destacar en el tatami.<\/p>\n<h2>Personaliza tu cintur\u00f3n de jiu-jitsu brasile\u00f1o.<\/h2>\n<p>En Fighting Films, puedes personalizar completamente tu cintur\u00f3n de jiu-jitsu brasile\u00f1o. Elige un nombre, un tipo de letra y un color para personalizar tu cintur\u00f3n con el nombre que quieras.<\/p>\n<p>No tienes que esperar a que llegue tu cintur\u00f3n: lo bordaremos in situ en nuestra tienda.<\/p>\n<h2>Detalles del producto<\/h2>\n<p>Elige la talla de cintur\u00f3n de jiu-jitsu brasile\u00f1o que m\u00e1s te convenga, de la A0 a la A5.<\/p>\n<p>A0=240cm<\/p>\n<p>A1=260cm<\/p>\n<p>A2=280cm<\/p>\n<p>A3=300cm<\/p>\n<p>A4=320cm<\/p>\n<p>A5=340 cm<\/p>\n<p>Fabricada en algod\u00f3n 100%, nuestra cintura ofrece una durabilidad excepcional, al tiempo que garantiza una comodidad \u00f3ptima durante el entrenamiento.<\/p>\n","protected":false},"excerpt":{"rendered":"<p>\u00a1Da tus primeros pasos en los tatamis con tu cintur\u00f3n blanco jjb Fighting Films! Aprende los fundamentos del jiu-jitsu brasile\u00f1o. Sea cual sea tu edad, \u00a1empieza esta nueva aventura \u00fanica! R\u00edgido y muy ligero, este cintur\u00f3n es ideal para aprender a hacer nudos correctamente.<\/p>\n","protected":false},"featured_media":16387,"comment_status":"","ping_status":"closed","template":"","meta":[],"product_brand":[],"product_cat":[914],"product_tag":[],"giftcard-category":[],"class_list":{"0":"post-23779","1":"product","2":"type-product","3":"status-publish","4":"has-post-thumbnail","6":"product_cat-cinturones-jjb","7":"product_shipping_class-accesorios","9":"first","10":"instock","11":"taxable","12":"shipping-taxable","13":"purchasable","14":"product-type-variable"},"exclude_global_add_ons":[],"addons":[],"_links":{"self":[{"href":"https:\/\/fightingfilms.shop\/es\/wp-json\/wp\/v2\/product\/23779","targetHints":{"allow":["GET"]}}],"collection":[{"href":"https:\/\/fightingfilms.shop\/es\/wp-json\/wp\/v2\/product"}],"about":[{"href":"https:\/\/fightingfilms.shop\/es\/wp-json\/wp\/v2\/types\/product"}],"replies":[{"embeddable":true,"href":"https:\/\/fightingfilms.shop\/es\/wp-json\/wp\/v2\/comments?post=23779"}],"wp:featuredmedia":[{"embeddable":true,"href":"https:\/\/fightingfilms.shop\/es\/wp-json\/wp\/v2\/media\/16387"}],"wp:attachment":[{"href":"https:\/\/fightingfilms.shop\/es\/wp-json\/wp\/v2\/media?parent=23779"}],"wp:term":[{"taxonomy":"product_brand","embeddable":true,"href":"https:\/\/fightingfilms.shop\/es\/wp-json\/wp\/v2\/product_brand?post=23779"},{"taxonomy":"product_cat","embeddable":true,"href":"https:\/\/fightingfilms.shop\/es\/wp-json\/wp\/v2\/product_cat?post=23779"},{"taxonomy":"product_tag","embeddable":true,"href":"https:\/\/fightingfilms.shop\/es\/wp-json\/wp\/v2\/product_tag?post=23779"},{"taxonomy":"giftcard-category","embeddable":true,"href":"https:\/\/fightingfilms.shop\/es\/wp-json\/wp\/v2\/giftcard-category?post=23779"}],"curies":[{"name":"wp","href":"https:\/\/api.w.org\/{rel}","templated":true}]}}