{"id":23929,"date":"2024-06-07T12:16:53","date_gmt":"2024-06-07T10:16:53","guid":{"rendered":"https:\/\/www.fightingfilms.shop\/produit\/cinturon-negro-en-jjb\/"},"modified":"2024-06-07T12:16:53","modified_gmt":"2024-06-07T10:16:53","slug":"cinturon-negro-en-jjb","status":"publish","type":"product","link":"https:\/\/fightingfilms.shop\/es\/produit\/cinturon-negro-en-jjb\/","title":{"rendered":"Cintur\u00f3n negro en jjb"},"content":{"rendered":"<div class=\"flex flex-grow flex-col max-w-full\">\n<div class=\"min-h-[20px] text-message flex flex-col items-start whitespace-pre-wrap break-words [.text-message+&amp;]:mt-5 juice:w-full juice:items-end overflow-x-auto gap-2\" dir=\"auto\" data-message-author-role=\"assistant\" data-message-id=\"ea18aec2-e1cc-4540-8304-4b4b7a356d84\">\n<div class=\"flex w-full flex-col gap-1 juice:empty:hidden juice:first:pt-[3px]\">\n<div class=\"markdown prose w-full break-words dark:prose-invert dark\">\n<p>El cintur\u00f3n negro jjb encarna un alto nivel de destreza t\u00e9cnica, un profundo compromiso con el arte y una responsabilidad con la comunidad y la tradici\u00f3n del jiu-jitsu brasile\u00f1o.<\/p>\n<\/div>\n<\/div>\n<\/div>\n<\/div>\n<p>Completa tu atuendo jjb con tu cintur\u00f3n negro jjb Fighting Films.<\/p>\n<p>El <a href=\"https:\/\/www.fightingfilms.shop\/categorie\/jiu-jitsu\/ceintures-de-jjb\/\"><strong>cinturones jjb<\/strong><\/a> son, junto con el kimono, los elementos fundamentales del atuendo de jiu jitsuka.<\/p>\n<p>El cintur\u00f3n negro de Jiu-Jitsu Brasile\u00f1o (JJB) es un s\u00edmbolo de maestr\u00eda y dedicaci\u00f3n excepcional a este arte marcial. Indica que el practicante domina una amplia gama de t\u00e9cnicas, estrategias y principios fundamentales del JJB.<\/p>\n<p>El cintur\u00f3n negro jjb simboliza un conocimiento profundo no s\u00f3lo de las t\u00e9cnicas, sino tambi\u00e9n de su aplicaci\u00f3n pr\u00e1ctica y estrat\u00e9gica en situaciones de combate.<\/p>\n<p>El cintur\u00f3n negro es s\u00f3lo un paso en el camino del jjb, \u00a1aprende m\u00e1s sobre ti mismo, las t\u00e9cnicas y los valores y entr\u00e9nate para alcanzar los grados superiores!<\/p>\n<h2>El dise\u00f1o de cintur\u00f3n negro de jjb Fighting Films<\/h2>\n<p>El dise\u00f1o del cintur\u00f3n de Jiu-Jitsu brasile\u00f1o se ha hecho a medida para mantener un v\u00ednculo entre Jap\u00f3n y Brasil, la tierra del Jiu-Jitsu. En el cintur\u00f3n negro jjb encontrar\u00e1s un parche rojo en un extremo en el que podr\u00e1s bordar tus diferentes grados. Para bordar tu cintur\u00f3n, visita nuestra <a href=\"https:\/\/www.fightingfilms.shop\/la-meilleure-boutique-darts-martiaux-a-paris\/\">boutique de artes marciales en Par\u00eds<\/a>.<\/p>\n<p>Al otro lado del cintur\u00f3n, encontrar\u00e1s un parche personalizado con los colores de la marca. Una bandera brasile\u00f1a coronada por la inscripci\u00f3n \u00abJiu-jitsu brasile\u00f1o\u00bb en japon\u00e9s. Esta bandera brasile\u00f1a redise\u00f1ada presenta el logotipo de <a href=\"https:\/\/fightingfilms.com\/\" target=\"_blank\" rel=\"nofollow noopener\">Fighting Films<\/a>, la fecha de creaci\u00f3n de la marca y las palabras \u00abjiu-jitsu brasile\u00f1o\u00bb.<\/p>\n<p>Este dise\u00f1o elegante y exclusivo le har\u00e1 destacar en el tatami.<\/p>\n<h2>Personaliza tu cintur\u00f3n negro jjb.<\/h2>\n<p>En Fighting Films, puedes personalizar completamente tu cintur\u00f3n negro de jiu-jitsu brasile\u00f1o. Elige un nombre, un tipo de letra y un color para personalizar tu cintur\u00f3n con el nombre que quieras.<\/p>\n<p>No tienes que esperar a que llegue tu cintur\u00f3n: lo bordaremos in situ en nuestra tienda.<\/p>\n<h2>Detalles del producto<\/h2>\n<p>Elige la talla de cintur\u00f3n negro de jiu-jitsu brasile\u00f1o que m\u00e1s te convenga, de la A0 a la A5.<\/p>\n<p>A0=240cm<\/p>\n<p>A1=260cm<\/p>\n<p>A2=280cm<\/p>\n<p>A3=300cm<\/p>\n<p>A4=320cm<\/p>\n<p>A5=340 cm<\/p>\n<p>Fabricado en algod\u00f3n 100%, nuestro cintur\u00f3n ofrece una durabilidad excepcional al tiempo que garantiza una comodidad y ligereza \u00f3ptimas durante el entrenamiento y la competici\u00f3n.<\/p>\n","protected":false},"excerpt":{"rendered":"<p>El cintur\u00f3n negro jjb, \u00a1el cintur\u00f3n definitivo de Fighting Films!<\/p>\n<p>\u00a1Convi\u00e9rtete en un maestro del jiu-jitsu brasile\u00f1o con Fighting Films! \u00a1Comparte tus conocimientos con los jiujitsukas de tu dojo! R\u00edgido y muy ligero, este cintur\u00f3n es ideal para entrenamientos y competiciones.<\/p>\n","protected":false},"featured_media":16391,"comment_status":"","ping_status":"closed","template":"","meta":[],"product_brand":[],"product_cat":[914],"product_tag":[],"giftcard-category":[],"class_list":{"0":"post-23929","1":"product","2":"type-product","3":"status-publish","4":"has-post-thumbnail","6":"product_cat-cinturones-jjb","7":"product_shipping_class-accesorios","9":"first","10":"instock","11":"taxable","12":"shipping-taxable","13":"purchasable","14":"product-type-variable"},"exclude_global_add_ons":[],"addons":[],"_links":{"self":[{"href":"https:\/\/fightingfilms.shop\/es\/wp-json\/wp\/v2\/product\/23929","targetHints":{"allow":["GET"]}}],"collection":[{"href":"https:\/\/fightingfilms.shop\/es\/wp-json\/wp\/v2\/product"}],"about":[{"href":"https:\/\/fightingfilms.shop\/es\/wp-json\/wp\/v2\/types\/product"}],"replies":[{"embeddable":true,"href":"https:\/\/fightingfilms.shop\/es\/wp-json\/wp\/v2\/comments?post=23929"}],"wp:featuredmedia":[{"embeddable":true,"href":"https:\/\/fightingfilms.shop\/es\/wp-json\/wp\/v2\/media\/16391"}],"wp:attachment":[{"href":"https:\/\/fightingfilms.shop\/es\/wp-json\/wp\/v2\/media?parent=23929"}],"wp:term":[{"taxonomy":"product_brand","embeddable":true,"href":"https:\/\/fightingfilms.shop\/es\/wp-json\/wp\/v2\/product_brand?post=23929"},{"taxonomy":"product_cat","embeddable":true,"href":"https:\/\/fightingfilms.shop\/es\/wp-json\/wp\/v2\/product_cat?post=23929"},{"taxonomy":"product_tag","embeddable":true,"href":"https:\/\/fightingfilms.shop\/es\/wp-json\/wp\/v2\/product_tag?post=23929"},{"taxonomy":"giftcard-category","embeddable":true,"href":"https:\/\/fightingfilms.shop\/es\/wp-json\/wp\/v2\/giftcard-category?post=23929"}],"curies":[{"name":"wp","href":"https:\/\/api.w.org\/{rel}","templated":true}]}}