{"id":24145,"date":"2024-06-19T16:12:11","date_gmt":"2024-06-19T14:12:11","guid":{"rendered":"https:\/\/www.fightingfilms.shop\/produit\/pantalones-cortos-tipo-kimono-para-mujer\/"},"modified":"2024-06-19T16:12:11","modified_gmt":"2024-06-19T14:12:11","slug":"pantalones-cortos-tipo-kimono-para-mujer","status":"publish","type":"product","link":"https:\/\/fightingfilms.shop\/es\/produit\/pantalones-cortos-tipo-kimono-para-mujer\/","title":{"rendered":"Pantalones cortos tipo kimono para mujer"},"content":{"rendered":"<p>Nuestros shorts kimono Politesse de Keiko-Gi para mujer toman su nombre de uno de los siete valores fundamentales del judo, la cortes\u00eda. Keiko-Gi establece el v\u00ednculo entre el arte marcial japon\u00e9s del judo y la moda, dos mundos que pueden parecer lejanos pero que comparten muchas similitudes.<\/p>\n<p>La ligereza y sencillez de nuestros pantalones cortos kimono para mujer son similares a las caracter\u00edsticas de los kimonos de judo. Inspirados en el estilo de vida japon\u00e9s, estos shorts kimono son perfectos para cualquier mujer.<\/p>\n<p>Los pantalones cortos est\u00e1n tejidos en <a href=\"https:\/\/www.keiko-gi.com\/blogs\/infos\/nos-vetements-keiko-gi-en-tissu-de-sashiko\" rel=\"nofollow noopener\" target=\"_blank\">Sashiko<\/a>, una t\u00e9cnica de tejido t\u00edpicamente asi\u00e1tica famosa por su resistencia y flexibilidad. Fabricada en algod\u00f3n 100%, esta falda ligera garantiza una comodidad absoluta.<\/p>\n<h2>Caracter\u00edsticas del pantal\u00f3n corto de lona kimono:<\/h2>\n<ul>\n<li>Material: 100% algod\u00f3n en grano de arroz<\/li>\n<li>Cuidado: 30\u00b0 m\u00e1ximo \/ Resistente al lavado<\/li>\n<li>Disponible en azul y negro en tallas de la S a la L<\/li>\n<\/ul>\n","protected":false},"excerpt":{"rendered":"<p>\u00a1Disfruta de un verano c\u00f3modo con los pantalones cortos kimono para mujer Keiko-Gi! Fabricado con tela de kimono similar a la utilizada en los <a href=\"https:\/\/www.fightingfilms.shop\/categorie\/kimonos\/kimonos-de-judo\/\">judogis<\/a> tradicionales.<\/p>\n<p>Los pantalones cortos tienen un ajuste ce\u00f1ido, pero no aprietan en la cintura. Disponible en azul y negro, su tejido de grano de arroz lo hace extremadamente resistente y flexible.<\/p>\n<p>&nbsp;<\/p>\n","protected":false},"featured_media":24070,"comment_status":"","ping_status":"closed","template":"","meta":[],"product_brand":[],"product_cat":[493,999],"product_tag":[],"giftcard-category":[],"class_list":{"0":"post-24145","1":"product","2":"type-product","3":"status-publish","4":"has-post-thumbnail","6":"product_cat-tejidos-de-judo","7":"product_cat-tela-del-kimono-es","8":"product_shipping_class-kimono-black-label-superstar-es","10":"first","11":"instock","12":"taxable","13":"shipping-taxable","14":"purchasable","15":"product-type-variable"},"exclude_global_add_ons":[],"addons":[],"_links":{"self":[{"href":"https:\/\/fightingfilms.shop\/es\/wp-json\/wp\/v2\/product\/24145","targetHints":{"allow":["GET"]}}],"collection":[{"href":"https:\/\/fightingfilms.shop\/es\/wp-json\/wp\/v2\/product"}],"about":[{"href":"https:\/\/fightingfilms.shop\/es\/wp-json\/wp\/v2\/types\/product"}],"replies":[{"embeddable":true,"href":"https:\/\/fightingfilms.shop\/es\/wp-json\/wp\/v2\/comments?post=24145"}],"wp:featuredmedia":[{"embeddable":true,"href":"https:\/\/fightingfilms.shop\/es\/wp-json\/wp\/v2\/media\/24070"}],"wp:attachment":[{"href":"https:\/\/fightingfilms.shop\/es\/wp-json\/wp\/v2\/media?parent=24145"}],"wp:term":[{"taxonomy":"product_brand","embeddable":true,"href":"https:\/\/fightingfilms.shop\/es\/wp-json\/wp\/v2\/product_brand?post=24145"},{"taxonomy":"product_cat","embeddable":true,"href":"https:\/\/fightingfilms.shop\/es\/wp-json\/wp\/v2\/product_cat?post=24145"},{"taxonomy":"product_tag","embeddable":true,"href":"https:\/\/fightingfilms.shop\/es\/wp-json\/wp\/v2\/product_tag?post=24145"},{"taxonomy":"giftcard-category","embeddable":true,"href":"https:\/\/fightingfilms.shop\/es\/wp-json\/wp\/v2\/giftcard-category?post=24145"}],"curies":[{"name":"wp","href":"https:\/\/api.w.org\/{rel}","templated":true}]}}