{"id":24188,"date":"2024-06-21T11:23:53","date_gmt":"2024-06-21T09:23:53","guid":{"rendered":"https:\/\/www.fightingfilms.shop\/produit\/chaqueta-kimono-de-mujer\/"},"modified":"2024-06-21T11:23:53","modified_gmt":"2024-06-21T09:23:53","slug":"chaqueta-kimono-de-mujer","status":"publish","type":"product","link":"https:\/\/fightingfilms.shop\/es\/produit\/chaqueta-kimono-de-mujer\/","title":{"rendered":"Chaqueta kimono de mujer"},"content":{"rendered":"<p>Nuestra chaqueta kimono \u00abAmiti\u00e9\u00bb de Keiko-Gi para mujer toma su nombre de uno de los siete valores fundamentales del judo. La amistad es uno de los valores fundamentales del centenario arte marcial del judo, un valor esencial tanto dentro como fuera del tatami.<\/p>\n<p>Con nuestra colecci\u00f3n Keiko-Gi, queremos unir la moda de estilo japon\u00e9s y la tela de kimono para crear una colecci\u00f3n de ropa \u00fanica.<\/p>\n<p>La chaqueta kimono de mujer es 100% algod\u00f3n, tejido mediante la antigua t\u00e9cnica japonesa <a href=\"https:\/\/www.keiko-gi.com\/blogs\/infos\/nos-vetements-keiko-gi-en-tissu-de-sashiko\" rel=\"nofollow noopener\" target=\"_blank\">del sashiko<\/a>. Una t\u00e9cnica similar a la utilizada en los kimonos de judo, que hace que nuestra chaqueta sea ultrarresistente a la vez que flexible y c\u00f3moda.<\/p>\n<p>Nuestra chaqueta kimono para mujer tiene una elegante cremallera dorada y dos bolsillos a cada lado, lo que la convierte en una chaqueta muy pr\u00e1ctica. El dise\u00f1o se inspira en la parte inferior del kimono, con un dibujo de rombos similar al de la parte inferior de los kimonos de judo.<\/p>\n<p>El corte acampanado y las amplias sisas hacen de esta chaqueta una prenda imprescindible para relajarte al aire libre este verano.<\/p>\n<p>Su azul intenso y profundo, inspirado en el azul de los kimonos de judo de competici\u00f3n, atraer\u00e1 las miradas de todos por la calle, \u00a1as\u00ed que no pases desapercibido!<\/p>\n<h2>Caracter\u00edsticas de la chaqueta de lona kimono para mujer :<\/h2>\n<ul>\n<li>Material: 100% algod\u00f3n<\/li>\n<li>Cuidado: 30\u00b0 m\u00e1ximo<\/li>\n<li>Disponible en azul<\/li>\n<li>Disponible en M y L<\/li>\n<li>C\u00f3modo y duradero<\/li>\n<li>La amistad es uno de los 7 valores fundamentales del Judo. Esta chaqueta ser\u00e1 tu aliada y amiga en cualquier ocasi\u00f3n.<\/li>\n<\/ul>\n","protected":false},"excerpt":{"rendered":"<p>Chaqueta de mujer en tejido de <a href=\"https:\/\/www.fightingfilms.shop\/categorie\/kimonos\/kimonos-de-judo\/\">kimono de judo<\/a> de Keiko-Gi. Su dise\u00f1o \u00fanico y su tejido tipo kimono hacen de esta chaqueta una prenda imprescindible para este verano.<\/p>\n<p>Su precioso color azul brilla a la luz del sol, as\u00ed que nadie pasar\u00e1 desapercibido con esta chaqueta.<\/p>\n<p>La chaqueta viene con un cintur\u00f3n del mismo estilo que <a href=\"https:\/\/www.fightingfilms.shop\/categorie\/ceintures-de-judo\/\">los cinturones tradicionales de judo<\/a>, lo que a\u00f1ade un nuevo toque japon\u00e9s al atuendo.<\/p>\n<p>&nbsp;<\/p>\n","protected":false},"featured_media":24161,"comment_status":"","ping_status":"closed","template":"","meta":[],"product_brand":[],"product_cat":[493,999],"product_tag":[],"giftcard-category":[],"class_list":{"0":"post-24188","1":"product","2":"type-product","3":"status-publish","4":"has-post-thumbnail","6":"product_cat-tejidos-de-judo","7":"product_cat-tela-del-kimono-es","8":"product_shipping_class-kimono-black-label-superstar-es","10":"first","11":"instock","12":"taxable","13":"shipping-taxable","14":"purchasable","15":"product-type-variable"},"exclude_global_add_ons":[],"addons":[],"_links":{"self":[{"href":"https:\/\/fightingfilms.shop\/es\/wp-json\/wp\/v2\/product\/24188","targetHints":{"allow":["GET"]}}],"collection":[{"href":"https:\/\/fightingfilms.shop\/es\/wp-json\/wp\/v2\/product"}],"about":[{"href":"https:\/\/fightingfilms.shop\/es\/wp-json\/wp\/v2\/types\/product"}],"replies":[{"embeddable":true,"href":"https:\/\/fightingfilms.shop\/es\/wp-json\/wp\/v2\/comments?post=24188"}],"wp:featuredmedia":[{"embeddable":true,"href":"https:\/\/fightingfilms.shop\/es\/wp-json\/wp\/v2\/media\/24161"}],"wp:attachment":[{"href":"https:\/\/fightingfilms.shop\/es\/wp-json\/wp\/v2\/media?parent=24188"}],"wp:term":[{"taxonomy":"product_brand","embeddable":true,"href":"https:\/\/fightingfilms.shop\/es\/wp-json\/wp\/v2\/product_brand?post=24188"},{"taxonomy":"product_cat","embeddable":true,"href":"https:\/\/fightingfilms.shop\/es\/wp-json\/wp\/v2\/product_cat?post=24188"},{"taxonomy":"product_tag","embeddable":true,"href":"https:\/\/fightingfilms.shop\/es\/wp-json\/wp\/v2\/product_tag?post=24188"},{"taxonomy":"giftcard-category","embeddable":true,"href":"https:\/\/fightingfilms.shop\/es\/wp-json\/wp\/v2\/giftcard-category?post=24188"}],"curies":[{"name":"wp","href":"https:\/\/api.w.org\/{rel}","templated":true}]}}