{"id":24427,"date":"2024-07-23T16:20:46","date_gmt":"2024-07-23T14:20:46","guid":{"rendered":"https:\/\/www.fightingfilms.shop\/produit\/chancletas-de-judo\/"},"modified":"2024-09-07T13:11:09","modified_gmt":"2024-09-07T11:11:09","slug":"chancletas-de-judo","status":"publish","type":"product","link":"https:\/\/fightingfilms.shop\/es\/produit\/chancletas-de-judo\/","title":{"rendered":"Chancletas de judo"},"content":{"rendered":"<p>Las chanclas de judo Fighting Films son lo \u00faltimo en comodidad y practicidad para judokas y entusiastas de las artes marciales. Dise\u00f1adas para satisfacer las necesidades espec\u00edficas de los deportistas, son ideales para antes y despu\u00e9s de las sesiones de entrenamiento, las competiciones o incluso para el uso diario. Fabricadas con materiales de alta calidad, estas chanclas tienen una suela de goma antideslizante para un agarre perfecto en superficies h\u00famedas y resbaladizas, como vestuarios o duchas. La parte superior sint\u00e9tica es duradera, resistente al agua y f\u00e1cil de limpiar, lo que garantiza su longevidad y un mantenimiento m\u00ednimo. La plantilla ergon\u00f3mica, con un \u00f3ptimo soporte del arco plantar, te proporciona una sensaci\u00f3n de bienestar a cada paso, incluso despu\u00e9s de intensas sesiones de judo. Adem\u00e1s, la correa flexible garantiza un ajuste seguro y c\u00f3modo. El dise\u00f1o elegante y moderno de las chanclas Fighting Films, disponibles en negro con el logotipo distintivo de la marca en rojo, es perfecto para ni\u00f1os, mujeres y hombres. Su dise\u00f1o abierto hace que sean f\u00e1ciles de poner y quitar r\u00e1pidamente, lo que aumenta su practicidad. Con el logotipo intemporal de la marca, las puertas de un torii con EST.1988, el a\u00f1o de creaci\u00f3n de la marca, inscrito debajo. Adem\u00e1s, encontrar\u00e1s FIGHTING FILMS sutilmente escrito en rojo en el lateral de las chanclas de judo. Disponibles en una amplia gama de tallas, de la 34 a la 48, las chanclas de judo Fighting Films est\u00e1n dise\u00f1adas para adaptarse a todos los pies. Su versatilidad las hace indispensables no s\u00f3lo para los judokas, sino tambi\u00e9n para los practicantes de otras artes marciales y los deportistas en general. Tambi\u00e9n son perfectos para el uso diario en entornos que requieren una protecci\u00f3n higi\u00e9nica de los pies, como piscinas y spas. Cuando eliges las chanclas de judo Fighting Films, eliges una soluci\u00f3n de comodidad y rendimiento dise\u00f1ada para satisfacer las exigencias de los deportistas de todos los niveles. Benef\u00edciate de un producto que combina estilo, durabilidad y bienestar, ya disponible en nuestros puntos de venta y en nuestro sitio web oficial. <\/p>\n<h2><strong>CARACTER\u00cdSTICAS DE LOS FLIP-FLOPS JUDO<\/strong><\/h2>\n<ul>\n<li>Disponible en las tallas 34 a 48<\/li>\n<li>Negro con logotipos rojos de Fighting Films<\/li>\n<li>Suela antideslizante<\/li>\n<\/ul>\n","protected":false},"excerpt":{"rendered":"<p>Descubre las chanclas de judo Fighting Films, especialmente dise\u00f1adas para judokas y entusiastas de las artes marciales. Ya sea antes o despu\u00e9s del entrenamiento, estas chanclas ofrecen una comodidad y practicidad inigualables. Son ideales para ir del vestuario al tatami.<\/p>\n","protected":false},"featured_media":24511,"comment_status":"closed","ping_status":"closed","template":"","meta":[],"product_brand":[],"product_cat":[499],"product_tag":[],"giftcard-category":[],"class_list":{"0":"post-24427","1":"product","2":"type-product","3":"status-publish","4":"has-post-thumbnail","6":"product_cat-accesorios-de-judo","7":"product_shipping_class-accesorios","9":"first","10":"instock","11":"taxable","12":"shipping-taxable","13":"purchasable","14":"product-type-variable"},"exclude_global_add_ons":[],"addons":[],"_links":{"self":[{"href":"https:\/\/fightingfilms.shop\/es\/wp-json\/wp\/v2\/product\/24427","targetHints":{"allow":["GET"]}}],"collection":[{"href":"https:\/\/fightingfilms.shop\/es\/wp-json\/wp\/v2\/product"}],"about":[{"href":"https:\/\/fightingfilms.shop\/es\/wp-json\/wp\/v2\/types\/product"}],"replies":[{"embeddable":true,"href":"https:\/\/fightingfilms.shop\/es\/wp-json\/wp\/v2\/comments?post=24427"}],"wp:featuredmedia":[{"embeddable":true,"href":"https:\/\/fightingfilms.shop\/es\/wp-json\/wp\/v2\/media\/24511"}],"wp:attachment":[{"href":"https:\/\/fightingfilms.shop\/es\/wp-json\/wp\/v2\/media?parent=24427"}],"wp:term":[{"taxonomy":"product_brand","embeddable":true,"href":"https:\/\/fightingfilms.shop\/es\/wp-json\/wp\/v2\/product_brand?post=24427"},{"taxonomy":"product_cat","embeddable":true,"href":"https:\/\/fightingfilms.shop\/es\/wp-json\/wp\/v2\/product_cat?post=24427"},{"taxonomy":"product_tag","embeddable":true,"href":"https:\/\/fightingfilms.shop\/es\/wp-json\/wp\/v2\/product_tag?post=24427"},{"taxonomy":"giftcard-category","embeddable":true,"href":"https:\/\/fightingfilms.shop\/es\/wp-json\/wp\/v2\/giftcard-category?post=24427"}],"curies":[{"name":"wp","href":"https:\/\/api.w.org\/{rel}","templated":true}]}}