{"id":24942,"date":"2024-09-05T16:08:26","date_gmt":"2024-09-05T14:08:26","guid":{"rendered":"https:\/\/www.fightingfilms.shop\/?post_type=product&#038;p=24942"},"modified":"2026-01-20T14:10:27","modified_gmt":"2026-01-20T13:10:27","slug":"kimono-de-judo-edicion-kanagawa","status":"publish","type":"product","link":"https:\/\/fightingfilms.shop\/es\/produit\/kimono-de-judo-edicion-kanagawa\/","title":{"rendered":"Kimono de judo Edici\u00f3n Kanagawa"},"content":{"rendered":"<p>Sum\u00e9rgete en el singular mundo del judo con nuestro <a href=\"https:\/\/www.fightingfilms.shop\/categorie\/kimonos\/kimonos-de-judo\/\">kimono de judo<\/a> Kangawa de edici\u00f3n especial, dise\u00f1ado para los aficionados a este arte marcial y los amantes de la cultura japonesa. Este kimono se distingue por su excepcional forro interior, ilustrado con el ic\u00f3nico motivo de <strong>La Gran Ola de Kanagawa<\/strong>, una famosa obra del maestro Hokusai.<\/p>\n<p>Este dise\u00f1o, <strong>s\u00edmbolo de poder y belleza<\/strong>, enriquece la experiencia del judoka a\u00f1adi\u00e9ndole un refinado toque art\u00edstico.<\/p>\n<p>Fabricado con algod\u00f3n de alta calidad, este kimono es la combinaci\u00f3n perfecta de <strong>comodidad<\/strong> y <strong>resistencia<\/strong>. Su tejido de grano de arroz es muy resistente al agarre, mientras que su peso ligero <strong>(650 g<\/strong> ) permite una \u00f3ptima libertad de movimientos. Tanto si est\u00e1s en el tatami para entrenar como para competir, este kimono te acompa\u00f1ar\u00e1 con estilo y eficacia. El corte ergon\u00f3mico ha sido dise\u00f1ado para adaptarse a todas las formas del cuerpo, garantizando una sujeci\u00f3n impecable sin restringir tus movimientos. El kimono de judo edici\u00f3n Kanagawa <strong>no est\u00e1 homologado seg\u00fan <a href=\"https:\/\/www.ijf.org\/\" rel=\"nofollow noopener\" target=\"_blank\">las normas de la FIJ<\/a><\/strong> para competiciones internacionales y nacionales debido a su forro. Disponible en tallas de 145 cm a 195 cm, es adecuado tanto para principiantes como para judokas experimentados. <strong>Lavable a m\u00e1quina<\/strong>, es f\u00e1cil de cuidar, sin comprometer la calidad del tejido ni la integridad del dise\u00f1o interior. Cuando eliges el kimono de judo Kanagawa, no s\u00f3lo llevas un equipamiento de calidad, sino tambi\u00e9n un <strong>s\u00edmbolo del patrimonio cultural japon\u00e9s<\/strong>, que combina la disciplina del judo con la est\u00e9tica atemporal del arte tradicional.<\/p>\n<h2>Aspectos destacados del kimono de judo edici\u00f3n Kanagawa:<\/h2>\n<ul>\n<li>Un forro interior de dise\u00f1o exclusivo, la legendaria Gran Ola de Kanagawa<\/li>\n<li>Corte est\u00e1ndar<\/li>\n<li>650Gr, el justo equilibrio entre ligereza y resistencia<\/li>\n<li>Disponible en tallas de 145 cm a 190 cm<\/li>\n<li>Adecuado para hombres y mujeres<\/li>\n<\/ul>\n<div id=\"kurato_extension_modal\"><\/div>\n<div id=\"kurato_extension_modal\"><\/div>\n<div id=\"kurato_extension_modal\"><\/div>\n<div id=\"kurato_extension_modal\"><\/div>\n<div id=\"kurato_extension_modal\"><\/div>\n<div id=\"kurato_extension_modal\"><\/div>\n<div id=\"kurato_extension_modal\"><\/div>\n<div id=\"kurato_extension_modal\"><\/div>\n<div id=\"kurato_extension_modal\"><\/div>\n<div id=\"kurato_extension_modal\"><\/div>\n<div id=\"kurato_extension_modal\"><\/div>\n<div id=\"kurato_extension_modal\"><\/div>\n<div id=\"kurato_extension_modal\"><\/div>\n<div id=\"kurato_extension_modal\"><\/div>\n<div id=\"kurato_extension_modal\"><\/div>\n<div id=\"kurato_extension_modal\"><\/div>\n","protected":false},"excerpt":{"rendered":"<div id=\"kurato_extension_modal\">Descubre nuestro nuevo <strong>kimono de judo Kanagawa<\/strong> de edici\u00f3n limitada, que combina rendimiento y est\u00e9tica. En el interior, un forro \u00fanico y elegante presenta el famoso motivo de <strong>la Gran Ola de Kanagawa<\/strong>, que rinde homenaje al arte japon\u00e9s respetando la tradici\u00f3n del judo.<\/div>\n<div id=\"kurato_extension_modal\"><\/div>\n<div id=\"kurato_extension_modal\"><\/div>\n<div id=\"kurato_extension_modal\"><\/div>\n<div id=\"kurato_extension_modal\"><\/div>\n<div id=\"kurato_extension_modal\"><\/div>\n<div id=\"kurato_extension_modal\"><\/div>\n<div id=\"kurato_extension_modal\"><\/div>\n<div id=\"kurato_extension_modal\"><\/div>\n<div id=\"kurato_extension_modal\"><\/div>\n<div id=\"kurato_extension_modal\"><\/div>\n<div id=\"kurato_extension_modal\"><\/div>\n<div id=\"kurato_extension_modal\"><\/div>\n<div id=\"kurato_extension_modal\"><\/div>\n<div id=\"kurato_extension_modal\"><\/div>\n<div id=\"kurato_extension_modal\"><\/div>\n","protected":false},"featured_media":24874,"comment_status":"closed","ping_status":"closed","template":"","meta":[],"product_brand":[],"product_cat":[448],"product_tag":[],"giftcard-category":[],"class_list":{"0":"post-24942","1":"product","2":"type-product","3":"status-publish","4":"has-post-thumbnail","6":"product_cat-kimonos-de-judo-es","7":"product_shipping_class-kimono-black-label-superstar-es","9":"first","10":"instock","11":"taxable","12":"shipping-taxable","13":"purchasable","14":"product-type-variable"},"exclude_global_add_ons":[],"addons":[],"_links":{"self":[{"href":"https:\/\/fightingfilms.shop\/es\/wp-json\/wp\/v2\/product\/24942","targetHints":{"allow":["GET"]}}],"collection":[{"href":"https:\/\/fightingfilms.shop\/es\/wp-json\/wp\/v2\/product"}],"about":[{"href":"https:\/\/fightingfilms.shop\/es\/wp-json\/wp\/v2\/types\/product"}],"replies":[{"embeddable":true,"href":"https:\/\/fightingfilms.shop\/es\/wp-json\/wp\/v2\/comments?post=24942"}],"wp:featuredmedia":[{"embeddable":true,"href":"https:\/\/fightingfilms.shop\/es\/wp-json\/wp\/v2\/media\/24874"}],"wp:attachment":[{"href":"https:\/\/fightingfilms.shop\/es\/wp-json\/wp\/v2\/media?parent=24942"}],"wp:term":[{"taxonomy":"product_brand","embeddable":true,"href":"https:\/\/fightingfilms.shop\/es\/wp-json\/wp\/v2\/product_brand?post=24942"},{"taxonomy":"product_cat","embeddable":true,"href":"https:\/\/fightingfilms.shop\/es\/wp-json\/wp\/v2\/product_cat?post=24942"},{"taxonomy":"product_tag","embeddable":true,"href":"https:\/\/fightingfilms.shop\/es\/wp-json\/wp\/v2\/product_tag?post=24942"},{"taxonomy":"giftcard-category","embeddable":true,"href":"https:\/\/fightingfilms.shop\/es\/wp-json\/wp\/v2\/giftcard-category?post=24942"}],"curies":[{"name":"wp","href":"https:\/\/api.w.org\/{rel}","templated":true}]}}