{"id":25752,"date":"2024-10-14T15:07:41","date_gmt":"2024-10-14T13:07:41","guid":{"rendered":"https:\/\/www.fightingfilms.shop\/produit\/kimono-de-judo-edicion-oro\/"},"modified":"2025-09-05T12:26:43","modified_gmt":"2025-09-05T10:26:43","slug":"kimono-de-judo-edicion-oro","status":"publish","type":"product","link":"https:\/\/fightingfilms.shop\/es\/produit\/kimono-de-judo-edicion-oro\/","title":{"rendered":"Kimono de judo edici\u00f3n oro"},"content":{"rendered":"<h2>Kimono de judo edici\u00f3n oro de Fighting Films<\/h2>\n<p>\u00a1Descubre nuestro nuevo modelo para brillar a\u00fan m\u00e1s en el tatami! Lleva con orgullo este judogi de dise\u00f1o exclusivo cuando entrenes o compitas. Su peso de 750Gr te permitir\u00e1 competir a cualquier nivel. Este modelo es unisex y adecuado para todo el mundo. Su ajuste est\u00e1ndar, ce\u00f1ido al cuerpo y agradable de llevar durante largos minutos. El legendario Torii japon\u00e9s, logotipo de la marca Fighting Films, \u00a1tiene nuevos colores! Elige este modelo \u00fanico de edici\u00f3n Oro, \u00a1disponible en edici\u00f3n muy limitada! \u00a1El kimono de judo Edici\u00f3n Oro presenta bordados de alta calidad y un color dorado que brillar\u00e1 en todo el dojo!  <\/p>\n<h2>Caracter\u00edsticas:<\/h2>\n<ul>\n<li>750 gramos<\/li>\n<li> Corte est\u00e1ndar<\/li>\n<li>Aprobado por la FIJ para competiciones internacionales<\/li>\n<li>Disponible s\u00f3lo en blanco<\/li>\n<\/ul>\n<h2>\u00bfC\u00f3mo elegir tu talla de judogi en Fighting Films?<\/h2>\n<p>Aconsejamos a todos nuestros clientes que elijan un kimono <strong>5 cm por debajo de su estatura<\/strong>. Si mides <strong>1m70<\/strong>, opta por la de <strong>165cm.<\/strong> Con nuestra experiencia y conocimiento de nuestros kimonos, podemos asegurarle que este es el m\u00e9todo adecuado.<\/p>\n<h4 id=\"kurato_extension_modal\">\u00bfA\u00fan no sabe qu\u00e9 talla de judogi elegir? Descubra nuestra <strong><a href=\"http:\/\/tinyurl.com\/2mjwnc4w\" rel=\"nofollow noopener\" target=\"_blank\">Gu\u00eda de tallas .<\/a><\/strong><\/h4>\n<h2>Consejos de mantenimiento:<\/h2>\n<p>Nuestros judogis son muy resistentes y esta gama encoge muy poco, alrededor de un 3%. Por tanto, te recomendamos que laves tu judogi a m\u00e1quina a 30 o 40\u00b0C. No recomendamos la secadora, ya que puede da\u00f1ar el tejido. \u00bfTu judogi se ha vuelto amarillo con el tiempo y el sudor? Descubre <a href=\"https:\/\/www.fightingfilms.shop\/blanchir-son-kimono-de-judo\/\">c\u00f3mo blanquear tu judogi<\/a>.  <\/p>\n<div id=\"kurato_extension_modal\"><\/div>\n<div id=\"kurato_extension_modal\"><\/div>\n<div id=\"kurato_extension_modal\"><\/div>\n","protected":false},"excerpt":{"rendered":"<p>\u00a1Descubre nuestro nuevo judogi de edici\u00f3n limitada! \u00a1El kimono de judo <strong>edici\u00f3n oro<\/strong>! Homologado seg\u00fan las normas de <strong>la FIJ<\/strong> para competiciones de todos los niveles, este judogi <strong>750Gr<\/strong> s\u00f3lo est\u00e1 disponible en <strong>corte est\u00e1ndar<\/strong>. Es similar en todo a nuestro superventas, el Superstar 750Gr IJF, excepto en el logotipo, \u00a1que es dorado en las mangas y los pantalones! \u00a1No esperes m\u00e1s! \u00a1Convi\u00e9rtete en la estrella del tatami con este <strong>modelo \u00fanico<\/strong>! <\/p>\n<div id=\"kurato_extension_modal\"><\/div>\n<div id=\"kurato_extension_modal\"><\/div>\n","protected":false},"featured_media":25695,"comment_status":"","ping_status":"closed","template":"","meta":[],"product_brand":[],"product_cat":[448,995],"product_tag":[],"giftcard-category":[],"class_list":{"0":"post-25752","1":"product","2":"type-product","3":"status-publish","4":"has-post-thumbnail","6":"product_cat-kimonos-de-judo-es","7":"product_cat-judogi-ijf","8":"product_shipping_class-kimono-black-label-superstar-es","10":"first","11":"instock","12":"taxable","13":"shipping-taxable","14":"purchasable","15":"product-type-variable"},"exclude_global_add_ons":[],"addons":[],"_links":{"self":[{"href":"https:\/\/fightingfilms.shop\/es\/wp-json\/wp\/v2\/product\/25752","targetHints":{"allow":["GET"]}}],"collection":[{"href":"https:\/\/fightingfilms.shop\/es\/wp-json\/wp\/v2\/product"}],"about":[{"href":"https:\/\/fightingfilms.shop\/es\/wp-json\/wp\/v2\/types\/product"}],"replies":[{"embeddable":true,"href":"https:\/\/fightingfilms.shop\/es\/wp-json\/wp\/v2\/comments?post=25752"}],"wp:featuredmedia":[{"embeddable":true,"href":"https:\/\/fightingfilms.shop\/es\/wp-json\/wp\/v2\/media\/25695"}],"wp:attachment":[{"href":"https:\/\/fightingfilms.shop\/es\/wp-json\/wp\/v2\/media?parent=25752"}],"wp:term":[{"taxonomy":"product_brand","embeddable":true,"href":"https:\/\/fightingfilms.shop\/es\/wp-json\/wp\/v2\/product_brand?post=25752"},{"taxonomy":"product_cat","embeddable":true,"href":"https:\/\/fightingfilms.shop\/es\/wp-json\/wp\/v2\/product_cat?post=25752"},{"taxonomy":"product_tag","embeddable":true,"href":"https:\/\/fightingfilms.shop\/es\/wp-json\/wp\/v2\/product_tag?post=25752"},{"taxonomy":"giftcard-category","embeddable":true,"href":"https:\/\/fightingfilms.shop\/es\/wp-json\/wp\/v2\/giftcard-category?post=25752"}],"curies":[{"name":"wp","href":"https:\/\/api.w.org\/{rel}","templated":true}]}}