{"id":26009,"date":"2024-10-29T12:50:57","date_gmt":"2024-10-29T11:50:57","guid":{"rendered":"https:\/\/www.fightingfilms.shop\/produit\/lycra-de-judo\/"},"modified":"2024-10-29T12:50:57","modified_gmt":"2024-10-29T11:50:57","slug":"lycra-de-judo","status":"publish","type":"product","link":"https:\/\/fightingfilms.shop\/es\/produit\/lycra-de-judo\/","title":{"rendered":"Lycra de judo"},"content":{"rendered":"<p>Descubre nuestra lycra de judo blanca, especialmente dise\u00f1ada para los judokas que buscan comodidad, protecci\u00f3n y estilo durante sus entrenamientos y competiciones. Esta lycra Fighting Films combina un dise\u00f1o moderno con caracter\u00edsticas t\u00e9cnicas para satisfacer las altas exigencias de la pr\u00e1ctica del judo. <\/p>\n<h2>Dise\u00f1o y confort<\/h2>\n<p>En un elegante blanco con costuras rojas en contraste, esta lycra de judo tiene tan buen aspecto como rendimiento. El logotipo de Fighting Films, sutilmente grabado en el brazo y el cuello, a\u00f1ade un toque de estilo y autenticidad, recordando la herencia y experiencia de la marca en el mundo de los deportes de combate. El dise\u00f1o sencillo y despejado complementa el atuendo de cualquier judoka o jiu jitsuka, permiti\u00e9ndole entrenar con confianza y elegancia.  <\/p>\n<h2>Tejido ligero y el\u00e1stico<\/h2>\n<p>Fabricada con un tejido el\u00e1stico ultraligero, esta lycra garantiza una \u00f3ptima libertad de movimientos. Ya est\u00e9s en la fase de calentamiento, en plena sesi\u00f3n de entrenamiento o durante un combate intenso, el tejido sigue tus movimientos sin limitarte. Tambi\u00e9n est\u00e1 dise\u00f1ado para una gesti\u00f3n eficaz de la humedad, evacuando el sudor y manteni\u00e9ndote seco, incluso durante las sesiones m\u00e1s intensas.  <\/p>\n<h3><\/h3>\n<h2>Apoyo \u00f3ptimo<\/h2>\n<p>Una de las principales caracter\u00edsticas de esta lycra es la <strong>cintura<\/strong>. Este detalle t\u00e9cnico esencial evita que la lycra se suba durante el movimiento, garantizando una comodidad constante. No tendr\u00e1s que ajustarlo durante la pr\u00e1ctica, para que puedas concentrarte en tu t\u00e9cnica y rendimiento.  <\/p>\n<h2>Una lycra de judo dise\u00f1ada para hombres y mujeres<\/h2>\n<p>Este modelo est\u00e1 disponible para hombres y mujeres, para adaptarse a todas las formas corporales. Sin embargo, es importante tener en cuenta que esta lycra <strong>es peque\u00f1a<\/strong>. Te recomendamos que consultes la gu\u00eda de tallas y consideres la posibilidad de aumentar la talla para un ajuste m\u00e1s c\u00f3modo, especialmente si prefieres un corte ligeramente m\u00e1s holgado.  <\/p>\n<h2>Durabilidad y protecci\u00f3n<\/h2>\n<p>Las costuras rojas reforzadas garantizan no s\u00f3lo un aspecto elegante, sino tambi\u00e9n una larga durabilidad. Esta lycra ofrece una protecci\u00f3n eficaz contra las rozaduras y el frotamiento, reduciendo el riesgo de quemaduras por fricci\u00f3n que pueden producirse durante los combates en el suelo y los entrenamientos intensivos. En resumen, la lycra de judo Fighting Films es una excelente elecci\u00f3n para los practicantes que buscan una combinaci\u00f3n de estilo, comodidad y rendimiento. Adecuada tanto para entrenamientos como para competiciones, te acompa\u00f1ar\u00e1 eficazmente al tiempo que representa con orgullo la marca Fighting Films. Tanto si eres un aficionado como un judoka experimentado, esta lycra se convertir\u00e1 r\u00e1pidamente en una parte esencial de tu equipamiento. <\/p>\n<div id=\"kurato_extension_modal\"><\/div>\n<div id=\"kurato_extension_modal\"><\/div>\n","protected":false},"excerpt":{"rendered":"<p>La lycra de judo Fighting Films est\u00e1 dise\u00f1ada para optimizar tus entrenamientos y competiciones. Fabricada con un tejido el\u00e1stico y transpirable, ofrece protecci\u00f3n contra las rozaduras al tiempo que permite una gran libertad de movimientos. Su dise\u00f1o ce\u00f1ido y resistente garantiza una comodidad duradera y un ajuste perfecto, ideal para todos los judokas. (Talla peque\u00f1a)   <\/p>\n<div id=\"kurato_extension_modal\"><\/div>\n<div id=\"kurato_extension_modal\"><\/div>\n<div id=\"kurato_extension_modal\"><\/div>\n","protected":false},"featured_media":30606,"comment_status":"","ping_status":"closed","template":"","meta":[],"product_brand":[],"product_cat":[493,499],"product_tag":[],"giftcard-category":[],"class_list":{"0":"post-26009","1":"product","2":"type-product","3":"status-publish","4":"has-post-thumbnail","6":"product_cat-tejidos-de-judo","7":"product_cat-accesorios-de-judo","8":"product_shipping_class-accesorios","10":"first","11":"instock","12":"taxable","13":"shipping-taxable","14":"purchasable","15":"product-type-variable"},"exclude_global_add_ons":[],"addons":[],"_links":{"self":[{"href":"https:\/\/fightingfilms.shop\/es\/wp-json\/wp\/v2\/product\/26009","targetHints":{"allow":["GET"]}}],"collection":[{"href":"https:\/\/fightingfilms.shop\/es\/wp-json\/wp\/v2\/product"}],"about":[{"href":"https:\/\/fightingfilms.shop\/es\/wp-json\/wp\/v2\/types\/product"}],"replies":[{"embeddable":true,"href":"https:\/\/fightingfilms.shop\/es\/wp-json\/wp\/v2\/comments?post=26009"}],"wp:featuredmedia":[{"embeddable":true,"href":"https:\/\/fightingfilms.shop\/es\/wp-json\/wp\/v2\/media\/30606"}],"wp:attachment":[{"href":"https:\/\/fightingfilms.shop\/es\/wp-json\/wp\/v2\/media?parent=26009"}],"wp:term":[{"taxonomy":"product_brand","embeddable":true,"href":"https:\/\/fightingfilms.shop\/es\/wp-json\/wp\/v2\/product_brand?post=26009"},{"taxonomy":"product_cat","embeddable":true,"href":"https:\/\/fightingfilms.shop\/es\/wp-json\/wp\/v2\/product_cat?post=26009"},{"taxonomy":"product_tag","embeddable":true,"href":"https:\/\/fightingfilms.shop\/es\/wp-json\/wp\/v2\/product_tag?post=26009"},{"taxonomy":"giftcard-category","embeddable":true,"href":"https:\/\/fightingfilms.shop\/es\/wp-json\/wp\/v2\/giftcard-category?post=26009"}],"curies":[{"name":"wp","href":"https:\/\/api.w.org\/{rel}","templated":true}]}}