{"id":26281,"date":"2024-11-14T12:04:57","date_gmt":"2024-11-14T11:04:57","guid":{"rendered":"https:\/\/www.fightingfilms.shop\/produit\/taza-tecnica-de-judo\/"},"modified":"2024-11-14T12:04:57","modified_gmt":"2024-11-14T11:04:57","slug":"taza-tecnica-de-judo","status":"publish","type":"product","link":"https:\/\/fightingfilms.shop\/es\/produit\/taza-tecnica-de-judo\/","title":{"rendered":"Taza t\u00e9cnica de judo"},"content":{"rendered":"<p>\u00a1Dale a tu joven judoka un regalo \u00fanico e inspirador con la <strong>Taza T\u00e9cnica de Judo<\/strong>! Esta taza exclusiva, dise\u00f1ada por <strong>Fighting Films<\/strong>, es mucho m\u00e1s que un recipiente para bebidas calientes. Es un aut\u00e9ntico objeto de aprendizaje y motivaci\u00f3n para los ni\u00f1os apasionados por el judo. <\/p>\n<h2><strong>Caracter\u00edsticas principales de la taza t\u00e9cnica de judo :<\/strong><\/h2>\n<ul>\n<li><strong>Cautivadoras ilustraciones manga:<\/strong> La taza presenta ilustraciones de estilo manga especialmente dise\u00f1adas para los j\u00f3venes judokas. Cada ilustraci\u00f3n representa t\u00e9cnicas populares de judo, con personajes din\u00e1micos y expresivos para captar la imaginaci\u00f3n de los ni\u00f1os. <\/li>\n<li><strong>T\u00e9cnicas de judo detalladas:<\/strong> Descubre las t\u00e9cnicas de judo favoritas de los ni\u00f1os, con nombres y movimientos ilustrados para que puedan repasar sus agarres mientras disfrutan de su bebida.<\/li>\n<li><strong>Un regalo perfecto para los peque\u00f1os judokas:<\/strong> ideal para un cumplea\u00f1os, Navidad, como recompensa tras un entrenamiento o simplemente para fomentar la pasi\u00f3n por el judo entre los m\u00e1s j\u00f3venes. Esta taza est\u00e1 dise\u00f1ada para ser a la vez educativa y divertida. <\/li>\n<li><strong>Lucha contra la calidad y la seguridad:<\/strong> fabricada cuidadosamente con materiales duraderos y no t\u00f3xicos, esta taza es perfectamente segura para los ni\u00f1os. Adem\u00e1s, se puede lavar a m\u00e1quina, lo que facilita su cuidado por parte de los padres. <\/li>\n<\/ul>\n<h2><strong>\u00bfPor qu\u00e9 comprar la taza t\u00e9cnica de judo?<\/strong><\/h2>\n<p>La <strong>Taza T\u00e9cnica de Judo<\/strong> es mucho m\u00e1s que un simple accesorio. Con sus cuidadas ilustraciones y detalles inspiradores, anima a los ni\u00f1os a explorar y sumergirse m\u00e1s en el mundo del judo. Con cada sorbo, recordar\u00e1n los movimientos que aprenden en los entrenamientos. Esta taza es una fuente de motivaci\u00f3n diaria, un recordatorio constante de su pasi\u00f3n por el judo y una gran introducci\u00f3n a los valores de las artes marciales: respeto, disciplina y perseverancia.   <\/p>\n<p><strong>Especificaciones t\u00e9cnicas :<\/strong><\/p>\n<ul>\n<li><strong>Dimensiones :<\/strong> Di\u00e1metro 8 cm, Altura 9,5 cm<\/li>\n<li><strong>Peso:<\/strong> 350 g<\/li>\n<li><strong>Material:<\/strong> Cer\u00e1mica resistente<\/li>\n<li><strong>Apto para lavavajillas<\/strong>: S\u00ed<\/li>\n<li><strong>Compatible con microondas<\/strong>: S\u00ed<\/li>\n<li><strong>Marca<\/strong>: Fighting Films<\/li>\n<\/ul>\n<p><strong>\u00bfPor qu\u00e9 elegir Fighting Films?<\/strong><\/p>\n<p>Fighting Films es una marca de referencia en el mundo del judo, reconocida por sus productos de alta calidad dise\u00f1ados espec\u00edficamente para los entusiastas del judo. Al elegir esta taza t\u00e9cnica de judo, depositas tu confianza en una marca que valora la excelencia, la calidad y el respeto por las tradiciones del judo. <\/p>\n<p><strong>Dise\u00f1o: Esta taza t\u00e9cnica de judo ha sido creada en colaboraci\u00f3n con el artista <a href=\"https:\/\/www.stephane-ganneau.com\/boutique\" rel=\"nofollow noopener\" target=\"_blank\">Gano<\/a>, cuya obra incluye la colecci\u00f3n<a href=\"https:\/\/www.fightingfilms.shop\/produit\/full-pack-albator\/\"> JJB Albator<\/a>.<\/strong><\/p>\n<p><strong>En pocas palabras:<\/strong><\/p>\n<p>La Taza T\u00e9cnica de Judo para Ni\u00f1os <strong>Fighting Films<\/strong> es el accesorio perfecto para los j\u00f3venes judokas, \u00a1ya que combina aprendizaje y diversi\u00f3n! \u00a1Dales un momento de motivaci\u00f3n e inspiraci\u00f3n con cada bebida y convi\u00e9rtelos en futuros campeones! <\/p>\n<div id=\"kurato_extension_modal\"><\/div>\n<div id=\"kurato_extension_modal\"><\/div>\n<div id=\"kurato_extension_modal\"><\/div>\n<div id=\"kurato_extension_modal\"><\/div>\n<div id=\"kurato_extension_modal\"><\/div>\n<div id=\"kurato_extension_modal\"><\/div>\n<div id=\"kurato_extension_modal\"><\/div>\n<div id=\"kurato_extension_modal\"><\/div>\n<div id=\"kurato_extension_modal\"><\/div>\n<div id=\"kurato_extension_modal\"><\/div>\n","protected":false},"excerpt":{"rendered":"<p>\u00a1Una taza \u00fanica para los judokas! Ilustrada con t\u00e9cnicas de judo de estilo manga, esta taza divertida y educativa ayudar\u00e1 a todos los judokas a encontrar sus movimientos favoritos. \u00a1Ideal para inspirarles cada d\u00eda! \u00bfTienes una t\u00e9cnica de judo favorita? \u00bfO-soto? \u00bfIppon? \u00bfTomoe? \u00a1Descubre la taza de t\u00e9cnicas de judo con cada una de ellas!  <\/p>\n<div id=\"kurato_extension_modal\"><\/div>\n<div id=\"kurato_extension_modal\"><\/div>\n<div id=\"kurato_extension_modal\"><\/div>\n<div id=\"kurato_extension_modal\"><\/div>\n<div id=\"kurato_extension_modal\"><\/div>\n<div id=\"kurato_extension_modal\"><\/div>\n<div id=\"kurato_extension_modal\"><\/div>\n<div id=\"kurato_extension_modal\"><\/div>\n<div id=\"kurato_extension_modal\"><\/div>\n<div id=\"kurato_extension_modal\"><\/div>\n","protected":false},"featured_media":26266,"comment_status":"","ping_status":"closed","template":"","meta":[],"product_brand":[],"product_cat":[499,1144],"product_tag":[],"giftcard-category":[],"class_list":{"0":"post-26281","1":"product","2":"type-product","3":"status-publish","4":"has-post-thumbnail","6":"product_cat-accesorios-de-judo","7":"product_cat-goodies-de-judo","8":"product_shipping_class-cinturon-o-copa","10":"first","11":"instock","12":"sale","13":"taxable","14":"shipping-taxable","15":"purchasable","16":"product-type-variable"},"exclude_global_add_ons":[],"addons":[],"_links":{"self":[{"href":"https:\/\/fightingfilms.shop\/es\/wp-json\/wp\/v2\/product\/26281","targetHints":{"allow":["GET"]}}],"collection":[{"href":"https:\/\/fightingfilms.shop\/es\/wp-json\/wp\/v2\/product"}],"about":[{"href":"https:\/\/fightingfilms.shop\/es\/wp-json\/wp\/v2\/types\/product"}],"replies":[{"embeddable":true,"href":"https:\/\/fightingfilms.shop\/es\/wp-json\/wp\/v2\/comments?post=26281"}],"wp:featuredmedia":[{"embeddable":true,"href":"https:\/\/fightingfilms.shop\/es\/wp-json\/wp\/v2\/media\/26266"}],"wp:attachment":[{"href":"https:\/\/fightingfilms.shop\/es\/wp-json\/wp\/v2\/media?parent=26281"}],"wp:term":[{"taxonomy":"product_brand","embeddable":true,"href":"https:\/\/fightingfilms.shop\/es\/wp-json\/wp\/v2\/product_brand?post=26281"},{"taxonomy":"product_cat","embeddable":true,"href":"https:\/\/fightingfilms.shop\/es\/wp-json\/wp\/v2\/product_cat?post=26281"},{"taxonomy":"product_tag","embeddable":true,"href":"https:\/\/fightingfilms.shop\/es\/wp-json\/wp\/v2\/product_tag?post=26281"},{"taxonomy":"giftcard-category","embeddable":true,"href":"https:\/\/fightingfilms.shop\/es\/wp-json\/wp\/v2\/giftcard-category?post=26281"}],"curies":[{"name":"wp","href":"https:\/\/api.w.org\/{rel}","templated":true}]}}