{"id":26468,"date":"2024-11-26T16:12:56","date_gmt":"2024-11-26T15:12:56","guid":{"rendered":"https:\/\/www.fightingfilms.shop\/produit\/tarjeta-regalo-fighting-films\/"},"modified":"2024-11-29T12:43:11","modified_gmt":"2024-11-29T11:43:11","slug":"tarjeta-regalo-fighting-films","status":"publish","type":"product","link":"https:\/\/fightingfilms.shop\/es\/produit\/tarjeta-regalo-fighting-films\/","title":{"rendered":"Tarjeta regalo Fighting Films"},"content":{"rendered":"<p>\u00bfBuscas una idea de regalo para un aficionado al judo? \u00a1La tarjeta regalo Fighting Films es la elecci\u00f3n perfecta! Sencilla y pr\u00e1ctica, permite a su destinatario elegir los productos que m\u00e1s le convengan entre una amplia gama de material de judo, ropa, accesorios y mucho m\u00e1s. \u00a1Haz un gran regalo a alguien que ama el judo y la marca Fighting Films! Disponible en varias denominaciones, esta tarjeta regalo se adapta a todos los presupuestos y te da la libertad de elegir entre art\u00edculos de calidad dise\u00f1ados tanto para principiantes como para judokas experimentados. Perfecta para celebrar un cumplea\u00f1os, Navidad, un logro deportivo, o simplemente para dar placer, garantiza una experiencia de compra \u00fanica en nuestra tienda online. Con la tarjeta regalo Fighting Films, regala algo m\u00e1s que un regalo: <strong>\u00a1regala la pasi\u00f3n del judo!<\/strong><\/p>\n<p><em><strong>Montantes disponibles: <\/strong><\/em><\/p>\n<p>Personalizado, a partir de 15 euros Importes predefinidos, 30 \/ 50 \/ 100 \/ 200 \/ 500 euros<\/p>\n<p>&nbsp;<\/p>\n<div id=\"kurato_extension_modal\"><\/div>\n<div id=\"kurato_extension_modal\"><\/div>\n<div id=\"kurato_extension_modal\"><\/div>\n<div id=\"kurato_extension_modal\"><\/div>\n<div id=\"kurato_extension_modal\"><\/div>\n<div id=\"kurato_extension_modal\"><\/div>\n<div id=\"kurato_extension_modal\"><\/div>\n<div id=\"kurato_extension_modal\"><\/div>\n","protected":false},"excerpt":{"rendered":"<p>\u00a1Haz el regalo perfecto a los entusiastas del judo con nuestra tarjeta regalo Fighting Films! V\u00e1lida en toda la tienda, te permite elegir entre equipamiento, ropa y accesorios de calidad. \u00a1Obsequia a alguien que conozcas! Elige una cantidad predefinida o la que t\u00fa quieras.<\/p>\n<div id=\"kurato_extension_modal\"><\/div>\n<div id=\"kurato_extension_modal\"><\/div>\n<div id=\"kurato_extension_modal\"><\/div>\n<div id=\"kurato_extension_modal\"><\/div>\n<div id=\"kurato_extension_modal\"><\/div>\n<div id=\"kurato_extension_modal\"><\/div>\n<div id=\"kurato_extension_modal\"><\/div>\n<div id=\"kurato_extension_modal\"><\/div>\n","protected":false},"featured_media":26530,"comment_status":"closed","ping_status":"closed","template":"","meta":[],"product_brand":[],"product_cat":[499,464,480,448,515,493],"product_tag":[],"giftcard-category":[1009],"class_list":{"0":"post-26468","1":"product","2":"type-product","3":"status-publish","4":"has-post-thumbnail","6":"product_cat-accesorios-de-judo","7":"product_cat-cinturones-de-judo","8":"product_cat-jiu-jitsu-es","9":"product_cat-kimonos-de-judo-es","10":"product_cat-para-los-clubes","11":"product_cat-tejidos-de-judo","12":"giftcard-category-all","14":"first","15":"instock","16":"virtual","17":"taxable","18":"product-type-gift-card"},"exclude_global_add_ons":[],"addons":[],"_links":{"self":[{"href":"https:\/\/fightingfilms.shop\/es\/wp-json\/wp\/v2\/product\/26468","targetHints":{"allow":["GET"]}}],"collection":[{"href":"https:\/\/fightingfilms.shop\/es\/wp-json\/wp\/v2\/product"}],"about":[{"href":"https:\/\/fightingfilms.shop\/es\/wp-json\/wp\/v2\/types\/product"}],"replies":[{"embeddable":true,"href":"https:\/\/fightingfilms.shop\/es\/wp-json\/wp\/v2\/comments?post=26468"}],"wp:featuredmedia":[{"embeddable":true,"href":"https:\/\/fightingfilms.shop\/es\/wp-json\/wp\/v2\/media\/26530"}],"wp:attachment":[{"href":"https:\/\/fightingfilms.shop\/es\/wp-json\/wp\/v2\/media?parent=26468"}],"wp:term":[{"taxonomy":"product_brand","embeddable":true,"href":"https:\/\/fightingfilms.shop\/es\/wp-json\/wp\/v2\/product_brand?post=26468"},{"taxonomy":"product_cat","embeddable":true,"href":"https:\/\/fightingfilms.shop\/es\/wp-json\/wp\/v2\/product_cat?post=26468"},{"taxonomy":"product_tag","embeddable":true,"href":"https:\/\/fightingfilms.shop\/es\/wp-json\/wp\/v2\/product_tag?post=26468"},{"taxonomy":"giftcard-category","embeddable":true,"href":"https:\/\/fightingfilms.shop\/es\/wp-json\/wp\/v2\/giftcard-category?post=26468"}],"curies":[{"name":"wp","href":"https:\/\/api.w.org\/{rel}","templated":true}]}}