{"id":27446,"date":"2025-02-06T11:49:11","date_gmt":"2025-02-06T10:49:11","guid":{"rendered":"https:\/\/www.fightingfilms.shop\/produit\/cuerda-de-escalada-de-judo\/"},"modified":"2025-02-06T11:49:11","modified_gmt":"2025-02-06T10:49:11","slug":"cuerda-de-escalada-de-judo","status":"publish","type":"product","link":"https:\/\/fightingfilms.shop\/es\/produit\/cuerda-de-escalada-de-judo\/","title":{"rendered":"Cuerda de escalada de judo"},"content":{"rendered":"<p>Trabaja tu fuerza y agarre con nuestra <strong>cuerda de escalada de judo de tela de kimono<\/strong>, especialmente dise\u00f1ada para judokas y artistas marciales. Fabricada con aut\u00e9ntica tela de judogi, reproduce la sensaci\u00f3n de un agarre de combate, ayud\u00e1ndote a mejorar tu kumi-kata, tu fuerza de agarre y tu resistencia. <\/p>\n<p>\u00a1Cuerda de 4 m de longitud!<\/p>\n<p>La cuerda de escalada de judo reproduce la manga de un <a href=\"https:\/\/www.fightingfilms.shop\/categorie\/kimonos\/kimonos-de-judo\/\">kimono de judo<\/a>. Est\u00e1 abierta por la mitad como la manga de un kimono para reproducir lo m\u00e1s fielmente posible la sensaci\u00f3n del kumi-kata en una manga. <\/p>\n<p>Ideal para el entrenamiento de preparaci\u00f3n f\u00edsica, esta cuerda es perfecta para desarrollar <strong>la fuerza de los dedos, los antebrazos y la parte superior del cuerpo<\/strong>, al tiempo que simula las condiciones reales del judo. Se fija f\u00e1cilmente a una estructura de dominadas, barra u otro soporte adecuado para realizar diversos ejercicios. <\/p>\n<p>Con nuestra cuerda de escalada de judo, \u00a1tu kumi-kata ser\u00e1 insuperable!<\/p>\n<h2><strong>Caracter\u00edsticas de la cuerda de escalada de judo:<\/strong><\/h2>\n<p>\u2705 <b>Tama\u00f1o: <\/b>4 m de largo <\/p>\n<p>\u2705 <strong>Material:<\/strong> Robusta tela judogi para un agarre realista<br \/>\n\u2705 <strong>Ideal para :<\/strong> Trabajo de agarre, tracci\u00f3n, escalada por cuerda<br \/>\n\u2705 <strong>F\u00e1cil de instalar<\/strong>: se fija a cualquier soporte adecuado con sus 4 ganchos met\u00e1licos<br \/>\n\u2705 <strong>Refuerza el agarre y la resistencia<\/strong> de judokas y grapplers<\/p>\n<div>Descubre nuestros otros <a href=\"https:\/\/www.fightingfilms.shop\/categorie\/accessoires-de-judo\/\">accesorios de judo<\/a> para trabajar diferentes aspectos de este arte marcial, velocidad de ejecuci\u00f3n, t\u00e9cnica, fortalecimiento del agarre&#8230; \u00a1Tenemos todo lo que necesitas para judokas de todos los niveles! <\/div>\n<div id=\"kurato_extension_modal\"><\/div>\n","protected":false},"excerpt":{"rendered":"<p>Descubre nuestra cuerda de escalada de judo Fighting Films de 4 m, \u00a1ideal para trabajar tu kumi-kata!<\/p>\n<p>Fabricada con tela de judogi, reproduce la sensaci\u00f3n de una manga de judo, para que puedas trabajar tu agarre y potencia con total confianza.<\/p>\n<p>\u00a1Cu\u00e9lgalo en cualquier sitio con sus anillas met\u00e1licas ultrarresistentes!<\/p>\n<p>&nbsp;<\/p>\n<div id=\"kurato_extension_modal\"><\/div>\n<div id=\"kurato_extension_modal\"><\/div>\n","protected":false},"featured_media":27443,"comment_status":"","ping_status":"closed","template":"","meta":[],"product_brand":[],"product_cat":[499],"product_tag":[],"giftcard-category":[],"class_list":{"0":"post-27446","1":"product","2":"type-product","3":"status-publish","4":"has-post-thumbnail","6":"product_cat-accesorios-de-judo","7":"product_shipping_class-accesorios","9":"first","10":"outofstock","11":"taxable","12":"shipping-taxable","13":"purchasable","14":"product-type-simple"},"exclude_global_add_ons":[],"addons":[],"_links":{"self":[{"href":"https:\/\/fightingfilms.shop\/es\/wp-json\/wp\/v2\/product\/27446","targetHints":{"allow":["GET"]}}],"collection":[{"href":"https:\/\/fightingfilms.shop\/es\/wp-json\/wp\/v2\/product"}],"about":[{"href":"https:\/\/fightingfilms.shop\/es\/wp-json\/wp\/v2\/types\/product"}],"replies":[{"embeddable":true,"href":"https:\/\/fightingfilms.shop\/es\/wp-json\/wp\/v2\/comments?post=27446"}],"wp:featuredmedia":[{"embeddable":true,"href":"https:\/\/fightingfilms.shop\/es\/wp-json\/wp\/v2\/media\/27443"}],"wp:attachment":[{"href":"https:\/\/fightingfilms.shop\/es\/wp-json\/wp\/v2\/media?parent=27446"}],"wp:term":[{"taxonomy":"product_brand","embeddable":true,"href":"https:\/\/fightingfilms.shop\/es\/wp-json\/wp\/v2\/product_brand?post=27446"},{"taxonomy":"product_cat","embeddable":true,"href":"https:\/\/fightingfilms.shop\/es\/wp-json\/wp\/v2\/product_cat?post=27446"},{"taxonomy":"product_tag","embeddable":true,"href":"https:\/\/fightingfilms.shop\/es\/wp-json\/wp\/v2\/product_tag?post=27446"},{"taxonomy":"giftcard-category","embeddable":true,"href":"https:\/\/fightingfilms.shop\/es\/wp-json\/wp\/v2\/giftcard-category?post=27446"}],"curies":[{"name":"wp","href":"https:\/\/api.w.org\/{rel}","templated":true}]}}