{"id":28405,"date":"2025-04-25T16:11:11","date_gmt":"2025-04-25T14:11:11","guid":{"rendered":"https:\/\/fightingfilms.shop\/produit\/mochila-yujin\/"},"modified":"2025-10-16T13:34:51","modified_gmt":"2025-10-16T11:34:51","slug":"mochila-yujin","status":"publish","type":"product","link":"https:\/\/fightingfilms.shop\/es\/produit\/mochila-yujin\/","title":{"rendered":"Mochila Y\u016bjin"},"content":{"rendered":"<p class=\"\" data-start=\"1431\" data-end=\"1830\">En japon\u00e9s, <strong data-start=\"1444\" data-end=\"1458\">Y\u016bjin (\u53cb\u4eba)<\/strong> significa \u00abamigo\u00bb. Una palabra fuerte, llena de significado para quienes practican el judo, un arte en el que la camarader\u00eda, la lealtad y el respeto gu\u00edan cada movimiento. La mochila Y\u016bjin encarna esta filosof\u00eda: es <strong data-start=\"1677\" data-end=\"1709\">la amiga discreta pero esencial<\/strong>, siempre ah\u00ed para llevar tu <a href=\"https:\/\/fightingfilms.shop\/categorie\/kimonos\/kimonos-de-judo\/?srsltid=AfmBOoogOFgoimtuAfeOmuGSfMB0xz3umvaY62no6qURaJ7UxaecR7P2\">kimono<\/a> de judo, mantener seco tu equipo y acompa\u00f1arte en cada paso del camino.<\/p>\n<p class=\"\" data-start=\"1832\" data-end=\"2147\">Inspirado en el minimalismo japon\u00e9s, su dise\u00f1o sobrio y elegante es tan adecuado para el entrenamiento diario como para las competiciones en el extranjero. El <strong data-start=\"1978\" data-end=\"2018\">logotipo blanco de Fighting<\/strong> Films, flocado sobre el tejido, se hace eco de la humildad de las artes marciales: no hace falta brillar para ser fuerte.<\/p>\n<p class=\"\" data-start=\"2149\" data-end=\"2291\">Dise\u00f1ada por judokas, para judokas, la Y\u016bjin es <strong data-start=\"2203\" data-end=\"2265\">la bolsa ideal para quienes viven el judo al m\u00e1ximo,<\/strong> desde el vestuario hasta el podio.<\/p>\n<p data-start=\"2149\" data-end=\"2291\">Tiene un gran bolsillo interior donde puedes guardar todo tu equipo para entrenar o competir. Puede contener un judogi, un cintur\u00f3n y otros accesorios.<\/p>\n<p data-start=\"2149\" data-end=\"2291\">Adem\u00e1s, tiene un bolsillo m\u00e1s peque\u00f1o y discreto en la parte delantera. As\u00ed como dos bolsillos interiores, uno de malla en la parte de la mochila Y\u016bjin que se abre, y otro m\u00e1s discreto en el interior para guardar un ordenador si te vas de viaje o lo utilizas para trabajar y dar clases.<\/p>\n<p data-start=\"2149\" data-end=\"2291\">La mochila Y\u016bjin tambi\u00e9n tiene la funcionalidad de guardar las dos correas de los hombros en un peque\u00f1o bolsillo de la espalda previsto para ello, ocupando menos espacio cuando viajas.<\/p>\n<h2 data-start=\"2149\" data-end=\"2291\">Especificaciones t\u00e9cnicas de la mochila Y\u016bjin:<\/h2>\n<p class=\"\" data-start=\"719\" data-end=\"1022\">Capacidad: 45 litros \ud83c\udf92<br data-start=\"771\" data-end=\"774\" \/><br data-start=\"838\" data-end=\"841\" \/>Color: Negro mate con el contorno del logotipo de Fighting Films en blanco<br data-start=\"888\" data-end=\"891\" \/><br data-start=\"960\" data-end=\"963\" \/>Dimensiones: 50 x 30 x 20 cm<br data-start=\"1005\" data-end=\"1008\" \/><br \/>\nMaterial: Poli\u00e9ster reforzado, resistente a la humedad y al desgaste<\/p>\n<p>Cierres: Robustas cremalleras bidireccionales<\/p>\n<p>Bolsillos:<\/p>\n<ul data-start=\"1023\" data-end=\"1360\">\n<li class=\"\" data-start=\"1023\" data-end=\"1087\">\n<p class=\"\" data-start=\"1025\" data-end=\"1087\">1 compartimento principal grande (judogi, cintur\u00f3n, toalla)<\/p>\n<\/li>\n<li class=\"\" data-start=\"1088\" data-end=\"1164\">\n<p class=\"\" data-start=\"1090\" data-end=\"1164\">1 bolsillo frontal con cremallera para accesorios (tel\u00e9fono, llaves, cartera)<\/p>\n<\/li>\n<li class=\"\" data-start=\"1088\" data-end=\"1164\">\n<p class=\"\" data-start=\"1090\" data-end=\"1164\">1 bolsillo interior peque\u00f1o de malla<br data-start=\"1224\" data-end=\"1227\" \/><br \/>\nComodidad:<\/p>\n<\/li>\n<li class=\"\" data-start=\"1243\" data-end=\"1279\">\n<p class=\"\" data-start=\"1245\" data-end=\"1279\">Tirantes acolchados ajustables<\/p>\n<\/li>\n<li class=\"\" data-start=\"1280\" data-end=\"1307\">\n<p class=\"\" data-start=\"1282\" data-end=\"1307\">Respaldo transpirable y acolchado<\/p>\n<\/li>\n<li class=\"\" data-start=\"1308\" data-end=\"1360\">\n<p class=\"\" data-start=\"1310\" data-end=\"1360\">Asas superiores y laterales para un transporte r\u00e1pido<\/p>\n<\/li>\n<\/ul>\n<div id=\"kurato_extension_modal\"><\/div>\n<div id=\"kurato_extension_modal\"><\/div>\n<div id=\"kurato_extension_modal\"><\/div>\n<div id=\"kurato_extension_modal\"><\/div>\n<div id=\"kurato_extension_modal\"><\/div>\n","protected":false},"excerpt":{"rendered":"<p>Descubre la <strong data-start=\"347\" data-end=\"366\">mochila Y\u016bjin<\/strong>, la amiga del judoka. Con sus 45 L de capacidad, transporta tu judogi y todo tu equipo sin renunciar al estilo. Elegante, pr\u00e1ctica e inspirada en el esp\u00edritu del judo, lleva con orgullo un discreto pero simb\u00f3lico logotipo de Fighting Films. La <strong>mochila Y\u016bjin <\/strong>te acompa\u00f1ar\u00e1 al dojo.<\/p>\n<div id=\"kurato_extension_modal\"><\/div>\n<div id=\"kurato_extension_modal\"><\/div>\n<div id=\"kurato_extension_modal\"><\/div>\n","protected":false},"featured_media":28375,"comment_status":"closed","ping_status":"closed","template":"","meta":[],"product_brand":[],"product_cat":[499,1054],"product_tag":[],"giftcard-category":[],"class_list":{"0":"post-28405","1":"product","2":"type-product","3":"status-publish","4":"has-post-thumbnail","6":"product_cat-accesorios-de-judo","7":"product_cat-saco-de-judo","8":"product_shipping_class-accesorios","10":"first","11":"instock","12":"taxable","13":"shipping-taxable","14":"purchasable","15":"product-type-variable"},"exclude_global_add_ons":[],"addons":[],"_links":{"self":[{"href":"https:\/\/fightingfilms.shop\/es\/wp-json\/wp\/v2\/product\/28405","targetHints":{"allow":["GET"]}}],"collection":[{"href":"https:\/\/fightingfilms.shop\/es\/wp-json\/wp\/v2\/product"}],"about":[{"href":"https:\/\/fightingfilms.shop\/es\/wp-json\/wp\/v2\/types\/product"}],"replies":[{"embeddable":true,"href":"https:\/\/fightingfilms.shop\/es\/wp-json\/wp\/v2\/comments?post=28405"}],"wp:featuredmedia":[{"embeddable":true,"href":"https:\/\/fightingfilms.shop\/es\/wp-json\/wp\/v2\/media\/28375"}],"wp:attachment":[{"href":"https:\/\/fightingfilms.shop\/es\/wp-json\/wp\/v2\/media?parent=28405"}],"wp:term":[{"taxonomy":"product_brand","embeddable":true,"href":"https:\/\/fightingfilms.shop\/es\/wp-json\/wp\/v2\/product_brand?post=28405"},{"taxonomy":"product_cat","embeddable":true,"href":"https:\/\/fightingfilms.shop\/es\/wp-json\/wp\/v2\/product_cat?post=28405"},{"taxonomy":"product_tag","embeddable":true,"href":"https:\/\/fightingfilms.shop\/es\/wp-json\/wp\/v2\/product_tag?post=28405"},{"taxonomy":"giftcard-category","embeddable":true,"href":"https:\/\/fightingfilms.shop\/es\/wp-json\/wp\/v2\/giftcard-category?post=28405"}],"curies":[{"name":"wp","href":"https:\/\/api.w.org\/{rel}","templated":true}]}}