{"id":29773,"date":"2025-09-10T16:05:16","date_gmt":"2025-09-10T14:05:16","guid":{"rendered":"https:\/\/fightingfilms.shop\/produit\/bolsa-de-deporte-con-ruedas-yokozuna\/"},"modified":"2025-09-12T13:16:51","modified_gmt":"2025-09-12T11:16:51","slug":"bolsa-de-deporte-con-ruedas-yokozuna","status":"publish","type":"product","link":"https:\/\/fightingfilms.shop\/es\/produit\/bolsa-de-deporte-con-ruedas-yokozuna\/","title":{"rendered":"Bolsa de deporte con ruedas Yokozuna"},"content":{"rendered":"<p>La <strong data-start=\"699\" data-end=\"736\">bolsa de deporte con ruedas YOKOZUNA<\/strong> de Fighting Films es mucho m\u00e1s que un simple accesorio: es el compa\u00f1ero de viaje ideal para todo judoka, desde el dojo local hasta las mayores competiciones internacionales.<\/p>\n<div id=\"kurato_extension_modal\">\n<p data-start=\"913\" data-end=\"1250\">Inspirado en el rango m\u00e1s prestigioso del sumo, el <a href=\"https:\/\/fr.wikipedia.org\/wiki\/Yokozuna\" rel=\"nofollow noopener\" target=\"_blank\"><strong data-start=\"961\" data-end=\"973\">YOKOZUNA<\/strong><\/a> encarna el poder, el respeto y la maestr\u00eda, valores fundamentales del judo. Fighting Films, una marca conocida en todo el mundo por la excepcional calidad de sus judogis y equipos, ha dise\u00f1ado esta bolsa de deporte con ruedas YOKOZUNA con los mismos est\u00e1ndares de exigencia que aplica a sus kimonos de gama alta. <\/p>\n<p data-start=\"1252\" data-end=\"1760\">Dise\u00f1ada para resistir viajes frecuentes, esta bolsa cuenta con un <strong data-start=\"1328\" data-end=\"1360\">gran compartimento principal<\/strong>, dividido en dos, en el que caben f\u00e1cilmente varios judogis, tu cintur\u00f3n, equipo de protecci\u00f3n, toallas y una muda de ropa. Sus <strong data-start=\"1473\" data-end=\"1501\">bolsillos laterales con cremallera<\/strong> mantienen tus objetos esenciales a mano: botella de agua, vendas, documentos o llaves. <\/p>\n<p data-start=\"1762\" data-end=\"2209\">Cuando se trata de practicidad, la YOKOZUNA est\u00e1 equipada con <strong data-start=\"1804\" data-end=\"1841\">ruedas resistentes <\/strong>, un <strong data-start=\"1849\" data-end=\"1885\">asa telesc\u00f3pica ergon\u00f3mica<\/strong> y una <strong data-start=\"1895\" data-end=\"1913\">base reforzada<\/strong>, que garantizan comodidad y estabilidad cuando te desplazas, ya sea por la ciudad, en el aeropuerto o por los pasillos de un dojo. La solidez de su tejido, inspirado en el de los judogis de Fighting Films, la hace notablemente resistente al desgaste del tiempo y a los desplazamientos repetidos. <\/p>\n<p data-start=\"2211\" data-end=\"2662\">Est\u00e9ticamente, la bolsa de deporte con ruedas YOKOZUNA refleja el alma del judo. Sobria y elegante, presenta <strong data-start=\"2294\" data-end=\"2320\">acabados de estilo japon\u00e9s<\/strong> y detalles discretos, como el famoso torii japon\u00e9s y el logotipo de Fighting Films. Un dise\u00f1o que combina tradici\u00f3n y modernidad, a imagen del propio judo. Tanto si eres competidor como viajero, esta bolsa de deporte con ruedas YOKOZUNA te acompa\u00f1ar\u00e1 a todas partes. \u00a1Ll\u00e9vatela de aventura a los cuatro rincones del mundo!    <\/p>\n<p data-start=\"2211\" data-end=\"2662\">Cuando eliges la bolsa Yokozuna, est\u00e1s optando por una bolsa <strong data-start=\"2715\" data-end=\"2747\">robusta, pr\u00e1ctica y refinada<\/strong>, dise\u00f1ada por una marca que lleva d\u00e9cadas apoyando a judokas de todos los niveles, desde principiantes hasta campeones ol\u00edmpicos. Ya est\u00e9s entrenando, compitiendo o en un curso, esta bolsa de deporte con ruedas encarna el esp\u00edritu Fighting Films: alto nivel, calidad y pasi\u00f3n por el judo. <\/p>\n<hr data-start=\"3024\" data-end=\"3027\">\n<h3 data-start=\"3029\" data-end=\"3075\">Ver tambi\u00e9n nuestras otras bolsas de deporte<\/h3>\n<p data-start=\"3076\" data-end=\"3447\">Si buscas una bolsa m\u00e1s compacta para tus entrenamientos diarios, Fighting Films tambi\u00e9n ofrece una gama de <strong data-start=\"3196\" data-end=\"3225\">bolsas de deporte m\u00e1s peque\u00f1as<\/strong>, igual de pr\u00e1cticas y perfectamente adaptadas a las necesidades de los judokas. Ideales para llevar el judogi, el cintur\u00f3n y algunos objetos personales, estos modelos combinan ligereza, robustez y un dise\u00f1o inspirado en el judo. <\/p>\n<p data-start=\"3449\" data-end=\"3593\">\ud83d\udc49 Explora nuestra completa colecci\u00f3n de <a href=\"https:\/\/fightingfilms.shop\/es\/categor\u00eda\/saco-de-judo\/\">bolsas de judo Fighting Films<\/a> y encuentra el modelo que te acompa\u00f1ar\u00e1 tanto al dojo como en competici\u00f3n.<\/p>\n<\/div>\n<div id=\"kurato_extension_modal\"><\/div>\n<div id=\"kurato_extension_modal\"><\/div>\n<div id=\"kurato_extension_modal\"><\/div>\n","protected":false},"excerpt":{"rendered":"<div id=\"kurato_extension_modal\">Descubre la bolsa de deporte con ruedas <strong data-start=\"438\" data-end=\"450\">YOKOZUNA<\/strong> de Fighting Films: una bolsa resistente, pr\u00e1ctica y elegante especialmente dise\u00f1ada para judokas.<\/div>\n<div>Esta gran bolsa con ruedas <strong>de 120 L <\/strong>es ideal para transportar varios judogis, equipamiento y accesorios durante los entrenamientos y competiciones de todo el mundo.<\/div>\n<div><\/div>\n<div><\/div>\n<div id=\"kurato_extension_modal\"><\/div>\n<div id=\"kurato_extension_modal\"><\/div>\n<div id=\"kurato_extension_modal\"><\/div>\n","protected":false},"featured_media":29746,"comment_status":"closed","ping_status":"closed","template":"","meta":[],"product_brand":[],"product_cat":[499,1054],"product_tag":[],"giftcard-category":[],"class_list":{"0":"post-29773","1":"product","2":"type-product","3":"status-publish","4":"has-post-thumbnail","6":"product_cat-accesorios-de-judo","7":"product_cat-saco-de-judo","8":"product_shipping_class-accesorios","10":"first","11":"instock","12":"taxable","13":"shipping-taxable","14":"purchasable","15":"product-type-simple"},"exclude_global_add_ons":[],"addons":[],"_links":{"self":[{"href":"https:\/\/fightingfilms.shop\/es\/wp-json\/wp\/v2\/product\/29773","targetHints":{"allow":["GET"]}}],"collection":[{"href":"https:\/\/fightingfilms.shop\/es\/wp-json\/wp\/v2\/product"}],"about":[{"href":"https:\/\/fightingfilms.shop\/es\/wp-json\/wp\/v2\/types\/product"}],"replies":[{"embeddable":true,"href":"https:\/\/fightingfilms.shop\/es\/wp-json\/wp\/v2\/comments?post=29773"}],"wp:featuredmedia":[{"embeddable":true,"href":"https:\/\/fightingfilms.shop\/es\/wp-json\/wp\/v2\/media\/29746"}],"wp:attachment":[{"href":"https:\/\/fightingfilms.shop\/es\/wp-json\/wp\/v2\/media?parent=29773"}],"wp:term":[{"taxonomy":"product_brand","embeddable":true,"href":"https:\/\/fightingfilms.shop\/es\/wp-json\/wp\/v2\/product_brand?post=29773"},{"taxonomy":"product_cat","embeddable":true,"href":"https:\/\/fightingfilms.shop\/es\/wp-json\/wp\/v2\/product_cat?post=29773"},{"taxonomy":"product_tag","embeddable":true,"href":"https:\/\/fightingfilms.shop\/es\/wp-json\/wp\/v2\/product_tag?post=29773"},{"taxonomy":"giftcard-category","embeddable":true,"href":"https:\/\/fightingfilms.shop\/es\/wp-json\/wp\/v2\/giftcard-category?post=29773"}],"curies":[{"name":"wp","href":"https:\/\/api.w.org\/{rel}","templated":true}]}}