{"id":29872,"date":"2025-09-15T12:33:25","date_gmt":"2025-09-15T10:33:25","guid":{"rendered":"https:\/\/fightingfilms.shop\/produit\/sudadera\/"},"modified":"2025-09-15T12:33:25","modified_gmt":"2025-09-15T10:33:25","slug":"sudadera","status":"publish","type":"product","link":"https:\/\/fightingfilms.shop\/es\/produit\/sudadera\/","title":{"rendered":"Sudadera"},"content":{"rendered":"<p data-start=\"716\" data-end=\"1134\">Nuestro top de <strong data-start=\"719\" data-end=\"752\">sudor <\/strong>Fighting FIlms es el aliado perfecto para tus intensas sesiones de entrenamiento. Especialmente dise\u00f1ada para estimular la transpiraci\u00f3n, ayuda a eliminar el exceso de agua, favorece el drenaje y aumenta la eficacia de tus sesiones deportivas. Tanto si eres judoka, deportista de combate o aficionado al fitness, esta prenda es ideal para mejorar tu rendimiento y alcanzar tus objetivos.  <\/p>\n<p data-start=\"1136\" data-end=\"1470\">Confeccionado con un tejido suave y resistente, el conjunto ofrece <strong data-start=\"1204\" data-end=\"1235\">una total libertad de movimientos<\/strong> al tiempo que crea un efecto de sauna natural. El top de manga larga protege el busto y retiene el calor corporal. <\/p>\n<p data-start=\"1472\" data-end=\"1750\">Dise\u00f1ada para durar, es <strong data-start=\"1500\" data-end=\"1553\">resistente a los roces y lavados repetidos<\/strong>, sin dejar de ser ligera y f\u00e1cil de llevar en tu bolsa de deporte. Su dise\u00f1o sencillo y eficaz te permite utilizarla tanto para entrenar como para la preparaci\u00f3n f\u00edsica espec\u00edfica. <\/p>\n<p data-start=\"1472\" data-end=\"1750\">Elige entre el conjunto completo para una transpiraci\u00f3n m\u00e1s eficaz u opta s\u00f3lo por la parte inferior o <strong>superior<\/strong> del conjunto, \u00a1seg\u00fan tus necesidades!<\/p>\n<h3 data-start=\"1752\" data-end=\"1791\"><strong data-start=\"1756\" data-end=\"1789\">Especificaciones t\u00e9cnicas :<\/strong><\/h3>\n<ul data-start=\"1792\" data-end=\"2092\">\n<li data-start=\"1792\" data-end=\"1825\">\n<p data-start=\"1794\" data-end=\"1825\">\u2705 Conjunto completo: top + braguitas disponibles<\/p>\n<\/li>\n<li data-start=\"1826\" data-end=\"1874\">\n<p data-start=\"1828\" data-end=\"1874\">\u2705 Corte unisex, apto para todos los deportistas<\/p>\n<\/li>\n<li data-start=\"1875\" data-end=\"1917\">\n<p data-start=\"1877\" data-end=\"1917\">\u2705 Material resistente, flexible y ligero<\/p>\n<\/li>\n<li data-start=\"1918\" data-end=\"1972\">\n<p data-start=\"1920\" data-end=\"1972\">\u2705 Favorece la transpiraci\u00f3n y la eliminaci\u00f3n de agua<\/p>\n<\/li>\n<li data-start=\"1973\" data-end=\"2025\">\n<p data-start=\"1975\" data-end=\"2025\">\u2705 C\u00f3modo gracias a las bandas el\u00e1sticas de sujeci\u00f3n<\/p>\n<\/li>\n<li data-start=\"2026\" data-end=\"2092\">\n<p data-start=\"2028\" data-end=\"2092\">\u2705 Ideal para la preparaci\u00f3n f\u00edsica y la p\u00e9rdida r\u00e1pida de agua de los deportistas de alto nivel<\/p>\n<\/li>\n<\/ul>\n<p>&nbsp;<\/p>\n<h2 data-start=\"321\" data-end=\"384\">\u26a0\ufe0f Instrucciones de uso y precauciones &#8211; Traje de transpiraci\u00f3n<\/h2>\n<p data-start=\"386\" data-end=\"600\">El top <strong data-start=\"389\" data-end=\"422\">sudor\u00edfico Fighting<\/strong> Films est\u00e1 dise\u00f1ado para aumentar la transpiraci\u00f3n y favorecer la eliminaci\u00f3n de agua durante el entrenamiento.<br data-start=\"522\" data-end=\"525\">Sin embargo, debe utilizarse con <strong data-start=\"571\" data-end=\"597\">precauci\u00f3n y moderaci\u00f3n.<\/strong><\/p>\n<h3 data-start=\"602\" data-end=\"632\">\u2705 Instrucciones de uso<\/h3>\n<ul data-start=\"633\" data-end=\"989\">\n<li data-start=\"633\" data-end=\"712\">\n<p data-start=\"635\" data-end=\"712\">Lleva el conjunto s\u00f3lo durante tus sesiones deportivas o de calentamiento.<\/p>\n<\/li>\n<li data-start=\"713\" data-end=\"783\">\n<p data-start=\"715\" data-end=\"783\">Hidr\u00e1tate regularmente antes, durante y despu\u00e9s del uso.<\/p>\n<\/li>\n<li data-start=\"784\" data-end=\"848\">\n<p data-start=\"786\" data-end=\"848\">Util\u00edzalo durante periodos cortos (de 30 a 60 minutos como m\u00e1ximo).<\/p>\n<\/li>\n<li data-start=\"849\" data-end=\"915\">\n<p data-start=\"851\" data-end=\"915\">Prefiere el entrenamiento gradual para que tu cuerpo se acostumbre.<\/p>\n<\/li>\n<li data-start=\"916\" data-end=\"989\">\n<p data-start=\"918\" data-end=\"989\">Lava y seca el equipo despu\u00e9s de cada uso para mantener la higiene.<\/p>\n<\/li>\n<\/ul>\n<h3 data-start=\"991\" data-end=\"1029\">\u26a0\ufe0f Riesgos y contraindicaciones<\/h3>\n<ul data-start=\"1030\" data-end=\"1524\">\n<li data-start=\"1030\" data-end=\"1101\">\n<p data-start=\"1032\" data-end=\"1101\">Riesgo de <strong data-start=\"1042\" data-end=\"1060\">deshidrataci\u00f3n<\/strong> si no est\u00e1s suficientemente hidratado.<\/p>\n<\/li>\n<li data-start=\"1102\" data-end=\"1217\">\n<p data-start=\"1104\" data-end=\"1217\">Riesgo de <strong data-start=\"1114\" data-end=\"1144\">insolaci\u00f3n o malestar general<\/strong> si haces un esfuerzo demasiado prolongado o en un ambiente caluroso.<\/p>\n<\/li>\n<li data-start=\"1218\" data-end=\"1336\">\n<p data-start=\"1220\" data-end=\"1336\">No utilices el conjunto si padeces <strong data-start=\"1265\" data-end=\"1314\">problemas cardiacos, respiratorios o renales<\/strong>, a menos que te lo aconseje tu m\u00e9dico.<\/p>\n<\/li>\n<li data-start=\"1337\" data-end=\"1398\">\n<p data-start=\"1339\" data-end=\"1398\">No recomendado para <strong data-start=\"1356\" data-end=\"1367\">menores<\/strong> ni <strong data-start=\"1375\" data-end=\"1395\">mujeres embarazadas<\/strong>.<\/p>\n<\/li>\n<li data-start=\"1399\" data-end=\"1524\">\n<p data-start=\"1401\" data-end=\"1524\">En caso de <strong data-start=\"1411\" data-end=\"1484\">mareo, cansancio inusual, palpitaciones o disnea anormal<\/strong>, interrumpe su uso inmediatamente.<\/p>\n<\/li>\n<li data-start=\"1399\" data-end=\"1524\">Utiliza sudaderas acompa\u00f1adas para evitar cualquier riesgo.<\/li>\n<\/ul>\n<h3 data-start=\"1526\" data-end=\"1549\">\u2139\ufe0f Recomendaci\u00f3n<\/h3>\n<p data-start=\"1550\" data-end=\"1761\">La ropa para sudar es una herramienta de entrenamiento complementaria.  <strong>No debe utilizarse como \u00fanico m\u00e9todo de p\u00e9rdida de peso y no sustituye a una dieta equilibrada y a una supervisi\u00f3n m\u00e9dica adecuada.<\/strong><\/p>\n<div id=\"kurato_extension_modal\"><\/div>\n","protected":false},"excerpt":{"rendered":"<p>Descubre el top de transpiraci\u00f3n Fighting Films, dise\u00f1ado para favorecer la transpiraci\u00f3n, mejorar la p\u00e9rdida de agua y optimizar tus sesiones deportivas. Ligera, resistente y adecuada para entrenamientos intensivos. <\/p>\n<div id=\"kurato_extension_modal\"><\/div>\n","protected":false},"featured_media":30701,"comment_status":"","ping_status":"closed","template":"","meta":[],"product_brand":[],"product_cat":[499,493],"product_tag":[],"giftcard-category":[],"class_list":{"0":"post-29872","1":"product","2":"type-product","3":"status-publish","4":"has-post-thumbnail","6":"product_cat-accesorios-de-judo","7":"product_cat-tejidos-de-judo","8":"product_shipping_class-accesorios","10":"first","11":"instock","12":"taxable","13":"shipping-taxable","14":"purchasable","15":"product-type-variable"},"exclude_global_add_ons":[],"addons":[],"_links":{"self":[{"href":"https:\/\/fightingfilms.shop\/es\/wp-json\/wp\/v2\/product\/29872","targetHints":{"allow":["GET"]}}],"collection":[{"href":"https:\/\/fightingfilms.shop\/es\/wp-json\/wp\/v2\/product"}],"about":[{"href":"https:\/\/fightingfilms.shop\/es\/wp-json\/wp\/v2\/types\/product"}],"replies":[{"embeddable":true,"href":"https:\/\/fightingfilms.shop\/es\/wp-json\/wp\/v2\/comments?post=29872"}],"wp:featuredmedia":[{"embeddable":true,"href":"https:\/\/fightingfilms.shop\/es\/wp-json\/wp\/v2\/media\/30701"}],"wp:attachment":[{"href":"https:\/\/fightingfilms.shop\/es\/wp-json\/wp\/v2\/media?parent=29872"}],"wp:term":[{"taxonomy":"product_brand","embeddable":true,"href":"https:\/\/fightingfilms.shop\/es\/wp-json\/wp\/v2\/product_brand?post=29872"},{"taxonomy":"product_cat","embeddable":true,"href":"https:\/\/fightingfilms.shop\/es\/wp-json\/wp\/v2\/product_cat?post=29872"},{"taxonomy":"product_tag","embeddable":true,"href":"https:\/\/fightingfilms.shop\/es\/wp-json\/wp\/v2\/product_tag?post=29872"},{"taxonomy":"giftcard-category","embeddable":true,"href":"https:\/\/fightingfilms.shop\/es\/wp-json\/wp\/v2\/giftcard-category?post=29872"}],"curies":[{"name":"wp","href":"https:\/\/api.w.org\/{rel}","templated":true}]}}