{"id":30002,"date":"2025-09-15T14:40:14","date_gmt":"2025-09-15T12:40:14","guid":{"rendered":"https:\/\/fightingfilms.shop\/produit\/sudadera-de-judo-negra\/"},"modified":"2025-09-15T14:40:14","modified_gmt":"2025-09-15T12:40:14","slug":"sudadera-de-judo-negra","status":"publish","type":"product","link":"https:\/\/fightingfilms.shop\/es\/produit\/sudadera-de-judo-negra\/","title":{"rendered":"Sudadera de judo negra"},"content":{"rendered":"<p data-start=\"643\" data-end=\"920\">La <strong data-start=\"646\" data-end=\"692\">sudadera de judo negra Fighting<\/strong> Films combina comodidad, sobriedad y una fuerte identidad. Dise\u00f1ada para acompa\u00f1ar a judokas y aficionados al deporte, es ideal para calentamientos, entrenamientos, viajes o simplemente para un look deportivo de diario. <\/p>\n<p data-start=\"922\" data-end=\"1209\">Confeccionado <strong data-start=\"939\" data-end=\"966\">en algod\u00f3n suave y resistente<\/strong>, garantiza un confort \u00f3ptimo y resiste el uso repetido y los lavados frecuentes. Su corte deportivo garantiza <strong data-start=\"1092\" data-end=\"1123\">una total libertad de movimientos<\/strong>, esencial tanto para el calentamiento como para la vida cotidiana. <\/p>\n<p data-start=\"1211\" data-end=\"1285\">En cuanto al dise\u00f1o, esta sudadera refleja a la perfecci\u00f3n el esp\u00edritu <strong data-start=\"1263\" data-end=\"1281\">Fighting Films<\/strong>:<\/p>\n<ul data-start=\"1286\" data-end=\"1526\">\n<li data-start=\"1286\" data-end=\"1366\">\n<p data-start=\"1288\" data-end=\"1366\">En la parte delantera, un <strong data-start=\"1302\" data-end=\"1343\">logotipo FF rojo bordado en el coraz\u00f3n<\/strong>, discreto y elegante.<\/p>\n<\/li>\n<li data-start=\"1367\" data-end=\"1526\">\n<p data-start=\"1369\" data-end=\"1526\">En la parte posterior, una <strong data-start=\"1385\" data-end=\"1408\">gran firma \u00abF\u00bb<\/strong>, disponible en dos versiones: roja para un estilo m\u00e1s asertivo, o negra tono sobre tono para los que prefieren la discreci\u00f3n.<\/p>\n<\/li>\n<\/ul>\n<p data-start=\"1528\" data-end=\"1676\">Sobria y refinada, esta sudadera encarna el equilibrio entre tradici\u00f3n marcial y modernidad, fiel al mundo del judo y a los valores de Fighting Films.<\/p>\n<h3 data-start=\"1678\" data-end=\"1706\"><strong data-start=\"1682\" data-end=\"1704\">Caracter\u00edsticas :<\/strong><\/h3>\n<ul data-start=\"1707\" data-end=\"1964\">\n<li data-start=\"1707\" data-end=\"1727\">\n<p data-start=\"1709\" data-end=\"1727\">Color: negro<\/p>\n<\/li>\n<li data-start=\"1728\" data-end=\"1763\">\n<p data-start=\"1730\" data-end=\"1763\">\u2705 Logotipo FF rojo bordado en el lado del coraz\u00f3n<\/p>\n<\/li>\n<li data-start=\"1764\" data-end=\"1819\">\n<p data-start=\"1766\" data-end=\"1819\">\u2705 Gran \u00abF\u00bb flocada en la espalda (roja o negra tono sobre tono)<\/p>\n<\/li>\n<li data-start=\"1820\" data-end=\"1866\">\n<p data-start=\"1822\" data-end=\"1866\">\u2705 Material: algod\u00f3n suave, grueso y resistente<\/p>\n<\/li>\n<li data-start=\"1867\" data-end=\"1902\">\n<p data-start=\"1869\" data-end=\"1902\">\u2705 Ajuste deportivo y c\u00f3modo<\/p>\n<\/li>\n<li data-start=\"1903\" data-end=\"1964\">\n<p data-start=\"1905\" data-end=\"1964\">\u2705 Adecuado para el calentamiento, el entrenamiento y el uso diario<\/p>\n<\/li>\n<\/ul>\n<h3 data-start=\"1966\" data-end=\"1987\"><strong data-start=\"1970\" data-end=\"1985\">Ventajas :<\/strong><\/h3>\n<ul data-start=\"1988\" data-end=\"2254\">\n<li data-start=\"1988\" data-end=\"2047\">\n<p data-start=\"1990\" data-end=\"2047\">Comodidad y calor, ideal antes o despu\u00e9s del entrenamiento<\/p>\n<\/li>\n<li data-start=\"2048\" data-end=\"2113\">\n<p data-start=\"2050\" data-end=\"2113\">Sobrio, de estilo marcial, f\u00e1cilmente transportable fuera del dojo<\/p>\n<\/li>\n<li data-start=\"2114\" data-end=\"2165\">\n<p data-start=\"2116\" data-end=\"2165\">L\u00e1minas de combate para mayor resistencia y durabilidad<\/p>\n<\/li>\n<li data-start=\"2166\" data-end=\"2254\">\n<p data-start=\"2168\" data-end=\"2254\">Elecci\u00f3n entre una versi\u00f3n de <strong data-start=\"2192\" data-end=\"2209\">impacto visual<\/strong> (rojo) o una versi\u00f3n <strong data-start=\"2221\" data-end=\"2233\">discreta<\/strong> (negro tono sobre tono)<\/p>\n<\/li>\n<\/ul>\n<h3 data-start=\"2261\" data-end=\"2283\">M\u00e1s informaci\u00f3n&#8230;<\/h3>\n<p data-start=\"2284\" data-end=\"2478\">Completa tu look con los <strong data-start=\"2313\" data-end=\"2351\">pantalones de ch\u00e1ndal Fighting<\/strong> Films, para un conjunto coherente y pr\u00e1ctico cuando salgas a competir, a calentar y a relajarte.<\/p>\n<div id=\"kurato_extension_modal\"><\/div>\n<div id=\"kurato_extension_modal\"><\/div>\n","protected":false},"excerpt":{"rendered":"<p>Echa un vistazo a la sudadera de judo <strong data-start=\"442\" data-end=\"460\">Fighting Films<\/strong> negra, con el logotipo FF rojo en el pecho y una gran \u00abF\u00bb en la espalda. C\u00f3moda, resistente y elegante, es perfecta para judokas y deportistas, \u00a1para entrenar o para llevar a diario! <\/p>\n<div id=\"kurato_extension_modal\"><\/div>\n<div id=\"kurato_extension_modal\"><\/div>\n","protected":false},"featured_media":30666,"comment_status":"","ping_status":"closed","template":"","meta":[],"product_brand":[],"product_cat":[499,493],"product_tag":[],"giftcard-category":[],"class_list":{"0":"post-30002","1":"product","2":"type-product","3":"status-publish","4":"has-post-thumbnail","6":"product_cat-accesorios-de-judo","7":"product_cat-tejidos-de-judo","8":"product_shipping_class-accesorios","10":"first","11":"instock","12":"taxable","13":"shipping-taxable","14":"purchasable","15":"product-type-variable"},"exclude_global_add_ons":[],"addons":[],"_links":{"self":[{"href":"https:\/\/fightingfilms.shop\/es\/wp-json\/wp\/v2\/product\/30002","targetHints":{"allow":["GET"]}}],"collection":[{"href":"https:\/\/fightingfilms.shop\/es\/wp-json\/wp\/v2\/product"}],"about":[{"href":"https:\/\/fightingfilms.shop\/es\/wp-json\/wp\/v2\/types\/product"}],"replies":[{"embeddable":true,"href":"https:\/\/fightingfilms.shop\/es\/wp-json\/wp\/v2\/comments?post=30002"}],"wp:featuredmedia":[{"embeddable":true,"href":"https:\/\/fightingfilms.shop\/es\/wp-json\/wp\/v2\/media\/30666"}],"wp:attachment":[{"href":"https:\/\/fightingfilms.shop\/es\/wp-json\/wp\/v2\/media?parent=30002"}],"wp:term":[{"taxonomy":"product_brand","embeddable":true,"href":"https:\/\/fightingfilms.shop\/es\/wp-json\/wp\/v2\/product_brand?post=30002"},{"taxonomy":"product_cat","embeddable":true,"href":"https:\/\/fightingfilms.shop\/es\/wp-json\/wp\/v2\/product_cat?post=30002"},{"taxonomy":"product_tag","embeddable":true,"href":"https:\/\/fightingfilms.shop\/es\/wp-json\/wp\/v2\/product_tag?post=30002"},{"taxonomy":"giftcard-category","embeddable":true,"href":"https:\/\/fightingfilms.shop\/es\/wp-json\/wp\/v2\/giftcard-category?post=30002"}],"curies":[{"name":"wp","href":"https:\/\/api.w.org\/{rel}","templated":true}]}}