{"id":30299,"date":"2025-09-18T15:04:12","date_gmt":"2025-09-18T13:04:12","guid":{"rendered":"https:\/\/fightingfilms.shop\/produit\/lycra-de-manga-larga\/"},"modified":"2025-09-18T15:04:12","modified_gmt":"2025-09-18T13:04:12","slug":"lycra-de-manga-larga","status":"publish","type":"product","link":"https:\/\/fightingfilms.shop\/es\/produit\/lycra-de-manga-larga\/","title":{"rendered":"Lycra de manga larga"},"content":{"rendered":"<p data-start=\"680\" data-end=\"1009\">La <strong data-start=\"683\" data-end=\"727\">lycra de manga larga Fighting<\/strong> Films est\u00e1 dise\u00f1ada para satisfacer las necesidades de judokas, practicantes de jiu-jitsu brasile\u00f1o y entusiastas del no-gi. Dise\u00f1ada para ofrecer <strong data-start=\"855\" data-end=\"934\">la m\u00e1xima comodidad, una protecci\u00f3n \u00f3ptima y una gran libertad de movimientos<\/strong>, combina caracter\u00edsticas t\u00e9cnicas y dise\u00f1o marcial, fiel al ADN de Fighting Films. <\/p>\n<p data-start=\"1011\" data-end=\"1350\">Fabricado con <strong data-start=\"1023\" data-end=\"1062\">elastano el\u00e1stico de alta calidad<\/strong>, se amolda perfectamente a la forma del cuerpo y sigue cada movimiento sin restricciones. Gracias a la <strong data-start=\"1167\" data-end=\"1209\">cintura integrada<\/strong>, la lycra se mantiene en su sitio durante el entrenamiento y el combate, evitando que se suba durante las fases intensas en el suelo o de pie. <\/p>\n<p data-start=\"1352\" data-end=\"1429\">Disponible en <strong data-start=\"1366\" data-end=\"1386\">blanco o negro<\/strong>, tiene un dise\u00f1o sobrio y potente:<\/p>\n<ul data-start=\"1430\" data-end=\"1644\">\n<li data-start=\"1430\" data-end=\"1530\">\n<p data-start=\"1432\" data-end=\"1530\">Una <strong data-start=\"1435\" data-end=\"1464\">gran \u00abF\u00bb negra en la espalda para la versi\u00f3n negra y una roja para la versi\u00f3n blanca<\/strong>, inspirada en el logotipo de Fighting Films, para un estilo marcial asertivo.<\/p>\n<\/li>\n<li data-start=\"1531\" data-end=\"1644\">\n<p data-start=\"1533\" data-end=\"1644\">Un <strong data-start=\"1536\" data-end=\"1568\">peque\u00f1o logotipo rojo en el coraz\u00f3n<\/strong> y otro en la manga a\u00f1aden un toque de elegancia e identidad.<\/p>\n<\/li>\n<\/ul>\n<p data-start=\"1646\" data-end=\"1916\">Dise\u00f1ada para soportar los rigores de los deportes de combate, esta lycra limita las rozaduras, protege la piel y facilita la evacuaci\u00f3n del sudor. Es imprescindible para tus entrenamientos diarios y competiciones de <strong data-start=\"1891\" data-end=\"1913\">judo, JJB o no-gi<\/strong>. <\/p>\n<h3 data-start=\"1918\" data-end=\"1946\"><strong data-start=\"1922\" data-end=\"1944\">Caracter\u00edsticas :<\/strong><\/h3>\n<ul data-start=\"1947\" data-end=\"2285\">\n<li data-start=\"1947\" data-end=\"1986\">\n<p data-start=\"1949\" data-end=\"1986\">\u2705 Lycra unisex de manga larga<\/p>\n<\/li>\n<li data-start=\"1987\" data-end=\"2034\">\n<p data-start=\"1989\" data-end=\"2034\">\u2705 Material: elastano el\u00e1stico transpirable<\/p>\n<\/li>\n<li data-start=\"2035\" data-end=\"2097\">\n<p data-start=\"2037\" data-end=\"2097\">\u2705 Banda en la cintura para un ajuste perfecto<\/p>\n<\/li>\n<li data-start=\"2098\" data-end=\"2162\">\n<p data-start=\"2100\" data-end=\"2162\">\u2705 Gran \u00abF\u00bb negra en la espalda (la mitad del logotipo de Fighting Films)<\/p>\n<\/li>\n<li data-start=\"2163\" data-end=\"2217\">\n<p data-start=\"2165\" data-end=\"2217\">\u2705 Peque\u00f1o logotipo FF rojo en el coraz\u00f3n y en la manga<\/p>\n<\/li>\n<li data-start=\"2218\" data-end=\"2255\">\n<p data-start=\"2220\" data-end=\"2255\">\u2705 Disponible en <strong data-start=\"2236\" data-end=\"2253\">blanco o negro<\/strong><\/p>\n<\/li>\n<li data-start=\"2256\" data-end=\"2285\">\n<p data-start=\"2258\" data-end=\"2285\">Tallas: <strong data-start=\"2270\" data-end=\"2283\">XXS a XXL<\/strong><\/p>\n<\/li>\n<\/ul>\n<h3 data-start=\"2287\" data-end=\"2308\"><strong data-start=\"2291\" data-end=\"2306\">Ventajas :<\/strong><\/h3>\n<ul data-start=\"2309\" data-end=\"2598\">\n<li data-start=\"2309\" data-end=\"2372\">\n<p data-start=\"2311\" data-end=\"2372\">Libertad de movimiento \u00f3ptima gracias al tejido el\u00e1stico<\/p>\n<\/li>\n<li data-start=\"2373\" data-end=\"2425\">\n<p data-start=\"2375\" data-end=\"2425\">Se mantiene en su sitio gracias a la banda de sujeci\u00f3n<\/p>\n<\/li>\n<li data-start=\"2426\" data-end=\"2487\">\n<p data-start=\"2428\" data-end=\"2487\">Protege la piel de roces y quemaduras en el tatami<\/p>\n<\/li>\n<li data-start=\"2488\" data-end=\"2546\">\n<p data-start=\"2490\" data-end=\"2546\">Dise\u00f1o discreto y elegante de artes marciales por Fighting Films<\/p>\n<\/li>\n<li data-start=\"2547\" data-end=\"2598\">\n<p data-start=\"2549\" data-end=\"2598\">Adecuado para judo, JJB y no-gi<\/p>\n<\/li>\n<\/ul>\n<div id=\"kurato_extension_modal\"><\/div>\n","protected":false},"excerpt":{"rendered":"<p data-start=\"114\" data-end=\"509\">La <strong data-start=\"117\" data-end=\"161\">lycra de manga larga Fighting<\/strong> Films combina comodidad, caracter\u00edsticas t\u00e9cnicas y dise\u00f1o marcial.<br data-start=\"206\" data-end=\"209\">Fabricada en elastano el\u00e1stico, ofrece total libertad de movimientos y una excelente resistencia.<br data-start=\"308\" data-end=\"311\">Su banda de cintura evita que se suba durante el entrenamiento o el combate.<br data-start=\"403\" data-end=\"406\">Unisex, disponible de XXS a XXL, en blanco o negro, es perfecta para judo, JJB y no-gi.<\/p>\n<div id=\"kurato_extension_modal\"><\/div>\n","protected":false},"featured_media":30432,"comment_status":"","ping_status":"closed","template":"","meta":[],"product_brand":[],"product_cat":[499,493],"product_tag":[],"giftcard-category":[],"class_list":{"0":"post-30299","1":"product","2":"type-product","3":"status-publish","4":"has-post-thumbnail","6":"product_cat-accesorios-de-judo","7":"product_cat-tejidos-de-judo","8":"product_shipping_class-accesorios","10":"first","11":"instock","12":"taxable","13":"shipping-taxable","14":"purchasable","15":"product-type-variable"},"exclude_global_add_ons":[],"addons":[],"_links":{"self":[{"href":"https:\/\/fightingfilms.shop\/es\/wp-json\/wp\/v2\/product\/30299","targetHints":{"allow":["GET"]}}],"collection":[{"href":"https:\/\/fightingfilms.shop\/es\/wp-json\/wp\/v2\/product"}],"about":[{"href":"https:\/\/fightingfilms.shop\/es\/wp-json\/wp\/v2\/types\/product"}],"replies":[{"embeddable":true,"href":"https:\/\/fightingfilms.shop\/es\/wp-json\/wp\/v2\/comments?post=30299"}],"wp:featuredmedia":[{"embeddable":true,"href":"https:\/\/fightingfilms.shop\/es\/wp-json\/wp\/v2\/media\/30432"}],"wp:attachment":[{"href":"https:\/\/fightingfilms.shop\/es\/wp-json\/wp\/v2\/media?parent=30299"}],"wp:term":[{"taxonomy":"product_brand","embeddable":true,"href":"https:\/\/fightingfilms.shop\/es\/wp-json\/wp\/v2\/product_brand?post=30299"},{"taxonomy":"product_cat","embeddable":true,"href":"https:\/\/fightingfilms.shop\/es\/wp-json\/wp\/v2\/product_cat?post=30299"},{"taxonomy":"product_tag","embeddable":true,"href":"https:\/\/fightingfilms.shop\/es\/wp-json\/wp\/v2\/product_tag?post=30299"},{"taxonomy":"giftcard-category","embeddable":true,"href":"https:\/\/fightingfilms.shop\/es\/wp-json\/wp\/v2\/giftcard-category?post=30299"}],"curies":[{"name":"wp","href":"https:\/\/api.w.org\/{rel}","templated":true}]}}