{"id":33312,"date":"2026-02-19T11:41:08","date_gmt":"2026-02-19T10:41:08","guid":{"rendered":"https:\/\/fightingfilms.shop\/produit\/porte-cles-jigoro-kano\/"},"modified":"2026-02-19T11:47:13","modified_gmt":"2026-02-19T10:47:13","slug":"porte-cles-jigoro-kano","status":"publish","type":"product","link":"https:\/\/fightingfilms.shop\/es\/produit\/porte-cles-jigoro-kano\/","title":{"rendered":"Llavero Jigoro Kano"},"content":{"rendered":"<p data-start=\"183\" data-end=\"476\">Rinde homenaje al fundador del judo con este <strong data-start=\"227\" data-end=\"253\">llavero Jigoro Kano<\/strong>, de dise\u00f1o original y simb\u00f3lico. Representado en traje tradicional con los brazos cruzados ante la inscripci\u00f3n \u00abJudo\u00bb, este llavero encarna los valores fundamentales de este arte marcial: respeto, disciplina y ayuda mutua. <\/p>\n<p data-start=\"478\" data-end=\"568\">Un accesorio imprescindible para todos los aficionados al judo y a las artes marciales japonesas.<\/p>\n<h2 data-start=\"575\" data-end=\"612\">\ud83e\udd4b Un homenaje al fundador del judo<\/h2>\n<p data-start=\"614\" data-end=\"824\">Este llavero rinde homenaje a <strong data-start=\"644\" data-end=\"659\">Jigoro Kano<\/strong>, el creador del judo moderno. Su estilizada ilustraci\u00f3n de un judogi blanco, combinada con el fondo gr\u00e1fico de inspiraci\u00f3n japonesa, lo hace a la vez simb\u00f3lico y moderno. <\/p>\n<p data-start=\"826\" data-end=\"838\">Ideal para :<\/p>\n<ul data-start=\"839\" data-end=\"975\">\n<li data-start=\"839\" data-end=\"877\">\n<p data-start=\"841\" data-end=\"877\">Principiantes y judokas experimentados<\/p>\n<\/li>\n<li data-start=\"878\" data-end=\"914\">\n<p data-start=\"880\" data-end=\"914\">Profesores y clubes de judo<\/p>\n<\/li>\n<li data-start=\"915\" data-end=\"935\">\n<p data-start=\"917\" data-end=\"935\">Competidores<\/p>\n<\/li>\n<li data-start=\"936\" data-end=\"975\">\n<p data-start=\"938\" data-end=\"975\">Aficionados a la cultura japonesa<\/p>\n<\/li>\n<\/ul>\n<h2 data-start=\"982\" data-end=\"1018\">\ud83d\udd11 Caracter\u00edsticas del llavero<\/h2>\n<ul data-start=\"1020\" data-end=\"1274\">\n<li data-start=\"1020\" data-end=\"1061\">\n<p data-start=\"1022\" data-end=\"1061\"><strong data-start=\"1022\" data-end=\"1035\">Material:<\/strong> PVC flexible y resistente<\/p>\n<\/li>\n<li data-start=\"1062\" data-end=\"1107\">\n<p data-start=\"1064\" data-end=\"1107\"><strong data-start=\"1064\" data-end=\"1075\">Forma:<\/strong> Medall\u00f3n redondo con relieve 3D<\/p>\n<\/li>\n<li data-start=\"1108\" data-end=\"1145\">\n<p data-start=\"1110\" data-end=\"1145\"><strong data-start=\"1110\" data-end=\"1124\">Colores:<\/strong> negro, blanco, rojo<\/p>\n<\/li>\n<li data-start=\"1146\" data-end=\"1189\">\n<p data-start=\"1148\" data-end=\"1189\"><strong data-start=\"1148\" data-end=\"1161\">Cierre:<\/strong> Anilla met\u00e1lica robusta<\/p>\n<\/li>\n<li data-start=\"1190\" data-end=\"1274\">\n<p data-start=\"1192\" data-end=\"1274\"><strong data-start=\"1192\" data-end=\"1204\">Dise\u00f1o:<\/strong> Ilustraci\u00f3n de Jigoro Kano con \u00abJudo\u00bb de fondo<\/p>\n<\/li>\n<\/ul>\n<p data-start=\"1276\" data-end=\"1367\">S\u00f3lido y duradero, soporta el desgaste diario y conserva sus colores con el paso del tiempo.<\/p>\n<h2 data-start=\"1374\" data-end=\"1416\">\ud83c\udf81 La idea de regalo perfecta para un judoka<\/h2>\n<p data-start=\"1418\" data-end=\"1474\">Este llavero de judo es una excelente idea de regalo para :<\/p>\n<ul data-start=\"1476\" data-end=\"1613\">\n<li data-start=\"1476\" data-end=\"1502\">\n<p data-start=\"1478\" data-end=\"1502\">Una ceremonia del cintur\u00f3n<\/p>\n<\/li>\n<li data-start=\"1503\" data-end=\"1538\">\n<p data-start=\"1505\" data-end=\"1538\">Una recompensa al final de la temporada<\/p>\n<\/li>\n<li data-start=\"1539\" data-end=\"1570\">\n<p data-start=\"1541\" data-end=\"1570\">Un curso o competici\u00f3n<\/p>\n<\/li>\n<li data-start=\"1571\" data-end=\"1613\">\n<p data-start=\"1573\" data-end=\"1613\">Un cumplea\u00f1os de un entusiasta del judo<\/p>\n<\/li>\n<\/ul>\n<p data-start=\"1615\" data-end=\"1660\">Peque\u00f1o en tama\u00f1o, grande en simbolismo.<\/p>\n","protected":false},"excerpt":{"rendered":"<p>Descubre el llavero de Jigoro Kano, el fundador del judo, en traje tradicional delante de la inscripci\u00f3n \u00abJudo\u00bb.<br data-start=\"2318\" data-end=\"2321\">Ideal para todos los judokas, desde los m\u00e1s j\u00f3venes hasta los m\u00e1s experimentados, \u00a1y para que los clubes lo regalen a sus socios!<br data-start=\"2381\" data-end=\"2384\">Una idea de regalo simb\u00f3lica y original para cualquier aficionado al judo.<\/p>\n","protected":false},"featured_media":33984,"comment_status":"closed","ping_status":"closed","template":"","meta":[],"product_brand":[],"product_cat":[499,1144],"product_tag":[],"giftcard-category":[],"class_list":{"0":"post-33312","1":"product","2":"type-product","3":"status-publish","4":"has-post-thumbnail","6":"product_cat-accesorios-de-judo","7":"product_cat-goodies-de-judo","8":"product_shipping_class-accesorios","10":"first","11":"instock","12":"taxable","13":"shipping-taxable","14":"purchasable","15":"product-type-simple"},"exclude_global_add_ons":[],"addons":[],"_links":{"self":[{"href":"https:\/\/fightingfilms.shop\/es\/wp-json\/wp\/v2\/product\/33312","targetHints":{"allow":["GET"]}}],"collection":[{"href":"https:\/\/fightingfilms.shop\/es\/wp-json\/wp\/v2\/product"}],"about":[{"href":"https:\/\/fightingfilms.shop\/es\/wp-json\/wp\/v2\/types\/product"}],"replies":[{"embeddable":true,"href":"https:\/\/fightingfilms.shop\/es\/wp-json\/wp\/v2\/comments?post=33312"}],"wp:featuredmedia":[{"embeddable":true,"href":"https:\/\/fightingfilms.shop\/es\/wp-json\/wp\/v2\/media\/33984"}],"wp:attachment":[{"href":"https:\/\/fightingfilms.shop\/es\/wp-json\/wp\/v2\/media?parent=33312"}],"wp:term":[{"taxonomy":"product_brand","embeddable":true,"href":"https:\/\/fightingfilms.shop\/es\/wp-json\/wp\/v2\/product_brand?post=33312"},{"taxonomy":"product_cat","embeddable":true,"href":"https:\/\/fightingfilms.shop\/es\/wp-json\/wp\/v2\/product_cat?post=33312"},{"taxonomy":"product_tag","embeddable":true,"href":"https:\/\/fightingfilms.shop\/es\/wp-json\/wp\/v2\/product_tag?post=33312"},{"taxonomy":"giftcard-category","embeddable":true,"href":"https:\/\/fightingfilms.shop\/es\/wp-json\/wp\/v2\/giftcard-category?post=33312"}],"curies":[{"name":"wp","href":"https:\/\/api.w.org\/{rel}","templated":true}]}}