{"id":33316,"date":"2026-02-19T11:34:53","date_gmt":"2026-02-19T10:34:53","guid":{"rendered":"https:\/\/fightingfilms.shop\/produit\/llavero-judogi\/"},"modified":"2026-02-19T11:34:53","modified_gmt":"2026-02-19T10:34:53","slug":"llavero-judogi","status":"publish","type":"product","link":"https:\/\/fightingfilms.shop\/es\/produit\/llavero-judogi\/","title":{"rendered":"Llavero Judogi"},"content":{"rendered":"<p data-start=\"164\" data-end=\"411\">Muestra tu pasi\u00f3n por las artes marciales con este <strong data-start=\"218\" data-end=\"252\">llavero judogi de pl\u00e1stico<\/strong>, una fiel reproducci\u00f3n en miniatura de un kimono tradicional de judo. Elegante, ligero y resistente, es un acompa\u00f1ante con estilo para tus llaves, bolsos o equipaci\u00f3n deportiva. <\/p>\n<h2 data-start=\"413\" data-end=\"456\">\ud83e\udd4b Dise\u00f1o aut\u00e9ntico inspirado en el judo<\/h2>\n<p data-start=\"458\" data-end=\"533\">Este llavero presenta un <strong data-start=\"486\" data-end=\"502\">judogi blanco<\/strong> cuidadosamente detallado con :<\/p>\n<ul data-start=\"535\" data-end=\"721\">\n<li data-start=\"535\" data-end=\"579\">\n<p data-start=\"537\" data-end=\"579\">Un <strong data-start=\"541\" data-end=\"559\">cintur\u00f3n negro<\/strong> atado a la cintura<\/p>\n<\/li>\n<li data-start=\"580\" data-end=\"616\">\n<p data-start=\"582\" data-end=\"616\">Una secci\u00f3n transversal tradicional<\/p>\n<\/li>\n<li data-start=\"617\" data-end=\"691\">\n<p data-start=\"619\" data-end=\"691\">Discreta marca roja en el pecho, que recuerda al mundo japon\u00e9s<\/p>\n<\/li>\n<li data-start=\"692\" data-end=\"721\">\n<p data-start=\"694\" data-end=\"721\">Un moderno acabado mate<\/p>\n<\/li>\n<\/ul>\n<p data-start=\"723\" data-end=\"804\">El regalo perfecto para los aficionados <strong data-start=\"754\" data-end=\"762\">al judo<\/strong>, las artes marciales o la cultura japonesa.<\/p>\n<h2 data-start=\"811\" data-end=\"844\">Caracter\u00edsticas t\u00e9cnicas del llavero judogi<\/h2>\n<ul data-start=\"846\" data-end=\"1078\">\n<li data-start=\"846\" data-end=\"887\">\n<p data-start=\"848\" data-end=\"887\"><strong data-start=\"848\" data-end=\"861\">Material:<\/strong> Pl\u00e1stico PVC resistente<\/p>\n<\/li>\n<li data-start=\"888\" data-end=\"931\">\n<p data-start=\"890\" data-end=\"931\"><strong data-start=\"890\" data-end=\"903\">Color:<\/strong> Blanco con cintur\u00f3n negro<\/p>\n<\/li>\n<li data-start=\"932\" data-end=\"986\">\n<p data-start=\"934\" data-end=\"986\"><strong data-start=\"934\" data-end=\"947\">Fijaci\u00f3n:<\/strong> Anilla de metal macizo + cadena<\/p>\n<\/li>\n<li data-start=\"987\" data-end=\"1039\">\n<p data-start=\"989\" data-end=\"1039\"><strong data-start=\"989\" data-end=\"1000\">Peso:<\/strong> Ligero, ideal para el uso diario<\/p>\n<\/li>\n<li data-start=\"1040\" data-end=\"1078\">\n<p data-start=\"1042\" data-end=\"1078\"><strong data-start=\"1042\" data-end=\"1054\">Formato:<\/strong> Miniatura realista en 3D<\/p>\n<\/li>\n<\/ul>\n<p data-start=\"1080\" data-end=\"1145\">Resistente y duradero, soporta los golpes y el desgaste diario.<\/p>\n<h2 data-start=\"1152\" data-end=\"1195\">\ud83c\udf81 Una idea de regalo original para un judoka<\/h2>\n<p data-start=\"1197\" data-end=\"1255\">Este llavero judogi es una excelente idea de regalo para :<\/p>\n<ul data-start=\"1257\" data-end=\"1418\">\n<li data-start=\"1257\" data-end=\"1295\">\n<p data-start=\"1259\" data-end=\"1295\"><strong data-start=\"1262\" data-end=\"1293\">Judoka principiante o experimentado<\/strong><\/p>\n<\/li>\n<li data-start=\"1296\" data-end=\"1329\">\n<p data-start=\"1298\" data-end=\"1329\">Un ni\u00f1o que practica judo<\/p>\n<\/li>\n<li data-start=\"1330\" data-end=\"1363\">\n<p data-start=\"1332\" data-end=\"1363\">Un profesor de artes marciales<\/p>\n<\/li>\n<li data-start=\"1364\" data-end=\"1418\">\n<p data-start=\"1366\" data-end=\"1418\">Un club de judo (premios, golosinas, eventos)<\/p>\n<\/li>\n<\/ul>\n<p data-start=\"1420\" data-end=\"1512\">Es un peque\u00f1o accesorio simb\u00f3lico que representa la <strong data-start=\"1472\" data-end=\"1511\">disciplina, el respeto y la perseverancia<\/strong>.<\/p>\n","protected":false},"excerpt":{"rendered":"<p>Presume de tu pasi\u00f3n por el judo con este llavero judogi de pl\u00e1stico que muestra un kimono blanco con cintur\u00f3n negro. Ligero, resistente y detallado, es f\u00e1cil de enganchar a tus llaves o a tu bolsa de deporte. <\/p>\n<p>Un objeto de judo imprescindible para todo judoka y una idea de regalo perfecta para los aficionados a las artes marciales.<\/p>\n","protected":false},"featured_media":33989,"comment_status":"","ping_status":"closed","template":"","meta":[],"product_brand":[],"product_cat":[499,1144],"product_tag":[],"giftcard-category":[],"class_list":{"0":"post-33316","1":"product","2":"type-product","3":"status-publish","4":"has-post-thumbnail","6":"product_cat-accesorios-de-judo","7":"product_cat-goodies-de-judo","8":"product_shipping_class-accesorios","10":"first","11":"instock","12":"taxable","13":"shipping-taxable","14":"purchasable","15":"product-type-simple"},"exclude_global_add_ons":[],"addons":[],"_links":{"self":[{"href":"https:\/\/fightingfilms.shop\/es\/wp-json\/wp\/v2\/product\/33316","targetHints":{"allow":["GET"]}}],"collection":[{"href":"https:\/\/fightingfilms.shop\/es\/wp-json\/wp\/v2\/product"}],"about":[{"href":"https:\/\/fightingfilms.shop\/es\/wp-json\/wp\/v2\/types\/product"}],"replies":[{"embeddable":true,"href":"https:\/\/fightingfilms.shop\/es\/wp-json\/wp\/v2\/comments?post=33316"}],"wp:featuredmedia":[{"embeddable":true,"href":"https:\/\/fightingfilms.shop\/es\/wp-json\/wp\/v2\/media\/33989"}],"wp:attachment":[{"href":"https:\/\/fightingfilms.shop\/es\/wp-json\/wp\/v2\/media?parent=33316"}],"wp:term":[{"taxonomy":"product_brand","embeddable":true,"href":"https:\/\/fightingfilms.shop\/es\/wp-json\/wp\/v2\/product_brand?post=33316"},{"taxonomy":"product_cat","embeddable":true,"href":"https:\/\/fightingfilms.shop\/es\/wp-json\/wp\/v2\/product_cat?post=33316"},{"taxonomy":"product_tag","embeddable":true,"href":"https:\/\/fightingfilms.shop\/es\/wp-json\/wp\/v2\/product_tag?post=33316"},{"taxonomy":"giftcard-category","embeddable":true,"href":"https:\/\/fightingfilms.shop\/es\/wp-json\/wp\/v2\/giftcard-category?post=33316"}],"curies":[{"name":"wp","href":"https:\/\/api.w.org\/{rel}","templated":true}]}}