{"id":33321,"date":"2026-02-16T12:19:24","date_gmt":"2026-02-16T11:19:24","guid":{"rendered":"https:\/\/fightingfilms.shop\/produit\/llavero-con-etiqueta-de-advertencia-para-judokas\/"},"modified":"2026-04-09T13:40:19","modified_gmt":"2026-04-09T11:40:19","slug":"llavero-con-etiqueta-de-advertencia-para-judokas","status":"publish","type":"product","link":"https:\/\/fightingfilms.shop\/es\/produit\/llavero-con-etiqueta-de-advertencia-para-judokas\/","title":{"rendered":"Llavero con etiqueta de advertencia para judokas"},"content":{"rendered":"<p data-start=\"123\" data-end=\"317\">Muestra tus colores incluso antes de pisar el tatami.<br data-start=\"176\" data-end=\"179\">El llavero con etiqueta <strong data-start=\"193\" data-end=\"213\">Advertencia Judoka<\/strong> es un accesorio poderoso y asertivo dise\u00f1ado para personas que no dejan lugar a dudas. El llavero ideal para dar estilo a tu <a href=\"https:\/\/fightingfilms.shop\/es\/produit\/mochila-yujin\/\">mochila Yujin<\/a> o a <a href=\"https:\/\/fightingfilms.shop\/es\/produit\/sac-de-judo-bakku-pakku-fighting-films\/\">tu bolsa de judo Bakku Pakku. <\/a> <\/p>\n<h3 data-start=\"319\" data-end=\"363\">\u26a0\ufe0f Un mensaje claro: cuidado judoka<\/h3>\n<p data-start=\"364\" data-end=\"533\">En el anverso, <strong data-start=\"397\" data-end=\"415\">ADVERTENCIA JUDOKA<\/strong> en rojo intenso sobre fondo negro evoca inmediatamente una advertencia. Un estilo sobrio, llamativo y resueltamente marcial. <\/p>\n<p data-start=\"535\" data-end=\"663\">En la espalda, la palabra <strong data-start=\"550\" data-end=\"563\">Judo (\u67d4\u9053)<\/strong> est\u00e1 bordada en rojo, recordando las ra\u00edces japonesas y la herencia tradicional de la disciplina.<\/p>\n<h3 data-start=\"665\" data-end=\"702\">\ud83e\udd4b El accesorio de lucha<\/h3>\n<p data-start=\"703\" data-end=\"881\">Minimalista pero de car\u00e1cter fuerte, esta etiqueta representa la determinaci\u00f3n, la disciplina y el esp\u00edritu de lucha.<br data-start=\"807\" data-end=\"810\">Perfecto para los judokas que quieren afirmar su identidad con estilo.<\/p>\n<h3 data-start=\"883\" data-end=\"911\">\ud83c\udf92 El llavero con etiqueta de advertencia de judoka para colgar en todas partes<\/h3>\n<ul data-start=\"912\" data-end=\"1047\">\n<li data-start=\"912\" data-end=\"930\">\n<p data-start=\"914\" data-end=\"930\">En tus <strong data-start=\"922\" data-end=\"930\">llaves<\/strong><\/p>\n<\/li>\n<li data-start=\"931\" data-end=\"957\">\n<p data-start=\"933\" data-end=\"957\">En tu <strong data-start=\"941\" data-end=\"957\">bolsa de deporte<\/strong><\/p>\n<\/li>\n<li data-start=\"958\" data-end=\"983\">\n<p data-start=\"960\" data-end=\"983\">En tu <a href=\"https:\/\/fightingfilms.shop\/es\/categor\u00eda\/accesorios-de-judo\/saco-de-judo\/\"><strong data-start=\"968\" data-end=\"983\">saco de judo<\/strong><\/a><\/p>\n<\/li>\n<li data-start=\"984\" data-end=\"1047\">\n<p data-start=\"986\" data-end=\"1047\">Ideal como regalo original para un aficionado a las artes marciales<\/p>\n<\/li>\n<\/ul>\n<p data-start=\"1049\" data-end=\"1179\">Con su robusta anilla met\u00e1lica y su dise\u00f1o de tela bordada de calidad, est\u00e1 hecho para resistir el uso diario.<\/p>\n<h3 data-start=\"1181\" data-end=\"1206\">\ud83d\udd25 Caracter\u00edsticas<\/h3>\n<ul data-start=\"1207\" data-end=\"1440\">\n<li data-start=\"1207\" data-end=\"1250\">\n<p data-start=\"1209\" data-end=\"1250\">Color: Negro intenso con bordado rojo<\/p>\n<\/li>\n<li data-start=\"1251\" data-end=\"1285\">\n<p data-start=\"1253\" data-end=\"1285\">Bordado resistente y duradero<\/p>\n<\/li>\n<li data-start=\"1286\" data-end=\"1314\">\n<p data-start=\"1288\" data-end=\"1314\">Anillo de metal macizo<\/p>\n<\/li>\n<li data-start=\"1315\" data-end=\"1410\">\n<p data-start=\"1317\" data-end=\"1332\">Doble cara :<\/p>\n<ul data-start=\"1335\" data-end=\"1410\">\n<li data-start=\"1335\" data-end=\"1364\">\n<p data-start=\"1337\" data-end=\"1364\">Cara 1: \u00abAdvertencia Judoka<\/p>\n<\/li>\n<li data-start=\"1367\" data-end=\"1410\">\n<p data-start=\"1369\" data-end=\"1410\">Cara 2: Judo en japon\u00e9s (\u67d4\u9053) en rojo<\/p>\n<\/li>\n<\/ul>\n<\/li>\n<li data-start=\"1411\" data-end=\"1440\">\n<p data-start=\"1413\" data-end=\"1440\">Ligero, compacto y robusto<\/p>\n<\/li>\n<\/ul>\n<p data-start=\"1447\" data-end=\"1490\">Un detalle discreto.<br data-start=\"1465\" data-end=\"1468\">Un mensaje poderoso.<\/p>\n","protected":false},"excerpt":{"rendered":"<p>Muestra tu esp\u00edritu luchador con el llavero con etiqueta negra y roja <strong>Warning Judoka<\/strong>.<\/p>\n<p>Un llamativo dise\u00f1o con bordados en rojo intenso sobre un fondo negro intenso.<br \/>\nEn la parte posterior, la palabra <strong>Judo (\u67d4\u9053)<\/strong> en japon\u00e9s recuerda la herencia marcial.<\/p>\n<p>Robusto, ligero y equipado con una fuerte anilla met\u00e1lica. Ideal para tus llaves, bolsa de deporte o bolsa de judo. \ud83e\udd4b\ud83d\udd25  <\/p>\n","protected":false},"featured_media":34379,"comment_status":"closed","ping_status":"closed","template":"","meta":[],"product_brand":[],"product_cat":[499,1144],"product_tag":[],"giftcard-category":[],"class_list":{"0":"post-33321","1":"product","2":"type-product","3":"status-publish","4":"has-post-thumbnail","6":"product_cat-accesorios-de-judo","7":"product_cat-goodies-de-judo","8":"product_shipping_class-accesorios","10":"first","11":"outofstock","12":"taxable","13":"shipping-taxable","14":"purchasable","15":"product-type-simple"},"exclude_global_add_ons":[],"addons":[],"_links":{"self":[{"href":"https:\/\/fightingfilms.shop\/es\/wp-json\/wp\/v2\/product\/33321","targetHints":{"allow":["GET"]}}],"collection":[{"href":"https:\/\/fightingfilms.shop\/es\/wp-json\/wp\/v2\/product"}],"about":[{"href":"https:\/\/fightingfilms.shop\/es\/wp-json\/wp\/v2\/types\/product"}],"replies":[{"embeddable":true,"href":"https:\/\/fightingfilms.shop\/es\/wp-json\/wp\/v2\/comments?post=33321"}],"wp:featuredmedia":[{"embeddable":true,"href":"https:\/\/fightingfilms.shop\/es\/wp-json\/wp\/v2\/media\/34379"}],"wp:attachment":[{"href":"https:\/\/fightingfilms.shop\/es\/wp-json\/wp\/v2\/media?parent=33321"}],"wp:term":[{"taxonomy":"product_brand","embeddable":true,"href":"https:\/\/fightingfilms.shop\/es\/wp-json\/wp\/v2\/product_brand?post=33321"},{"taxonomy":"product_cat","embeddable":true,"href":"https:\/\/fightingfilms.shop\/es\/wp-json\/wp\/v2\/product_cat?post=33321"},{"taxonomy":"product_tag","embeddable":true,"href":"https:\/\/fightingfilms.shop\/es\/wp-json\/wp\/v2\/product_tag?post=33321"},{"taxonomy":"giftcard-category","embeddable":true,"href":"https:\/\/fightingfilms.shop\/es\/wp-json\/wp\/v2\/giftcard-category?post=33321"}],"curies":[{"name":"wp","href":"https:\/\/api.w.org\/{rel}","templated":true}]}}