{"id":33350,"date":"2026-02-02T17:50:58","date_gmt":"2026-02-02T16:50:58","guid":{"rendered":"https:\/\/fightingfilms.shop\/produit\/parka-deportiva-toshu\/"},"modified":"2026-02-02T17:50:58","modified_gmt":"2026-02-02T16:50:58","slug":"parka-deportiva-toshu","status":"publish","type":"product","link":"https:\/\/fightingfilms.shop\/es\/produit\/parka-deportiva-toshu\/","title":{"rendered":"Parka deportiva T\u014dshu"},"content":{"rendered":"<p data-start=\"550\" data-end=\"818\">Dise\u00f1ada espec\u00edficamente para el <strong data-start=\"592\" data-end=\"615\">judo de competici\u00f3n<\/strong>, la parka deportiva <strong data-start=\"617\" data-end=\"631\">T\u014dshu (\u95d8\u5b88<\/strong> ) significa <em data-start=\"641\" data-end=\"674\">\u00abel que protege el combate\u00bb.<\/em><br data-start=\"675\" data-end=\"678\">Acompa\u00f1a al judoka en los momentos clave: la espera al borde del tatami, la recuperaci\u00f3n entre combates, la vuelta a la calma tras el esfuerzo.<\/p>\n<p data-start=\"820\" data-end=\"1120\">Su <strong data-start=\"823\" data-end=\"861\">corte largo hasta las rodillas<\/strong> proporciona una protecci\u00f3n eficaz para las piernas y la parte inferior de la espalda, zonas especialmente expuestas al fr\u00edo en los gimnasios. El aislamiento interior retiene el calor corporal sin endurecer el cuerpo, por lo que la parka puede ponerse y quitarse r\u00e1pidamente, incluso cuando se lleva judogi. <\/p>\n<p data-start=\"820\" data-end=\"1120\">Descubre el logotipo de Fighting Films bordado en oro en el coraz\u00f3n de una finura inigualable.<\/p>\n<p data-start=\"1122\" data-end=\"1400\">La capucha integrada te protege del fr\u00edo cuando est\u00e1s en movimiento, mientras que el doble cierre de cremallera en la parte superior e inferior te permite pon\u00e9rtelas inmediatamente entre combate y combate en el tatami. La libertad de movimientos se ha dise\u00f1ado para respetar los movimientos del judoka: caminar, calentar, concentrarse. <\/p>\n<p data-start=\"1402\" data-end=\"1501\">Sobrio, resistente e <strong data-start=\"1423\" data-end=\"1432\">impermeableT\u014dshu<\/strong> est\u00e1 en consonancia con el esp\u00edritu del judo:<br data-start=\"1466\" data-end=\"1469\">disciplina, eficacia y respeto.<\/p>\n<p data-start=\"1503\" data-end=\"1565\">Equipamiento esencial para estar preparado, combate tras combate.<\/p>\n","protected":false},"excerpt":{"rendered":"<p><strong data-start=\"287\" data-end=\"301\">La parka deportiva T\u014dshu (\u95d8\u5b88)<\/strong> es la parka larga de judo dise\u00f1ada para proteger al judoka antes, entre y despu\u00e9s de los combates.<\/p>\n<p>Confortable gracias a su forro polar interior, resistente a la lluvia gracias a su tejido exterior impermeable. \u00a1Esta parka es ideal para prepararte para el combate! <\/p>\n","protected":false},"featured_media":33136,"comment_status":"","ping_status":"closed","template":"","meta":[],"product_brand":[],"product_cat":[493],"product_tag":[],"giftcard-category":[],"class_list":{"0":"post-33350","1":"product","2":"type-product","3":"status-publish","4":"has-post-thumbnail","6":"product_cat-tejidos-de-judo","7":"product_shipping_class-accesorios","9":"first","10":"instock","11":"taxable","12":"shipping-taxable","13":"purchasable","14":"product-type-variable"},"exclude_global_add_ons":[],"addons":[],"_links":{"self":[{"href":"https:\/\/fightingfilms.shop\/es\/wp-json\/wp\/v2\/product\/33350","targetHints":{"allow":["GET"]}}],"collection":[{"href":"https:\/\/fightingfilms.shop\/es\/wp-json\/wp\/v2\/product"}],"about":[{"href":"https:\/\/fightingfilms.shop\/es\/wp-json\/wp\/v2\/types\/product"}],"replies":[{"embeddable":true,"href":"https:\/\/fightingfilms.shop\/es\/wp-json\/wp\/v2\/comments?post=33350"}],"wp:featuredmedia":[{"embeddable":true,"href":"https:\/\/fightingfilms.shop\/es\/wp-json\/wp\/v2\/media\/33136"}],"wp:attachment":[{"href":"https:\/\/fightingfilms.shop\/es\/wp-json\/wp\/v2\/media?parent=33350"}],"wp:term":[{"taxonomy":"product_brand","embeddable":true,"href":"https:\/\/fightingfilms.shop\/es\/wp-json\/wp\/v2\/product_brand?post=33350"},{"taxonomy":"product_cat","embeddable":true,"href":"https:\/\/fightingfilms.shop\/es\/wp-json\/wp\/v2\/product_cat?post=33350"},{"taxonomy":"product_tag","embeddable":true,"href":"https:\/\/fightingfilms.shop\/es\/wp-json\/wp\/v2\/product_tag?post=33350"},{"taxonomy":"giftcard-category","embeddable":true,"href":"https:\/\/fightingfilms.shop\/es\/wp-json\/wp\/v2\/giftcard-category?post=33350"}],"curies":[{"name":"wp","href":"https:\/\/api.w.org\/{rel}","templated":true}]}}