{"id":33357,"date":"2026-01-08T12:02:56","date_gmt":"2026-01-08T11:02:56","guid":{"rendered":"https:\/\/fightingfilms.shop\/produit\/bolsa-con-cordon-kanagawa\/"},"modified":"2026-01-08T12:02:56","modified_gmt":"2026-01-08T11:02:56","slug":"bolsa-con-cordon-kanagawa","status":"publish","type":"product","link":"https:\/\/fightingfilms.shop\/es\/produit\/bolsa-con-cordon-kanagawa\/","title":{"rendered":"Bolsa con cord\u00f3n Kanagawa"},"content":{"rendered":"<p data-start=\"243\" data-end=\"469\">La bolsa con cord\u00f3n Kanagawa, fabricada en nailon fino pero resistente, presenta la famosa <strong data-start=\"470\" data-end=\"491\">Ola de Kanagawa<\/strong>, un motivo ic\u00f3nico del arte japon\u00e9s, para dar a tu equipo un aspecto tan poderoso como refinado. Su silueta minimalista resalta la rica ilustraci\u00f3n en movimiento, mientras que el tejido negro satinado contrasta elegantemente con los tonos azules y blancos de la ola. Ideal para artistas marciales, est\u00e1 dise\u00f1ada para guardar <strong data-start=\"838\" data-end=\"866\">un kimono y un cintur\u00f3n<\/strong>, con espacio de sobra para algunas prendas deportivas adicionales.  <\/p>\n<p data-start=\"471\" data-end=\"755\">Este estampado legendario se ha convertido en una referencia para los productos de Fighting Films, ya sea nuestro <a href=\"https:\/\/fightingfilms.shop\/es\/produit\/kimono-de-judo-edicion-kanagawa\/\">kimono de judo edici\u00f3n Kanagawa<\/a> o incluso <a href=\"https:\/\/fightingfilms.shop\/es\/categor\u00eda\/tejidos-de-judo\/tela-del-kimono-es\/\">las prendas de lona de kimono<\/a> con esta legendaria onda.<\/p>\n<h2 data-start=\"757\" data-end=\"790\">Una bolsa de deporte ligera, pr\u00e1ctica y duradera<\/h2>\n<p data-start=\"791\" data-end=\"936\">Fabricada con <strong data-start=\"800\" data-end=\"826\">nailon resistente y ligero<\/strong>, esta bolsa es ideal para transportar tu equipo sin que te pese. En ella caben f\u00e1cilmente : <\/p>\n<ul data-start=\"937\" data-end=\"1047\">\n<li data-start=\"937\" data-end=\"959\">\n<p data-start=\"939\" data-end=\"959\">un <strong data-start=\"942\" data-end=\"957\">kimono (gi)<\/strong><\/p>\n<\/li>\n<li data-start=\"960\" data-end=\"980\">\n<p data-start=\"962\" data-end=\"980\">un <strong data-start=\"966\" data-end=\"978\">cintur\u00f3n<\/strong><\/p>\n<\/li>\n<li data-start=\"981\" data-end=\"1047\">\n<p data-start=\"983\" data-end=\"1047\">o tu equipo deportivo esencial (toalla, ropa, botella de agua)<\/p>\n<\/li>\n<\/ul>\n<p data-start=\"1049\" data-end=\"1202\">Su sistema de <strong data-start=\"1064\" data-end=\"1090\">cierre con cord\u00f3n<\/strong> hace que sea r\u00e1pido de abrir y cerrar, y c\u00f3modo de llevar en la espalda o al hombro.<\/p>\n<h2 data-start=\"1204\" data-end=\"1242\">Una bolsa dise\u00f1ada para los amantes del deporte<\/h2>\n<ul data-start=\"1243\" data-end=\"1476\">\n<li data-start=\"1243\" data-end=\"1305\">\n<p data-start=\"1245\" data-end=\"1305\"><strong data-start=\"1245\" data-end=\"1260\">Ultraligero<\/strong>: perfecto para los viajes diarios<\/p>\n<\/li>\n<li data-start=\"1306\" data-end=\"1370\">\n<p data-start=\"1308\" data-end=\"1370\"><strong data-start=\"1308\" data-end=\"1331\">Resistente al desgaste<\/strong>: adecuado para un uso regular<\/p>\n<\/li>\n<li data-start=\"1371\" data-end=\"1409\">\n<p data-start=\"1373\" data-end=\"1409\"><strong data-start=\"1373\" data-end=\"1407\">Dise\u00f1o exclusivo de Fighting Films<\/strong><\/p>\n<\/li>\n<li data-start=\"1410\" data-end=\"1476\">\n<p data-start=\"1412\" data-end=\"1476\"><strong data-start=\"1412\" data-end=\"1426\">Vers\u00e1til<\/strong>: deporte, entrenamiento, competici\u00f3n o estilo de vida<\/p>\n<\/li>\n<\/ul>\n<p data-start=\"1478\" data-end=\"1696\">Tanto si est\u00e1s entrenando, compitiendo o simplemente mostrando tu pasi\u00f3n por la cultura japonesa, esta bolsa con cord\u00f3n Fighting Films es una elecci\u00f3n <strong data-start=\"1662\" data-end=\"1695\">pr\u00e1ctica, elegante y simb\u00f3lica<\/strong>.<\/p>\n<h2 data-start=\"1698\" data-end=\"1719\">Caracter\u00edsticas de la bolsa deportiva con cord\u00f3n Kanagawa<\/h2>\n<ul data-start=\"1720\" data-end=\"1888\">\n<li data-start=\"1720\" data-end=\"1741\">\n<p data-start=\"1722\" data-end=\"1741\">Material: <strong data-start=\"1732\" data-end=\"1741\">Nylon<\/strong><\/p>\n<\/li>\n<li data-start=\"1742\" data-end=\"1770\">\n<p data-start=\"1744\" data-end=\"1770\">Cierre: <strong data-start=\"1756\" data-end=\"1770\">Cord\u00f3n<\/strong><\/p>\n<\/li>\n<li data-start=\"1771\" data-end=\"1803\">\n<p data-start=\"1773\" data-end=\"1803\">Dise\u00f1o: <strong data-start=\"1782\" data-end=\"1803\">Kanagawa Wave<\/strong><\/p>\n<\/li>\n<li data-start=\"1804\" data-end=\"1851\">\n<p data-start=\"1806\" data-end=\"1851\">Uso: deporte, artes marciales, vida cotidiana<\/p>\n<\/li>\n<li data-start=\"1852\" data-end=\"1888\">\n<p data-start=\"1854\" data-end=\"1888\">Capacidad: <strong data-start=\"1865\" data-end=\"1888\">1 kimono + cintur\u00f3n<\/strong><\/p>\n<\/li>\n<\/ul>\n<p data-start=\"1890\" data-end=\"2000\">Afirma tu identidad de luchador con una bolsa que combina <strong data-start=\"1950\" data-end=\"1999\">tradici\u00f3n japonesa, modernidad y rendimiento<\/strong>.<\/p>\n<div id=\"kurato_extension_modal\"><\/div>\n<div id=\"kurato_extension_modal\"><\/div>\n<div id=\"kurato_extension_modal\"><\/div>\n","protected":false},"excerpt":{"rendered":"<p>Bolsa con cord\u00f3n Kanagawa, bolsa deportiva ligera de nailon para judo, jiu-jitsu y artes marciales. Dise\u00f1o Kanagawa Wave. Ideal para ir al gimnasio y llevar tu equipo.  <\/p>\n<div id=\"kurato_extension_modal\"><\/div>\n<div id=\"kurato_extension_modal\"><\/div>\n<div id=\"kurato_extension_modal\"><\/div>\n","protected":false},"featured_media":32715,"comment_status":"","ping_status":"closed","template":"","meta":[],"product_brand":[],"product_cat":[499,1054],"product_tag":[],"giftcard-category":[],"class_list":{"0":"post-33357","1":"product","2":"type-product","3":"status-publish","4":"has-post-thumbnail","6":"product_cat-accesorios-de-judo","7":"product_cat-saco-de-judo","8":"product_shipping_class-accesorios","10":"first","11":"outofstock","12":"taxable","13":"shipping-taxable","14":"purchasable","15":"product-type-simple"},"exclude_global_add_ons":[],"addons":[],"_links":{"self":[{"href":"https:\/\/fightingfilms.shop\/es\/wp-json\/wp\/v2\/product\/33357","targetHints":{"allow":["GET"]}}],"collection":[{"href":"https:\/\/fightingfilms.shop\/es\/wp-json\/wp\/v2\/product"}],"about":[{"href":"https:\/\/fightingfilms.shop\/es\/wp-json\/wp\/v2\/types\/product"}],"replies":[{"embeddable":true,"href":"https:\/\/fightingfilms.shop\/es\/wp-json\/wp\/v2\/comments?post=33357"}],"wp:featuredmedia":[{"embeddable":true,"href":"https:\/\/fightingfilms.shop\/es\/wp-json\/wp\/v2\/media\/32715"}],"wp:attachment":[{"href":"https:\/\/fightingfilms.shop\/es\/wp-json\/wp\/v2\/media?parent=33357"}],"wp:term":[{"taxonomy":"product_brand","embeddable":true,"href":"https:\/\/fightingfilms.shop\/es\/wp-json\/wp\/v2\/product_brand?post=33357"},{"taxonomy":"product_cat","embeddable":true,"href":"https:\/\/fightingfilms.shop\/es\/wp-json\/wp\/v2\/product_cat?post=33357"},{"taxonomy":"product_tag","embeddable":true,"href":"https:\/\/fightingfilms.shop\/es\/wp-json\/wp\/v2\/product_tag?post=33357"},{"taxonomy":"giftcard-category","embeddable":true,"href":"https:\/\/fightingfilms.shop\/es\/wp-json\/wp\/v2\/giftcard-category?post=33357"}],"curies":[{"name":"wp","href":"https:\/\/api.w.org\/{rel}","templated":true}]}}