{"id":33406,"date":"2025-11-27T14:22:05","date_gmt":"2025-11-27T13:22:05","guid":{"rendered":"https:\/\/fightingfilms.shop\/produit\/kimono-de-jjb-edicion-oro-superligero\/"},"modified":"2025-11-27T14:22:05","modified_gmt":"2025-11-27T13:22:05","slug":"kimono-de-jjb-edicion-oro-superligero","status":"publish","type":"product","link":"https:\/\/fightingfilms.shop\/es\/produit\/kimono-de-jjb-edicion-oro-superligero\/","title":{"rendered":"Kimono de JJB Edici\u00f3n oro superligero"},"content":{"rendered":"<p data-start=\"273\" data-end=\"687\">Descubre el kimono <strong data-start=\"286\" data-end=\"327\"><a href=\"https:\/\/fightingfilms.shop\/categorie\/jiu-jitsu\/kimonos-jujitsu\/?_gl=1*gtlhwb*_gcl_au*NDIyOTI2MDkwLjE3NjE1NTk5MTU.*_ga*MTk1MzMxMTYxMi4xNzYxNTU5OTE1*_ga_62W3D3ZZCG*czE3NjQyNDk0NTgkbzQ2JGcwJHQxNzY0MjQ5NDU4JGo2MCRsMCRoNDgwMjQ5NDE1\">JJB<\/a> Gold Edition Superlight<\/strong> de <strong data-start=\"341\" data-end=\"359\">Fighting<\/strong> Films, un Gi de gama alta especialmente dise\u00f1ado para practicantes exigentes de Jiu-Jitsu brasile\u00f1o. Este kimono <strong data-start=\"458\" data-end=\"475\">JJB<\/strong> presenta un dise\u00f1o <strong data-start=\"507\" data-end=\"521\">superligero<\/strong> (380 g\/m\u00b2), que lo convierte en uno de los modelos m\u00e1s ligeros del mercado. Ideal para los competidores que buscan rendimiento, rapidez de movimientos y una comodidad \u00f3ptima.  <\/p>\n<h3 data-start=\"689\" data-end=\"728\">\u2728 <strong data-start=\"695\" data-end=\"728\">Dise\u00f1o elegante y negro intenso<\/strong><\/h3>\n<p data-start=\"729\" data-end=\"1118\">El kimono JJB Edici\u00f3n Oro se presenta en un <strong data-start=\"765\" data-end=\"781\">negro intenso<\/strong>, sublimado por un fino <strong data-start=\"798\" data-end=\"814\">logotipo FF dorado<\/strong> en cada hombro, que proporciona un contraste elegante y de primera calidad. En la parte posterior del cuello, un kanji japon\u00e9s \u00abKin\u00bb que significa \u00abOro\u00bb refuerza la autenticidad y la inspiraci\u00f3n japonesa de este Gi \u00fanico. En la nuca, un <strong data-start=\"908\" data-end=\"942\">kanji japon\u00e9s \u00abKin\u00bb que significa \u00abOro<\/strong> \u00bb refuerza la autenticidad y la inspiraci\u00f3n japonesa de este Gi \u00fanico, que combina minimalismo y sofisticaci\u00f3n para un aspecto moderno sobre el tatami. <\/p>\n<h3 data-start=\"1120\" data-end=\"1170\">\ud83e\udd4b <strong data-start=\"1127\" data-end=\"1170\">Ultraligero y dise\u00f1ado para la competici\u00f3n<\/strong><\/h3>\n<p data-start=\"1171\" data-end=\"1488\">Con un peso de <strong data-start=\"1191\" data-end=\"1203\">380 g\/m\u00b2<\/strong>, este <strong data-start=\"1208\" data-end=\"1237\">kimono JJB superligero<\/strong> ofrece una libertad de movimientos excepcional, perfecta para los deportistas que desean reducir la fatiga durante el combate y el entrenamiento.<\/p>\n<p data-start=\"1171\" data-end=\"1488\">Su peso ligero es una gran ventaja para los competidores durante el pesaje en las competiciones celebradas con el Gi. Est\u00e1 <strong data-start=\"1390\" data-end=\"1420\">totalmente homologado por <a href=\"https:\/\/ibjjf.com\/\" rel=\"nofollow noopener\" target=\"_blank\">la IBJJF<\/a><\/strong>, lo que garantiza su plena conformidad para la competici\u00f3n oficial. <\/p>\n<h3 data-start=\"1490\" data-end=\"1546\">\ud83d\udc68\u200d\ud83d\udcbc <strong data-start=\"1502\" data-end=\"1546\">Disponible en tallas de adulto<\/strong><\/h3>\n<p data-start=\"1547\" data-end=\"1615\">El Kimono Superligero JJB Edici\u00f3n Oro est\u00e1 disponible en las siguientes tallas:<\/p>\n<ul data-start=\"1616\" data-end=\"1811\">\n<li data-start=\"1641\" data-end=\"1811\">\n<p data-start=\"1643\" data-end=\"1811\"><strong data-start=\"1643\" data-end=\"1685\">Adulto: A0 a A5<\/strong><br data-start=\"1685\" data-end=\"1688\">Para Gi adultos, hay disponibles medias tallas ( A0L, A1L, A2L, A3L, A4L). Una elecci\u00f3n ideal tanto para luchadores j\u00f3venes como experimentados que buscan un Gi de alto rendimiento y larga duraci\u00f3n.<\/p>\n<\/li>\n<\/ul>\n<h3 data-start=\"1813\" data-end=\"1883\">\ud83d\udcaa <strong data-start=\"1820\" data-end=\"1883\">\u00bfPor qu\u00e9 elegir el Kimono Superligero JJB Edici\u00f3n Oro?<\/strong><\/h3>\n<ul data-start=\"1884\" data-end=\"2136\">\n<li data-start=\"1884\" data-end=\"1929\">\n<p data-start=\"1886\" data-end=\"1929\">Ultraligero: perfecto para la competici\u00f3n<\/p>\n<\/li>\n<li data-start=\"1930\" data-end=\"1948\">\n<p data-start=\"1932\" data-end=\"1948\">Certificado por la IBJJF<\/p>\n<\/li>\n<li data-start=\"1949\" data-end=\"1995\">\n<p data-start=\"1951\" data-end=\"1995\">Dise\u00f1o negro profundo y elegantes logotipos dorados<\/p>\n<\/li>\n<li data-start=\"1996\" data-end=\"2061\">\n<p data-start=\"1998\" data-end=\"2061\">Confort superior gracias a su corte ergon\u00f3mico Fighting Films<\/p>\n<\/li>\n<li data-start=\"2101\" data-end=\"2136\">\n<p data-start=\"2103\" data-end=\"2136\">Robustez y estilo de alta gama<\/p>\n<\/li>\n<\/ul>\n<div id=\"kurato_extension_modal\"><\/div>\n<div id=\"kurato_extension_modal\"><\/div>\n<div id=\"kurato_extension_modal\"><\/div>\n<div id=\"kurato_extension_modal\"><\/div>\n","protected":false},"excerpt":{"rendered":"<p>\u00bfListo para pisar el tatami? Con el kimono superligero JJB edici\u00f3n Oro (380gr\/m2), el tatami no tendr\u00e1 secretos para ti. <\/p>\n<p>Ideal para competidores, este Gi es muy ligero -el m\u00ednimo exigido por la IBJJF- \u00a1y te sentar\u00e1 como una segunda piel!<\/p>\n<p>Su dise\u00f1o sobrio y con clase, con logotipos dorados, te har\u00e1 brillar en el tatami.<\/p>\n<div id=\"kurato_extension_modal\"><\/div>\n<div id=\"kurato_extension_modal\"><\/div>\n<div id=\"kurato_extension_modal\"><\/div>\n","protected":false},"featured_media":32111,"comment_status":"","ping_status":"closed","template":"","meta":[],"product_brand":[],"product_cat":[497,480],"product_tag":[],"giftcard-category":[],"class_list":{"0":"post-33406","1":"product","2":"type-product","3":"status-publish","4":"has-post-thumbnail","6":"product_cat-kimonos-de-jiu-jitsu","7":"product_cat-jiu-jitsu-es","8":"product_shipping_class-kimono-black-label-superstar-es","10":"first","11":"instock","12":"taxable","13":"shipping-taxable","14":"purchasable","15":"product-type-variable"},"exclude_global_add_ons":[],"addons":[],"_links":{"self":[{"href":"https:\/\/fightingfilms.shop\/es\/wp-json\/wp\/v2\/product\/33406","targetHints":{"allow":["GET"]}}],"collection":[{"href":"https:\/\/fightingfilms.shop\/es\/wp-json\/wp\/v2\/product"}],"about":[{"href":"https:\/\/fightingfilms.shop\/es\/wp-json\/wp\/v2\/types\/product"}],"replies":[{"embeddable":true,"href":"https:\/\/fightingfilms.shop\/es\/wp-json\/wp\/v2\/comments?post=33406"}],"wp:featuredmedia":[{"embeddable":true,"href":"https:\/\/fightingfilms.shop\/es\/wp-json\/wp\/v2\/media\/32111"}],"wp:attachment":[{"href":"https:\/\/fightingfilms.shop\/es\/wp-json\/wp\/v2\/media?parent=33406"}],"wp:term":[{"taxonomy":"product_brand","embeddable":true,"href":"https:\/\/fightingfilms.shop\/es\/wp-json\/wp\/v2\/product_brand?post=33406"},{"taxonomy":"product_cat","embeddable":true,"href":"https:\/\/fightingfilms.shop\/es\/wp-json\/wp\/v2\/product_cat?post=33406"},{"taxonomy":"product_tag","embeddable":true,"href":"https:\/\/fightingfilms.shop\/es\/wp-json\/wp\/v2\/product_tag?post=33406"},{"taxonomy":"giftcard-category","embeddable":true,"href":"https:\/\/fightingfilms.shop\/es\/wp-json\/wp\/v2\/giftcard-category?post=33406"}],"curies":[{"name":"wp","href":"https:\/\/api.w.org\/{rel}","templated":true}]}}