{"id":33439,"date":"2025-11-26T13:09:07","date_gmt":"2025-11-26T12:09:07","guid":{"rendered":"https:\/\/fightingfilms.shop\/produit\/jjb-gi-material-cinturon-negro\/"},"modified":"2025-11-26T13:09:07","modified_gmt":"2025-11-26T12:09:07","slug":"jjb-gi-material-cinturon-negro","status":"publish","type":"product","link":"https:\/\/fightingfilms.shop\/es\/produit\/jjb-gi-material-cinturon-negro\/","title":{"rendered":"Jjb Gi material cintur\u00f3n negro"},"content":{"rendered":"<p data-start=\"338\" data-end=\"797\">El cintur\u00f3n negro representa uno de los s\u00edmbolos m\u00e1s elevados <strong data-start=\"401\" data-end=\"424\">del Jiu-Jitsu Brasile\u00f1o<\/strong>: el logro de muchos a\u00f1os de entrenamiento, disciplina y dominio t\u00e9cnico. Encarna la pericia, la sabidur\u00eda marcial y un profundo compromiso con el arte. Para honrar este prestigioso rango, Fighting Films ofrece un <strong data-start=\"668\" data-end=\"698\">cintur\u00f3n negro de material JJB Gi<\/strong>, fabricado con <strong data-start=\"717\" data-end=\"749\">tela de kimono de grano de arroz<\/strong>, que combina elegancia, resistencia absoluta y acabados de alta gama.  <\/p>\n<h3 data-start=\"822\" data-end=\"858\"><strong data-start=\"826\" data-end=\"858\">Caracter\u00edsticas principales<\/strong><\/h3>\n<h4 data-start=\"860\" data-end=\"921\"><strong data-start=\"865\" data-end=\"921\">\u2714IBJJF material Gi aprobado jjb cintur\u00f3n negro<\/strong><\/h4>\n<p>El material jjb Gi Fighting Films cintur\u00f3n negro est\u00e1 homologado para todas las competiciones internacionales de la IBJJF (Federaci\u00f3n Internacional de Jiu-Jitsu Brasile\u00f1o).<\/p>\n<h4 data-start=\"860\" data-end=\"921\"><strong data-start=\"865\" data-end=\"921\">\u2714 Tela de kimono de grano de arroz: material excepcional<\/strong><\/h4>\n<p data-start=\"922\" data-end=\"1181\">Fabricado con un tejido id\u00e9ntico al utilizado en los kimonos de primera calidad, este cintur\u00f3n presenta un tejido denso y ultrarresistente de grano de arroz. Su textura robusta, profesional y refinada refleja perfectamente la calidad que se espera de un grado tan prestigioso. <\/p>\n<h4 data-start=\"1183\" data-end=\"1234\"><strong data-start=\"1188\" data-end=\"1234\">\u2714 Resistencia ejemplar a largo plazo<\/strong><\/h4>\n<p data-start=\"1235\" data-end=\"1561\">Dise\u00f1ado para durar a\u00f1os, este cintur\u00f3n negro ofrece <strong data-start=\"1299\" data-end=\"1322\">una resistencia superior<\/strong>:<br data-start=\"1324\" data-end=\"1327\">&#8211; no se aplasta,<br data-start=\"1350\" data-end=\"1353\">&#8211; no se deforma,<br data-start=\"1373\" data-end=\"1376\">&#8211; conserva su estructura incluso con un uso intensivo.<br data-start=\"1428\" data-end=\"1431\">Su grosor controlado garantiza una durabilidad adaptada a la experiencia y las necesidades de los practicantes e instructores avanzados.<\/p>\n<h4 data-start=\"1563\" data-end=\"1607\"><strong data-start=\"1568\" data-end=\"1607\">\u2714 Sujeci\u00f3n del nudo perfectamente fiable<\/strong><\/h4>\n<p data-start=\"1608\" data-end=\"1838\">Gracias a su construcci\u00f3n firme pero equilibrada, el cintur\u00f3n proporciona un <strong data-start=\"1677\" data-end=\"1692\">nudo fuerte<\/strong>, estable y duradero, esencial para el entrenamiento diario y las demostraciones t\u00e9cnicas. Se mantiene en su sitio en todas las situaciones. <\/p>\n<h4 data-start=\"1840\" data-end=\"1872\"><strong data-start=\"1845\" data-end=\"1872\">\u2714 Comodidad profesional<\/strong><\/h4>\n<p data-start=\"1873\" data-end=\"2055\">A pesar de su gran rigidez, ofrece una comodidad \u00f3ptima alrededor de la cintura, permitiendo un uso prolongado sin molestias. Se amolda perfectamente al cuerpo conservando su forma. <\/p>\n<h4 data-start=\"2057\" data-end=\"2103\"><strong data-start=\"2062\" data-end=\"2103\">\u2714 Dise\u00f1o sobrio, elegante y simb\u00f3lico<\/strong><\/h4>\n<p data-start=\"2104\" data-end=\"2417\">En un negro intenso y profundo, este cintur\u00f3n irradia tradici\u00f3n y legitimidad de rango. Las costuras reforzadas, el acabado impecable y la etiqueta tejida Fighting Films subrayan su estatus <strong data-start=\"2304\" data-end=\"2321\">de alta gama<\/strong>. El elegante dise\u00f1o subraya la sobriedad y el poder simb\u00f3lico del cintur\u00f3n negro.  <\/p>\n<hr data-start=\"2419\" data-end=\"2422\">\n<h3 data-start=\"2424\" data-end=\"2465\"><strong data-start=\"2428\" data-end=\"2465\">\u00bfPor qu\u00e9 elegir este cintur\u00f3n?<\/strong><\/h3>\n<ul data-start=\"2467\" data-end=\"2759\">\n<li data-start=\"2467\" data-end=\"2554\">\n<p data-start=\"2469\" data-end=\"2554\">Para una correa <strong data-start=\"2487\" data-end=\"2498\">de primera calidad<\/strong>, adecuada para uno de los grados m\u00e1s exigentes de JJB.<\/p>\n<\/li>\n<li data-start=\"2555\" data-end=\"2628\">\n<p data-start=\"2557\" data-end=\"2628\">Para <strong data-start=\"2566\" data-end=\"2595\">una resistencia excepcional<\/strong>, dise\u00f1ado para durar a\u00f1os.<\/p>\n<\/li>\n<li data-start=\"2629\" data-end=\"2682\">\n<p data-start=\"2631\" data-end=\"2682\">Para un <strong data-start=\"2639\" data-end=\"2654\">nudo fiable<\/strong>, estable y profesional.<\/p>\n<\/li>\n<li data-start=\"2683\" data-end=\"2759\">\n<p data-start=\"2685\" data-end=\"2759\">Para un <strong data-start=\"2693\" data-end=\"2720\">dise\u00f1o sobrio y elegante<\/strong>, digno de un alto nivel de maestr\u00eda.<\/p>\n<\/li>\n<\/ul>\n<hr data-start=\"2761\" data-end=\"2764\">\n<h3 data-start=\"2766\" data-end=\"2823\"><strong data-start=\"2770\" data-end=\"2823\">El cintur\u00f3n definitivo para hacer valer tu experiencia.<\/strong><\/h3>\n<p data-start=\"2825\" data-end=\"3100\">El jjb Gi de cintur\u00f3n negro Fighting Films de tejido de kimono de grano de arroz es una elecci\u00f3n esencial para representar un alto nivel de maestr\u00eda en el Jiu-Jitsu brasile\u00f1o. S\u00f3lido, elegante y duradero, encarna a la perfecci\u00f3n la excelencia y la tradici\u00f3n de este rango excepcional. <\/p>\n<div id=\"kurato_extension_modal\"><\/div>\n<div id=\"kurato_extension_modal\"><\/div>\n<div id=\"kurato_extension_modal\"><\/div>\n","protected":false},"excerpt":{"rendered":"<p>Fabricado con <strong data-start=\"3207\" data-end=\"3239\">tela de kimono de grano de arroz<\/strong>, el cintur\u00f3n negro de material jjb Gi encarna un <strong data-start=\"3273\" data-end=\"3300\">alto nivel de maestr\u00eda<\/strong> JJB. Ultrarresistente, elegante y duradero, ofrece un <strong data-start=\"3363\" data-end=\"3389\">ajuste perfecto del nudo<\/strong> y un <strong data-start=\"3396\" data-end=\"3427\">dise\u00f1o sobrio y prestigioso<\/strong>. La elecci\u00f3n ideal para representar la excelencia t\u00e9cnica y la experiencia avanzada.  <\/p>\n<p>Cintur\u00f3n homologado por la IBJJF<\/p>\n<div id=\"kurato_extension_modal\"><\/div>\n<div id=\"kurato_extension_modal\"><\/div>\n<div id=\"kurato_extension_modal\"><\/div>\n<div id=\"kurato_extension_modal\"><\/div>\n<div id=\"kurato_extension_modal\"><\/div>\n<div id=\"kurato_extension_modal\"><\/div>\n","protected":false},"featured_media":32055,"comment_status":"","ping_status":"closed","template":"","meta":[],"product_brand":[],"product_cat":[914,480],"product_tag":[],"giftcard-category":[],"class_list":{"0":"post-33439","1":"product","2":"type-product","3":"status-publish","4":"has-post-thumbnail","6":"product_cat-cinturones-jjb","7":"product_cat-jiu-jitsu-es","8":"product_shipping_class-accesorios","10":"first","11":"instock","12":"taxable","13":"shipping-taxable","14":"purchasable","15":"product-type-variable"},"exclude_global_add_ons":[],"addons":[],"_links":{"self":[{"href":"https:\/\/fightingfilms.shop\/es\/wp-json\/wp\/v2\/product\/33439","targetHints":{"allow":["GET"]}}],"collection":[{"href":"https:\/\/fightingfilms.shop\/es\/wp-json\/wp\/v2\/product"}],"about":[{"href":"https:\/\/fightingfilms.shop\/es\/wp-json\/wp\/v2\/types\/product"}],"replies":[{"embeddable":true,"href":"https:\/\/fightingfilms.shop\/es\/wp-json\/wp\/v2\/comments?post=33439"}],"wp:featuredmedia":[{"embeddable":true,"href":"https:\/\/fightingfilms.shop\/es\/wp-json\/wp\/v2\/media\/32055"}],"wp:attachment":[{"href":"https:\/\/fightingfilms.shop\/es\/wp-json\/wp\/v2\/media?parent=33439"}],"wp:term":[{"taxonomy":"product_brand","embeddable":true,"href":"https:\/\/fightingfilms.shop\/es\/wp-json\/wp\/v2\/product_brand?post=33439"},{"taxonomy":"product_cat","embeddable":true,"href":"https:\/\/fightingfilms.shop\/es\/wp-json\/wp\/v2\/product_cat?post=33439"},{"taxonomy":"product_tag","embeddable":true,"href":"https:\/\/fightingfilms.shop\/es\/wp-json\/wp\/v2\/product_tag?post=33439"},{"taxonomy":"giftcard-category","embeddable":true,"href":"https:\/\/fightingfilms.shop\/es\/wp-json\/wp\/v2\/giftcard-category?post=33439"}],"curies":[{"name":"wp","href":"https:\/\/api.w.org\/{rel}","templated":true}]}}