{"id":33467,"date":"2025-11-26T13:04:18","date_gmt":"2025-11-26T12:04:18","guid":{"rendered":"https:\/\/fightingfilms.shop\/produit\/cinturon-morado-de-material-jjb-gi\/"},"modified":"2025-11-26T13:04:18","modified_gmt":"2025-11-26T12:04:18","slug":"cinturon-morado-de-material-jjb-gi","status":"publish","type":"product","link":"https:\/\/fightingfilms.shop\/es\/produit\/cinturon-morado-de-material-jjb-gi\/","title":{"rendered":"Cintur\u00f3n morado de material JJB Gi"},"content":{"rendered":"<p data-start=\"338\" data-end=\"797\">El cintur\u00f3n morado simboliza la transici\u00f3n a un <strong data-start=\"388\" data-end=\"423\">nivel intermedio\/avanzado<\/strong> en el Jiu-Jitsu Brasile\u00f1o. Marca una progresi\u00f3n significativa: se refina el dominio t\u00e9cnico, se ampl\u00eda la comprensi\u00f3n estrat\u00e9gica y se afirma la madurez en el juego. Para acompa\u00f1ar esta etapa clave, Fighting Films ofrece un cintur\u00f3n <strong data-start=\"662\" data-end=\"695\">de material JJB Gi morado<\/strong>, fabricado con <strong data-start=\"707\" data-end=\"739\">tela de kimono de grano de arroz<\/strong>, que combina <strong data-start=\"751\" data-end=\"796\">solidez, comodidad y dise\u00f1o de alta gama<\/strong>.  <\/p>\n<h3 data-start=\"804\" data-end=\"840\"><strong data-start=\"808\" data-end=\"840\">Caracter\u00edsticas principales del cintur\u00f3n morado de material jjb Gi<\/strong><\/h3>\n<ul>\n<li>\n<h4 data-start=\"860\" data-end=\"921\"><strong data-start=\"865\" data-end=\"921\">Material de jjb Gi aprobado por la IBJJF cintur\u00f3n morado<\/strong><\/h4>\n<p>El material jjb Gi Fighting Films cintur\u00f3n morado est\u00e1 homologado para todas las competiciones internacionales de la IBJJF (Federaci\u00f3n Internacional de Jiu-Jitsu Brasile\u00f1o).<\/li>\n<li data-start=\"842\" data-end=\"902\"><strong data-start=\"847\" data-end=\"902\">Tela de kimono de grano de arroz &#8211; resistencia superior<\/strong><\/li>\n<\/ul>\n<p data-start=\"903\" data-end=\"1178\">Fabricado con un tejido id\u00e9ntico al utilizado en los kimonos profesionales, este cintur\u00f3n morado tiene un tejido denso y robusto de grano de arroz. Ofrece una textura de alta calidad, s\u00f3lida y agradable al tacto, perfectamente adecuada para los practicantes comprometidos. <\/p>\n<ul>\n<li data-start=\"1180\" data-end=\"1234\"><strong data-start=\"1185\" data-end=\"1234\">Mayor durabilidad para un uso frecuente<\/strong><\/li>\n<\/ul>\n<p data-start=\"1235\" data-end=\"1491\">Dise\u00f1ado para soportar la intensidad del entrenamiento regular, ofrece una resistencia excepcional a los rodamientos, tirones y manipulaciones repetidas. Su gruesa estructura hace que conserve su forma inicial <strong data-start=\"1456\" data-end=\"1490\">sin aplastarse ni deshilacharse<\/strong>. <\/p>\n<ul>\n<li data-start=\"1493\" data-end=\"1525\"><strong data-start=\"1498\" data-end=\"1525\">Nodo estable y fiable<\/strong><\/li>\n<\/ul>\n<p data-start=\"1526\" data-end=\"1749\">Gracias a su grosor controlado, el cintur\u00f3n proporciona <strong data-start=\"1581\" data-end=\"1609\">una sujeci\u00f3n perfecta del nudo<\/strong>, que permanece en su sitio incluso durante las secuencias m\u00e1s din\u00e1micas. Una ventaja esencial para los jinetes que realizan r\u00e1pidos progresos t\u00e9cnicos. <\/p>\n<ul>\n<li data-start=\"1751\" data-end=\"1777\"><strong data-start=\"1756\" data-end=\"1777\">Confort \u00f3ptimo<\/strong><\/li>\n<\/ul>\n<p data-start=\"1778\" data-end=\"1993\">Este cintur\u00f3n ofrece un equilibrio ideal entre rigidez y flexibilidad:<br data-start=\"1847\" data-end=\"1850\">&#8211; suficientemente firme para garantizar una sujeci\u00f3n excelente,<br data-start=\"1907\" data-end=\"1910\">&#8211; suficientemente flexible para llevarlo c\u00f3modamente durante todo el entrenamiento.<\/p>\n<ul>\n<li data-start=\"1995\" data-end=\"2046\"><strong data-start=\"2000\" data-end=\"2046\">Dise\u00f1o elegante y acabados de alta gama<\/strong><\/li>\n<\/ul>\n<p data-start=\"2047\" data-end=\"2303\">De color morado intenso y profundo, refleja a la perfecci\u00f3n el estatus intermedio\/avanzado del practicante. Las costuras reforzadas, el aspecto aerodin\u00e1mico y la etiqueta tejida Fighting Films le confieren un <strong data-start=\"2250\" data-end=\"2267\">estilo de primera<\/strong>, tradicional y moderno a la vez. <\/p>\n<hr data-start=\"2305\" data-end=\"2308\">\n<h3 data-start=\"2310\" data-end=\"2351\"><strong data-start=\"2314\" data-end=\"2351\">\u00bfPor qu\u00e9 elegir este cintur\u00f3n?<\/strong><\/h3>\n<ul data-start=\"2353\" data-end=\"2621\">\n<li data-start=\"2353\" data-end=\"2434\">\n<p data-start=\"2355\" data-end=\"2434\"><strong data-start=\"2364\" data-end=\"2383\">Calidad superior<\/strong>, ideal para jinetes de nivel intermedio a avanzado.<\/p>\n<\/li>\n<li data-start=\"2435\" data-end=\"2502\">\n<p data-start=\"2437\" data-end=\"2502\">Para <strong data-start=\"2446\" data-end=\"2468\">una resistencia duradera<\/strong> al entrenamiento sostenido.<\/p>\n<\/li>\n<li data-start=\"2503\" data-end=\"2568\">\n<p data-start=\"2505\" data-end=\"2568\">Para un <strong data-start=\"2513\" data-end=\"2528\">nudo fuerte<\/strong> y estable en cualquier situaci\u00f3n.<\/p>\n<\/li>\n<li data-start=\"2569\" data-end=\"2621\">\n<p data-start=\"2571\" data-end=\"2621\">Para un <strong data-start=\"2579\" data-end=\"2618\">dise\u00f1o aut\u00e9ntico y profesional<\/strong>.<\/p>\n<\/li>\n<\/ul>\n<hr data-start=\"2623\" data-end=\"2626\">\n<h3 data-start=\"2628\" data-end=\"2689\"><strong data-start=\"2632\" data-end=\"2689\">El cintur\u00f3n perfecto para afirmar tu progreso.<\/strong><\/h3>\n<p data-start=\"2691\" data-end=\"2947\">El cintur\u00f3n p\u00farpura jjb Gi material Fighting Films de tejido de kimono de grano de arroz es el compa\u00f1ero ideal para quienes est\u00e1n aumentando su potencia. Resistente, elegante y fabricado para durar, es el compa\u00f1ero perfecto a medida que subes a un nivel t\u00e9cnico m\u00e1s avanzado. <\/p>\n<div id=\"kurato_extension_modal\"><\/div>\n<div id=\"kurato_extension_modal\"><\/div>\n<div id=\"kurato_extension_modal\"><\/div>\n<div id=\"kurato_extension_modal\"><\/div>\n","protected":false},"excerpt":{"rendered":"<p>Fabricado con <strong data-start=\"3057\" data-end=\"3089\">tela de kimono de grano de arroz<\/strong>, el cintur\u00f3n morado de material jjb Gi ofrece <strong data-start=\"3125\" data-end=\"3144\">una calidad superior<\/strong>, <strong data-start=\"3150\" data-end=\"3175\">una excelente resistencia<\/strong> y una <strong data-start=\"3183\" data-end=\"3207\">sujeci\u00f3n fiable del nudo<\/strong>. S\u00f3lido, refinado y duradero, se adapta perfectamente al <strong data-start=\"3270\" data-end=\"3305\">nivel intermedio\/avanzado de<\/strong> JJB. Ideal para progresar con estilo y rendimiento.  <\/p>\n<div id=\"kurato_extension_modal\"><\/div>\n<div id=\"kurato_extension_modal\"><\/div>\n<div id=\"kurato_extension_modal\"><\/div>\n<div id=\"kurato_extension_modal\"><\/div>\n<div id=\"kurato_extension_modal\"><\/div>\n<div id=\"kurato_extension_modal\"><\/div>\n<div id=\"kurato_extension_modal\"><\/div>\n","protected":false},"featured_media":32049,"comment_status":"","ping_status":"closed","template":"","meta":[],"product_brand":[],"product_cat":[914,480],"product_tag":[],"giftcard-category":[],"class_list":{"0":"post-33467","1":"product","2":"type-product","3":"status-publish","4":"has-post-thumbnail","6":"product_cat-cinturones-jjb","7":"product_cat-jiu-jitsu-es","8":"product_shipping_class-accesorios","10":"first","11":"instock","12":"taxable","13":"shipping-taxable","14":"purchasable","15":"product-type-variable"},"exclude_global_add_ons":[],"addons":[],"_links":{"self":[{"href":"https:\/\/fightingfilms.shop\/es\/wp-json\/wp\/v2\/product\/33467","targetHints":{"allow":["GET"]}}],"collection":[{"href":"https:\/\/fightingfilms.shop\/es\/wp-json\/wp\/v2\/product"}],"about":[{"href":"https:\/\/fightingfilms.shop\/es\/wp-json\/wp\/v2\/types\/product"}],"replies":[{"embeddable":true,"href":"https:\/\/fightingfilms.shop\/es\/wp-json\/wp\/v2\/comments?post=33467"}],"wp:featuredmedia":[{"embeddable":true,"href":"https:\/\/fightingfilms.shop\/es\/wp-json\/wp\/v2\/media\/32049"}],"wp:attachment":[{"href":"https:\/\/fightingfilms.shop\/es\/wp-json\/wp\/v2\/media?parent=33467"}],"wp:term":[{"taxonomy":"product_brand","embeddable":true,"href":"https:\/\/fightingfilms.shop\/es\/wp-json\/wp\/v2\/product_brand?post=33467"},{"taxonomy":"product_cat","embeddable":true,"href":"https:\/\/fightingfilms.shop\/es\/wp-json\/wp\/v2\/product_cat?post=33467"},{"taxonomy":"product_tag","embeddable":true,"href":"https:\/\/fightingfilms.shop\/es\/wp-json\/wp\/v2\/product_tag?post=33467"},{"taxonomy":"giftcard-category","embeddable":true,"href":"https:\/\/fightingfilms.shop\/es\/wp-json\/wp\/v2\/giftcard-category?post=33467"}],"curies":[{"name":"wp","href":"https:\/\/api.w.org\/{rel}","templated":true}]}}