{"id":33495,"date":"2025-11-26T12:49:04","date_gmt":"2025-11-26T11:49:04","guid":{"rendered":"https:\/\/fightingfilms.shop\/produit\/cinturon-de-material-jjb-gi-marron\/"},"modified":"2025-11-26T12:49:04","modified_gmt":"2025-11-26T11:49:04","slug":"cinturon-de-material-jjb-gi-marron","status":"publish","type":"product","link":"https:\/\/fightingfilms.shop\/es\/produit\/cinturon-de-material-jjb-gi-marron\/","title":{"rendered":"Cintur\u00f3n de material JJB Gi marr\u00f3n"},"content":{"rendered":"<p data-start=\"259\" data-end=\"697\">S\u00edmbolo de un <strong data-start=\"272\" data-end=\"315\">alto nivel de maestr\u00eda y experiencia<\/strong> en Jiu-Jitsu brasile\u00f1o, el cintur\u00f3n marr\u00f3n jjb premium representa mucho m\u00e1s que un rango: encarna a\u00f1os de pr\u00e1ctica, perseverancia y comprensi\u00f3n t\u00e9cnica. Fighting Films acompa\u00f1a este paso crucial con un cintur\u00f3n <strong data-start=\"532\" data-end=\"563\">de material JJB Gi marr\u00f3n<\/strong>, fabricado con <strong data-start=\"575\" data-end=\"607\">tela de kimono de grano de arroz<\/strong>, que ofrece una calidad excepcional y un estilo aut\u00e9ntico a la altura de tu nivel. <\/p>\n<div id=\"kurato_extension_modal\">\n<h3 data-start=\"704\" data-end=\"740\"><strong data-start=\"708\" data-end=\"740\">Caracter\u00edsticas principales del cintur\u00f3n de material JJB Gi marr\u00f3n<\/strong><\/h3>\n<ul>\n<li><strong>Cintur\u00f3n homologado para competiciones internacionales de la IBJJF<\/strong><\/li>\n<\/ul>\n<p>El material JJB Gi Fighting Films cintur\u00f3n marr\u00f3n est\u00e1 homologado para las competiciones JJB de la IBJJF, la Federaci\u00f3n Internacional de Jiu-Jitsu Brasile\u00f1o.<\/p>\n<ul>\n<li data-start=\"742\" data-end=\"805\"><strong data-start=\"747\" data-end=\"805\">  Tela de kimono de grano de arroz: material de alta gama<\/strong><\/li>\n<\/ul>\n<p data-start=\"806\" data-end=\"1052\">Fabricado con el mismo material que los kimonos de primera calidad, este cintur\u00f3n tiene una textura densa, s\u00f3lida y elegante. El tejido de grano de arroz garantiza una <strong data-start=\"956\" data-end=\"975\">trama duradera<\/strong>, un tacto profesional y una resistencia adecuada para los practicantes avanzados. <\/p>\n<ul>\n<li data-start=\"1054\" data-end=\"1118\"><strong data-start=\"1059\" data-end=\"1118\">Durabilidad reforzada para un entrenamiento intensivo<\/strong><\/li>\n<\/ul>\n<p data-start=\"1119\" data-end=\"1390\">Dise\u00f1ado para deportistas experimentados, este cintur\u00f3n ofrece una resistencia superior: no se hunde ni se deforma, y resiste perfectamente los balanceos, los tirones y las sesiones intensivas. Es un modelo dise\u00f1ado para acompa\u00f1ar a los deportistas m\u00e1s asiduos. <\/p>\n<ul>\n<li data-start=\"1392\" data-end=\"1425\"><strong data-start=\"1397\" data-end=\"1425\">Sujeci\u00f3n \u00f3ptima del nudo<\/strong><\/li>\n<\/ul>\n<p data-start=\"1426\" data-end=\"1672\">Su estructura gruesa y estable garantiza un <strong data-start=\"1467\" data-end=\"1501\">nudo s\u00f3lido que se mantiene en su sitio<\/strong>, incluso durante los combates m\u00e1s comprometidos. Una sujeci\u00f3n fiable, esencial para los practicantes avanzados que exigen un cintur\u00f3n a la altura de su nivel t\u00e9cnico. <\/p>\n<ul>\n<li data-start=\"1674\" data-end=\"1715\"><strong data-start=\"1679\" data-end=\"1715\">Comodidad y apoyo equilibrados<\/strong><\/li>\n<\/ul>\n<p data-start=\"1716\" data-end=\"1903\">La rigidez y la flexibilidad perfectamente equilibradas ofrecen un confort de primera: la cintura se envuelve alrededor de la cintura para proporcionar una sujeci\u00f3n firme sin dejar de ser c\u00f3moda de llevar durante largas sesiones.<\/p>\n<ul>\n<li data-start=\"1905\" data-end=\"1959\"><strong data-start=\"1910\" data-end=\"1959\">Dise\u00f1o premium y acabados profesionales<\/strong><\/li>\n<\/ul>\n<p data-start=\"1960\" data-end=\"2229\">En un marr\u00f3n profundo, elegante y tradicional, este cintur\u00f3n tiene un <strong data-start=\"2031\" data-end=\"2058\">dise\u00f1o sobrio y refinado<\/strong>, fiel a los valores de Fighting Films. Costuras reforzadas, una etiqueta tejida de alta gama y una est\u00e9tica controlada: cada detalle refleja la calidad superior del producto. <\/p>\n<hr data-start=\"2231\" data-end=\"2234\">\n<h3 data-start=\"2236\" data-end=\"2277\"><strong data-start=\"2240\" data-end=\"2277\">\u00bfPor qu\u00e9 elegir este cintur\u00f3n?<\/strong><\/h3>\n<ul data-start=\"2279\" data-end=\"2585\">\n<li data-start=\"2279\" data-end=\"2349\">\n<p data-start=\"2281\" data-end=\"2349\">Para un modelo <strong data-start=\"2296\" data-end=\"2307\">premium<\/strong>, adecuado para pilotos de alto nivel.<\/p>\n<\/li>\n<li data-start=\"2350\" data-end=\"2424\">\n<p data-start=\"2352\" data-end=\"2424\">Para <strong data-start=\"2361\" data-end=\"2390\">una resistencia excepcional<\/strong>, ideal para un uso intensivo.<\/p>\n<\/li>\n<li data-start=\"2425\" data-end=\"2503\">\n<p data-start=\"2427\" data-end=\"2503\">Para un <strong data-start=\"2435\" data-end=\"2450\">nudo fuerte<\/strong> y duradero durante las sesiones de entrenamiento y las competiciones.<\/p>\n<\/li>\n<li data-start=\"2504\" data-end=\"2585\">\n<p data-start=\"2506\" data-end=\"2585\">Para un <strong data-start=\"2514\" data-end=\"2547\">dise\u00f1o elegante y aut\u00e9ntico<\/strong> a la altura de tu progreso.<\/p>\n<\/li>\n<\/ul>\n<hr data-start=\"2587\" data-end=\"2590\">\n<h3 data-start=\"2592\" data-end=\"2651\"><strong data-start=\"2596\" data-end=\"2651\">El cintur\u00f3n marr\u00f3n de material jjb Gi es perfecto para hacer valer tu pericia.<\/strong><\/h3>\n<p data-start=\"2653\" data-end=\"2919\">El cintur\u00f3n marr\u00f3n Fighting Films de tejido de kimono de grano de arroz est\u00e1 dise\u00f1ado para honrar un nivel avanzado de JJB con un producto <strong data-start=\"2783\" data-end=\"2834\">s\u00f3lido, duradero y est\u00e9ticamente impecable<\/strong>. Una elecci\u00f3n imprescindible si quieres dar los \u00faltimos pasos hacia tu cintur\u00f3n negro. <\/p>\n<\/div>\n<div id=\"kurato_extension_modal\"><\/div>\n<div id=\"kurato_extension_modal\"><\/div>\n<div id=\"kurato_extension_modal\"><\/div>\n<div id=\"kurato_extension_modal\"><\/div>\n","protected":false},"excerpt":{"rendered":"<p>Fabricado con <strong data-start=\"165\" data-end=\"197\" data-is-only-node=\"\">tela de kimono de grano de arroz<\/strong>, el cintur\u00f3n marr\u00f3n de material JJB Gi ofrece <strong data-start=\"230\" data-end=\"249\">la m\u00e1xima calidad<\/strong>, <strong data-start=\"255\" data-end=\"284\">una resistencia excepcional<\/strong> y <strong data-start=\"292\" data-end=\"320\">una excelente retenci\u00f3n del nudo<\/strong>. Resistente, duradero y elegante, destaca por su <strong data-start=\"377\" data-end=\"394\">dise\u00f1o \u00fanico<\/strong> y su acabado de alta gama. Un producto excepcional para practicantes avanzados.  <\/p>\n<div id=\"kurato_extension_modal\"><\/div>\n<div id=\"kurato_extension_modal\"><\/div>\n<div id=\"kurato_extension_modal\"><\/div>\n<div id=\"kurato_extension_modal\"><\/div>\n<div id=\"kurato_extension_modal\"><\/div>\n<div id=\"kurato_extension_modal\"><\/div>\n","protected":false},"featured_media":32043,"comment_status":"","ping_status":"closed","template":"","meta":[],"product_brand":[],"product_cat":[914,480],"product_tag":[],"giftcard-category":[],"class_list":{"0":"post-33495","1":"product","2":"type-product","3":"status-publish","4":"has-post-thumbnail","6":"product_cat-cinturones-jjb","7":"product_cat-jiu-jitsu-es","8":"product_shipping_class-accesorios","10":"first","11":"instock","12":"taxable","13":"shipping-taxable","14":"purchasable","15":"product-type-variable"},"exclude_global_add_ons":[],"addons":[],"_links":{"self":[{"href":"https:\/\/fightingfilms.shop\/es\/wp-json\/wp\/v2\/product\/33495","targetHints":{"allow":["GET"]}}],"collection":[{"href":"https:\/\/fightingfilms.shop\/es\/wp-json\/wp\/v2\/product"}],"about":[{"href":"https:\/\/fightingfilms.shop\/es\/wp-json\/wp\/v2\/types\/product"}],"replies":[{"embeddable":true,"href":"https:\/\/fightingfilms.shop\/es\/wp-json\/wp\/v2\/comments?post=33495"}],"wp:featuredmedia":[{"embeddable":true,"href":"https:\/\/fightingfilms.shop\/es\/wp-json\/wp\/v2\/media\/32043"}],"wp:attachment":[{"href":"https:\/\/fightingfilms.shop\/es\/wp-json\/wp\/v2\/media?parent=33495"}],"wp:term":[{"taxonomy":"product_brand","embeddable":true,"href":"https:\/\/fightingfilms.shop\/es\/wp-json\/wp\/v2\/product_brand?post=33495"},{"taxonomy":"product_cat","embeddable":true,"href":"https:\/\/fightingfilms.shop\/es\/wp-json\/wp\/v2\/product_cat?post=33495"},{"taxonomy":"product_tag","embeddable":true,"href":"https:\/\/fightingfilms.shop\/es\/wp-json\/wp\/v2\/product_tag?post=33495"},{"taxonomy":"giftcard-category","embeddable":true,"href":"https:\/\/fightingfilms.shop\/es\/wp-json\/wp\/v2\/giftcard-category?post=33495"}],"curies":[{"name":"wp","href":"https:\/\/api.w.org\/{rel}","templated":true}]}}