{"id":33523,"date":"2025-11-26T12:43:50","date_gmt":"2025-11-26T11:43:50","guid":{"rendered":"https:\/\/fightingfilms.shop\/produit\/cinturon-azul-de-material-jjb-gi\/"},"modified":"2025-11-26T12:43:50","modified_gmt":"2025-11-26T11:43:50","slug":"cinturon-azul-de-material-jjb-gi","status":"publish","type":"product","link":"https:\/\/fightingfilms.shop\/es\/produit\/cinturon-azul-de-material-jjb-gi\/","title":{"rendered":"Cintur\u00f3n azul de material JJB Gi"},"content":{"rendered":"<p data-start=\"200\" data-end=\"589\">Lleva tu lucha al siguiente nivel con el <strong data-start=\"234\" data-end=\"280\">cintur\u00f3n azul de material jjb Gi<\/strong> de Fighting Films, un modelo dise\u00f1ado para luchadores exigentes que buscan <strong data-start=\"373\" data-end=\"425\">excelencia, durabilidad y una est\u00e9tica aut\u00e9ntica<\/strong>. Fabricado con <strong data-start=\"444\" data-end=\"476\">tela de kimono de grano de arroz<\/strong>, ofrece una resistencia incomparable y una sujeci\u00f3n \u00f3ptima, en consonancia con la experiencia emblem\u00e1tica de la marca. <\/p>\n<h3 data-start=\"597\" data-end=\"633\"><strong data-start=\"601\" data-end=\"633\">Caracter\u00edsticas principales del cintur\u00f3n azul de material jjb Gi<\/strong><\/h3>\n<h4 data-start=\"860\" data-end=\"921\"><strong data-start=\"865\" data-end=\"921\">\u2714IBJJF-cintur\u00f3n de material Gi azul homologado jjb<\/strong><\/h4>\n<p>El cintur\u00f3n azul jjb premium Fighting Films est\u00e1 homologado para todas las competiciones internacionales de la IBJJF (Federaci\u00f3n Internacional de Jiu-Jitsu Brasile\u00f1o).<\/p>\n<ul>\n<li data-start=\"635\" data-end=\"685\"><strong data-start=\"640\" data-end=\"685\">Tejido de kimono de grano de arroz<\/strong><\/li>\n<\/ul>\n<p data-start=\"686\" data-end=\"944\">Fabricado con el mismo material que <a href=\"https:\/\/fightingfilms.shop\/es\/produit\/kimono-de-jiu-jitsu-brasileno\/\">los kimonos de gama alta de jjb<\/a>, este cintur\u00f3n utiliza un tejido de grano de arroz denso, s\u00f3lido y texturizado. Un acabado de primera calidad que garantiza <strong data-start=\"859\" data-end=\"887\">una durabilidad excepcional<\/strong> y un tacto profesional desde el primer uso. <\/p>\n<ul>\n<li data-start=\"946\" data-end=\"995\"><strong data-start=\"951\" data-end=\"995\">Calidad y resistencia superiores<\/strong><\/li>\n<\/ul>\n<p data-start=\"996\" data-end=\"1289\">Este cintur\u00f3n es ideal para utilizarlo a medida que progresas, y puede soportar f\u00e1cilmente entrenamientos intensivos, rodillos repetidos y fuertes agarres. Su estructura gruesa y robusta reduce el desgaste, <strong data-start=\"1220\" data-end=\"1241\">no<\/strong> se <strong data-start=\"1220\" data-end=\"1241\">deforma<\/strong> y mantiene su aspecto cuidado con el paso del tiempo. <\/p>\n<ul>\n<li data-start=\"1291\" data-end=\"1331\"><strong data-start=\"1296\" data-end=\"1331\">Un nodo m\u00e1s estable y fiable<\/strong><\/li>\n<\/ul>\n<p data-start=\"1332\" data-end=\"1571\">Gracias a su grosor controlado y a su equilibrada rigidez, el cintur\u00f3n garantiza una <strong data-start=\"1418\" data-end=\"1446\">excelente sujeci\u00f3n de los<\/strong> nudos, evitando que se deshagan con frecuencia en medio de un combate. Se mantiene en su sitio incluso durante los intercambios m\u00e1s din\u00e1micos. <\/p>\n<ul>\n<li data-start=\"1573\" data-end=\"1612\"><strong data-start=\"1578\" data-end=\"1612\">M\u00e1xima comodidad para el d\u00eda a d\u00eda<\/strong><\/li>\n<\/ul>\n<p data-start=\"1613\" data-end=\"1875\">Lo bastante firme para ofrecer una sujeci\u00f3n impecable, pero lo bastante flexible para garantizar una comodidad \u00f3ptima alrededor de la cintura, este cintur\u00f3n est\u00e1 dise\u00f1ado para acompa\u00f1ar todos los movimientos. Adecuado tanto para el entrenamiento regular como para las competiciones. <\/p>\n<ul>\n<li data-start=\"1877\" data-end=\"1927\"><strong data-start=\"1882\" data-end=\"1927\">Dise\u00f1o \u00fanico y acabados de alta gama<\/strong><\/li>\n<\/ul>\n<p data-start=\"1928\" data-end=\"2198\">La firma Fighting Films se refleja en sus costuras reforzadas, su tejido denso y su aspecto limpio. En un azul profundo y elegante, este cintur\u00f3n tiene un <strong data-start=\"2094\" data-end=\"2111\">dise\u00f1o \u00fanico<\/strong>, aut\u00e9ntico y meticuloso, y una etiqueta tejida que confirma su estatus premium. <\/p>\n<h3 data-start=\"2205\" data-end=\"2246\"><strong data-start=\"2209\" data-end=\"2246\">\u00bfPor qu\u00e9 elegir este cintur\u00f3n?<\/strong><\/h3>\n<ul data-start=\"2248\" data-end=\"2527\">\n<li data-start=\"2248\" data-end=\"2323\">\n<p data-start=\"2250\" data-end=\"2323\">Para un cintur\u00f3n <strong data-start=\"2268\" data-end=\"2279\">de primera<\/strong> calidad fabricado con material de alta calidad.<\/p>\n<\/li>\n<li data-start=\"2324\" data-end=\"2400\">\n<p data-start=\"2326\" data-end=\"2400\">Para <strong data-start=\"2335\" data-end=\"2364\">una resistencia excepcional<\/strong> al entrenamiento intensivo.<\/p>\n<\/li>\n<li data-start=\"2401\" data-end=\"2467\">\n<p data-start=\"2403\" data-end=\"2467\">Para un <strong data-start=\"2412\" data-end=\"2438\">nudo perfecto<\/strong> durante toda la sesi\u00f3n.<\/p>\n<\/li>\n<li data-start=\"2468\" data-end=\"2527\">\n<p data-start=\"2470\" data-end=\"2527\">Para un <strong data-start=\"2478\" data-end=\"2502\">dise\u00f1o de gama alta<\/strong>, sobrio y aut\u00e9ntico.<\/p>\n<\/li>\n<\/ul>\n<hr data-start=\"2529\" data-end=\"2532\">\n<h3 data-start=\"2534\" data-end=\"2605\"><strong data-start=\"2538\" data-end=\"2605\">El cintur\u00f3n azul de material jjb Gi, ideal para llevar tu progresi\u00f3n al siguiente nivel.<\/strong><\/h3>\n<p data-start=\"2607\" data-end=\"2873\">Este cintur\u00f3n jjb Gi material Fighting Films azul es la elecci\u00f3n perfecta para los practicantes que desean marcar su progreso al siguiente nivel con un producto de <strong data-start=\"2762\" data-end=\"2799\">alta calidad, duradero e irreprochable<\/strong>. Una mezcla perfecta de tradici\u00f3n JJB, solidez y estilo premium. <\/p>\n<div id=\"kurato_extension_modal\"><\/div>\n<div id=\"kurato_extension_modal\"><\/div>\n<div id=\"kurato_extension_modal\"><\/div>\n<div id=\"kurato_extension_modal\"><\/div>\n<div id=\"kurato_extension_modal\"><\/div>\n","protected":false},"excerpt":{"rendered":"<p>Fabricado con <strong data-start=\"165\" data-end=\"197\" data-is-only-node=\"\">tela de kimono de grano de arroz<\/strong>, el cintur\u00f3n de material Gi azul de jjb ofrece <strong data-start=\"230\" data-end=\"249\">la m\u00e1xima calidad<\/strong>, <strong data-start=\"255\" data-end=\"284\">una resistencia excepcional<\/strong> y <strong data-start=\"292\" data-end=\"320\">una excelente retenci\u00f3n del nudo<\/strong>. Resistente, duradero y elegante, destaca por su <strong data-start=\"377\" data-end=\"394\">dise\u00f1o \u00fanico<\/strong> y su acabado de alta gama. La elecci\u00f3n ideal para progresar en JJB con estilo y fiabilidad.  <\/p>\n<div id=\"kurato_extension_modal\"><\/div>\n<div id=\"kurato_extension_modal\"><\/div>\n<div id=\"kurato_extension_modal\"><\/div>\n<div id=\"kurato_extension_modal\"><\/div>\n<div id=\"kurato_extension_modal\"><\/div>\n","protected":false},"featured_media":32037,"comment_status":"","ping_status":"closed","template":"","meta":[],"product_brand":[],"product_cat":[914,480],"product_tag":[],"giftcard-category":[],"class_list":{"0":"post-33523","1":"product","2":"type-product","3":"status-publish","4":"has-post-thumbnail","6":"product_cat-cinturones-jjb","7":"product_cat-jiu-jitsu-es","8":"product_shipping_class-accesorios","10":"first","11":"instock","12":"taxable","13":"shipping-taxable","14":"purchasable","15":"product-type-variable"},"exclude_global_add_ons":[],"addons":[],"_links":{"self":[{"href":"https:\/\/fightingfilms.shop\/es\/wp-json\/wp\/v2\/product\/33523","targetHints":{"allow":["GET"]}}],"collection":[{"href":"https:\/\/fightingfilms.shop\/es\/wp-json\/wp\/v2\/product"}],"about":[{"href":"https:\/\/fightingfilms.shop\/es\/wp-json\/wp\/v2\/types\/product"}],"replies":[{"embeddable":true,"href":"https:\/\/fightingfilms.shop\/es\/wp-json\/wp\/v2\/comments?post=33523"}],"wp:featuredmedia":[{"embeddable":true,"href":"https:\/\/fightingfilms.shop\/es\/wp-json\/wp\/v2\/media\/32037"}],"wp:attachment":[{"href":"https:\/\/fightingfilms.shop\/es\/wp-json\/wp\/v2\/media?parent=33523"}],"wp:term":[{"taxonomy":"product_brand","embeddable":true,"href":"https:\/\/fightingfilms.shop\/es\/wp-json\/wp\/v2\/product_brand?post=33523"},{"taxonomy":"product_cat","embeddable":true,"href":"https:\/\/fightingfilms.shop\/es\/wp-json\/wp\/v2\/product_cat?post=33523"},{"taxonomy":"product_tag","embeddable":true,"href":"https:\/\/fightingfilms.shop\/es\/wp-json\/wp\/v2\/product_tag?post=33523"},{"taxonomy":"giftcard-category","embeddable":true,"href":"https:\/\/fightingfilms.shop\/es\/wp-json\/wp\/v2\/giftcard-category?post=33523"}],"curies":[{"name":"wp","href":"https:\/\/api.w.org\/{rel}","templated":true}]}}