{"id":33551,"date":"2025-11-26T12:40:34","date_gmt":"2025-11-26T11:40:34","guid":{"rendered":"https:\/\/fightingfilms.shop\/produit\/jjb-gi-material-cinturon-blanco\/"},"modified":"2025-11-26T12:40:34","modified_gmt":"2025-11-26T11:40:34","slug":"jjb-gi-material-cinturon-blanco","status":"publish","type":"product","link":"https:\/\/fightingfilms.shop\/es\/produit\/jjb-gi-material-cinturon-blanco\/","title":{"rendered":"JJB Gi material cintur\u00f3n blanco"},"content":{"rendered":"<p data-start=\"200\" data-end=\"589\">Descubre el <strong data-start=\"265\" data-end=\"313\">cintur\u00f3n de material JJB Gi blanco<\/strong>, dise\u00f1ado para los practicantes que buscan un producto que combine <strong data-start=\"378\" data-end=\"422\">calidad, durabilidad y estilo aut\u00e9ntico<\/strong>. Inspirado directamente en los kimonos JJB de alta gama, este cintur\u00f3n est\u00e1 fabricado con <strong data-start=\"504\" data-end=\"526\">lona de grano de arroz<\/strong>, un tejido famoso por su robustez y elegancia natural. <\/p>\n<h3 data-start=\"596\" data-end=\"632\"><strong data-start=\"600\" data-end=\"632\">Caracter\u00edsticas principales del cintur\u00f3n blanco de material JJB Gi<\/strong><\/h3>\n<ul>\n<li data-start=\"634\" data-end=\"686\"><strong data-start=\"639\" data-end=\"686\">  Tejido de kimono de grano de arroz<\/strong><\/li>\n<\/ul>\n<p data-start=\"687\" data-end=\"960\">Fabricado con el mismo material que los kimonos de primera calidad, este cintur\u00f3n ofrece una <strong data-start=\"768\" data-end=\"807\">textura s\u00f3lida, densa y resistente<\/strong>, que garantiza una durabilidad excepcional. El tejido de grano de arroz proporciona relieve y una sujeci\u00f3n superior, al tiempo que ofrece un tacto profesional. <\/p>\n<ul>\n<li data-start=\"962\" data-end=\"1014\"><strong data-start=\"967\" data-end=\"1014\">  Calidad superior y mayor durabilidad<\/strong><\/li>\n<\/ul>\n<p data-start=\"1015\" data-end=\"1276\">Gracias a su tejido grueso y a su acabado de alta calidad, este cintur\u00f3n resiste perfectamente los entrenamientos intensivos, los ejercicios repetidos y los tirones al agarrar. Conserva su forma durante m\u00e1s tiempo, <strong data-start=\"1239\" data-end=\"1275\">sin deshilacharse ni deformarse<\/strong>. <\/p>\n<ul>\n<li data-start=\"1278\" data-end=\"1312\"><strong data-start=\"1283\" data-end=\"1312\">Sujeci\u00f3n optimizada del nudo<\/strong><\/li>\n<\/ul>\n<p data-start=\"1313\" data-end=\"1541\">Su robusta construcci\u00f3n garantiza un <strong data-start=\"1348\" data-end=\"1398\">mejor agarre al hacer el nudo<\/strong>, evitando que se desate sin querer durante el combate o los ejercicios. Se mantiene en su sitio incluso durante las sesiones m\u00e1s din\u00e1micas. <\/p>\n<ul>\n<li data-start=\"1543\" data-end=\"1580\"><strong data-start=\"1548\" data-end=\"1580\">Comodidad y apoyo de primera<\/strong><\/li>\n<\/ul>\n<p data-start=\"1581\" data-end=\"1867\">Equilibrio perfecto entre rigidez y flexibilidad: lo bastante firme para mantener un nudo s\u00f3lido, pero lo bastante flexible para ofrecer <strong data-start=\"1711\" data-end=\"1730\">una comodidad \u00f3ptima<\/strong> alrededor de la cintura. Ideal para principiantes y jinetes avanzados que buscan un producto que lleve sus habilidades al siguiente nivel. <\/p>\n<ul>\n<li data-start=\"1869\" data-end=\"1921\"><strong data-start=\"1874\" data-end=\"1921\">Dise\u00f1o \u00fanico y firma Fighting Films<\/strong><\/li>\n<\/ul>\n<p data-start=\"1922\" data-end=\"2197\">Con su acabado impecable, sus costuras reforzadas y su est\u00e9tica elegante, este cintur\u00f3n presume de un <strong data-start=\"2028\" data-end=\"2047\">dise\u00f1o exclusivo<\/strong> fiel a la identidad de Fighting Films: sobriedad, tradici\u00f3n y rendimiento. La etiqueta tejida a\u00f1ade un toque premium reconocible al instante. <\/p>\n<h3 data-start=\"2204\" data-end=\"2245\"><strong data-start=\"2208\" data-end=\"2245\">\u00bfPor qu\u00e9 elegir este cintur\u00f3n?<\/strong><\/h3>\n<ul data-start=\"2247\" data-end=\"2495\">\n<li data-start=\"2247\" data-end=\"2313\">\n<p data-start=\"2249\" data-end=\"2313\">Para un <strong data-start=\"2258\" data-end=\"2278\">cintur\u00f3n de primera calidad<\/strong> inspirado en los mejores kimonos.<\/p>\n<\/li>\n<li data-start=\"2314\" data-end=\"2386\">\n<p data-start=\"2316\" data-end=\"2386\">Para <strong data-start=\"2325\" data-end=\"2346\">aumentar la resistencia en<\/strong> las sesiones de entrenamiento m\u00e1s exigentes.<\/p>\n<\/li>\n<li data-start=\"2387\" data-end=\"2442\">\n<p data-start=\"2389\" data-end=\"2442\">Para <strong data-start=\"2397\" data-end=\"2417\">una sujeci\u00f3n perfecta<\/strong> que no se afloja.<\/p>\n<\/li>\n<li data-start=\"2443\" data-end=\"2495\">\n<p data-start=\"2445\" data-end=\"2495\">Para un <strong data-start=\"2453\" data-end=\"2468\">aspecto \u00fanico<\/strong>, refinado y aut\u00e9ntico.<\/p>\n<\/li>\n<\/ul>\n<hr data-start=\"2497\" data-end=\"2500\">\n<h3 data-start=\"2502\" data-end=\"2566\"><strong data-start=\"2506\" data-end=\"2566\">El cintur\u00f3n blanco de material jjb Gi, perfecto para principiantes&#8230; o para destacar entre la multitud.<\/strong><\/h3>\n<p data-start=\"2568\" data-end=\"2875\">Tanto si te est\u00e1s iniciando en el JJB como si buscas un cintur\u00f3n blanco de mayor calidad, el cintur\u00f3n de grano de arroz Fighting Films es <strong data-start=\"2740\" data-end=\"2764\">imprescindible<\/strong>. Combina tradici\u00f3n, rendimiento y durabilidad, para acompa\u00f1arte en cada etapa de tu progresi\u00f3n. <\/p>\n<div id=\"kurato_extension_modal\"><\/div>\n<div id=\"kurato_extension_modal\"><\/div>\n<div id=\"kurato_extension_modal\"><\/div>\n","protected":false},"excerpt":{"rendered":"<p>Fabricado con <strong data-start=\"144\" data-end=\"176\" data-is-only-node=\"\">tela de kimono de grano de arroz<\/strong>, el cintur\u00f3n blanco de material jjb Gi ofrece <strong data-start=\"211\" data-end=\"233\">una calidad superior<\/strong>, <strong data-start=\"239\" data-end=\"268\">una resistencia excepcional<\/strong> y <strong data-start=\"276\" data-end=\"302\">una sujeci\u00f3n \u00f3ptima del nudo<\/strong>. M\u00e1s resistente y duradero que los cinturones convencionales, presenta un <strong data-start=\"374\" data-end=\"391\">dise\u00f1o \u00fanico<\/strong> con acabados de alta gama. La elecci\u00f3n ideal para iniciarse en el JJB con estilo y rendimiento.  <\/p>\n<div id=\"kurato_extension_modal\"><\/div>\n<div id=\"kurato_extension_modal\"><\/div>\n<div id=\"kurato_extension_modal\"><\/div>\n","protected":false},"featured_media":32026,"comment_status":"","ping_status":"closed","template":"","meta":[],"product_brand":[],"product_cat":[914,480],"product_tag":[],"giftcard-category":[],"class_list":{"0":"post-33551","1":"product","2":"type-product","3":"status-publish","4":"has-post-thumbnail","6":"product_cat-cinturones-jjb","7":"product_cat-jiu-jitsu-es","8":"product_shipping_class-accesorios","10":"first","11":"instock","12":"taxable","13":"shipping-taxable","14":"purchasable","15":"product-type-variable"},"exclude_global_add_ons":[],"addons":[],"_links":{"self":[{"href":"https:\/\/fightingfilms.shop\/es\/wp-json\/wp\/v2\/product\/33551","targetHints":{"allow":["GET"]}}],"collection":[{"href":"https:\/\/fightingfilms.shop\/es\/wp-json\/wp\/v2\/product"}],"about":[{"href":"https:\/\/fightingfilms.shop\/es\/wp-json\/wp\/v2\/types\/product"}],"replies":[{"embeddable":true,"href":"https:\/\/fightingfilms.shop\/es\/wp-json\/wp\/v2\/comments?post=33551"}],"wp:featuredmedia":[{"embeddable":true,"href":"https:\/\/fightingfilms.shop\/es\/wp-json\/wp\/v2\/media\/32026"}],"wp:attachment":[{"href":"https:\/\/fightingfilms.shop\/es\/wp-json\/wp\/v2\/media?parent=33551"}],"wp:term":[{"taxonomy":"product_brand","embeddable":true,"href":"https:\/\/fightingfilms.shop\/es\/wp-json\/wp\/v2\/product_brand?post=33551"},{"taxonomy":"product_cat","embeddable":true,"href":"https:\/\/fightingfilms.shop\/es\/wp-json\/wp\/v2\/product_cat?post=33551"},{"taxonomy":"product_tag","embeddable":true,"href":"https:\/\/fightingfilms.shop\/es\/wp-json\/wp\/v2\/product_tag?post=33551"},{"taxonomy":"giftcard-category","embeddable":true,"href":"https:\/\/fightingfilms.shop\/es\/wp-json\/wp\/v2\/giftcard-category?post=33551"}],"curies":[{"name":"wp","href":"https:\/\/api.w.org\/{rel}","templated":true}]}}