{"id":33602,"date":"2025-11-14T13:39:49","date_gmt":"2025-11-14T12:39:49","guid":{"rendered":"https:\/\/fightingfilms.shop\/produit\/chaqueta-judogi-leal-caqui\/"},"modified":"2025-11-14T13:39:49","modified_gmt":"2025-11-14T12:39:49","slug":"chaqueta-judogi-leal-caqui","status":"publish","type":"product","link":"https:\/\/fightingfilms.shop\/es\/produit\/chaqueta-judogi-leal-caqui\/","title":{"rendered":"Chaqueta judogi leal caqui"},"content":{"rendered":"<h3 data-end=\"486\" data-start=\"209\"><strong>Nueva colecci\u00f3n 2025  <\/strong><\/h3>\n<p data-end=\"486\" data-start=\"209\"><strong>Descubre el best-seller de la colecci\u00f3n 2021 de Keiko-Gi, reelaborado y mejorado. La chaqueta Lealtad Caqui en una combinaci\u00f3n de colores \u00fanica para la calle.   <\/strong><\/p>\n<p data-end=\"486\" data-start=\"209\"><strong data-end=\"230\" data-start=\"212\">La chaqueta de fidelidad caqui<\/strong> de <strong data-end=\"250\" data-start=\"238\">Keiko-Gi<\/strong> retoma con elegancia el esp\u00edritu del <strong data-end=\"296\" data-start=\"286\">judogi<\/strong>, convirti\u00e9ndola en una prenda esencial de tu vestuario. Inspirada en el <strong data-end=\"387\" data-start=\"368\">kimono japon\u00e9s<\/strong>, combina <strong data-end=\"432\" data-start=\"400\">elegancia, comodidad y originalidad<\/strong> para un estilo \u00fanico que mezcla tradici\u00f3n y modernidad. <\/p>\n<p data-end=\"817\" data-start=\"488\">Confeccionada en <strong data-end=\"533\" data-start=\"505\">100% algod\u00f3n de grano de arroz<\/strong>, la chaqueta de fidelidad caqui tiene una <strong data-end=\"586\" data-start=\"563\">textura aut\u00e9ntica<\/strong> y <strong data-end=\"623\" data-start=\"594\">una durabilidad excepcional<\/strong>. Su <strong data-end=\"644\" data-start=\"628\">corte recto<\/strong> garantiza un aspecto pulcro y desenfadado, mientras que el <strong data-end=\"716\" data-start=\"702\">cuello doble<\/strong>, la <strong data-end=\"747\" data-start=\"721\">cremallera plateada<\/strong> y <strong data-end=\"785\" data-start=\"755\">los bolsillos de inspiraci\u00f3n kimono<\/strong> a\u00f1aden un toque refinado. <\/p>\n<p data-end=\"1043\" data-start=\"819\"><strong data-end=\"841\" data-start=\"823\">Las mangas holgadas<\/strong> garantizan una libertad de movimiento \u00f3ptima, que recuerda el esp\u00edritu del judo. Ideal para <strong data-end=\"946\" data-start=\"933\">entretiempo<\/strong>, esta chaqueta ligera y robusta es perfecta para todas las ocasiones, desde el d\u00eda a d\u00eda hasta la noche. <\/p>\n<p data-end=\"1162\" data-start=\"1045\">Comb\u00ednalo con <strong data-end=\"1086\" data-start=\"1065\">vaqueros<\/strong>, <strong data-end=\"1100\" data-start=\"1091\">pantalones cortos<\/strong> o una <strong data-end=\"1125\" data-start=\"1108\">falda<\/strong> para un look completo y equilibrado.<\/p>\n<hr data-end=\"1167\" data-start=\"1164\">\n<h3 data-end=\"1195\" data-start=\"1169\"><strong data-end=\"1195\" data-start=\"1173\">Caracter\u00edsticas :<\/strong><\/h3>\n<ul data-end=\"1516\" data-start=\"1196\">\n<li data-end=\"1245\" data-start=\"1196\">\n<p data-end=\"1245\" data-start=\"1198\"><b>Disponible en caqui<\/b><b><\/b><\/p>\n<\/li>\n<li data-end=\"1288\" data-start=\"1246\">\n<p data-end=\"1288\" data-start=\"1248\"><strong data-end=\"1261\" data-start=\"1248\">Material:<\/strong> 100% algod\u00f3n de grano de arroz<\/p>\n<\/li>\n<li data-end=\"1327\" data-start=\"1289\">\n<p data-end=\"1327\" data-start=\"1291\"><b>Con o sin forro \u00abSeigaiha<\/b><\/p>\n<\/li>\n<li data-end=\"1356\" data-start=\"1328\">\n<p data-end=\"1356\" data-start=\"1330\"><strong data-end=\"1345\" data-start=\"1330\">Cierre:<\/strong> Cremallera plateada<\/p>\n<\/li>\n<li data-end=\"1397\" data-start=\"1357\">\n<p data-end=\"1397\" data-start=\"1359\"><strong data-end=\"1374\" data-start=\"1359\">Cuidados:<\/strong> Lavar a 30\u00b0 m\u00e1ximo<\/p>\n<\/li>\n<li data-end=\"1435\" data-start=\"1398\">\n<p data-end=\"1435\" data-start=\"1400\"><strong data-end=\"1417\" data-start=\"1400\">Inspiraci\u00f3n:<\/strong> Kimono y judogi<\/p>\n<\/li>\n<li data-end=\"1516\" data-start=\"1436\">\n<p data-end=\"1516\" data-start=\"1438\"><strong data-end=\"1459\" data-start=\"1438\">Valor asociado:<\/strong> <em data-end=\"1470\" data-start=\"1460\">Lealtad<\/em> &#8211; uno de los 7 valores fundamentales del judo<\/p>\n<\/li>\n<li data-end=\"1516\" data-start=\"1436\"><b>Corte recto, mangas enteras<\/b><\/li>\n<\/ul>\n<div id=\"kurato_extension_modal\"><\/div>\n<div id=\"kurato_extension_modal\"><\/div>\n","protected":false},"excerpt":{"rendered":"<p>\u00a1Vuelve la imprescindible Keiko-Gi! Pocos a\u00f1os despu\u00e9s del lanzamiento de la chaqueta de fidelidad, tenemos un nuevo modelo, ligeramente retocado, con nuevos detalles y un nuevo color: \u00a1el caqui! <\/p>\n<p>\u00a1Ya est\u00e1 disponible la chaqueta judogi de lona caqui!<\/p>\n<div id=\"kurato_extension_modal\"><\/div>\n<div id=\"kurato_extension_modal\"><\/div>\n<div id=\"kurato_extension_modal\"><\/div>\n","protected":false},"featured_media":31675,"comment_status":"","ping_status":"closed","template":"","meta":[],"product_brand":[],"product_cat":[999,493],"product_tag":[],"giftcard-category":[],"class_list":{"0":"post-33602","1":"product","2":"type-product","3":"status-publish","4":"has-post-thumbnail","6":"product_cat-tela-del-kimono-es","7":"product_cat-tejidos-de-judo","8":"product_shipping_class-accesorios","10":"first","11":"instock","12":"taxable","13":"shipping-taxable","14":"purchasable","15":"product-type-variable"},"exclude_global_add_ons":[],"addons":[],"_links":{"self":[{"href":"https:\/\/fightingfilms.shop\/es\/wp-json\/wp\/v2\/product\/33602","targetHints":{"allow":["GET"]}}],"collection":[{"href":"https:\/\/fightingfilms.shop\/es\/wp-json\/wp\/v2\/product"}],"about":[{"href":"https:\/\/fightingfilms.shop\/es\/wp-json\/wp\/v2\/types\/product"}],"replies":[{"embeddable":true,"href":"https:\/\/fightingfilms.shop\/es\/wp-json\/wp\/v2\/comments?post=33602"}],"wp:featuredmedia":[{"embeddable":true,"href":"https:\/\/fightingfilms.shop\/es\/wp-json\/wp\/v2\/media\/31675"}],"wp:attachment":[{"href":"https:\/\/fightingfilms.shop\/es\/wp-json\/wp\/v2\/media?parent=33602"}],"wp:term":[{"taxonomy":"product_brand","embeddable":true,"href":"https:\/\/fightingfilms.shop\/es\/wp-json\/wp\/v2\/product_brand?post=33602"},{"taxonomy":"product_cat","embeddable":true,"href":"https:\/\/fightingfilms.shop\/es\/wp-json\/wp\/v2\/product_cat?post=33602"},{"taxonomy":"product_tag","embeddable":true,"href":"https:\/\/fightingfilms.shop\/es\/wp-json\/wp\/v2\/product_tag?post=33602"},{"taxonomy":"giftcard-category","embeddable":true,"href":"https:\/\/fightingfilms.shop\/es\/wp-json\/wp\/v2\/giftcard-category?post=33602"}],"curies":[{"name":"wp","href":"https:\/\/api.w.org\/{rel}","templated":true}]}}