{"id":33706,"date":"2025-11-14T12:48:49","date_gmt":"2025-11-14T11:48:49","guid":{"rendered":"https:\/\/fightingfilms.shop\/produit\/sobrecamisa-negra-de-sinceridad\/"},"modified":"2025-11-14T12:48:49","modified_gmt":"2025-11-14T11:48:49","slug":"sobrecamisa-negra-de-sinceridad","status":"publish","type":"product","link":"https:\/\/fightingfilms.shop\/es\/produit\/sobrecamisa-negra-de-sinceridad\/","title":{"rendered":"Sobrecamisa negra de sinceridad"},"content":{"rendered":"<p data-start=\"894\" data-end=\"1083\"><strong data-start=\"894\" data-end=\"923\">La sobrecamisa negra \u00abSinc\u00e9rit\u00e9<\/strong> \u00bb es mucho m\u00e1s que una prenda: es una pieza de car\u00e1cter, dise\u00f1ada para quienes valoran <strong data-start=\"1022\" data-end=\"1080\">la sobriedad, la fuerza tranquila y la sinceridad de los gestos<\/strong>.<\/p>\n<p data-start=\"1085\" data-end=\"1281\">Inspirada en el <strong data-start=\"1098\" data-end=\"1122\">judogi tradicional<\/strong>, esta sobrecamisa retoma los c\u00f3digos del kimono -l\u00edneas rectas, solidez, libertad de movimiento- al tiempo que se adapta perfectamente a un armario moderno.<\/p>\n<p data-start=\"1283\" data-end=\"1747\">\ud83d\udd39 <strong data-start=\"1286\" data-end=\"1299\">Material:<\/strong> tejido de kimono japon\u00e9s resistente y texturizado, que ofrece un ajuste impecable y una ca\u00edda estructurada.<br data-start=\"1402\" data-end=\"1405\">\ud83d\udd39 <strong data-start=\"1408\" data-end=\"1419\">Corte:<\/strong> recto y pensado para la comodidad y la est\u00e9tica.<br data-start=\"1491\" data-end=\"1494\">\ud83d\udd39 <strong data-start=\"1497\" data-end=\"1510\">Detalles:<\/strong> pespuntes reforzados, botones a tono, acabado meticuloso.<br data-start=\"1574\" data-end=\"1577\">\ud83d\udd39 <strong data-start=\"1580\" data-end=\"1608\">Forro (opcional):<\/strong> la <strong data-start=\"1612\" data-end=\"1640\">Gran Ola de Kanagawa<\/strong>, estampada en el interior de la sobrecamisa, un homenaje al arte japon\u00e9s y uno de sus mayores s\u00edmbolos.<\/p>\n<ul data-start=\"1748\" data-end=\"1926\">\n<li data-start=\"1853\" data-end=\"1926\">\n<p data-start=\"1855\" data-end=\"1926\"><strong data-start=\"1855\" data-end=\"1871\">Negro<\/strong> &#8211; elegante y sobrio, entre tradici\u00f3n y modernidad, polivalente.<\/p>\n<\/li>\n<\/ul>\n<p data-start=\"1928\" data-end=\"2066\">Cada modelo \u00abSinc\u00e9rit\u00e9\u00bb refleja la filosof\u00eda Keiko-Gi: <strong data-start=\"1991\" data-end=\"2065\">respeto por el gesto, durabilidad de los materiales y belleza en la sencillez<\/strong>.<\/p>\n<div id=\"kurato_extension_modal\"><\/div>\n<div id=\"kurato_extension_modal\"><\/div>\n<div id=\"kurato_extension_modal\"><\/div>\n<div id=\"kurato_extension_modal\"><\/div>\n<div id=\"kurato_extension_modal\"><\/div>\n<div id=\"kurato_extension_modal\"><\/div>\n","protected":false},"excerpt":{"rendered":"<p>Descubre la sobrecamisa sincerity negra de nuestro socio keiko-Gi . Confeccionada con tejido judogi, esta camiseta es ideal para el entretiempo. Su durabilidad y su dise\u00f1o sencillo y polivalente la convierten en una prenda imprescindible en el armario de todo judoka.  <\/p>\n<div id=\"kurato_extension_modal\"><\/div>\n<div id=\"kurato_extension_modal\"><\/div>\n<div id=\"kurato_extension_modal\"><\/div>\n<div id=\"kurato_extension_modal\"><\/div>\n<div id=\"kurato_extension_modal\"><\/div>\n<div id=\"kurato_extension_modal\"><\/div>\n<div id=\"kurato_extension_modal\"><\/div>\n","protected":false},"featured_media":31537,"comment_status":"","ping_status":"closed","template":"","meta":[],"product_brand":[],"product_cat":[999,493],"product_tag":[],"giftcard-category":[],"class_list":{"0":"post-33706","1":"product","2":"type-product","3":"status-publish","4":"has-post-thumbnail","6":"product_cat-tela-del-kimono-es","7":"product_cat-tejidos-de-judo","8":"product_shipping_class-accesorios","10":"first","11":"instock","12":"taxable","13":"shipping-taxable","14":"purchasable","15":"product-type-variable"},"exclude_global_add_ons":[],"addons":[],"_links":{"self":[{"href":"https:\/\/fightingfilms.shop\/es\/wp-json\/wp\/v2\/product\/33706","targetHints":{"allow":["GET"]}}],"collection":[{"href":"https:\/\/fightingfilms.shop\/es\/wp-json\/wp\/v2\/product"}],"about":[{"href":"https:\/\/fightingfilms.shop\/es\/wp-json\/wp\/v2\/types\/product"}],"replies":[{"embeddable":true,"href":"https:\/\/fightingfilms.shop\/es\/wp-json\/wp\/v2\/comments?post=33706"}],"wp:featuredmedia":[{"embeddable":true,"href":"https:\/\/fightingfilms.shop\/es\/wp-json\/wp\/v2\/media\/31537"}],"wp:attachment":[{"href":"https:\/\/fightingfilms.shop\/es\/wp-json\/wp\/v2\/media?parent=33706"}],"wp:term":[{"taxonomy":"product_brand","embeddable":true,"href":"https:\/\/fightingfilms.shop\/es\/wp-json\/wp\/v2\/product_brand?post=33706"},{"taxonomy":"product_cat","embeddable":true,"href":"https:\/\/fightingfilms.shop\/es\/wp-json\/wp\/v2\/product_cat?post=33706"},{"taxonomy":"product_tag","embeddable":true,"href":"https:\/\/fightingfilms.shop\/es\/wp-json\/wp\/v2\/product_tag?post=33706"},{"taxonomy":"giftcard-category","embeddable":true,"href":"https:\/\/fightingfilms.shop\/es\/wp-json\/wp\/v2\/giftcard-category?post=33706"}],"curies":[{"name":"wp","href":"https:\/\/api.w.org\/{rel}","templated":true}]}}