{"id":33810,"date":"2025-11-14T12:21:03","date_gmt":"2025-11-14T11:21:03","guid":{"rendered":"https:\/\/fightingfilms.shop\/produit\/sobrecamisa-sinceridad-caqui\/"},"modified":"2025-11-14T12:21:03","modified_gmt":"2025-11-14T11:21:03","slug":"sobrecamisa-sinceridad-caqui","status":"publish","type":"product","link":"https:\/\/fightingfilms.shop\/es\/produit\/sobrecamisa-sinceridad-caqui\/","title":{"rendered":"Sobrecamisa sinceridad caqui"},"content":{"rendered":"<p data-end=\"1083\" data-start=\"894\"><strong data-end=\"923\" data-start=\"894\">La sobrecamisa caqui \u00abSinc\u00e9rit\u00e9<\/strong> \u00bb es mucho m\u00e1s que una prenda: es una pieza de car\u00e1cter, dise\u00f1ada para quienes valoran <strong data-end=\"1080\" data-start=\"1022\">la sobriedad, la fuerza tranquila y la sinceridad de los gestos<\/strong>.<\/p>\n<p data-end=\"1281\" data-start=\"1085\">Inspirada en el <strong data-end=\"1122\" data-start=\"1098\">judogi tradicional<\/strong>, esta sobrecamisa retoma los c\u00f3digos del kimono -l\u00edneas rectas, solidez, libertad de movimiento- al tiempo que se adapta perfectamente a un armario moderno.<\/p>\n<p data-end=\"1747\" data-start=\"1283\">\ud83d\udd39 <strong data-end=\"1299\" data-start=\"1286\">Material:<\/strong> tejido de kimono japon\u00e9s resistente y texturizado, que ofrece un ajuste impecable y una ca\u00edda estructurada.<br data-end=\"1405\" data-start=\"1402\">\ud83d\udd39 <strong data-end=\"1419\" data-start=\"1408\">Corte:<\/strong> recto y pensado para la comodidad y la est\u00e9tica.<br data-end=\"1494\" data-start=\"1491\">\ud83d\udd39 <strong data-end=\"1510\" data-start=\"1497\">Detalles:<\/strong> pespuntes reforzados, botones a tono, acabado meticuloso.<br data-end=\"1577\" data-start=\"1574\">\ud83d\udd39 <strong data-end=\"1608\" data-start=\"1580\">Forro (opcional):<\/strong> la <strong data-end=\"1640\" data-start=\"1612\">Gran Ola de Kanagawa<\/strong>, estampada en el interior de la sobrecamisa, un homenaje al arte japon\u00e9s y uno de sus mayores s\u00edmbolos.<\/p>\n<ul data-end=\"1926\" data-start=\"1748\">\n<li data-end=\"1926\" data-start=\"1853\">\n<p data-end=\"1926\" data-start=\"1855\"><strong data-end=\"1871\" data-start=\"1855\">Caqui<\/strong>: original y elegante, una mezcla \u00fanica de tradici\u00f3n y modernidad.<\/p>\n<\/li>\n<\/ul>\n<p data-end=\"2066\" data-start=\"1928\">Cada modelo \u00abSinc\u00e9rit\u00e9\u00bb refleja la filosof\u00eda Keiko-Gi: <strong data-end=\"2065\" data-start=\"1991\">respeto por el gesto, durabilidad de los materiales y belleza en la sencillez<\/strong>.<\/p>\n<div id=\"kurato_extension_modal\"><\/div>\n<div id=\"kurato_extension_modal\"><\/div>\n","protected":false},"excerpt":{"rendered":"<p>Descubre la sobrecamisa sinceridad caqui de nuestro socio keiko-Gi . Confeccionada con tela judogi, esta camiseta es ideal para el entretiempo. Su durabilidad y su dise\u00f1o \u00fanico la convierten en una prenda imprescindible en el armario de todo judoka.  <\/p>\n<div id=\"kurato_extension_modal\"><\/div>\n<div id=\"kurato_extension_modal\"><\/div>\n","protected":false},"featured_media":31468,"comment_status":"","ping_status":"closed","template":"","meta":[],"product_brand":[],"product_cat":[999,493],"product_tag":[],"giftcard-category":[],"class_list":{"0":"post-33810","1":"product","2":"type-product","3":"status-publish","4":"has-post-thumbnail","6":"product_cat-tela-del-kimono-es","7":"product_cat-tejidos-de-judo","8":"product_shipping_class-accesorios","10":"first","11":"instock","12":"taxable","13":"shipping-taxable","14":"purchasable","15":"product-type-variable"},"exclude_global_add_ons":[],"addons":[],"_links":{"self":[{"href":"https:\/\/fightingfilms.shop\/es\/wp-json\/wp\/v2\/product\/33810","targetHints":{"allow":["GET"]}}],"collection":[{"href":"https:\/\/fightingfilms.shop\/es\/wp-json\/wp\/v2\/product"}],"about":[{"href":"https:\/\/fightingfilms.shop\/es\/wp-json\/wp\/v2\/types\/product"}],"replies":[{"embeddable":true,"href":"https:\/\/fightingfilms.shop\/es\/wp-json\/wp\/v2\/comments?post=33810"}],"wp:featuredmedia":[{"embeddable":true,"href":"https:\/\/fightingfilms.shop\/es\/wp-json\/wp\/v2\/media\/31468"}],"wp:attachment":[{"href":"https:\/\/fightingfilms.shop\/es\/wp-json\/wp\/v2\/media?parent=33810"}],"wp:term":[{"taxonomy":"product_brand","embeddable":true,"href":"https:\/\/fightingfilms.shop\/es\/wp-json\/wp\/v2\/product_brand?post=33810"},{"taxonomy":"product_cat","embeddable":true,"href":"https:\/\/fightingfilms.shop\/es\/wp-json\/wp\/v2\/product_cat?post=33810"},{"taxonomy":"product_tag","embeddable":true,"href":"https:\/\/fightingfilms.shop\/es\/wp-json\/wp\/v2\/product_tag?post=33810"},{"taxonomy":"giftcard-category","embeddable":true,"href":"https:\/\/fightingfilms.shop\/es\/wp-json\/wp\/v2\/giftcard-category?post=33810"}],"curies":[{"name":"wp","href":"https:\/\/api.w.org\/{rel}","templated":true}]}}