{"id":33832,"date":"2025-11-14T11:47:21","date_gmt":"2025-11-14T10:47:21","guid":{"rendered":"https:\/\/fightingfilms.shop\/produit\/bolsa-de-control-de-lona-kimono\/"},"modified":"2025-11-14T11:47:21","modified_gmt":"2025-11-14T10:47:21","slug":"bolsa-de-control-de-lona-kimono","status":"publish","type":"product","link":"https:\/\/fightingfilms.shop\/es\/produit\/bolsa-de-control-de-lona-kimono\/","title":{"rendered":"Bolsa de control de lona Kimono"},"content":{"rendered":"<h2>NUEVA COLECCI\u00d3N 2025<\/h2>\n<p>Inspirada en los kimonos de judo japoneses, esta bolsa de tela de kimono Control combina tradici\u00f3n y funcionalidad. Fabricada con resistente tela de kimono, se presenta en un sofisticado y exclusivo tono caqui o azul petr\u00f3leo. <\/p>\n<p>Las asas negras, con el estilo de un cintur\u00f3n de judo, ofrecen comodidad y durabilidad.<\/p>\n<p>Descubre un toque sutil en el interior de la bolsa con el aut\u00e9ntico forro japon\u00e9s con motivos Seigahia. Esta bolsa combina la est\u00e9tica japonesa con una durabilidad excepcional para un uso diario exigente.<\/p>\n<p>Descubre nuestra nueva <a href=\"https:\/\/www.keiko-gi.com\/collections\/collection-2025\" rel=\"nofollow noopener\" target=\"_blank\">colecci\u00f3n de ropa de inspiraci\u00f3n japonesa.<\/a><\/p>\n<div id=\"kurato_extension_modal\"><\/div>\n","protected":false},"excerpt":{"rendered":"<p>\u00a1Echa un vistazo a nuestro bolso tote de lona judogi! \u00a1Ideal para pasear por la ciudad, ir de compras o para una tarde en la playa! La bolsa de lona kimono, inspirada en el tejido Sashiko de nuestro socio Keiko-Gi, \u00a1ya est\u00e1 disponible!  <\/p>\n<div id=\"kurato_extension_modal\"><\/div>\n","protected":false},"featured_media":31426,"comment_status":"","ping_status":"closed","template":"","meta":[],"product_brand":[],"product_cat":[999,493],"product_tag":[],"giftcard-category":[],"class_list":{"0":"post-33832","1":"product","2":"type-product","3":"status-publish","4":"has-post-thumbnail","6":"product_cat-tela-del-kimono-es","7":"product_cat-tejidos-de-judo","8":"product_shipping_class-accesorios","10":"first","11":"instock","12":"taxable","13":"shipping-taxable","14":"purchasable","15":"product-type-variable"},"exclude_global_add_ons":[],"addons":[],"_links":{"self":[{"href":"https:\/\/fightingfilms.shop\/es\/wp-json\/wp\/v2\/product\/33832","targetHints":{"allow":["GET"]}}],"collection":[{"href":"https:\/\/fightingfilms.shop\/es\/wp-json\/wp\/v2\/product"}],"about":[{"href":"https:\/\/fightingfilms.shop\/es\/wp-json\/wp\/v2\/types\/product"}],"replies":[{"embeddable":true,"href":"https:\/\/fightingfilms.shop\/es\/wp-json\/wp\/v2\/comments?post=33832"}],"wp:featuredmedia":[{"embeddable":true,"href":"https:\/\/fightingfilms.shop\/es\/wp-json\/wp\/v2\/media\/31426"}],"wp:attachment":[{"href":"https:\/\/fightingfilms.shop\/es\/wp-json\/wp\/v2\/media?parent=33832"}],"wp:term":[{"taxonomy":"product_brand","embeddable":true,"href":"https:\/\/fightingfilms.shop\/es\/wp-json\/wp\/v2\/product_brand?post=33832"},{"taxonomy":"product_cat","embeddable":true,"href":"https:\/\/fightingfilms.shop\/es\/wp-json\/wp\/v2\/product_cat?post=33832"},{"taxonomy":"product_tag","embeddable":true,"href":"https:\/\/fightingfilms.shop\/es\/wp-json\/wp\/v2\/product_tag?post=33832"},{"taxonomy":"giftcard-category","embeddable":true,"href":"https:\/\/fightingfilms.shop\/es\/wp-json\/wp\/v2\/giftcard-category?post=33832"}],"curies":[{"name":"wp","href":"https:\/\/api.w.org\/{rel}","templated":true}]}}