{"id":33850,"date":"2025-10-24T15:54:19","date_gmt":"2025-10-24T13:54:19","guid":{"rendered":"https:\/\/fightingfilms.shop\/produit\/rollo-de-judo-cinturon-azul-50m\/"},"modified":"2025-10-24T15:54:19","modified_gmt":"2025-10-24T13:54:19","slug":"rollo-de-judo-cinturon-azul-50m","status":"publish","type":"product","link":"https:\/\/fightingfilms.shop\/es\/produit\/rollo-de-judo-cinturon-azul-50m\/","title":{"rendered":"Rollo de judo cintur\u00f3n azul 50m"},"content":{"rendered":"<p>El rollo de cintur\u00f3n de judo azul de 50 m es el accesorio ideal para todos los clubes de judo y otras artes marciales. \u00a1El cintur\u00f3n azul es el cuarto paso en este largo camino! Despu\u00e9s de los cinturones blanco, amarillo y naranja. \u00a1El cintur\u00f3n azul es uno de los \u00faltimos pasos antes del cintur\u00f3n negro! Con este cintur\u00f3n, los judokas adquieren un conocimiento profundo del judo y son capaces de realizar una amplia gama de t\u00e9cnicas.    <\/p>\n<p>Con este rollo de 50 m de cintur\u00f3n de judo azul, Made in Franc, podr\u00e1s hacer una veintena de cinturones para los judokas de tu club.<\/p>\n<p>Fabricado con un algod\u00f3n fuerte y flexible que no se deshilacha en los extremos, ofrece una gran resistencia y nudos s\u00f3lidos para todo un entrenamiento.<\/p>\n<h2 data-start=\"492\" data-end=\"516\"><strong data-start=\"492\" data-end=\"514\">Caracter\u00edsticas del rollo de cintur\u00f3n de judo azul de 50 m:<\/strong><\/h2>\n<ul data-start=\"517\" data-end=\"836\">\n<li data-start=\"517\" data-end=\"545\">\n<p data-start=\"519\" data-end=\"545\"><strong data-start=\"519\" data-end=\"533\">Longitud:<\/strong> 50 metros<\/p>\n<\/li>\n<li data-start=\"517\" data-end=\"545\"><strong>FABRICADO EN FRANCIA<\/strong><\/li>\n<li data-start=\"546\" data-end=\"586\">\n<p data-start=\"548\" data-end=\"586\"><strong data-start=\"548\" data-end=\"561\">Anchura:<\/strong> 4 cm (norma judo)<\/p>\n<\/li>\n<li data-start=\"587\" data-end=\"614\">\n<p data-start=\"589\" data-end=\"614\"><strong data-start=\"589\" data-end=\"602\">Color:<\/strong> Azul<\/p>\n<\/li>\n<li data-start=\"615\" data-end=\"650\">\n<p data-start=\"617\" data-end=\"650\"><strong data-start=\"617\" data-end=\"630\">Material:<\/strong> 100% algod\u00f3n tejido<\/p>\n<\/li>\n<li data-start=\"651\" data-end=\"683\">\n<p data-start=\"653\" data-end=\"683\"><strong data-start=\"653\" data-end=\"668\">Grosor:<\/strong> aprox. 4 mm<\/p>\n<\/li>\n<li data-start=\"749\" data-end=\"836\">\n<p data-start=\"751\" data-end=\"836\"><strong data-start=\"751\" data-end=\"768\">Uso:<\/strong> Ideal para recortar una veintena de <a href=\"https:\/\/fightingfilms.shop\/es\/categor\u00eda\/cinturones-de-judo\/?srsltid=AfmBOoruWC_v42LaFFlg7mr1t_DYHLWzGfIGc7iBSe2bskrCGeHndgyS\">cinturones de judo<\/a> seg\u00fan las necesidades del club.<\/p>\n<\/li>\n<\/ul>\n<div id=\"kurato_extension_modal\"><\/div>\n<div id=\"kurato_extension_modal\"><\/div>\n<div id=\"kurato_extension_modal\"><\/div>\n<div id=\"kurato_extension_modal\"><\/div>\n<div id=\"kurato_extension_modal\"><\/div>\n<div id=\"kurato_extension_modal\"><\/div>\n<div id=\"kurato_extension_modal\"><\/div>\n<div id=\"kurato_extension_modal\"><\/div>\n<div id=\"kurato_extension_modal\"><\/div>\n<div id=\"kurato_extension_modal\"><\/div>\n<div id=\"kurato_extension_modal\"><\/div>\n<div id=\"kurato_extension_modal\"><\/div>\n<div id=\"kurato_extension_modal\"><\/div>\n<div id=\"kurato_extension_modal\"><\/div>\n<div id=\"kurato_extension_modal\"><\/div>\n<div id=\"kurato_extension_modal\"><\/div>\n","protected":false},"excerpt":{"rendered":"<p>El rollo de 50 m de cinturones azules de judo es ideal para todos los clubes y academias. \u00a1Puedes utilizarlo para dar cinturones naranjas y verdes a tus j\u00f3venes judokas que a\u00fan est\u00e1n aprendiendo!<\/p>\n<p>FABRICADO EN FRANCIA<\/p>\n<div id=\"kurato_extension_modal\"><\/div>\n<div id=\"kurato_extension_modal\"><\/div>\n<div id=\"kurato_extension_modal\"><\/div>\n<div id=\"kurato_extension_modal\"><\/div>\n<div id=\"kurato_extension_modal\"><\/div>\n<div id=\"kurato_extension_modal\"><\/div>\n<div id=\"kurato_extension_modal\"><\/div>\n<div id=\"kurato_extension_modal\"><\/div>\n<div id=\"kurato_extension_modal\"><\/div>\n<div id=\"kurato_extension_modal\"><\/div>\n<div id=\"kurato_extension_modal\"><\/div>\n<div id=\"kurato_extension_modal\"><\/div>\n<div id=\"kurato_extension_modal\"><\/div>\n<div id=\"kurato_extension_modal\"><\/div>\n<div id=\"kurato_extension_modal\"><\/div>\n<div id=\"kurato_extension_modal\"><\/div>\n","protected":false},"featured_media":31906,"comment_status":"","ping_status":"closed","template":"","meta":[],"product_brand":[],"product_cat":[464,1140],"product_tag":[],"giftcard-category":[],"class_list":{"0":"post-33850","1":"product","2":"type-product","3":"status-publish","4":"has-post-thumbnail","6":"product_cat-cinturones-de-judo","7":"product_cat-rodillos-de-correa","8":"product_shipping_class-cinturon-o-copa","10":"first","11":"instock","12":"taxable","13":"shipping-taxable","14":"purchasable","15":"product-type-simple"},"exclude_global_add_ons":[],"addons":[],"_links":{"self":[{"href":"https:\/\/fightingfilms.shop\/es\/wp-json\/wp\/v2\/product\/33850","targetHints":{"allow":["GET"]}}],"collection":[{"href":"https:\/\/fightingfilms.shop\/es\/wp-json\/wp\/v2\/product"}],"about":[{"href":"https:\/\/fightingfilms.shop\/es\/wp-json\/wp\/v2\/types\/product"}],"replies":[{"embeddable":true,"href":"https:\/\/fightingfilms.shop\/es\/wp-json\/wp\/v2\/comments?post=33850"}],"wp:featuredmedia":[{"embeddable":true,"href":"https:\/\/fightingfilms.shop\/es\/wp-json\/wp\/v2\/media\/31906"}],"wp:attachment":[{"href":"https:\/\/fightingfilms.shop\/es\/wp-json\/wp\/v2\/media?parent=33850"}],"wp:term":[{"taxonomy":"product_brand","embeddable":true,"href":"https:\/\/fightingfilms.shop\/es\/wp-json\/wp\/v2\/product_brand?post=33850"},{"taxonomy":"product_cat","embeddable":true,"href":"https:\/\/fightingfilms.shop\/es\/wp-json\/wp\/v2\/product_cat?post=33850"},{"taxonomy":"product_tag","embeddable":true,"href":"https:\/\/fightingfilms.shop\/es\/wp-json\/wp\/v2\/product_tag?post=33850"},{"taxonomy":"giftcard-category","embeddable":true,"href":"https:\/\/fightingfilms.shop\/es\/wp-json\/wp\/v2\/giftcard-category?post=33850"}],"curies":[{"name":"wp","href":"https:\/\/api.w.org\/{rel}","templated":true}]}}