{"id":34362,"date":"2026-04-09T11:17:12","date_gmt":"2026-04-09T09:17:12","guid":{"rendered":"https:\/\/fightingfilms.shop\/produit\/puzzle-infantil-de-judo-jigoro-kano-36-piezas\/"},"modified":"2026-04-09T11:17:12","modified_gmt":"2026-04-09T09:17:12","slug":"puzzle-infantil-de-judo-jigoro-kano-36-piezas","status":"publish","type":"product","link":"https:\/\/fightingfilms.shop\/es\/produit\/puzzle-infantil-de-judo-jigoro-kano-36-piezas\/","title":{"rendered":"Puzzle infantil de judo &#8211; Jigoro Kano 36 piezas"},"content":{"rendered":"<p data-start=\"1017\" data-end=\"1337\">Sumerge a los m\u00e1s peque\u00f1os en el mundo del judo con el puzzle <strong data-start=\"1072\" data-end=\"1111\">de judo para ni\u00f1os Jigoro Kano de 36 piezas<\/strong>, creado por <strong data-start=\"1118\" data-end=\"1136\">Fighting Films y dise\u00f1ado por <a href=\"https:\/\/www.stephane-ganneau.com\/\" rel=\"nofollow noopener\" target=\"_blank\">Gano<\/a><\/strong>. Dise\u00f1ado para los ni\u00f1os y para todos los aficionados al judo, este puzzle presenta a <strong data-start=\"1221\" data-end=\"1236\">Jigoro Kano<\/strong>, el fundador del judo, en un entorno gr\u00e1fico inspirado en Jap\u00f3n y en la identidad visual de la marca. <\/p>\n<p data-start=\"1339\" data-end=\"1615\">Con sus <strong data-start=\"1348\" data-end=\"1361\">36 piezas<\/strong>, este puzzle de judo para ni\u00f1os es ideal para combinar <strong data-start=\"1415\" data-end=\"1455\">el juego, el descubrimiento y la pasi\u00f3n por el tatami<\/strong>. Es un producto original que introduce el mundo del judo de forma divertida, a la vez que rinde homenaje a una figura emblem\u00e1tica de la disciplina. <\/p>\n<p data-start=\"1617\" data-end=\"1824\">Ya sea para un cumplea\u00f1os, una recompensa de final de temporada, un regalo del club o simplemente para complacer a un joven judoka, este <strong data-start=\"1757\" data-end=\"1779\">puzzle de judo para ni\u00f1os<\/strong> es una gran idea para un regalo de judo.<\/p>\n<hr data-start=\"1826\" data-end=\"1829\">\n<h2 data-section-id=\"ue2y18\" data-start=\"1831\" data-end=\"1873\">Un puzzle infantil ambientado en el mundo del judo<\/h2>\n<p data-start=\"1875\" data-end=\"2174\">Este <strong data-start=\"1878\" data-end=\"1900\">puzzle de Jigoro Kano<\/strong> se ha dise\u00f1ado para proporcionar una experiencia visual divertida a los ni\u00f1os amantes del judo. Su ilustraci\u00f3n din\u00e1mica, sus colores llamativos y su marcado estilo gr\u00e1fico lo convierten en mucho m\u00e1s que un juego: es una peque\u00f1a pieza de coleccionista para los j\u00f3venes aficionados al judo. <\/p>\n<p data-start=\"2176\" data-end=\"2391\">Con su formato <strong data-start=\"2192\" data-end=\"2205\">de 36 piezas<\/strong>, es perfecto para un juego accesible, a la vez que desarrolla la paciencia, la observaci\u00f3n y el placer de recrear una escena inspirada en el mundo de las artes marciales japonesas.<\/p>\n<p data-start=\"2393\" data-end=\"2417\">Este puzzle destaca :<\/p>\n<ul data-start=\"2419\" data-end=\"2649\">\n<li data-section-id=\"9ivrrc\" data-start=\"2419\" data-end=\"2483\"><strong data-start=\"2421\" data-end=\"2436\">Jigoro Kano<\/strong>, figura clave en la historia del judo con su <a href=\"https:\/\/fightingfilms.shop\/es\/categor\u00eda\/kimonos-de-judo-es\/\">kimono de judo<\/a><\/li>\n<li data-section-id=\"9zh119\" data-start=\"2484\" data-end=\"2526\">una <strong data-start=\"2489\" data-end=\"2507\">ambientaci\u00f3n japonesa<\/strong> fuerte y envolvente<\/li>\n<li data-section-id=\"1qftvir\" data-start=\"2527\" data-end=\"2590\">una <strong data-start=\"2533\" data-end=\"2559\">ilustraci\u00f3n original<\/strong> en el esp\u00edritu de Fighting Films<\/li>\n<li data-section-id=\"pce46k\" data-start=\"2591\" data-end=\"2649\">un producto dise\u00f1ado para <strong data-start=\"2619\" data-end=\"2649\">los ni\u00f1os que aman el judo<\/strong><\/li>\n<\/ul>\n<hr data-start=\"2651\" data-end=\"2654\">\n<h2 data-section-id=\"at2p0y\" data-start=\"2656\" data-end=\"2707\">\u00bfPor qu\u00e9 elegir este puzzle de judo infantil Jigoro Kano de 36 piezas?<\/h2>\n<p data-start=\"2709\" data-end=\"2956\">El <strong data-start=\"2712\" data-end=\"2748\">Puzzle de judo para ni\u00f1os &#8211; Jigoro Kano<\/strong> 36 piezas es una idea excelente para completar el mundo de un joven judoka fuera del entrenamiento. Es una forma divertida, decorativa y original de llevar la pasi\u00f3n por el judo a casa. <\/p>\n<h3 data-section-id=\"26m2ut\" data-start=\"2958\" data-end=\"2991\">Fortalezas del producto :<\/h3>\n<ul data-start=\"2992\" data-end=\"3261\">\n<li data-section-id=\"3t3fge\" data-start=\"2992\" data-end=\"3021\"><strong data-start=\"2994\" data-end=\"3021\">Puzzle de judo para ni\u00f1os<\/strong><\/li>\n<li data-section-id=\"1h03wx5\" data-start=\"3022\" data-end=\"3037\"><strong data-start=\"3024\" data-end=\"3037\">36 piezas<\/strong><\/li>\n<li data-section-id=\"14sxypo\" data-start=\"3038\" data-end=\"3081\">Ilustraci\u00f3n original de <strong data-start=\"3066\" data-end=\"3081\">Jigoro Kano<\/strong><\/li>\n<li data-section-id=\"7cks19\" data-start=\"3082\" data-end=\"3110\">Universo gr\u00e1fico japon\u00e9s<\/li>\n<li data-section-id=\"lh8b4z\" data-start=\"3111\" data-end=\"3154\">Producto original de <strong data-start=\"3136\" data-end=\"3154\">Fighting Films<\/strong><\/li>\n<li data-section-id=\"wdgdi5\" data-start=\"3155\" data-end=\"3191\">Ideal como <strong data-start=\"3169\" data-end=\"3191\">regalo de judo para ni\u00f1os<\/strong><\/li>\n<li data-section-id=\"1h6i0ce\" data-start=\"3192\" data-end=\"3261\">Perfecto para descubrir la historia y la imaginaci\u00f3n del judo de una forma diferente<\/li>\n<\/ul>\n<hr data-start=\"3263\" data-end=\"3266\">\n<h2 data-section-id=\"nkmsqk\" data-start=\"3268\" data-end=\"3320\">Una idea de regalo original para j\u00f3venes judokas<\/h2>\n<p data-start=\"3322\" data-end=\"3506\">\u00bfBuscas un <strong data-start=\"3339\" data-end=\"3381\">regalo para un ni\u00f1o que practica judo<\/strong>? Este puzzle es una opci\u00f3n ideal. Es un bonito cambio respecto a los accesorios habituales, pero todo gira en torno al tatami.  <\/p>\n<p data-start=\"3508\" data-end=\"3539\">Perfecto para :<\/p>\n<ul data-start=\"3540\" data-end=\"3715\">\n<li data-section-id=\"21llhy\" data-start=\"3540\" data-end=\"3557\">un cumplea\u00f1os<\/li>\n<li data-section-id=\"gl68g4\" data-start=\"3558\" data-end=\"3600\">una recompensa tras un ascenso<\/li>\n<li data-section-id=\"1xcg5lv\" data-start=\"3601\" data-end=\"3620\">un regalo de Navidad<\/li>\n<li data-section-id=\"1rnufx\" data-start=\"3621\" data-end=\"3663\">un premio para un torneo o evento del club<\/li>\n<li data-section-id=\"djzl8e\" data-start=\"3664\" data-end=\"3715\">introducir a los j\u00f3venes en el mundo del judo<\/li>\n<li data-section-id=\"djzl8e\" data-start=\"3664\" data-end=\"3715\">A partir de 3 a\u00f1os<\/li>\n<\/ul>\n<p data-start=\"3717\" data-end=\"3926\">Con su elegante dise\u00f1o y su fuerte tem\u00e1tica, este <strong data-start=\"3765\" data-end=\"3794\">puzzle infantil de judo<\/strong> atraer\u00e1 por igual a ni\u00f1os, padres y clubes que quieran ofrecer art\u00edculos originales basados en su deporte.<\/p>\n<hr data-start=\"3928\" data-end=\"3931\">\n<h2 data-section-id=\"194z5af\" data-start=\"3933\" data-end=\"3960\">Homenaje a Jigoro Kano<\/h2>\n<p data-start=\"3962\" data-end=\"4167\">Con este puzzle, Fighting Films rinde homenaje a <strong data-start=\"4009\" data-end=\"4024\">Jigoro Kano<\/strong>, el fundador del judo. Es una forma estupenda de introducir a los ni\u00f1os en la historia de su deporte de una forma divertida y visual. <\/p>\n<p data-start=\"4169\" data-end=\"4328\">Adem\u00e1s de ser un juego, este puzzle tambi\u00e9n crea un v\u00ednculo con los valores del judo, su herencia japonesa y las grandes figuras que han dejado su huella en esta disciplina.<\/p>\n<hr data-start=\"4330\" data-end=\"4333\">\n<h2 data-section-id=\"77jau5\" data-start=\"4335\" data-end=\"4385\">Descubre nuestros otros productos infantiles<\/h2>\n<p data-start=\"4387\" data-end=\"4711\">Este puzzle infantil de judo &#8211; Jigoro Kano 36 piezas forma parte de una colecci\u00f3n de productos dise\u00f1ados para dar vida al mundo del judo de una forma diferente. Si a tu hijo le gusta este estilo de ilustraci\u00f3n, tambi\u00e9n te invitamos a descubrir nuestro <a href=\"https:\/\/fightingfilms.shop\/produit\/mon-album-judo\/\"><strong data-start=\"4585\" data-end=\"4602\">\u00e1lbum de judo<\/strong><\/a>que utiliza un universo gr\u00e1fico similar y ampl\u00eda la experiencia con otros dibujos inspirados en el judo. <\/p>\n<p data-start=\"4713\" data-end=\"4913\">Tambi\u00e9n puedes encontrar otras ideas de regalo en nuestra categor\u00eda <strong data-start=\"4785\" data-end=\"4838\"><a class=\"decorated-link cursor-pointer\" href=\"https:\/\/fightingfilms.shop\/es\/categor\u00eda\/goodies-de-judo\/\" rel=\"noopener\" data-start=\"4787\" data-end=\"4836\">art\u00edculos de judo<\/a><\/strong> para completar tu equipamiento y complacer a todos los j\u00f3venes aficionados.<\/p>\n<hr data-start=\"4915\" data-end=\"4918\">\n<h2 data-section-id=\"jzf6bh\" data-start=\"4920\" data-end=\"4950\">Caracter\u00edsticas del producto<\/h2>\n<p data-start=\"4952\" data-end=\"5221\"><strong data-start=\"4952\" data-end=\"4972\">Nombre del producto :<\/strong> Puzzle de Judo &#8211; Jigoro Kano<br data-start=\"4998\" data-end=\"5001\"><strong data-start=\"5001\" data-end=\"5013\">Marca :<\/strong> Fighting Films<br data-start=\"5028\" data-end=\"5031\"><strong data-start=\"5031\" data-end=\"5053\">N\u00famero de piezas :<\/strong> 36<br data-start=\"5056\" data-end=\"5059\"><strong data-start=\"5059\" data-end=\"5072\">Universo :<\/strong> Judo \/ Jap\u00f3n \/ Infantil<br data-start=\"5094\" data-end=\"5097\"><strong data-start=\"5097\" data-end=\"5115\">Ilustraci\u00f3n :<\/strong> Jigoro Kano con decoraci\u00f3n japonesa<br data-start=\"5147\" data-end=\"5150\"><strong data-start=\"5150\" data-end=\"5171\">Tipo de producto :<\/strong> Puzzle infantil \/ Regalo judo \/ Regalo judo infantil<\/p>\n<hr data-start=\"5223\" data-end=\"5226\">\n<h2 data-section-id=\"1ytaf8h\" data-start=\"5228\" data-end=\"5276\">\u00bfPor qu\u00e9 comprar un puzzle de judo para ni\u00f1os?<\/h2>\n<p data-start=\"5278\" data-end=\"5494\">Un <strong data-start=\"5281\" data-end=\"5303\">puzzle de judo para ni\u00f1os<\/strong> es una forma excelente de afianzar la pasi\u00f3n por el judo en la vida cotidiana. Es una forma sencilla y divertida de redescubrir el mundo del club, sus valores y el imaginario japon\u00e9s. <\/p>\n<p data-start=\"5496\" data-end=\"5694\">Para los ni\u00f1os que practican judo, tambi\u00e9n es una forma de prolongar su inter\u00e9s por su deporte favorito fuera de las sesiones de entrenamiento, con un producto original que no est\u00e1 disponible en todas partes.<\/p>\n<hr data-start=\"5696\" data-end=\"5699\">\n<h2 data-section-id=\"1sghawa\" data-start=\"5701\" data-end=\"5711\">PREGUNTAS FRECUENTES<\/h2>\n<h3 data-section-id=\"13pv67r\" data-start=\"5713\" data-end=\"5749\">\u00bfPara qui\u00e9n es este puzzle de judo?<\/h3>\n<p data-start=\"5750\" data-end=\"5905\">Este puzzle est\u00e1 dirigido a los ni\u00f1os amantes del judo, a los j\u00f3venes judokas, a los clubes y a cualquiera que busque un regalo original en el mundo del judo. Es perfecto para ni\u00f1os a partir de 3 a\u00f1os, y es una magn\u00edfica primera introducci\u00f3n al mundo del judo. <\/p>\n<h3 data-section-id=\"r1m6tz\" data-start=\"5907\" data-end=\"5949\">\u00bfCu\u00e1ntas piezas tiene este puzzle infantil de judo &#8211; Jigoro Kano 36 piezas?<\/h3>\n<p data-start=\"5950\" data-end=\"6017\">Este puzzle <strong data-start=\"5969\" data-end=\"5982\">de 36 piezas<\/strong> es ideal para los ni\u00f1os.<\/p>\n<h3 data-section-id=\"12knavy\" data-start=\"6019\" data-end=\"6057\">\u00bfQui\u00e9n est\u00e1 representado en el puzzle?<\/h3>\n<p data-start=\"6058\" data-end=\"6151\">El puzzle muestra a <strong data-start=\"6081\" data-end=\"6096\">Jigoro Kano<\/strong>, fundador del judo, en un escenario inspirado en Jap\u00f3n. Tambi\u00e9n presenta un kanji japon\u00e9s con la inscripci\u00f3n judo. <\/p>\n<h3 data-section-id=\"1msb3dj\" data-start=\"6153\" data-end=\"6219\">\u00bfEs una buena idea de regalo para un ni\u00f1o que practica judo?<\/h3>\n<p data-start=\"6220\" data-end=\"6336\">S\u00ed, es una gran idea para un <strong data-start=\"6254\" data-end=\"6276\">regalo de judo para ni\u00f1os<\/strong>, original y perfectamente acorde con el mundo del judo.<\/p>\n<h3 data-section-id=\"1jb7rtz\" data-start=\"6338\" data-end=\"6383\">\u00bfD\u00f3nde puedo encontrar otros productos similares?<\/h3>\n<p data-start=\"6384\" data-end=\"6552\">Puedes encontrar nuestros otros art\u00edculos en nuestra categor\u00eda de <strong data-start=\"6447\" data-end=\"6466\">art\u00edculos de judo<\/strong>, as\u00ed como nuestro <strong data-start=\"6483\" data-end=\"6500\">\u00e1lbum de judo<\/strong>, que contiene ilustraciones con el mismo esp\u00edritu.<\/p>\n","protected":false},"excerpt":{"rendered":"<p>Introduce a los m\u00e1s j\u00f3venes en el mundo del judo con nuestro puzzle Jigoro Kano de 36 piezas. Un bonito puzzle Fighting Films ilustrado al estilo manga, con decoraci\u00f3n japonesa y un homenaje al fundador del judo. Una idea de regalo original para todos los ni\u00f1os amantes del judo.  <\/p>\n","protected":false},"featured_media":34408,"comment_status":"","ping_status":"closed","template":"","meta":[],"product_brand":[],"product_cat":[1144,499],"product_tag":[],"giftcard-category":[],"class_list":{"0":"post-34362","1":"product","2":"type-product","3":"status-publish","4":"has-post-thumbnail","6":"product_cat-goodies-de-judo","7":"product_cat-accesorios-de-judo","8":"product_shipping_class-accesorios","10":"first","11":"instock","12":"taxable","13":"shipping-taxable","14":"purchasable","15":"product-type-simple"},"exclude_global_add_ons":[],"addons":[],"_links":{"self":[{"href":"https:\/\/fightingfilms.shop\/es\/wp-json\/wp\/v2\/product\/34362","targetHints":{"allow":["GET"]}}],"collection":[{"href":"https:\/\/fightingfilms.shop\/es\/wp-json\/wp\/v2\/product"}],"about":[{"href":"https:\/\/fightingfilms.shop\/es\/wp-json\/wp\/v2\/types\/product"}],"replies":[{"embeddable":true,"href":"https:\/\/fightingfilms.shop\/es\/wp-json\/wp\/v2\/comments?post=34362"}],"wp:featuredmedia":[{"embeddable":true,"href":"https:\/\/fightingfilms.shop\/es\/wp-json\/wp\/v2\/media\/34408"}],"wp:attachment":[{"href":"https:\/\/fightingfilms.shop\/es\/wp-json\/wp\/v2\/media?parent=34362"}],"wp:term":[{"taxonomy":"product_brand","embeddable":true,"href":"https:\/\/fightingfilms.shop\/es\/wp-json\/wp\/v2\/product_brand?post=34362"},{"taxonomy":"product_cat","embeddable":true,"href":"https:\/\/fightingfilms.shop\/es\/wp-json\/wp\/v2\/product_cat?post=34362"},{"taxonomy":"product_tag","embeddable":true,"href":"https:\/\/fightingfilms.shop\/es\/wp-json\/wp\/v2\/product_tag?post=34362"},{"taxonomy":"giftcard-category","embeddable":true,"href":"https:\/\/fightingfilms.shop\/es\/wp-json\/wp\/v2\/giftcard-category?post=34362"}],"curies":[{"name":"wp","href":"https:\/\/api.w.org\/{rel}","templated":true}]}}