{"id":34374,"date":"2026-04-09T13:22:42","date_gmt":"2026-04-09T11:22:42","guid":{"rendered":"https:\/\/fightingfilms.shop\/produit\/puzzle-infantil-de-judo-tomoe-nage-36-piezas\/"},"modified":"2026-04-09T13:22:42","modified_gmt":"2026-04-09T11:22:42","slug":"puzzle-infantil-de-judo-tomoe-nage-36-piezas","status":"publish","type":"product","link":"https:\/\/fightingfilms.shop\/es\/produit\/puzzle-infantil-de-judo-tomoe-nage-36-piezas\/","title":{"rendered":"Puzzle infantil de Judo &#8211; Tomoe Nage 36 piezas"},"content":{"rendered":"<p data-start=\"1050\" data-end=\"1421\">El <strong data-start=\"1053\" data-end=\"1091\">puzzle Judo &#8211; Tomoe Nage de 36 piezas<\/strong> dise\u00f1ado por <strong data-start=\"1095\" data-end=\"1113\">Fighting Films<\/strong> y Gano sumerge a los ni\u00f1os en el espectacular mundo del judo a trav\u00e9s de una de sus t\u00e9cnicas m\u00e1s conocidas. Con su din\u00e1mica ilustraci\u00f3n de <strong data-start=\"1267\" data-end=\"1281\">Tomoe N<\/strong>age, su <strong data-start=\"1287\" data-end=\"1309\">fondo verde y rojo<\/strong>, su <strong data-start=\"1315\" data-end=\"1325\">tatami<\/strong> y el <strong data-start=\"1332\" data-end=\"1367\">nombre de la t\u00e9cnica en japon\u00e9s<\/strong>, este puzzle es divertido, visual y educativo. <\/p>\n<p data-start=\"1423\" data-end=\"1724\">Dise\u00f1ado para los j\u00f3venes aficionados al judo, este <strong data-start=\"1468\" data-end=\"1500\">puzzle infantil de 36 piezas<\/strong> les permite descubrir o redescubrir una t\u00e9cnica emblem\u00e1tica del judo mientras se divierten. Es un producto original que lleva la pasi\u00f3n del tatami a casa, con un universo gr\u00e1fico fuerte y reconocible al instante. <\/p>\n<p data-start=\"1726\" data-end=\"1917\">Ya sea para un cumplea\u00f1os, un regalo del club, una recompensa o simplemente para complacer a un joven judoka, este <strong data-start=\"1849\" data-end=\"1870\">puzzle Tomoe Nage<\/strong> es una excelente idea de regalo de judo.<\/p>\n<hr data-start=\"1919\" data-end=\"1922\">\n<h2 data-section-id=\"1evzpli\" data-start=\"1924\" data-end=\"1983\">Un puzzle infantil basado en una t\u00e9cnica m\u00edtica del judo<\/h2>\n<p data-start=\"1985\" data-end=\"2323\">Con este puzzle, Fighting Films muestra <strong data-start=\"2029\" data-end=\"2043\">el Tomoe Nage<\/strong>, una t\u00e9cnica de judo emblem\u00e1tica y espectacular, apreciada por su movimiento din\u00e1mico y su fuerte identidad visual. Con su en\u00e9rgica ilustraci\u00f3n y su dise\u00f1o de inspiraci\u00f3n japonesa, este puzzle captar\u00e1 inmediatamente la atenci\u00f3n de los ni\u00f1os amantes del judo. <\/p>\n<p data-start=\"2325\" data-end=\"2369\">Los efectos visuales combinan varios elementos fuertes:<\/p>\n<ul data-start=\"2371\" data-end=\"2570\">\n<li data-section-id=\"g0wpbc\" data-start=\"2371\" data-end=\"2400\"><strong data-start=\"2376\" data-end=\"2400\">T\u00e9cnica Tomoe Nage<\/strong><\/li>\n<li data-section-id=\"12o6f5j\" data-start=\"2401\" data-end=\"2425\">un <strong data-start=\"2406\" data-end=\"2425\">tatami ilustrado<\/strong><\/li>\n<li data-section-id=\"1ajqyt6\" data-start=\"2426\" data-end=\"2468\">un <strong data-start=\"2431\" data-end=\"2453\">fondo verde y rojo<\/strong> de gran impacto<\/li>\n<li data-section-id=\"1o80irg\" data-start=\"2469\" data-end=\"2506\"><strong data-start=\"2474\" data-end=\"2506\">nombre japon\u00e9s de la t\u00e9cnica<\/strong><\/li>\n<li data-section-id=\"414ofx\" data-start=\"2507\" data-end=\"2570\">un estilo gr\u00e1fico original en el universo <strong data-start=\"2552\" data-end=\"2570\">Fighting Films<\/strong><\/li>\n<\/ul>\n<p data-start=\"2572\" data-end=\"2777\">Con sus <strong data-start=\"2581\" data-end=\"2594\">36 piezas<\/strong>, este puzzle es accesible para los ni\u00f1os sin dejar de ser divertido de montar. Ayuda a desarrollar la observaci\u00f3n, la concentraci\u00f3n y el placer de jugar en torno a su deporte favorito. <\/p>\n<hr data-start=\"2779\" data-end=\"2782\">\n<h2 data-section-id=\"at2p0y\" data-start=\"2784\" data-end=\"2835\">\u00bfPor qu\u00e9 elegir este puzzle de judo de Fighting Films?<\/h2>\n<p data-start=\"2837\" data-end=\"3142\">El <strong data-start=\"2840\" data-end=\"2875\">puzzle de judo para ni\u00f1os &#8211; Tomoe Nage<\/strong> es un producto original que permite a los j\u00f3venes judokas redescubrir el mundo del judo fuera de las sesiones de entrenamiento. M\u00e1s que un juego, es tambi\u00e9n una forma divertida de familiarizarse con las t\u00e9cnicas, los nombres japoneses y las im\u00e1genes visuales de este deporte. <\/p>\n<h3 data-section-id=\"26m2ut\" data-start=\"3144\" data-end=\"3177\">Fortalezas del producto :<\/h3>\n<ul data-start=\"3178\" data-end=\"3516\">\n<li data-section-id=\"3t3fge\" data-start=\"3178\" data-end=\"3207\"><strong data-start=\"3180\" data-end=\"3207\">Puzzle de judo para ni\u00f1os<\/strong><\/li>\n<li data-section-id=\"1h03wx5\" data-start=\"3208\" data-end=\"3223\"><strong data-start=\"3210\" data-end=\"3223\">36 piezas<\/strong><\/li>\n<li data-section-id=\"owq022\" data-start=\"3224\" data-end=\"3279\">Ilustraci\u00f3n din\u00e1mica de la t\u00e9cnica <strong data-start=\"3265\" data-end=\"3279\">Tomoe Nage<\/strong><\/li>\n<li data-section-id=\"vqy441\" data-start=\"3280\" data-end=\"3326\"><strong data-start=\"3294\" data-end=\"3326\">Nombre japon\u00e9s de la t\u00e9cnica<\/strong><\/li>\n<li data-section-id=\"898i9e\" data-start=\"3327\" data-end=\"3376\">Decoraci\u00f3n con <strong data-start=\"3340\" data-end=\"3350\">tatami<\/strong> y fondo <strong data-start=\"3359\" data-end=\"3376\">verde y rojo<\/strong><\/li>\n<li data-section-id=\"lh8b4z\" data-start=\"3377\" data-end=\"3420\">Producto original de <strong data-start=\"3402\" data-end=\"3420\">Fighting Films<\/strong><\/li>\n<li data-section-id=\"wdgdi5\" data-start=\"3421\" data-end=\"3457\">Ideal como <strong data-start=\"3435\" data-end=\"3457\">regalo de judo para ni\u00f1os<\/strong><\/li>\n<li data-section-id=\"1kl0k9z\" data-start=\"3458\" data-end=\"3516\">Perfecto para j\u00f3venes entusiastas de las t\u00e9cnicas de judo<\/li>\n<\/ul>\n<hr data-start=\"3518\" data-end=\"3521\">\n<h2 data-section-id=\"nkmsqk\" data-start=\"3523\" data-end=\"3575\">Una idea de regalo original para j\u00f3venes judokas<\/h2>\n<p data-start=\"3577\" data-end=\"3807\">\u00bfBuscas un <strong data-start=\"3596\" data-end=\"3638\">regalo para un ni\u00f1o que practica judo<\/strong>? Este puzzle es una excelente alternativa a los regalos m\u00e1s tradicionales. Combina el mundo del judo, juegos, elementos visuales y el descubrimiento de una t\u00e9cnica esencial.  <\/p>\n<p data-start=\"3809\" data-end=\"3830\">Perfecto para :<\/p>\n<ul data-start=\"3831\" data-end=\"3985\">\n<li data-section-id=\"21llhy\" data-start=\"3831\" data-end=\"3848\">un cumplea\u00f1os<\/li>\n<li data-section-id=\"1xcg5lv\" data-start=\"3849\" data-end=\"3868\">un regalo de Navidad<\/li>\n<li data-section-id=\"7tq1h7\" data-start=\"3869\" data-end=\"3919\">una recompensa despu\u00e9s de un curso o competici\u00f3n<\/li>\n<li data-section-id=\"1xd1e7x\" data-start=\"3920\" data-end=\"3939\">un regalo del club<\/li>\n<li data-section-id=\"11oy7c1\" data-start=\"3940\" data-end=\"3985\">un evento o premio para j\u00f3venes judokas<\/li>\n<\/ul>\n<p data-start=\"3987\" data-end=\"4147\">Este <strong data-start=\"3990\" data-end=\"4012\">puzzle de judo para ni\u00f1os<\/strong> atraer\u00e1 a ni\u00f1os, padres, entrenadores y clubes que quieran ofrecer productos originales basados en el judo.<\/p>\n<hr data-start=\"4149\" data-end=\"4152\">\n<h2 data-section-id=\"1gifaqe\" data-start=\"4154\" data-end=\"4184\">Descubre el judo de otra manera<\/h2>\n<p data-start=\"4186\" data-end=\"4472\">El <strong data-start=\"4189\" data-end=\"4220\">puzzle Tomoe Nage de 36 piezas<\/strong> es una forma estupenda de introducir a los ni\u00f1os en el judo desde un \u00e1ngulo diferente: mediante juegos, im\u00e1genes y t\u00e9cnicas. Es una forma estupenda de despertar la curiosidad de los ni\u00f1os, alimentar su pasi\u00f3n y reconectarlos con el mundo del tatami, incluso en casa. <\/p>\n<p data-start=\"4474\" data-end=\"4686\">Con su <strong data-start=\"4494\" data-end=\"4510\">nombre japon\u00e9s<\/strong>, su postura t\u00e9cnica y su decoraci\u00f3n de tatami, este puzzle es tambi\u00e9n una forma divertida de familiarizar a los m\u00e1s peque\u00f1os con el vocabulario y la est\u00e9tica del judo.<\/p>\n<hr data-start=\"4688\" data-end=\"4691\">\n<h2 data-section-id=\"77jau5\" data-start=\"4693\" data-end=\"4743\">Descubre nuestros otros productos infantiles<\/h2>\n<p data-start=\"4745\" data-end=\"5032\">Este puzzle es uno de nuestros productos dise\u00f1ados para acercar el mundo del judo a la vida cotidiana. Si a tu hijo le gusta este estilo de ilustraci\u00f3n, echa un vistazo a nuestro <a href=\"https:\/\/fightingfilms.shop\/produit\/mon-album-judo\/\"><strong data-start=\"4909\" data-end=\"4926\">\u00e1lbum de judo<\/strong><\/a>que utiliza un universo gr\u00e1fico similar con otros dibujos inspirados en el judo y sus personajes. <\/p>\n<p data-start=\"5034\" data-end=\"5251\">Tambi\u00e9n puedes navegar por nuestra categor\u00eda <strong data-start=\"5078\" data-end=\"5131\"><a class=\"decorated-link cursor-pointer\" href=\"https:\/\/fightingfilms.shop\/es\/categor\u00eda\/goodies-de-judo\/\" rel=\"noopener\" data-start=\"5080\" data-end=\"5129\">regalos de judo<\/a><\/strong> para encontrar otras ideas de regalos originales para j\u00f3venes judokas y fans de la marca Fighting Films.<\/p>\n<h2 data-section-id=\"jzf6bh\" data-start=\"5258\" data-end=\"5288\">Caracter\u00edsticas del producto<\/h2>\n<p data-start=\"5290\" data-end=\"5614\"><strong data-start=\"5290\" data-end=\"5310\">Nombre del producto :<\/strong> Puzzle de judo &#8211; Tomoe Nage<br data-start=\"5335\" data-end=\"5338\"><strong data-start=\"5338\" data-end=\"5350\">Marca :<\/strong> Fighting Films<br data-start=\"5365\" data-end=\"5368\"><strong data-start=\"5368\" data-end=\"5390\">N\u00famero de piezas :<\/strong> 36<br data-start=\"5393\" data-end=\"5396\"><strong data-start=\"5396\" data-end=\"5409\">Universo :<\/strong> Judo \/ Infantil \/ T\u00e9cnicas de judo \/ Jap\u00f3n<br data-start=\"5452\" data-end=\"5455\"><strong data-start=\"5455\" data-end=\"5473\">Ilustraci\u00f3n :<\/strong> T\u00e9cnica Tomoe Nage con tatami, fondo verde y rojo, nombre japon\u00e9s<br data-start=\"5540\" data-end=\"5543\"><strong data-start=\"5543\" data-end=\"5564\">Tipo de producto :<\/strong> Puzzle infantil \/ Regalo judo \/ Regalo judo infantil<\/p>\n<hr data-start=\"5616\" data-end=\"5619\">\n<h2 data-section-id=\"1ytaf8h\" data-start=\"5621\" data-end=\"5669\">\u00bfPor qu\u00e9 comprar un puzzle de judo para ni\u00f1os?<\/h2>\n<p data-start=\"5671\" data-end=\"5888\">Un <strong data-start=\"5674\" data-end=\"5696\">puzzle de judo para ni\u00f1os<\/strong> es una forma excelente de extender la pasi\u00f3n por el judo fuera del dojo. Permite a los m\u00e1s j\u00f3venes redescubrir su mundo favorito a trav\u00e9s de una actividad tranquila, divertida y gratificante. <\/p>\n<p data-start=\"5890\" data-end=\"6181\">En el caso de este modelo de <strong data-start=\"5915\" data-end=\"5929\">Tomoe Nage<\/strong>, el puzzle tambi\u00e9n tiene la ventaja de resaltar una <strong data-start=\"5983\" data-end=\"6011\">conocida t\u00e9cnica de judo<\/strong> en una imagen fuerte y reconocible al instante. Es un producto que atrae tanto por su aspecto l\u00fadico como por su v\u00ednculo directo con la pr\u00e1ctica del judo. <\/p>\n<hr data-start=\"6183\" data-end=\"6186\">\n<h2 data-section-id=\"1sghawa\" data-start=\"6188\" data-end=\"6198\">PREGUNTAS FRECUENTES<\/h2>\n<h3 data-section-id=\"13pv67r\" data-start=\"6200\" data-end=\"6236\">\u00bfPara qui\u00e9n es este puzzle de judo?<\/h3>\n<p data-start=\"6237\" data-end=\"6399\">Este puzzle est\u00e1 dirigido a los ni\u00f1os amantes del judo, a los j\u00f3venes judokas, a los clubes y a cualquiera que busque una idea de regalo original en el mundo del judo.<\/p>\n<h3 data-section-id=\"r1m6tz\" data-start=\"6401\" data-end=\"6443\">\u00bfCu\u00e1ntas piezas tiene este puzzle?<\/h3>\n<p data-start=\"6444\" data-end=\"6511\">Este puzzle <strong data-start=\"6463\" data-end=\"6476\">de 36 piezas<\/strong> es ideal para los ni\u00f1os.<\/p>\n<h3 data-section-id=\"1rhz5yi\" data-start=\"6513\" data-end=\"6559\">\u00bfQu\u00e9 t\u00e9cnica de judo est\u00e1 representada?<\/h3>\n<p data-start=\"6560\" data-end=\"6643\">Este puzzle representa la t\u00e9cnica <strong data-start=\"6594\" data-end=\"6608\">Tomoe Nage<\/strong>, con su nombre en japon\u00e9s.<\/p>\n<h3 data-section-id=\"1y4zsag\" data-start=\"6645\" data-end=\"6682\">\u00bfQu\u00e9 hay en el visual?<\/h3>\n<p data-start=\"6683\" data-end=\"6839\">El visual muestra la t\u00e9cnica de judo, un <strong data-start=\"6725\" data-end=\"6735\">tatami<\/strong>, un <strong data-start=\"6740\" data-end=\"6762\">fondo verde y rojo<\/strong> y el <strong data-start=\"6769\" data-end=\"6785\">nombre japon\u00e9s<\/strong> Tomoe Nage en un estilo gr\u00e1fico de Fighting Films.<\/p>\n<h3 data-section-id=\"1msb3dj\" data-start=\"6841\" data-end=\"6907\">\u00bfEs una buena idea de regalo para un ni\u00f1o que practica judo?<\/h3>\n<p data-start=\"6908\" data-end=\"7022\">S\u00ed, es una gran idea para un <strong data-start=\"6942\" data-end=\"6964\">regalo de judo para ni\u00f1os<\/strong>, original, divertida y totalmente dentro del mundo del judo.<\/p>\n<h3 data-section-id=\"1jb7rtz\" data-start=\"7024\" data-end=\"7069\">\u00bfD\u00f3nde puedo encontrar otros productos similares?<\/h3>\n<p data-start=\"7070\" data-end=\"7236\">Puedes encontrar otros art\u00edculos en nuestra categor\u00eda de <strong data-start=\"7131\" data-end=\"7150\">art\u00edculos de judo<\/strong>, as\u00ed como nuestro <strong data-start=\"7167\" data-end=\"7184\">\u00e1lbum de judo<\/strong>, que contiene ilustraciones con el mismo esp\u00edritu.<\/p>\n<p>&nbsp;<\/p>\n","protected":false},"excerpt":{"rendered":"<p>Introduce a los m\u00e1s peque\u00f1os en el mundo de las t\u00e9cnicas de judo con nuestro puzzle infantil Tomoe Nage de 36 piezas. Un original puzzle de Fighting Films, ilustrado con un tatami, un fondo verde y rojo, el nombre de la t\u00e9cnica en japon\u00e9s y un din\u00e1mico dibujo inspirado en el judo. <\/p>\n","protected":false},"featured_media":34392,"comment_status":"","ping_status":"closed","template":"","meta":[],"product_brand":[],"product_cat":[499,1144],"product_tag":[],"giftcard-category":[],"class_list":{"0":"post-34374","1":"product","2":"type-product","3":"status-publish","4":"has-post-thumbnail","6":"product_cat-accesorios-de-judo","7":"product_cat-goodies-de-judo","8":"product_shipping_class-accesorios","10":"first","11":"instock","12":"taxable","13":"shipping-taxable","14":"purchasable","15":"product-type-simple"},"exclude_global_add_ons":[],"addons":[],"_links":{"self":[{"href":"https:\/\/fightingfilms.shop\/es\/wp-json\/wp\/v2\/product\/34374","targetHints":{"allow":["GET"]}}],"collection":[{"href":"https:\/\/fightingfilms.shop\/es\/wp-json\/wp\/v2\/product"}],"about":[{"href":"https:\/\/fightingfilms.shop\/es\/wp-json\/wp\/v2\/types\/product"}],"replies":[{"embeddable":true,"href":"https:\/\/fightingfilms.shop\/es\/wp-json\/wp\/v2\/comments?post=34374"}],"wp:featuredmedia":[{"embeddable":true,"href":"https:\/\/fightingfilms.shop\/es\/wp-json\/wp\/v2\/media\/34392"}],"wp:attachment":[{"href":"https:\/\/fightingfilms.shop\/es\/wp-json\/wp\/v2\/media?parent=34374"}],"wp:term":[{"taxonomy":"product_brand","embeddable":true,"href":"https:\/\/fightingfilms.shop\/es\/wp-json\/wp\/v2\/product_brand?post=34374"},{"taxonomy":"product_cat","embeddable":true,"href":"https:\/\/fightingfilms.shop\/es\/wp-json\/wp\/v2\/product_cat?post=34374"},{"taxonomy":"product_tag","embeddable":true,"href":"https:\/\/fightingfilms.shop\/es\/wp-json\/wp\/v2\/product_tag?post=34374"},{"taxonomy":"giftcard-category","embeddable":true,"href":"https:\/\/fightingfilms.shop\/es\/wp-json\/wp\/v2\/giftcard-category?post=34374"}],"curies":[{"name":"wp","href":"https:\/\/api.w.org\/{rel}","templated":true}]}}