{"id":34403,"date":"2026-04-09T15:22:53","date_gmt":"2026-04-09T13:22:53","guid":{"rendered":"https:\/\/fightingfilms.shop\/produit\/puzzle-infantil-judo-amistad-36-piezas\/"},"modified":"2026-04-09T15:22:53","modified_gmt":"2026-04-09T13:22:53","slug":"puzzle-infantil-judo-amistad-36-piezas","status":"publish","type":"product","link":"https:\/\/fightingfilms.shop\/es\/produit\/puzzle-infantil-judo-amistad-36-piezas\/","title":{"rendered":"Puzzle infantil Judo &#8211; Amistad 36 piezas"},"content":{"rendered":"<p data-start=\"904\" data-end=\"1231\">El <strong data-start=\"907\" data-end=\"941\">puzzle Kids Judo &#8211; Amistad<\/strong> de <strong data-start=\"907\" data-end=\"941\">36 piezas<\/strong> de <strong data-start=\"945\" data-end=\"963\">Fighting<\/strong> Films invita a los ni\u00f1os a descubrir el judo de una forma diferente, a trav\u00e9s de uno de sus valores m\u00e1s importantes: <strong data-start=\"1068\" data-end=\"1080\">la amistad<\/strong>. M\u00e1s que un juego, este puzzle permite a los ni\u00f1os sumergirse en el mundo del judo, al tiempo que pone de relieve el esp\u00edritu que hace tan rica esta disciplina. <\/p>\n<p data-start=\"1233\" data-end=\"1633\">Dise\u00f1ado para los j\u00f3venes judokas y todos los ni\u00f1os interesados en el mundo del judo, este <strong data-start=\"1322\" data-end=\"1349\">puzzle de judo para ni\u00f1os &#8211; Amiti\u00e9 de 36 piezas<\/strong> combina <strong data-start=\"1356\" data-end=\"1397\">juego, descubrimiento y valores educativos<\/strong>. Es una gran idea de regalo para llevar la pasi\u00f3n del dojo a casa, al tiempo que nos recuerda que el judo no es s\u00f3lo t\u00e9cnica: tambi\u00e9n transmite principios s\u00f3lidos como el respeto, el valor y, por supuesto, la amistad. <\/p>\n<p data-start=\"1635\" data-end=\"1755\">Con este puzzle, Fighting Films ofrece un producto original en torno al judo, divertido, visual y significativo.<\/p>\n<hr data-start=\"1757\" data-end=\"1760\">\n<h2 data-section-id=\"1ngjak3\" data-start=\"1762\" data-end=\"1825\">Un puzzle infantil basado en uno de los grandes valores del judo<\/h2>\n<p data-start=\"1827\" data-end=\"2081\">El judo es mucho m\u00e1s que un deporte de combate. Es una disciplina educativa basada en s\u00f3lidos valores, transmitidos desde una edad temprana. Con este <strong data-start=\"1976\" data-end=\"1998\">puzzle infantil de 36 piezas Judo &#8211; Amistad<\/strong>, Fighting Films pone de relieve uno de los valores esenciales del c\u00f3digo moral del judo.  <\/p>\n<p data-start=\"2083\" data-end=\"2163\">Este puzzle permite a los ni\u00f1os volver a conectar con la esencia del judo:<\/p>\n<ul data-start=\"2165\" data-end=\"2302\">\n<li data-section-id=\"1m0ld22\" data-start=\"2165\" data-end=\"2189\">el placer de compartir<\/li>\n<li data-section-id=\"yts85z\" data-start=\"2190\" data-end=\"2215\">el esp\u00edritu de camarader\u00eda<\/li>\n<li data-section-id=\"aq0rn5\" data-start=\"2216\" data-end=\"2258\">el v\u00ednculo entre los socios de formaci\u00f3n<\/li>\n<li data-section-id=\"1l7gah2\" data-start=\"2259\" data-end=\"2302\">la dimensi\u00f3n educativa y humana del judo<\/li>\n<\/ul>\n<p data-start=\"2304\" data-end=\"2474\">Gracias a su formato <strong data-start=\"2323\" data-end=\"2336\">de 36 piezas<\/strong>, este puzzle es accesible para los ni\u00f1os y ofrece un momento de juego tranquilo, divertido y gratificante, en un mundo totalmente inspirado en el judo.<\/p>\n<hr data-start=\"2476\" data-end=\"2479\">\n<h2 data-section-id=\"at2p0y\" data-start=\"2481\" data-end=\"2532\">\u00bfPor qu\u00e9 elegir este puzzle de judo de Fighting Films?<\/h2>\n<p data-start=\"2534\" data-end=\"2797\">El <strong data-start=\"2537\" data-end=\"2568\">Puzzle infantil de judo &#8211; Amistad<\/strong> de 36 piezas es la forma perfecta de completar el mundo de un joven judoka con algo diferente, original y fiel al esp\u00edritu del judo. No s\u00f3lo muestra la est\u00e9tica del judo, sino tambi\u00e9n los valores que van de la mano de su pr\u00e1ctica. <\/p>\n<h3 data-section-id=\"26m2ut\" data-start=\"2799\" data-end=\"2832\">Fortalezas del producto :<\/h3>\n<ul data-start=\"2833\" data-end=\"3109\">\n<li data-section-id=\"3t3fge\" data-start=\"2833\" data-end=\"2862\"><strong data-start=\"2835\" data-end=\"2862\">Puzzle de judo para ni\u00f1os<\/strong><\/li>\n<li data-section-id=\"1h03wx5\" data-start=\"2863\" data-end=\"2878\"><strong data-start=\"2865\" data-end=\"2878\">36 piezas<\/strong><\/li>\n<li data-section-id=\"12sgi8v\" data-start=\"2879\" data-end=\"2920\">Inspirado en el valor del judo <strong data-start=\"2910\" data-end=\"2920\">Amistad<\/strong><\/li>\n<li data-section-id=\"1wqgsz0\" data-start=\"2921\" data-end=\"2950\">Producto divertido y educativo<\/li>\n<li data-section-id=\"xcnqrq\" data-start=\"2951\" data-end=\"3004\">Universo gr\u00e1fico original de <strong data-start=\"2986\" data-end=\"3004\">Fighting Films<\/strong><\/li>\n<li data-section-id=\"wdgdi5\" data-start=\"3005\" data-end=\"3041\">Ideal como <strong data-start=\"3019\" data-end=\"3041\">regalo de judo para ni\u00f1os<\/strong><\/li>\n<li data-section-id=\"q3fw68\" data-start=\"3042\" data-end=\"3109\">Perfecto para ense\u00f1ar a los m\u00e1s j\u00f3venes los <strong data-start=\"3090\" data-end=\"3109\">valores del judo<\/strong><\/li>\n<\/ul>\n<hr data-start=\"3111\" data-end=\"3114\">\n<h2 data-section-id=\"aywvsh\" data-start=\"3116\" data-end=\"3162\">Una idea de regalo original y significativa<\/h2>\n<p data-start=\"3164\" data-end=\"3381\">\u00bfBuscas un <strong data-start=\"3181\" data-end=\"3223\">regalo para un ni\u00f1o que practica judo<\/strong>? Este puzzle es una idea excelente. Te permite ofrecer un producto original en el mundo del judo, al tiempo que transmite un mensaje positivo e importante.  <\/p>\n<p data-start=\"3383\" data-end=\"3425\">Este <strong data-start=\"3386\" data-end=\"3408\">puzzle de judo para ni\u00f1os<\/strong> es ideal para :<\/p>\n<ul data-start=\"3426\" data-end=\"3603\">\n<li data-section-id=\"21llhy\" data-start=\"3426\" data-end=\"3443\">un cumplea\u00f1os<\/li>\n<li data-section-id=\"1xcg5lv\" data-start=\"3444\" data-end=\"3463\">un regalo de Navidad<\/li>\n<li data-section-id=\"54ybx4\" data-start=\"3464\" data-end=\"3488\">un premio del club<\/li>\n<li data-section-id=\"15rs839\" data-start=\"3489\" data-end=\"3510\">ascenso a un grado superior<\/li>\n<li data-section-id=\"1sms0ai\" data-start=\"3511\" data-end=\"3549\">un evento o un premio para un torneo<\/li>\n<li data-section-id=\"3rl4rf\" data-start=\"3550\" data-end=\"3603\">introducir a los j\u00f3venes en los valores del judo<\/li>\n<\/ul>\n<p data-start=\"3605\" data-end=\"3740\">Es un regalo que tiene sentido, porque combina la pasi\u00f3n por el judo con un valor fundamental que los ni\u00f1os encuentran en el dojo: la amistad.<\/p>\n<hr data-start=\"3742\" data-end=\"3745\">\n<h2 data-section-id=\"lrhtvy\" data-start=\"3747\" data-end=\"3778\">El judo, un deporte de valores<\/h2>\n<p data-start=\"3780\" data-end=\"4043\">Con este puzzle, Fighting Films nos recuerda que el judo es tambi\u00e9n una escuela de vida. El valor de la <strong data-start=\"3870\" data-end=\"3880\">amistad<\/strong> ocupa un lugar especial en el aprendizaje de los ni\u00f1os, ya que refleja el esp\u00edritu de compartir, de ayuda mutua y de confianza que existe en los clubes. <\/p>\n<p data-start=\"4045\" data-end=\"4197\">Este puzzle adopta un enfoque m\u00e1s educativo y humano del judo, al tiempo que conserva la diversi\u00f3n y el atractivo de un producto infantil.<\/p>\n<p data-start=\"4199\" data-end=\"4404\">Es perfecto para los j\u00f3venes judokas que aman su deporte, pero tambi\u00e9n todo lo que representa: compa\u00f1eros de club, sesiones de entrenamiento compartidas, progresar juntos y momentos pasados en el tatami.<\/p>\n<hr data-start=\"4406\" data-end=\"4409\">\n<h2 data-section-id=\"77jau5\" data-start=\"4411\" data-end=\"4461\">Descubre nuestros otros productos infantiles<\/h2>\n<p data-start=\"4463\" data-end=\"4730\">Este puzzle es uno de nuestros productos dise\u00f1ados para ampliar el mundo del judo m\u00e1s all\u00e1 del entrenamiento. Si a tu hijo le gusta este estilo visual y el universo Fighting Films, echa un vistazo a nuestro <strong data-start=\"4667\" data-end=\"4684\">\u00e1lbum de judo<\/strong>, que contiene dibujos con el mismo esp\u00edritu. <\/p>\n<p data-start=\"4732\" data-end=\"4948\">Tambi\u00e9n puedes navegar por nuestra categor\u00eda <strong data-start=\"4780\" data-end=\"4833\"><a class=\"decorated-link cursor-pointer\" rel=\"noopener\" data-start=\"4782\" data-end=\"4831\">regalos de judo<\/a><\/strong> para encontrar otras ideas de regalos originales de judo y productos dise\u00f1ados para los j\u00f3venes aficionados.<\/p>\n<hr data-start=\"4950\" data-end=\"4953\">\n<h2 data-section-id=\"jzf6bh\" data-start=\"4955\" data-end=\"4985\">Caracter\u00edsticas del producto<\/h2>\n<p data-start=\"4987\" data-end=\"5270\"><strong data-start=\"4987\" data-end=\"5007\">Nombre del producto :<\/strong> Puzzle de judo &#8211; Amistad<br data-start=\"5028\" data-end=\"5031\"><strong data-start=\"5031\" data-end=\"5043\">Marca :<\/strong> Fighting Films<br data-start=\"5058\" data-end=\"5061\"><strong data-start=\"5061\" data-end=\"5083\">N\u00famero de piezas :<\/strong> 36<br data-start=\"5086\" data-end=\"5089\"><strong data-start=\"5089\" data-end=\"5102\">Universo :<\/strong> Judo \/ Infantil \/ Valores del judo<br data-start=\"5134\" data-end=\"5137\"><strong data-start=\"5137\" data-end=\"5148\">Tema :<\/strong> La amistad, uno de los valores fundamentales del judo<br data-start=\"5196\" data-end=\"5199\"><strong data-start=\"5199\" data-end=\"5220\">Tipo de producto :<\/strong> Puzzle infantil \/ Regalo judo \/ Regalo judo infantil<\/p>\n<hr data-start=\"5272\" data-end=\"5275\">\n<h2 data-section-id=\"1ytaf8h\" data-start=\"5277\" data-end=\"5325\">\u00bfPor qu\u00e9 comprar un puzzle de judo para ni\u00f1os?<\/h2>\n<p data-start=\"5327\" data-end=\"5534\">Un <strong data-start=\"5330\" data-end=\"5352\">puzzle de judo para ni\u00f1os<\/strong> es una forma divertida de llevar la pasi\u00f3n por el judo a casa. Es un juego sencillo, accesible y popular que mantiene a los ni\u00f1os conectados con su mundo favorito. <\/p>\n<p data-start=\"5536\" data-end=\"5809\">En esta versi\u00f3n <strong data-start=\"5555\" data-end=\"5565\">Amistad<\/strong>, el puzzle tiene tambi\u00e9n una fuerte dimensi\u00f3n educativa, destacando un valor esencial del judo. As\u00ed que es un producto interesante para jugar, para regalar y para transmitir el esp\u00edritu de esta disciplina a los m\u00e1s peque\u00f1os. <\/p>\n<hr data-start=\"5811\" data-end=\"5814\">\n<h2 data-section-id=\"1sghawa\" data-start=\"5816\" data-end=\"5826\">PREGUNTAS FRECUENTES<\/h2>\n<h3 data-section-id=\"13pv67r\" data-start=\"5828\" data-end=\"5864\">\u00bfPara qui\u00e9n es este puzzle de judo?<\/h3>\n<p data-start=\"5865\" data-end=\"6027\">Este puzzle est\u00e1 dirigido a los ni\u00f1os amantes del judo, a los j\u00f3venes judokas, a los clubes y a cualquiera que busque una idea de regalo original en el mundo del judo.<\/p>\n<h3 data-section-id=\"r1m6tz\" data-start=\"6029\" data-end=\"6071\">\u00bfCu\u00e1ntas piezas tiene este puzzle?<\/h3>\n<p data-start=\"6072\" data-end=\"6139\">\u00a1Este puzzle <strong data-start=\"6091\" data-end=\"6104\">de 36 piezas<\/strong> es ideal para ni\u00f1os a partir de 3 a\u00f1os!<\/p>\n<h3 data-section-id=\"1q85bjc\" data-start=\"6141\" data-end=\"6177\">\u00bfCu\u00e1l es el tema de este puzzle?<\/h3>\n<p data-start=\"6178\" data-end=\"6249\">Este puzzle destaca la <strong data-start=\"6201\" data-end=\"6213\">amistad<\/strong>, uno de los grandes valores del judo.<\/p>\n<h3 data-section-id=\"1msb3dj\" data-start=\"6251\" data-end=\"6317\">\u00bfEs una buena idea de regalo para un ni\u00f1o que practica judo?<\/h3>\n<p data-start=\"6318\" data-end=\"6434\">S\u00ed, es una idea excelente para un <strong data-start=\"6352\" data-end=\"6374\">regalo de judo para ni\u00f1os<\/strong>, ya que es divertido, original y fiel al esp\u00edritu del judo.<\/p>\n<h3 data-section-id=\"10113qc\" data-start=\"6436\" data-end=\"6495\">\u00bfPor qu\u00e9 elegir un puzzle basado en los valores del judo?<\/h3>\n<p data-start=\"6496\" data-end=\"6685\">Porque introduce a los ni\u00f1os en el mundo del judo en toda su riqueza, destacando no s\u00f3lo el deporte sino tambi\u00e9n los principios educativos que lo acompa\u00f1an.<\/p>\n<h3 data-section-id=\"1jb7rtz\" data-start=\"6687\" data-end=\"6732\">\u00bfD\u00f3nde puedo encontrar otros productos similares?<\/h3>\n<p data-start=\"6733\" data-end=\"6899\">Puedes encontrar otros art\u00edculos en nuestra categor\u00eda de <strong data-start=\"6794\" data-end=\"6813\">art\u00edculos de judo<\/strong>, as\u00ed como nuestro <strong data-start=\"6830\" data-end=\"6847\">\u00e1lbum de judo<\/strong>, que contiene ilustraciones con el mismo esp\u00edritu.<\/p>\n","protected":false},"excerpt":{"rendered":"<p>Introduce a los m\u00e1s j\u00f3venes en uno de los mayores valores del judo con nuestro puzzle infantil Amiti\u00e9 de 36 piezas. Un puzzle Fighting Films original y divertido, dise\u00f1ado para ni\u00f1os apasionados por el judo y su mundo. <\/p>\n","protected":false},"featured_media":34398,"comment_status":"","ping_status":"closed","template":"","meta":[],"product_brand":[],"product_cat":[499,1144],"product_tag":[],"giftcard-category":[],"class_list":{"0":"post-34403","1":"product","2":"type-product","3":"status-publish","4":"has-post-thumbnail","6":"product_cat-accesorios-de-judo","7":"product_cat-goodies-de-judo","8":"product_shipping_class-accesorios","10":"first","11":"instock","12":"taxable","13":"shipping-taxable","14":"purchasable","15":"product-type-simple"},"exclude_global_add_ons":[],"addons":[],"_links":{"self":[{"href":"https:\/\/fightingfilms.shop\/es\/wp-json\/wp\/v2\/product\/34403","targetHints":{"allow":["GET"]}}],"collection":[{"href":"https:\/\/fightingfilms.shop\/es\/wp-json\/wp\/v2\/product"}],"about":[{"href":"https:\/\/fightingfilms.shop\/es\/wp-json\/wp\/v2\/types\/product"}],"replies":[{"embeddable":true,"href":"https:\/\/fightingfilms.shop\/es\/wp-json\/wp\/v2\/comments?post=34403"}],"wp:featuredmedia":[{"embeddable":true,"href":"https:\/\/fightingfilms.shop\/es\/wp-json\/wp\/v2\/media\/34398"}],"wp:attachment":[{"href":"https:\/\/fightingfilms.shop\/es\/wp-json\/wp\/v2\/media?parent=34403"}],"wp:term":[{"taxonomy":"product_brand","embeddable":true,"href":"https:\/\/fightingfilms.shop\/es\/wp-json\/wp\/v2\/product_brand?post=34403"},{"taxonomy":"product_cat","embeddable":true,"href":"https:\/\/fightingfilms.shop\/es\/wp-json\/wp\/v2\/product_cat?post=34403"},{"taxonomy":"product_tag","embeddable":true,"href":"https:\/\/fightingfilms.shop\/es\/wp-json\/wp\/v2\/product_tag?post=34403"},{"taxonomy":"giftcard-category","embeddable":true,"href":"https:\/\/fightingfilms.shop\/es\/wp-json\/wp\/v2\/giftcard-category?post=34403"}],"curies":[{"name":"wp","href":"https:\/\/api.w.org\/{rel}","templated":true}]}}