{"id":34580,"date":"2026-04-20T12:53:44","date_gmt":"2026-04-20T10:53:44","guid":{"rendered":"https:\/\/fightingfilms.shop\/produit\/libro-de-actividades-de-judo-para-ninos\/"},"modified":"2026-04-20T12:53:44","modified_gmt":"2026-04-20T10:53:44","slug":"libro-de-actividades-de-judo-para-ninos","status":"publish","type":"product","link":"https:\/\/fightingfilms.shop\/es\/produit\/libro-de-actividades-de-judo-para-ninos\/","title":{"rendered":"Libro de actividades de judo para ni\u00f1os"},"content":{"rendered":"<p data-start=\"166\" data-end=\"552\">Ofrece a los ni\u00f1os una nueva forma de descubrir el judo con este <strong data-start=\"233\" data-end=\"267\">libro de actividades de judo para ni\u00f1os<\/strong>: <strong data-start=\"271\" data-end=\"283\">48 p\u00e1ginas de colorear y juegos<\/strong>, especialmente dise\u00f1ados para divertirse en torno a su deporte favorito. A partir de <strong data-start=\"360\" data-end=\"369\">6 a\u00f1os<\/strong>, este libro ofrece una gran variedad de contenidos divertidos inspirados en el mundo del judo: <strong data-start=\"461\" data-end=\"531\">juegos, crucigramas, colorear, laberintos, t\u00e9cnicas para colorear, descubrimientos visuales<\/strong> y mucho m\u00e1s. <\/p>\n<p data-start=\"554\" data-end=\"890\">Es la forma ideal de mantener ocupados a los j\u00f3venes judokas de forma inteligente y divertida, mientras se sumergen en el mundo de las t\u00e9cnicas, los valores y la imaginaci\u00f3n del judo. De <strong data-start=\"760\" data-end=\"772\">vacaciones<\/strong>, en <strong data-start=\"779\" data-end=\"789\">casa<\/strong>, en el <strong data-start=\"799\" data-end=\"808\">tren<\/strong>, en el <strong data-start=\"813\" data-end=\"824\">coche<\/strong> o incluso en la <strong data-start=\"838\" data-end=\"847\">playa<\/strong>, este cuaderno acompa\u00f1ar\u00e1 a los ni\u00f1os a todas partes. <\/p>\n<p data-start=\"892\" data-end=\"1080\">Dise\u00f1ado tanto para los j\u00f3venes aficionados como para los que quieren descubrir el judo de una forma diferente, el libro de actividades de judo para ni\u00f1os es una forma divertida de aprender y de prolongar el placer del dojo m\u00e1s all\u00e1 de las sesiones de entrenamiento. Con o sin su <a href=\"https:\/\/fightingfilms.shop\/es\/categor\u00eda\/kimonos-de-judo-es\/\">kimono<\/a> de judo, \u00a1los ni\u00f1os podr\u00e1n seguir sumergi\u00e9ndose en el mundo del judo! <\/p>\n<h2 data-section-id=\"yawmmx\" data-start=\"1082\" data-end=\"1119\">Por qu\u00e9 a los ni\u00f1os les encantar\u00e1 el libro de actividades de judo para ni\u00f1os<\/h2>\n<p data-start=\"1121\" data-end=\"1396\">Este <strong data-start=\"1124\" data-end=\"1170\">libro de actividades sobre judo para ni\u00f1os<\/strong> ha sido dise\u00f1ado para combinar diversi\u00f3n, creatividad e inmersi\u00f3n en el mundo del judo. Cada p\u00e1gina invita a los ni\u00f1os a jugar, observar, reflexionar o colorear en torno a temas inspirados en el dojo, las t\u00e9cnicas y la cultura del judo. <\/p>\n<p data-start=\"1398\" data-end=\"1635\">Con sus <strong data-start=\"1407\" data-end=\"1439\">48 p\u00e1ginas de actividades variadas<\/strong>, el libro de actividades de judo para ni\u00f1os estimula la curiosidad y permite a los ni\u00f1os experimentar el judo de formas distintas al entrenamiento. Tambi\u00e9n es una excelente idea para mantener el contacto con su deporte durante los periodos en los que no hay clases. <\/p>\n<h2 data-section-id=\"16uyafc\" data-start=\"1637\" data-end=\"1657\">Contenido del cuaderno<\/h2>\n<p data-start=\"1659\" data-end=\"1769\">En su interior, los ni\u00f1os encontrar\u00e1n un mundo 100% judo, con una serie de actividades apropiadas para su edad:<\/p>\n<ul data-start=\"1771\" data-end=\"1958\">\n<li data-section-id=\"1w29ym9\" data-start=\"1771\" data-end=\"1800\">p\u00e1ginas para colorear de judo<\/li>\n<li data-section-id=\"cmup34\" data-start=\"1801\" data-end=\"1836\">Palabras y juegos de palabras<\/li>\n<li data-section-id=\"1x613ap\" data-start=\"1837\" data-end=\"1868\">juegos visuales y laberintos<\/li>\n<li data-section-id=\"1kf4thi\" data-start=\"1869\" data-end=\"1920\">p\u00e1ginas divertidas inspiradas en las t\u00e9cnicas del judo<\/li>\n<li data-section-id=\"1g7rub9\" data-start=\"1921\" data-end=\"1958\">divertidas ilustraciones y un universo manga<\/li>\n<\/ul>\n<p data-start=\"1960\" data-end=\"2081\">Cada actividad se ha dise\u00f1ado para entretener a la vez que se recuerda el mundo del judo de forma sencilla, divertida y accesible.<\/p>\n<h2 data-section-id=\"jzf6bh\" data-start=\"2083\" data-end=\"2113\">Caracter\u00edsticas del libro de actividades de judo para ni\u00f1os<\/h2>\n<ul data-start=\"2115\" data-end=\"2463\">\n<li data-section-id=\"19c8zna\" data-start=\"2115\" data-end=\"2163\"><strong data-start=\"2117\" data-end=\"2130\">Producto<\/strong>: Libro de actividades de judo para ni\u00f1os<\/li>\n<li data-section-id=\"1ve3ls6\" data-start=\"2164\" data-end=\"2198\"><strong data-start=\"2166\" data-end=\"2187\">N\u00famero de p\u00e1ginas:<\/strong> 48 p\u00e1ginas<\/li>\n<li data-section-id=\"1dt4ayp\" data-start=\"2199\" data-end=\"2240\"><strong data-start=\"2201\" data-end=\"2220\">Edad recomendada:<\/strong> a partir de 6 a\u00f1os<\/li>\n<li data-section-id=\"lsgyka\" data-start=\"2241\" data-end=\"2261\"><strong data-start=\"2243\" data-end=\"2254\">Tema:<\/strong> judo<\/li>\n<li data-section-id=\"kjto3r\" data-start=\"2262\" data-end=\"2331\"><strong data-start=\"2264\" data-end=\"2277\">Contenido:<\/strong> juegos, crucigramas, colorear y actividades diversas<\/li>\n<li data-section-id=\"3awcih\" data-start=\"2332\" data-end=\"2404\"><strong data-start=\"2334\" data-end=\"2351\">Uso:<\/strong> hogar, vacaciones, viajes, playa, tiempo tranquilo<\/li>\n<li data-section-id=\"x38okh\" data-start=\"2405\" data-end=\"2463\"><strong data-start=\"2407\" data-end=\"2419\">P\u00fablico:<\/strong> ni\u00f1os, j\u00f3venes judokas, aficionados al judo<\/li>\n<\/ul>\n<h2 data-section-id=\"nkmsqk\" data-start=\"2465\" data-end=\"2517\">Una idea de regalo original para j\u00f3venes judokas<\/h2>\n<p data-start=\"2519\" data-end=\"2770\">\u00bfBuscas un regalo \u00fatil, original y asequible para un ni\u00f1o que practique judo? Este libro de<strong data-start=\"2613\" data-end=\"2646\"> actividades de judo para ni\u00f1os<\/strong> es una idea excelente para un cumplea\u00f1os, una recompensa, un curso de formaci\u00f3n, el final de la temporada o simplemente para complacer a alguien. <\/p>\n<p data-start=\"2772\" data-end=\"2949\">Tambi\u00e9n es perfecto para los clubes de judo que quieran ofrecer un producto divertido a sus socios, o proporcionar un tel\u00f3n de fondo chulo para eventos, cursos de formaci\u00f3n o actividades.<\/p>\n<h2 data-section-id=\"1wp7lj1\" data-start=\"2951\" data-end=\"2971\">Judo de otra manera<\/h2>\n<p data-start=\"2973\" data-end=\"3297\">Este cuaderno permite a los ni\u00f1os <strong data-start=\"3005\" data-end=\"3061\">descubrir o redescubrir el judo de una forma diferente<\/strong>. Fuera del tatami, pueden seguir explorando este mundo mediante actividades divertidas, visuales y creativas. Es una forma estupenda de ampliar la experiencia del judo, mientras se divierten solos, en familia o con amigos.  <\/p>\n<h2 data-section-id=\"62vota\" data-start=\"3299\" data-end=\"3348\">Ideal para las vacaciones, en casa o en la playa<\/h2>\n<p data-start=\"3350\" data-end=\"3624\">F\u00e1cil de llevar, este libro de actividades es perfecto para mantener ocupados a los ni\u00f1os en vacaciones, los fines de semana, de viaje o por las tardes en casa. Cabe f\u00e1cilmente en una bolsa y se convierte r\u00e1pidamente en un pr\u00e1ctico compa\u00f1ero de juegos para todos los peque\u00f1os aficionados al judo. <\/p>\n<p data-start=\"3645\" data-end=\"3940\">El <strong data-start=\"3648\" data-end=\"3682\">libro de actividades de judo para ni\u00f1os<\/strong> es un divertido recurso <strong data-start=\"3709\" data-end=\"3721\">de 48 p\u00e1ginas<\/strong> para ni\u00f1os a partir de <strong data-start=\"3743\" data-end=\"3752\">6 a\u00f1os<\/strong>, con <strong data-start=\"3763\" data-end=\"3825\">juegos, dibujos para colorear, crucigramas y actividades en torno al judo<\/strong>. Una forma estupenda de aprender, jugar y divertirse con el mundo del judo, tanto en casa como de vacaciones. <\/p>\n<h3 data-section-id=\"alszrx\" data-start=\"4236\" data-end=\"4256\">\u00bfBuscas regalos de fin de curso, golosinas o material did\u00e1ctico?<\/h3>\n<div class=\"flex flex-col text-sm pb-25\">\n<section class=\"text-token-text-primary w-full focus:outline-none [--shadow-height:45px] has-data-writing-block:pointer-events-none has-data-writing-block:-mt-(--shadow-height) has-data-writing-block:pt-(--shadow-height) [&amp;:has([data-writing-block])&gt;*]:pointer-events-auto scroll-mt-[calc(var(--header-height)+min(200px,max(70px,20svh)))]\" dir=\"auto\" data-turn-id=\"request-WEB:78e4f35d-679f-410b-bd3c-f20e7605c1a6-7\" data-testid=\"conversation-turn-16\" data-scroll-anchor=\"true\" data-turn=\"assistant\">\n<div class=\"text-base my-auto mx-auto pb-10 [--thread-content-margin:var(--thread-content-margin-xs,calc(var(--spacing)*4))] @w-sm\/main:[--thread-content-margin:var(--thread-content-margin-sm,calc(var(--spacing)*6))] @w-lg\/main:[--thread-content-margin:var(--thread-content-margin-lg,calc(var(--spacing)*16))] px-(--thread-content-margin)\">\n<div class=\"[--thread-content-max-width:40rem] @w-lg\/main:[--thread-content-max-width:48rem] mx-auto max-w-(--thread-content-max-width) flex-1 group\/turn-messages focus-visible:outline-hidden relative flex w-full min-w-0 flex-col agent-turn\">\n<div class=\"flex max-w-full flex-col gap-4 grow\">\n<div class=\"min-h-8 text-message relative flex w-full flex-col items-end gap-2 text-start break-words whitespace-normal outline-none keyboard-focused:focus-ring [.text-message+&amp;]:mt-1\" dir=\"auto\" tabindex=\"0\" data-message-author-role=\"assistant\" data-message-id=\"98385ffa-873f-4d31-bd3a-9b302a32d1f0\" data-message-model-slug=\"gpt-5-4-thinking\" data-turn-start-message=\"true\">\n<div class=\"flex w-full flex-col gap-1 empty:hidden\">\n<div class=\"markdown prose dark:prose-invert w-full wrap-break-word dark markdown-new-styling\">\n<div class=\"flex flex-col text-sm pb-25\">\n<section class=\"text-token-text-primary w-full focus:outline-none [--shadow-height:45px] has-data-writing-block:pointer-events-none has-data-writing-block:-mt-(--shadow-height) has-data-writing-block:pt-(--shadow-height) [&amp;:has([data-writing-block])&gt;*]:pointer-events-auto scroll-mt-[calc(var(--header-height)+min(200px,max(70px,20svh)))]\" dir=\"auto\" data-turn-id=\"request-WEB:78e4f35d-679f-410b-bd3c-f20e7605c1a6-8\" data-testid=\"conversation-turn-18\" data-scroll-anchor=\"true\" data-turn=\"assistant\">\n<div class=\"text-base my-auto mx-auto pb-10 [--thread-content-margin:var(--thread-content-margin-xs,calc(var(--spacing)*4))] @w-sm\/main:[--thread-content-margin:var(--thread-content-margin-sm,calc(var(--spacing)*6))] @w-lg\/main:[--thread-content-margin:var(--thread-content-margin-lg,calc(var(--spacing)*16))] px-(--thread-content-margin)\">\n<div class=\"[--thread-content-max-width:40rem] @w-lg\/main:[--thread-content-max-width:48rem] mx-auto max-w-(--thread-content-max-width) flex-1 group\/turn-messages focus-visible:outline-hidden relative flex w-full min-w-0 flex-col agent-turn\">\n<div class=\"flex max-w-full flex-col gap-4 grow\">\n<div class=\"min-h-8 text-message relative flex w-full flex-col items-end gap-2 text-start break-words whitespace-normal outline-none keyboard-focused:focus-ring [.text-message+&amp;]:mt-1\" dir=\"auto\" tabindex=\"0\" data-message-author-role=\"assistant\" data-message-id=\"de36002f-8d89-461d-8c6f-4e1922d686ab\" data-message-model-slug=\"gpt-5-4-thinking\" data-turn-start-message=\"true\">\n<div class=\"flex w-full flex-col gap-1 empty:hidden\">\n<div class=\"markdown prose dark:prose-invert w-full wrap-break-word dark markdown-new-styling\">\n<p data-start=\"0\" data-end=\"433\" data-is-last-node=\"\" data-is-only-node=\"\">\u00bfBuscas tambi\u00e9n otras ideas para <strong data-start=\"38\" data-end=\"63\">productos infantiles<\/strong>, <strong data-start=\"68\" data-end=\"87\">regalos para clubes<\/strong>, <strong data-start=\"92\" data-end=\"120\">regalos de fin de temporada<\/strong> o peque\u00f1os regalos en torno al judo? Descubre nuestro <a href=\"https:\/\/fightingfilms.shop\/produit\/mon-album-judo\/\"><strong data-start=\"189\" data-end=\"203\">\u00e1lbum de judo<\/strong><\/a> y nuestros <a href=\"https:\/\/fightingfilms.shop\/es\/produit\/puzzle-infantil-de-judo-jigoro-kano-36-piezas\/\"><strong data-start=\"218\" data-end=\"234\">puzzles de judo<\/strong><\/a>perfectos para ampliar el mundo del tatami de forma divertida y original. Son la forma perfecta de complacer a los j\u00f3venes judokas, y se pueden entregar como recompensas, regalos o en eventos del club.  <\/p>\n<\/div>\n<\/div>\n<\/div>\n<\/div>\n<div class=\"z-0 flex min-h-[46px] justify-start\"><\/div>\n<div class=\"mt-3 w-full empty:hidden\">\n<div class=\"text-center\"><\/div>\n<\/div>\n<\/div>\n<\/div>\n<\/section>\n<\/div>\n<div class=\"pointer-events-none h-px w-px absolute bottom-0\" aria-hidden=\"true\" data-edge=\"true\"><\/div>\n<\/div>\n<\/div>\n<\/div>\n<\/div>\n<div class=\"z-0 flex min-h-[46px] justify-start\"><\/div>\n<div class=\"mt-3 w-full empty:hidden\">\n<div class=\"text-center\"><\/div>\n<\/div>\n<\/div>\n<\/div>\n<\/section>\n<\/div>\n<div class=\"pointer-events-none h-px w-px absolute bottom-0\" aria-hidden=\"true\" data-edge=\"true\"><\/div>\n","protected":false},"excerpt":{"rendered":"<div class=\"flex flex-col text-sm pb-25\">\n<section class=\"text-token-text-primary w-full focus:outline-none [--shadow-height:45px] has-data-writing-block:pointer-events-none has-data-writing-block:-mt-(--shadow-height) has-data-writing-block:pt-(--shadow-height) [&amp;:has([data-writing-block])&gt;*]:pointer-events-auto scroll-mt-[calc(var(--header-height)+min(200px,max(70px,20svh)))]\" dir=\"auto\" data-turn-id=\"request-WEB:78e4f35d-679f-410b-bd3c-f20e7605c1a6-7\" data-testid=\"conversation-turn-16\" data-scroll-anchor=\"true\" data-turn=\"assistant\">\n<div class=\"text-base my-auto mx-auto pb-10 [--thread-content-margin:var(--thread-content-margin-xs,calc(var(--spacing)*4))] @w-sm\/main:[--thread-content-margin:var(--thread-content-margin-sm,calc(var(--spacing)*6))] @w-lg\/main:[--thread-content-margin:var(--thread-content-margin-lg,calc(var(--spacing)*16))] px-(--thread-content-margin)\">\n<div class=\"[--thread-content-max-width:40rem] @w-lg\/main:[--thread-content-max-width:48rem] mx-auto max-w-(--thread-content-max-width) flex-1 group\/turn-messages focus-visible:outline-hidden relative flex w-full min-w-0 flex-col agent-turn\">\n<div class=\"flex max-w-full flex-col gap-4 grow\">\n<div class=\"min-h-8 text-message relative flex w-full flex-col items-end gap-2 text-start break-words whitespace-normal outline-none keyboard-focused:focus-ring [.text-message+&amp;]:mt-1\" dir=\"auto\" tabindex=\"0\" data-message-author-role=\"assistant\" data-message-id=\"98385ffa-873f-4d31-bd3a-9b302a32d1f0\" data-message-model-slug=\"gpt-5-4-thinking\" data-turn-start-message=\"true\">\n<div class=\"flex w-full flex-col gap-1 empty:hidden\">\n<div class=\"markdown prose dark:prose-invert w-full wrap-break-word dark markdown-new-styling\">\n<p data-start=\"0\" data-end=\"586\" data-is-last-node=\"\" data-is-only-node=\"\">El <strong data-start=\"3\" data-end=\"37\">libro de actividades de judo para ni\u00f1os<\/strong> es un divertido libro <strong data-start=\"63\" data-end=\"75\">de 48 p\u00e1ginas<\/strong> dise\u00f1ado para ni\u00f1os a partir de <strong data-start=\"112\" data-end=\"121\">6 a\u00f1os<\/strong>.<\/p>\n<p data-start=\"0\" data-end=\"586\" data-is-last-node=\"\" data-is-only-node=\"\"><br data-start=\"122\" data-end=\"125\">Ofrece una gran variedad de <strong data-start=\"151\" data-end=\"198\">juegos, crucigramas, p\u00e1ginas para colorear y actividades<\/strong> en torno al mundo del judo, perfectas para <strong data-start=\"243\" data-end=\"289\">descubrir o redescubrir el judo de una forma diferente<\/strong>, mientras te diviertes.<\/p>\n<p data-start=\"0\" data-end=\"586\" data-is-last-node=\"\" data-is-only-node=\"\"><br data-start=\"309\" data-end=\"312\">Los ni\u00f1os pueden llevarse su pasi\u00f3n por el dojo a casa, de vacaciones o de viaje: es la forma ideal de combinar <strong data-start=\"443\" data-end=\"478\">el juego, la creatividad y el mundo del judo<\/strong>.<\/p>\n<p data-start=\"0\" data-end=\"586\" data-is-last-node=\"\" data-is-only-node=\"\"><br data-start=\"479\" data-end=\"482\">Pr\u00e1ctico para llevar contigo, es un compa\u00f1ero f\u00e1cil para momentos tranquilos, vacaciones o d\u00edas en la playa.<\/p>\n<\/div>\n<\/div>\n<\/div>\n<\/div>\n<div class=\"z-0 flex min-h-[46px] justify-start\"><\/div>\n<div class=\"mt-3 w-full empty:hidden\">\n<div class=\"text-center\"><\/div>\n<\/div>\n<\/div>\n<\/div>\n<\/section>\n<\/div>\n<div class=\"pointer-events-none h-px w-px absolute bottom-0\" aria-hidden=\"true\" data-edge=\"true\"><\/div>\n<h3 data-section-id=\"t7smuz\" data-start=\"4152\" data-end=\"4166\"><\/h3>\n","protected":false},"featured_media":34576,"comment_status":"","ping_status":"closed","template":"","meta":[],"product_brand":[],"product_cat":[499,1144,1158],"product_tag":[],"giftcard-category":[],"class_list":{"0":"post-34580","1":"product","2":"type-product","3":"status-publish","4":"has-post-thumbnail","6":"product_cat-accesorios-de-judo","7":"product_cat-goodies-de-judo","8":"product_cat-libros-de-judo-y-artes-marciales","9":"product_shipping_class-accesorios","11":"first","12":"instock","13":"taxable","14":"shipping-taxable","15":"purchasable","16":"product-type-simple"},"exclude_global_add_ons":[],"addons":[],"_links":{"self":[{"href":"https:\/\/fightingfilms.shop\/es\/wp-json\/wp\/v2\/product\/34580","targetHints":{"allow":["GET"]}}],"collection":[{"href":"https:\/\/fightingfilms.shop\/es\/wp-json\/wp\/v2\/product"}],"about":[{"href":"https:\/\/fightingfilms.shop\/es\/wp-json\/wp\/v2\/types\/product"}],"replies":[{"embeddable":true,"href":"https:\/\/fightingfilms.shop\/es\/wp-json\/wp\/v2\/comments?post=34580"}],"wp:featuredmedia":[{"embeddable":true,"href":"https:\/\/fightingfilms.shop\/es\/wp-json\/wp\/v2\/media\/34576"}],"wp:attachment":[{"href":"https:\/\/fightingfilms.shop\/es\/wp-json\/wp\/v2\/media?parent=34580"}],"wp:term":[{"taxonomy":"product_brand","embeddable":true,"href":"https:\/\/fightingfilms.shop\/es\/wp-json\/wp\/v2\/product_brand?post=34580"},{"taxonomy":"product_cat","embeddable":true,"href":"https:\/\/fightingfilms.shop\/es\/wp-json\/wp\/v2\/product_cat?post=34580"},{"taxonomy":"product_tag","embeddable":true,"href":"https:\/\/fightingfilms.shop\/es\/wp-json\/wp\/v2\/product_tag?post=34580"},{"taxonomy":"giftcard-category","embeddable":true,"href":"https:\/\/fightingfilms.shop\/es\/wp-json\/wp\/v2\/giftcard-category?post=34580"}],"curies":[{"name":"wp","href":"https:\/\/api.w.org\/{rel}","templated":true}]}}