{"id":34630,"date":"2026-04-21T12:02:55","date_gmt":"2026-04-21T10:02:55","guid":{"rendered":"https:\/\/fightingfilms.shop\/produit\/pack-de-3-judo\/"},"modified":"2026-04-21T12:02:55","modified_gmt":"2026-04-21T10:02:55","slug":"pack-de-3-judo","status":"publish","type":"product","link":"https:\/\/fightingfilms.shop\/es\/produit\/pack-de-3-judo\/","title":{"rendered":"Pack de 3 Judo"},"content":{"rendered":"<p data-start=\"979\" data-end=\"1313\">El <strong data-start=\"982\" data-end=\"1027\">Pack de 3 Judo Infantil Fighting<\/strong> Films re\u00fane en una sola caja los tres modelos de nuestra colecci\u00f3n: <strong data-start=\"1096\" data-end=\"1111\">Jigoro Kano<\/strong>, <strong data-start=\"1113\" data-end=\"1127\">Tomoe Nage<\/strong> y <strong data-start=\"1131\" data-end=\"1141\">Amiti\u00e9<\/strong>. Dise\u00f1ado para los j\u00f3venes aficionados al judo, este pack les permite descubrir varias facetas de este mundo a trav\u00e9s de tres puzles originales, divertidos y visualmente impactantes. <\/p>\n<p data-start=\"1315\" data-end=\"1657\">Cada puzzle contiene <strong data-start=\"1338\" data-end=\"1351\">36 piezas<\/strong> y mide <strong data-start=\"1362\" data-end=\"1379\">15 cm x 15 cm<\/strong>, un tama\u00f1o ideal para los ni\u00f1os. F\u00e1ciles de manejar, divertidos de montar y perfectamente adaptados a los j\u00f3venes judokas, estos puzles llevan a casa la pasi\u00f3n del judo con ilustraciones inspiradas en la historia, las t\u00e9cnicas y los valores de este deporte. <\/p>\n<p data-start=\"1659\" data-end=\"1844\">Este <strong data-start=\"1662\" data-end=\"1693\">pack de puzzles infantiles de<\/strong> judo es una excelente idea de regalo para un cumplea\u00f1os, Navidad, recompensa del club o simplemente para complacer a un ni\u00f1o apasionado por el judo.<\/p>\n<h2 data-section-id=\"1qz2jxv\" data-start=\"1846\" data-end=\"1885\">Tres rompecabezas, tres mundos de judo<\/h2>\n<p data-start=\"1887\" data-end=\"2001\">Con este pack de 3 puzzles de judo, Fighting Films ofrece una colecci\u00f3n completa de judo dise\u00f1ada especialmente para ni\u00f1os.<\/p>\n<p data-start=\"2003\" data-end=\"2221\">El primer puzzle presenta a <a href=\"https:\/\/fightingfilms.shop\/es\/produit\/puzzle-infantil-de-judo-jigoro-kano-36-piezas\/\"><strong data-start=\"2037\" data-end=\"2052\">Jigoro Kano<\/strong><\/a>el fundador del judo, en un escenario inspirado en Jap\u00f3n y en el universo gr\u00e1fico de Fighting Films. Es una forma sencilla y divertida de descubrir la historia del judo. <\/p>\n<p data-start=\"2223\" data-end=\"2490\">El segundo puzzle representa a <a href=\"https:\/\/fightingfilms.shop\/es\/produit\/puzzle-infantil-de-judo-tomoe-nage-36-piezas\/\"><strong data-start=\"2253\" data-end=\"2267\">Tomoe Nage<\/strong><\/a>una de las t\u00e9cnicas m\u00e1s emblem\u00e1ticas del judo. Con su fondo verde y rojo, el tatami y el nombre japon\u00e9s de la t\u00e9cnica, sumerge inmediatamente a los ni\u00f1os en el mundo del dojo y los movimientos ic\u00f3nicos del judo. <\/p>\n<p data-start=\"2492\" data-end=\"2680\">El tercer enigma famoso <a href=\"https:\/\/fightingfilms.shop\/es\/produit\/puzzle-infantil-judo-amistad-36-piezas\/\"><strong data-start=\"2520\" data-end=\"2530\">La amistad<\/strong><\/a>uno de los grandes valores del judo. Nos recuerda que el judo es tambi\u00e9n una escuela de vida, basada en el respeto, el compartir y la camarader\u00eda. <\/p>\n<p data-start=\"2682\" data-end=\"2816\">Al reunir estos tres modelos, este pack te permite explorar el judo en toda su riqueza: su historia, su t\u00e9cnica y sus valores.<\/p>\n<h2 data-section-id=\"1q2uyil\" data-start=\"2818\" data-end=\"2869\">Un pack de 3 puzzles de judo ideal para j\u00f3venes judokas<\/h2>\n<p data-start=\"2871\" data-end=\"3121\">El <strong data-start=\"2874\" data-end=\"2904\">pack de 3 puzzles de judo para ni\u00f1os<\/strong> se ha dise\u00f1ado para ofrecer mucho m\u00e1s que un juego. Permite a los ni\u00f1os redescubrir el mundo del judo fuera del entrenamiento, mediante productos divertidos, accesibles y directamente relacionados con su pasi\u00f3n. <\/p>\n<p data-start=\"3123\" data-end=\"3458\">El formato de <strong data-start=\"3133\" data-end=\"3147\">15 x 15 cm<\/strong> de cada puzzle se adapta perfectamente a los ni\u00f1os, al igual que las <strong data-start=\"3217\" data-end=\"3230\">36 piezas<\/strong>, que ofrecen un buen equilibrio entre sencillez y diversi\u00f3n. Este pack es ideal para utilizarlo en casa o como idea de regalo para un club de judo, un curso de formaci\u00f3n o una entrega de premios. <\/p>\n<p data-start=\"3460\" data-end=\"3642\">Tambi\u00e9n es una gran elecci\u00f3n para los padres que buscan un <strong data-start=\"3530\" data-end=\"3552\">regalo<\/strong> original <strong data-start=\"3530\" data-end=\"3552\">de judo para ni\u00f1os<\/strong>, diferente de los accesorios cl\u00e1sicos, pero fiel al esp\u00edritu del deporte.<\/p>\n<h2 data-section-id=\"1m02kpe\" data-start=\"3644\" data-end=\"3710\">\u00bfPor qu\u00e9 elegir el pack de 3 unidades de judo para ni\u00f1os de Fighting Films?<\/h2>\n<p data-start=\"3712\" data-end=\"3943\">Elegir este pack significa ofrecer una colecci\u00f3n completa basada en el judo, con tres puzles complementarios y coherentes. Mientras que un solo puzzle te permite descubrir un mundo, el pack ofrece una experiencia m\u00e1s rica y completa. <\/p>\n<p data-start=\"3945\" data-end=\"4198\">Te permite variar los placeres, ofrecer m\u00e1s contenido y crear una aut\u00e9ntica minicolecci\u00f3n en torno al judo. Tambi\u00e9n es una forma estupenda de complacer a un ni\u00f1o aficionado al judo, con un producto original, compacto y f\u00e1cil de regalar. <\/p>\n<p data-start=\"4200\" data-end=\"4417\">Este paquete es especialmente adecuado para:<br \/>\nj\u00f3venes judokas apasionados por su deporte, regalos de cumplea\u00f1os, regalos de Navidad, premios de clubes, cursos de formaci\u00f3n, eventos o premios de competici\u00f3n.<\/p>\n<h2 data-section-id=\"1v51em4\" data-start=\"4419\" data-end=\"4462\">Una idea original de regalo de judo<\/h2>\n<p data-start=\"4464\" data-end=\"4721\">Encontrar una idea de regalo para un ni\u00f1o que practica judo no siempre es f\u00e1cil. Este <strong data-start=\"4555\" data-end=\"4588\">pack de 3 puzzles infantiles de judo<\/strong> es la respuesta perfecta, ya que ofrece un producto divertido, visual y directamente inspirado en el mundo del dojo. <\/p>\n<p data-start=\"4723\" data-end=\"5021\">Con sus tres temas complementarios, atrae por igual a ni\u00f1os, padres y clubes. Les permite seguir practicando judo en casa, al tiempo que mantiene un fuerte v\u00ednculo con lo que los ni\u00f1os adoran de este deporte: los personajes, las t\u00e9cnicas, los valores y la imaginaci\u00f3n japonesa. <\/p>\n<p data-start=\"5023\" data-end=\"5137\">Es un regalo sencillo, accesible y muy original, un cambio respecto a los productos habituales sin dejar de ser 100% judo.<\/p>\n<h2 data-section-id=\"77jau5\" data-start=\"5139\" data-end=\"5189\">Descubre nuestros otros productos infantiles<\/h2>\n<p data-start=\"5191\" data-end=\"5592\">Si te gusta este pack, echa un vistazo a nuestros otros <a href=\"https:\/\/fightingfilms.shop\/es\/categor\u00eda\/goodies-de-judo\/\"><strong data-start=\"5245\" data-end=\"5264\">art\u00edculos de judo<\/strong><\/a> dise\u00f1ados para j\u00f3venes aficionados. Nuestro <a href=\"https:\/\/fightingfilms.shop\/produit\/mon-album-judo\/\"><strong data-start=\"5308\" data-end=\"5325\">\u00e1lbum de judo<\/strong><\/a> utiliza un universo gr\u00e1fico similar y completa perfectamente esta colecci\u00f3n. Tambi\u00e9n puedes encontrar otras ideas de regalo basadas en el judo, como nuestros llaveros y diversos accesorios de Fighting Films dise\u00f1ados para extender la pasi\u00f3n por el tatami a la vida cotidiana.  <\/p>\n<p data-start=\"5594\" data-end=\"5744\">Este paquete de puzzles es el complemento perfecto para una selecci\u00f3n de productos de judo para ni\u00f1os, ideal para regalos, colecciones o eventos de club.<\/p>\n<h2 data-section-id=\"jzf6bh\" data-start=\"5746\" data-end=\"5776\">Caracter\u00edsticas del producto<\/h2>\n<p data-start=\"5778\" data-end=\"6187\"><strong data-start=\"5778\" data-end=\"5798\">Nombre del producto :<\/strong> Pack 3 puzzles infantiles de judo<br data-start=\"5825\" data-end=\"5828\"><strong data-start=\"5828\" data-end=\"5840\">Marca :<\/strong> Fighting Films<br data-start=\"5855\" data-end=\"5858\"><strong data-start=\"5858\" data-end=\"5871\">Contenido :<\/strong> 3 puzzles diferentes<br data-start=\"5892\" data-end=\"5895\"><strong data-start=\"5895\" data-end=\"5915\">Modelos incluidos :<\/strong> Jigoro Kano, Tomoe Nage, Amiti\u00e9<br data-start=\"5947\" data-end=\"5950\"><strong data-start=\"5950\" data-end=\"5983\">N\u00famero de piezas por puzzle :<\/strong> 36<br data-start=\"5986\" data-end=\"5989\"><strong data-start=\"5989\" data-end=\"6016\">Dimensiones por puzzle :<\/strong> 15 cm x 15 cm<br data-start=\"6030\" data-end=\"6033\"><strong data-start=\"6033\" data-end=\"6046\">Universo :<\/strong> Judo \/ Infantil \/ Jap\u00f3n \/ Valores del judo \/ T\u00e9cnicas del judo<br data-start=\"6107\" data-end=\"6110\"><strong data-start=\"6110\" data-end=\"6131\">Tipo de producto :<\/strong> Paquete de puzzles para ni\u00f1os \/ Regalos de judo \/ Regalos de judo para ni\u00f1os<\/p>\n<h2 data-section-id=\"ae9rol\" data-start=\"6189\" data-end=\"6214\">Advertencia de seguridad<\/h2>\n<p data-start=\"6216\" data-end=\"6330\"><strong data-start=\"6216\" data-end=\"6330\">ADVERTENCIA: No apto para ni\u00f1os menores de 36 meses. Contiene piezas peque\u00f1as. Riesgo de asfixia.  <\/strong><\/p>\n<h2 data-section-id=\"1sghawa\" data-start=\"6332\" data-end=\"6342\">PREGUNTAS FRECUENTES SOBRE SEO<\/h2>\n<h3 data-section-id=\"cdqlae\" data-start=\"6344\" data-end=\"6392\">\u00bfQu\u00e9 contiene el pack de 3 puzzles de judo para ni\u00f1os?<\/h3>\n<p data-start=\"6393\" data-end=\"6483\">El pack contiene tres puzles diferentes: <strong data-start=\"6437\" data-end=\"6452\">Jigoro Kano<\/strong>, <strong data-start=\"6454\" data-end=\"6468\">Tomoe Nage<\/strong> y <strong data-start=\"6472\" data-end=\"6482\">Amistad<\/strong>.<\/p>\n<h3 data-section-id=\"1cvkp4q\" data-start=\"6485\" data-end=\"6531\">\u00bfCu\u00e1ntas piezas contiene cada puzzle?<\/h3>\n<p data-start=\"6532\" data-end=\"6569\">Cada puzzle contiene <strong data-start=\"6555\" data-end=\"6568\">36 piezas<\/strong>.<\/p>\n<h3 data-section-id=\"11f3zr0\" data-start=\"6571\" data-end=\"6616\">\u00bfCu\u00e1les son las dimensiones de los puzles?<\/h3>\n<p data-start=\"6617\" data-end=\"6656\">Cada puzzle mide <strong data-start=\"6638\" data-end=\"6655\">15 cm x 15 cm<\/strong>.<\/p>\n<h3 data-section-id=\"1eir9fa\" data-start=\"6658\" data-end=\"6687\">\u00bfA qui\u00e9n va dirigido este pack?<\/h3>\n<p data-start=\"6688\" data-end=\"6885\">Este pack est\u00e1 dirigido a los ni\u00f1os amantes del judo, a los j\u00f3venes judokas, a los padres que buscan un regalo original y a los clubes que quieren ofrecer un producto divertido en el mundo del judo.<\/p>\n<h3 data-section-id=\"1msb3dj\" data-start=\"6887\" data-end=\"6953\">\u00bfEs una buena idea de regalo para un ni\u00f1o que practica judo?<\/h3>\n<p data-start=\"6954\" data-end=\"7131\">S\u00ed, este pack es una idea excelente para <strong data-start=\"6994\" data-end=\"7016\">regalar judo a un ni\u00f1o<\/strong>. Presenta la historia, las t\u00e9cnicas y los valores del judo a trav\u00e9s de tres originales rompecabezas. <\/p>\n<h3 data-section-id=\"163a4zi\" data-start=\"7133\" data-end=\"7185\">\u00bfExisten otros productos similares?<\/h3>\n<p data-start=\"7186\" data-end=\"7328\">S\u00ed, tambi\u00e9n puedes descubrir nuestro <strong data-start=\"7225\" data-end=\"7242\">\u00e1lbum de judo<\/strong> y nuestros otros <strong data-start=\"7264\" data-end=\"7283\">art\u00edculos de judo<\/strong> para completar el mundo de los j\u00f3venes judokas.<\/p>\n","protected":false},"excerpt":{"rendered":"<p data-start=\"642\" data-end=\"898\">Los 3 puzzles infantiles de judo Fighting Films en un solo pack: Jigoro Kano, Tomoe Nage y Amiti\u00e9. Tres puzzles de 36 piezas en formato 15 x 15 cm, perfectos para introducir a los m\u00e1s peque\u00f1os en el mundo del judo de una forma divertida y original. <\/p>\n","protected":false},"featured_media":34341,"comment_status":"","ping_status":"closed","template":"","meta":[],"product_brand":[],"product_cat":[1144,499],"product_tag":[],"giftcard-category":[],"class_list":{"0":"post-34630","1":"product","2":"type-product","3":"status-publish","4":"has-post-thumbnail","6":"product_cat-goodies-de-judo","7":"product_cat-accesorios-de-judo","8":"product_shipping_class-accesorios","10":"first","11":"instock","12":"taxable","13":"shipping-taxable","14":"purchasable","15":"product-type-simple"},"exclude_global_add_ons":[],"addons":[],"_links":{"self":[{"href":"https:\/\/fightingfilms.shop\/es\/wp-json\/wp\/v2\/product\/34630","targetHints":{"allow":["GET"]}}],"collection":[{"href":"https:\/\/fightingfilms.shop\/es\/wp-json\/wp\/v2\/product"}],"about":[{"href":"https:\/\/fightingfilms.shop\/es\/wp-json\/wp\/v2\/types\/product"}],"replies":[{"embeddable":true,"href":"https:\/\/fightingfilms.shop\/es\/wp-json\/wp\/v2\/comments?post=34630"}],"wp:featuredmedia":[{"embeddable":true,"href":"https:\/\/fightingfilms.shop\/es\/wp-json\/wp\/v2\/media\/34341"}],"wp:attachment":[{"href":"https:\/\/fightingfilms.shop\/es\/wp-json\/wp\/v2\/media?parent=34630"}],"wp:term":[{"taxonomy":"product_brand","embeddable":true,"href":"https:\/\/fightingfilms.shop\/es\/wp-json\/wp\/v2\/product_brand?post=34630"},{"taxonomy":"product_cat","embeddable":true,"href":"https:\/\/fightingfilms.shop\/es\/wp-json\/wp\/v2\/product_cat?post=34630"},{"taxonomy":"product_tag","embeddable":true,"href":"https:\/\/fightingfilms.shop\/es\/wp-json\/wp\/v2\/product_tag?post=34630"},{"taxonomy":"giftcard-category","embeddable":true,"href":"https:\/\/fightingfilms.shop\/es\/wp-json\/wp\/v2\/giftcard-category?post=34630"}],"curies":[{"name":"wp","href":"https:\/\/api.w.org\/{rel}","templated":true}]}}