{"id":34692,"date":"2025-02-21T11:21:52","date_gmt":"2025-02-21T10:21:52","guid":{"rendered":"https:\/\/fightingfilms.shop\/produit\/mi-album-de-judo\/"},"modified":"2025-02-21T11:21:52","modified_gmt":"2025-02-21T10:21:52","slug":"mi-album-de-judo","status":"publish","type":"product","link":"https:\/\/fightingfilms.shop\/es\/produit\/mi-album-de-judo\/","title":{"rendered":"Mi \u00e1lbum de judo"},"content":{"rendered":"<p>Descubre <strong>mi \u00e1lbum de<\/strong> judo, \u00a1imprescindible para todos los j\u00f3venes judokas! Divertido, f\u00e1cil de entender e informativo, \u00a1mi \u00e1lbum de judo ayudar\u00e1 a tu hijo a descubrir el judo! <\/p>\n<p>Cada p\u00e1gina est\u00e1 cuidadosamente ilustrada para presentarte el judo, su <strong>historia<\/strong>, el <strong>vocabulario<\/strong> y las <strong>t\u00e9cnicas<\/strong> est\u00e1n representadas en mi \u00e1lbum de judo. Del cintur\u00f3n amarillo al cintur\u00f3n azul, \u00a1descubre las t\u00e9cnicas esenciales del judo! <\/p>\n<p>Colecciona las 5 cartas hologr\u00e1ficas del \u00e1lbum que representan <a href=\"https:\/\/www.fightingfilms.shop\/histoire-du-judo\/\">la historia del judo<\/a>: Jigoro Kano, Maitre Kawashi, Souplesse, voie y Samourai .<\/p>\n<p>\u00bfTe cuesta recordar el nombre de cada t\u00e9cnica? Con mi \u00e1lbum de judo, \u00a1no tendr\u00e1n secretos para ti! <\/p>\n<p>Descubre las t\u00e9cnicas por estilos: movimiento de hombros, movimiento de caderas &#8230;<\/p>\n<p>\u00a1Util\u00edzala para seguir tus progresos en la b\u00fasqueda del cintur\u00f3n negro! Marca las estrellitas de la parte superior de las casillas cuando tu sensei haya validado la t\u00e9cnica. <\/p>\n<p data-start=\"732\" data-end=\"1042\"><strong>Colecciona <a href=\"https:\/\/www.fightingfilms.shop\/produit\/stickers-mon-album-judo\/\">cromos <\/a><\/strong>comprando paquetes individuales, \u00a1o piensa a lo grande y llena tu \u00e1lbum comprando una caja de 50 paquetes! <strong>Intercambia dobles<\/strong> con tus amigos, completa tu \u00e1lbum y aprende todo sobre este deporte de combate que combina t\u00e9cnica, fuerza y respeto.<\/p>\n<p data-start=\"732\" data-end=\"1042\">Elige el \u00e1lbum solo o el pack de inicio que contiene el \u00e1lbum + 3 paquetes de 8 pegatinas (\u00a1incluida 1 pegatina hologr\u00e1fica!)<\/p>\n<p data-start=\"1044\" data-end=\"1184\" data-is-last-node=\"\" data-is-only-node=\"\">\u00bfListo para aceptar el reto? Empieza tu colecci\u00f3n ahora y sum\u00e9rgete en la apasionante historia del judo, \u00a1vi\u00f1eta a vi\u00f1eta! <\/p>\n<h2><em>Caracter\u00edsticas de mi \u00e1lbum de judo:<\/em><\/h2>\n<ul>\n<li>24 p\u00e1ginas \ud83d\udcd6<\/li>\n<li>64 pegatinas coleccionables, \u00a1incluidas 5 hologr\u00e1ficas! \ud83d\uddbc\ufe0f <\/li>\n<li>Breve historia del judo \ud83e\udd4b<\/li>\n<li>Un glosario de t\u00e9rminos clave \ud83d\udcc4<\/li>\n<li>\u00a1T\u00e9cnicas de cintur\u00f3n amarillo a cintur\u00f3n azul! \ud83d\udcaa\ud83c\udffc <\/li>\n<\/ul>\n<p>&nbsp;<\/p>\n<h2>\u00bfEst\u00e1s a cargo de un club?<\/h2>\n<p>\u00a1Aprovecha las tarifas especiales exclusivas para clubes! \u00a1Ponte en contacto con nosotros por correo electr\u00f3nico en contact@fightingfilms.fr para beneficiarte de tarifas especiales para \u00e1lbumes, adhesivos y packs especiales para todos tus miembros! <\/p>\n<p>\u00bfBuscas equipamiento de judo para tus socios? Ponte en contacto con nosotros para obtener descuentos en nuestros <a href=\"https:\/\/www.fightingfilms.shop\/categorie\/kimonos\/kimonos-de-judo\/?srsltid=AfmBOoop8KuPRoEFeJGgGIguF5wnfjwY4LsWAulnQvPFOITtEQcFhpui\">kimonos, cinturones y accesorios de judo<\/a>. <\/p>\n<div id=\"kurato_extension_modal\"><\/div>\n<div id=\"kurato_extension_modal\"><\/div>\n<div id=\"kurato_extension_modal\"><\/div>\n<div id=\"kurato_extension_modal\"><\/div>\n<div id=\"kurato_extension_modal\"><\/div>\n<div id=\"kurato_extension_modal\"><\/div>\n<div id=\"kurato_extension_modal\"><\/div>\n<div id=\"kurato_extension_modal\"><\/div>\n<div id=\"kurato_extension_modal\"><\/div>\n<div id=\"kurato_extension_modal\"><\/div>\n<div id=\"kurato_extension_modal\"><\/div>\n<div id=\"kurato_extension_modal\"><\/div>\n<div id=\"kurato_extension_modal\"><\/div>\n<div id=\"kurato_extension_modal\"><\/div>\n<div id=\"kurato_extension_modal\"><\/div>\n<div id=\"kurato_extension_modal\"><\/div>\n<div id=\"kurato_extension_modal\"><\/div>\n<div id=\"kurato_extension_modal\"><\/div>\n<div id=\"kurato_extension_modal\"><\/div>\n<div id=\"kurato_extension_modal\"><\/div>\n<div id=\"kurato_extension_modal\"><\/div>\n","protected":false},"excerpt":{"rendered":"<div id=\"kurato_extension_modal\">\u00a1Sum\u00e9rgete en el mundo del judo desde una edad temprana con mi \u00e1lbum de judo! Colecciona y pega pegatinas exclusivas que representan las t\u00e9cnicas a aprender para cada cintur\u00f3n, del blanco al azul. <\/div>\n<div>Completa tu \u00e1lbum comprando cromos o intercambi\u00e1ndolos con tus amigos y vive la historia del judo a trav\u00e9s de im\u00e1genes \u00fanicas.<\/div>\n<div>Elige <strong>el \u00e1lbum solo<\/strong> o el <strong>paquete de inicio<\/strong> que contiene el \u00e1lbum + 3 paquetes de pegatinas (8 pegatinas por paquete).<\/div>\n<h3><\/h3>\n<div id=\"kurato_extension_modal\"><\/div>\n<div id=\"kurato_extension_modal\"><\/div>\n<div id=\"kurato_extension_modal\"><\/div>\n<div id=\"kurato_extension_modal\"><\/div>\n<div id=\"kurato_extension_modal\"><\/div>\n<div id=\"kurato_extension_modal\"><\/div>\n<div id=\"kurato_extension_modal\"><\/div>\n<div id=\"kurato_extension_modal\"><\/div>\n<div id=\"kurato_extension_modal\"><\/div>\n<div id=\"kurato_extension_modal\"><\/div>\n<div id=\"kurato_extension_modal\"><\/div>\n<div id=\"kurato_extension_modal\"><\/div>\n<div id=\"kurato_extension_modal\"><\/div>\n<div id=\"kurato_extension_modal\"><\/div>\n<div id=\"kurato_extension_modal\"><\/div>\n<div id=\"kurato_extension_modal\"><\/div>\n<div id=\"kurato_extension_modal\"><\/div>\n<div id=\"kurato_extension_modal\"><\/div>\n<div id=\"kurato_extension_modal\"><\/div>\n","protected":false},"featured_media":27569,"comment_status":"","ping_status":"closed","template":"","meta":[],"product_brand":[],"product_cat":[1158],"product_tag":[],"giftcard-category":[],"class_list":{"0":"post-34692","1":"product","2":"type-product","3":"status-publish","4":"has-post-thumbnail","6":"product_cat-libros-de-judo-y-artes-marciales","7":"product_shipping_class-accesorios","9":"first","10":"instock","11":"taxable","12":"shipping-taxable","13":"purchasable","14":"product-type-variable"},"exclude_global_add_ons":[],"addons":[],"_links":{"self":[{"href":"https:\/\/fightingfilms.shop\/es\/wp-json\/wp\/v2\/product\/34692","targetHints":{"allow":["GET"]}}],"collection":[{"href":"https:\/\/fightingfilms.shop\/es\/wp-json\/wp\/v2\/product"}],"about":[{"href":"https:\/\/fightingfilms.shop\/es\/wp-json\/wp\/v2\/types\/product"}],"replies":[{"embeddable":true,"href":"https:\/\/fightingfilms.shop\/es\/wp-json\/wp\/v2\/comments?post=34692"}],"wp:featuredmedia":[{"embeddable":true,"href":"https:\/\/fightingfilms.shop\/es\/wp-json\/wp\/v2\/media\/27569"}],"wp:attachment":[{"href":"https:\/\/fightingfilms.shop\/es\/wp-json\/wp\/v2\/media?parent=34692"}],"wp:term":[{"taxonomy":"product_brand","embeddable":true,"href":"https:\/\/fightingfilms.shop\/es\/wp-json\/wp\/v2\/product_brand?post=34692"},{"taxonomy":"product_cat","embeddable":true,"href":"https:\/\/fightingfilms.shop\/es\/wp-json\/wp\/v2\/product_cat?post=34692"},{"taxonomy":"product_tag","embeddable":true,"href":"https:\/\/fightingfilms.shop\/es\/wp-json\/wp\/v2\/product_tag?post=34692"},{"taxonomy":"giftcard-category","embeddable":true,"href":"https:\/\/fightingfilms.shop\/es\/wp-json\/wp\/v2\/giftcard-category?post=34692"}],"curies":[{"name":"wp","href":"https:\/\/api.w.org\/{rel}","templated":true}]}}