{"id":18104,"date":"2021-08-16T11:00:44","date_gmt":"2021-08-16T09:00:44","guid":{"rendered":"https:\/\/www.fightingfilms.shop\/conditions-generales-de-ventes\/"},"modified":"2024-01-26T16:55:34","modified_gmt":"2024-01-26T15:55:34","slug":"conditions-generales-de-ventes","status":"publish","type":"page","link":"https:\/\/fightingfilms.shop\/it\/conditions-generales-de-ventes\/","title":{"rendered":"Termini e condizioni di vendita"},"content":{"rendered":"<div class=\"wpb-content-wrapper\"><p>[vc_row type=&#8221;boxed&#8221; background_style=&#8221;normal&#8221; css=&#8221;.vc_custom_1487365316112{margin-top: 75px !important;padding-right: 50px !important;padding-left: 50px !important;}&#8221;][vc_column][vc_column_text css=&#8221;.vc_custom_1629105454360{margin-bottom: 50px !important;}&#8221;]<\/p>\n<h3 style=\"text-align: center;\"><strong>Informazioni legali<\/strong><\/h3>\n<p>[\/vc_column_text][vc_row_inner css=&#8221;.vc_custom_1410358939666{margin-bottom: 20px !important;}&#8221;][vc_column_inner width=&#8221;1\/2&#8243; css=&#8221;.vc_custom_1443415906747{padding-right: 5% !important;padding-left: 10px !important;}&#8221;][vc_column_text]<\/p>\n<h5><strong>Film di combattimento<\/strong><\/h5>\n<p align=\"left\">SAS<\/p>\n<p align=\"left\"><span lang=\"fr-fr\" xml:lang=\"fr-fr\">RCS Parigi n\u00b0: 820 823 086<\/span><\/p>\n<p align=\"left\"><span lang=\"fr-fr\" xml:lang=\"fr-fr\">Codice APE: 4764Z<\/span><\/p>\n<p align=\"left\"><span lang=\"fr-fr\" xml:lang=\"fr-fr\">TVA intracommunautaire n\u00b0 : FR 13 820 823 086<\/span><\/p>\n<p align=\"left\"><span lang=\"fr-fr\" xml:lang=\"fr-fr\">Sede legale: 1 rue des Messageries &#8211; 75010 Parigi<\/span><\/p>\n<p align=\"left\"><span lang=\"fr-fr\" xml:lang=\"fr-fr\">Responsabile della pubblicazione: Joseph BRIDGE <\/span><\/p>\n<p align=\"left\"><span lang=\"fr-fr\" xml:lang=\"fr-fr\">Adresse e-mail : joseph@fightingfilms.fr<\/span><\/p>\n<div id=\"kurato_extension_modal\"><\/div>\n<p>[\/vc_column_text][\/vc_column_inner][vc_column_inner width=&#8221;1\/2&#8243; css=&#8221;.vc_custom_1443415917948{padding-right: 5% !important;padding-left: 10px !important;}&#8221;][vc_column_text]<\/p>\n<h5><strong>allogio<\/strong><\/h5>\n<p align=\"left\"><span lang=\"fr-fr\" style=\"color: #808080;\" xml:lang=\"fr-fr\">OVH<\/span><\/p>\n<p align=\"left\"><span style=\"color: #808080;\">SAS au capital de 10 069 020 <span lang=\"pt-pt\">\u20ac<\/span><\/span><\/p>\n<p align=\"left\"><span style=\"color: #808080;\"><span lang=\"da-dk\">RCS Lille M<\/span><span lang=\"fr-fr\">\u00e9tropole 424 761 419 00045<\/span><\/span><\/p>\n<p align=\"left\"><span style=\"color: #808080;\">Code APE 2620Z<\/span><\/p>\n<p align=\"left\"><span style=\"color: #808080;\">N<span lang=\"it-it\">\u00b0 <\/span><span lang=\"fr-fr\">TVA : FR 22 424 761 419<\/span><\/span><\/p>\n<p align=\"left\"><span style=\"color: #808080;\">Si<span lang=\"fr-fr\">\u00e8ge social : 2, rue Kellermann \u2013 59100 Roubaix \u2013 France.<\/span><\/span><\/p>\n<p align=\"left\"><span lang=\"fr-fr\" style=\"color: #808080;\" xml:lang=\"fr-fr\">Direttore di pubblicazione: Octave KLABA <\/span><\/p>\n<p>[\/vc_column_text][\/vc_column_inner][\/vc_row_inner][\/vc_column][\/vc_row][vc_row type=&#8221;boxed&#8221; background_style=&#8221;normal&#8221; css=&#8221;.vc_custom_1410359860044{padding-top: 30px !important;padding-bottom: 65px !important;}&#8221;][vc_column][vc_separator][\/vc_column][\/vc_row][vc_row type=&#8221;boxed&#8221; background_style=&#8221;normal&#8221; css=&#8221;.vc_custom_1487365260609{padding-right: 50px !important;padding-left: 50px !important;}&#8221;][vc_column][vc_column_text css=&#8221;.vc_custom_1629105781563{margin-bottom: 50px !important;}&#8221;]<\/p>\n<h3 style=\"text-align: center;\">Termini e condizioni di vendita<\/h3>\n<p>[\/vc_column_text][vc_row_inner css=&#8221;.vc_custom_1410358939666{margin-bottom: 20px !important;}&#8221;][vc_column_inner css=&#8221;.vc_custom_1443415995655{padding-right: 5% !important;padding-left: 10px !important;}&#8221;][vc_column_text]<\/p>\n<h5><strong>Le presenti condizioni generali di vendita si applicano tra : <\/strong><\/h5>\n<p><span style=\"color: #808080;\">La societ\u00e0 FIGHTING FILMS, con sede legale in 1 rue des Messageries &#8211; 75010 Paris &#8211; FRANCE, registrata in Francia presso l&#8217;RCS di Parigi con il numero di codice 820 823 086, editore e proprietario del sito www.fightingfilms.shop ospitato da OVH.<\/span><\/p>\n<p><span style=\"color: #808080;\">Di seguito : &#8220;FILM DI COMBATTIMENTO<\/span><\/p>\n<p><span style=\"color: #808080;\">E :<\/span><\/p>\n<p><span style=\"color: #808080;\">Qualsiasi persona, commerciante o privato che effettua un acquisto sul sito web www.fightingfilms.shop.<\/span><\/p>\n<p><span style=\"color: #808080;\">Di seguito indicato come: &#8220;Il Cliente<\/span><\/p>\n<div id=\"kurato_extension_modal\"><\/div>\n<p>[\/vc_column_text][vc_column_text]<\/p>\n<h5><strong>Articolo 1\/<\/strong><\/h5>\n<p><span style=\"color: #808080;\">Il presente contratto \u00e8 un contratto di vendita online soggetto ad accettazione da parte di FIGHTING FILMS e redatto in conformit\u00e0 alla legislazione francese vigente. Ce pr\u00e9sent contrat a pour objet la vente des produits pr\u00e9sent\u00e9s sur le site www.fightingfilms.shop .<\/span><\/p>\n<p><span style=\"color: #808080;\">Il contratto sar\u00e0 stipulato tra il cliente e FIGHTING FILMS solo dopo che il cliente avr\u00e0 ricevuto una ricevuta che conferma i dettagli dell&#8217;ordine effettuato sul sito www.fightingfilms.shop. Le informazioni contrattuali sono presentate in francese e i prodotti offerti in vendita sono conformi alla legislazione francese al 1\u00b0 settembre 2013.<\/span><\/p>\n<div id=\"kurato_extension_modal\"><\/div>\n<div id=\"kurato_extension_modal\"><\/div>\n<div id=\"kurato_extension_modal\"><\/div>\n<p>[\/vc_column_text][vc_column_text]<\/p>\n<h5><strong>Article 2\/<\/strong><\/h5>\n<p><span style=\"color: #808080;\">La convalida dell&#8217;ordine da parte del Cliente implica l&#8217;accettazione delle presenti Condizioni Generali di Vendita. Il Cliente si impegna a pagare per intero i prodotti ordinati al momento della convalida dell&#8217;ordine. Poich\u00e9 il contratto di vendita crea un obbligo di mezzi da parte del venditore, FIGHTING FILMS<strong> si impegna<\/strong> a consegnare gli articoli ordinati dal Cliente ai servizi postali entro i termini annunciati al momento della conclusione del contratto. FIGHTING FILMS se r\u00e9serve cependant le droit d\u2019annuler toute commande d\u2019un client avec lequel il existerait un litige relatif au paiement d\u2019une commande ant\u00e9rieure.<\/span><\/p>\n<div id=\"kurato_extension_modal\"><\/div>\n<p>[\/vc_column_text][vc_column_text]<\/p>\n<h5><strong>Articolo 3<\/strong><\/h5>\n<p><span style=\"color: #808080;\">Ci sforziamo di descrivere e presentare i prodotti sul nostro sito www.fightingfilms.shop nel modo pi\u00f9 accurato possibile. Tuttavia, FIGHTING FILMS non pu\u00f2 essere ritenuta responsabile di eventuali errori o omissioni in questa presentazione. Ogni foto che rappresenta i nostri prodotti \u00e8 stata scelta con cura per essere il pi\u00f9 rappresentativa possibile. Tuttavia, questi non fanno parte del contratto e sono solo a scopo informativo.<\/span><\/p>\n<div id=\"kurato_extension_modal\"><\/div>\n<p>[\/vc_column_text][vc_column_text]<\/p>\n<h5><strong>Articolo 4<\/strong><\/h5>\n<p><span style=\"color: #808080;\">Tutti i prezzi dei nostri prodotti sono indicati in euro (\u20ac) comprensivi di tutte le tasse (TTC), escluse le spese di gestione e di spedizione, che sono a carico del Cliente (salvo specifiche offerte promozionali). Sono garantiti con riserva di errori tipografici o di stampa. Tuttavia, FIGHTING FILMS si riserva il diritto di modificare i propri prezzi in qualsiasi momento, senza preavviso e senza alcun risarcimento. In caso di modifica, gli articoli saranno fatturati sulla base dei prezzi in vigore al momento della registrazione dell&#8217;ordine sul sito www.fightingfilms.shop, in base alla disponibilit\u00e0.<\/span><\/p>\n<div id=\"kurato_extension_modal\"><\/div>\n<p>[\/vc_column_text][vc_column_text]<\/p>\n<h5><strong>Articolo 5<\/strong><\/h5>\n<p><span style=\"color: #808080;\">La convalida dell&#8217;ordine effettuato dal Cliente sul sito www.fightingfilms.shop implica l&#8217;accettazione delle presenti Condizioni Generali di Vendita. Una volta convalidato l&#8217;ordine, la fattura sar\u00e0 inviata all&#8217;indirizzo e-mail indicato dal Cliente al momento dell&#8217;ordine o della registrazione sul sito. Viene stabilito in base al listino prezzi in vigore il giorno dell&#8217;ordine. In caso di errore materiale nell&#8217;indirizzo e-mail del cliente, quest&#8217;ultimo ha a disposizione un massimo di 24 ore per contattare il servizio clienti e comunicare l&#8217;errore e inviare i dati corretti. Dopo questo periodo, FIGHTING FILMS non pu\u00f2 garantire che la modifica venga presa in considerazione.<\/span><\/p>\n<p><span style=\"color: #808080;\">Tuttavia, FIGHTING FILMS si riserva il diritto di rifiutare qualsiasi ordine proveniente da un Cliente con il quale esista una controversia o un incidente relativo al pagamento di un ordine precedente o giustificato dalle presenti Condizioni Generali di Vendita.<\/span><\/p>\n<p><span style=\"color: #808080;\">Gli ordini vengono convalidati con la procedura del &#8220;doppio clic&#8221;: dopo aver aggiunto al carrello i vari prodotti richiesti, i Clienti sono invitati a confermare una volta la loro selezione prima di accedere alla pagina di pagamento, dove inseriscono tutte le informazioni necessarie per pagare il prezzo richiesto, e a confermarlo una seconda volta. I dati registrati dal venditore costituiscono la prova della natura, della data e del contenuto del contratto.<\/span><\/p>\n<div id=\"kurato_extension_modal\"><\/div>\n<p>[\/vc_column_text][vc_column_text]<\/p>\n<h5><strong>Articolo 6<\/strong><\/h5>\n<p><span style=\"color: #808080;\">I mezzi di pagamento accettati sono :<\/span><\/p>\n<p><span style=\"color: #808080;\">\u2013 Le paiement par PayPal. In questo caso, il cliente viene reindirizzato al sito di PayPal per effettuare il pagamento.<\/span><\/p>\n<p><span style=\"color: #808080;\">&#8211; Pagamento con carta di credito tramite PayPlug<\/span>[\/vc_column_text][vc_column_text]<\/p>\n<h5><strong>Articolo 7<\/strong><\/h5>\n<div><span style=\"color: #808080;\">I costi di consegna variano in base alle diverse modalit\u00e0 di consegna scelte, che sono visualizzate sul sito www.fightingfilms.shop.<\/span><\/div>\n<div><span style=\"color: #808080;\">I tempi di consegna indicati dai vettori sono i seguenti:<\/span><\/div>\n<div><span style=\"color: #808080;\">&#8211; Colissimo: Consegna in 3 o 4 giorni lavorativi dalla spedizione.<\/span><\/div>\n<div id=\"kurato_extension_modal\"><\/div>\n<p>[\/vc_column_text][vc_column_text]<\/p>\n<h5><strong>Articolo 8<\/strong><\/h5>\n<p><span style=\"color: #808080;\">Sebbene ci sforziamo di offrire prodotti di qualit\u00e0, pu\u00f2 accadere che il Cliente non sia pienamente soddisfatto del suo ordine e desideri restituirlo in parte o per intero. FIGHTING FILMS vuole essere il pi\u00f9 trasparente possibile con i propri clienti e desidera chiarire che il diritto di recesso \u00e8 conferito dall&#8217;articolo L120-20 del Codice del Consumo francese:<em>  &#8220;Il consumatore (in questo caso il Cliente) dispone di un periodo di sette giorni liberi per esercitare il diritto di recesso.  <\/em><em>senza dover fornire alcuna motivazione o pagare alcuna penale, ad eccezione, ove applicabile, delle spese di restituzione della merce&#8221;.  <\/em>Il timbro postale o la data della ricevuta di consegna costituisce la data di inizio di questo periodo di recesso, la cui scadenza rende impossibile qualsiasi sostituzione o rimborso. I prodotti danneggiati, restituiti incompleti o sporchi non saranno sostituiti o rimborsati.<\/span>[\/vc_column_text][vc_column_text]<\/p>\n<h5><strong>Articolo 9<\/strong><\/h5>\n<p><span style=\"color: #808080;\">Per elaborare gli ordini in modo efficiente, \u00e8 necessario raccogliere i dati personali dei clienti. Tutte queste informazioni personali saranno utilizzate esclusivamente da FIGHTING FILMS, che si impegna a non distribuirle a terzi, ad eccezione dei fornitori di servizi esterni che ne hanno bisogno per la consegna. Queste informazioni saranno inserite in un file riservato specifico per FIGHTING FILMS. Ai sensi della legge francese sulla protezione dei dati personali del 6 gennaio 1978, i clienti hanno il diritto di accedere, modificare e cancellare i propri dati personali. Se il Cliente desidera esercitare questo diritto, deve semplicemente comunicarlo a FIGHTING FILMS France, indicando il proprio cognome, nome e indirizzo.<\/span>[\/vc_column_text][vc_column_text]<\/p>\n<h5><strong>Articolo 10<\/strong><\/h5>\n<p><span style=\"color: #808080;\">Ogni ordine effettuato sul sito www.fightingfilms.shop implica automaticamente l&#8217;accettazione da parte del Cliente delle presenti Condizioni Generali di Vendita, che sono regolate dalla legge francese. In caso di controversia, i tribunali francesi avranno giurisdizione esclusiva. In caso di difficolt\u00e0 o reclami relativi a un ordine, \u00e8 ovviamente preferibile che il Cliente contatti il Servizio Clienti per trovare una soluzione amichevole.<\/span><\/p>\n<div id=\"kurato_extension_modal\"><\/div>\n<p>[\/vc_column_text][\/vc_column_inner][\/vc_row_inner][\/vc_column][\/vc_row]<\/p>\n<\/div>","protected":false},"excerpt":{"rendered":"<p>[vc_row type=&#8221;boxed&#8221; background_style=&#8221;normal&#8221; css=&#8221;.vc_custom_1487365316112{margin-top: 75px !important;padding-right: 50px !important;padding-left: 50px !important;}&#8221;][vc_column][vc_column_text css=&#8221;.vc_custom_1629105454360{margin-bottom: 50px !important;}&#8221;] Informazioni legali [\/vc_column_text][vc_row_inner css=&#8221;.vc_custom_1410358939666{margin-bottom: 20px !important;}&#8221;][vc_column_inner width=&#8221;1\/2&#8243; css=&#8221;.vc_custom_1443415906747{padding-right: 5% !important;padding-left: 10px !important;}&#8221;][vc_column_text] Film di combattimento SAS RCS Parigi n\u00b0: 820 823 086 Codice APE: 4764Z TVA intracommunautaire n\u00b0 : FR 13 820 823 086 Sede legale: 1 rue des Messageries &#8211; 75010 [&hellip;]<\/p>\n","protected":false},"author":1,"featured_media":0,"parent":0,"menu_order":0,"comment_status":"closed","ping_status":"closed","template":"","meta":{"footnotes":""},"class_list":["post-18104","page","type-page","status-publish","hentry"],"_links":{"self":[{"href":"https:\/\/fightingfilms.shop\/it\/wp-json\/wp\/v2\/pages\/18104","targetHints":{"allow":["GET"]}}],"collection":[{"href":"https:\/\/fightingfilms.shop\/it\/wp-json\/wp\/v2\/pages"}],"about":[{"href":"https:\/\/fightingfilms.shop\/it\/wp-json\/wp\/v2\/types\/page"}],"author":[{"embeddable":true,"href":"https:\/\/fightingfilms.shop\/it\/wp-json\/wp\/v2\/users\/1"}],"replies":[{"embeddable":true,"href":"https:\/\/fightingfilms.shop\/it\/wp-json\/wp\/v2\/comments?post=18104"}],"version-history":[{"count":0,"href":"https:\/\/fightingfilms.shop\/it\/wp-json\/wp\/v2\/pages\/18104\/revisions"}],"wp:attachment":[{"href":"https:\/\/fightingfilms.shop\/it\/wp-json\/wp\/v2\/media?parent=18104"}],"curies":[{"name":"wp","href":"https:\/\/api.w.org\/{rel}","templated":true}]}}