{"id":18944,"date":"2021-06-09T12:05:00","date_gmt":"2021-06-09T10:05:00","guid":{"rendered":"https:\/\/www.fightingfilms.shop\/distributeurs-clubs\/"},"modified":"2024-01-26T16:48:24","modified_gmt":"2024-01-26T15:48:24","slug":"distributeurs-clubs","status":"publish","type":"page","link":"https:\/\/fightingfilms.shop\/it\/distributeurs-clubs\/","title":{"rendered":"Distributori e club"},"content":{"rendered":"&#13;\n<h2 class=\"wp-block-heading\" style=\"text-align: center;\">Benvenuti nell&#8217;accesso riservato ai distributori e ai club di Judo.<\/h2>&#13;\n<p style=\"text-align: center;\">Une fois votre acc\u00e8s valid\u00e9 par nos soins, vous recevrez un email de confirmation &#8211; v\u00e9rifiez vos spams &#8211; et vous aurez ainsi acc\u00e8s \u00e0 des tarifs privil\u00e9gi\u00e9s.<\/p>&#13;\n\n<div class=\"woocommerce\">\n\n<div class=\"woocommerce-notices-wrapper\"><\/div>\n\n<div class=\"u-columns col2-set\" id=\"customer_login\">\n\n\t<div class=\"u-column1 col-1\">\n\n\t\t<h2>Accedi<\/h2>\n\n\t\t<form class=\"woocommerce-form woocommerce-form-login login\" method=\"post\">\n\n\t\t\t\n\t\t\t<p class=\"woocommerce-form-row woocommerce-form-row--wide form-row form-row-wide\">\n\t\t\t\t<label for=\"username\">Nome utente o indirizzo email&nbsp;<span class=\"required\">*<\/span><\/label>\n\t\t\t\t<input type=\"text\" class=\"woocommerce-Input woocommerce-Input--text input-text\" name=\"username\" id=\"username\" autocomplete=\"username\" value=\"\" \/>\t\t\t<\/p>\n\t\t\t<p class=\"woocommerce-form-row woocommerce-form-row--wide form-row form-row-wide\">\n\t\t\t\t<label for=\"password\">Password&nbsp;<span class=\"required\">*<\/span><\/label>\n\t\t\t\t<input class=\"woocommerce-Input woocommerce-Input--text input-text\" type=\"password\" name=\"password\" id=\"password\" autocomplete=\"current-password\" \/>\n\t\t\t<\/p>\n\n\t\t\t\n\t\t\t<p class=\"form-row\">\n\t\t\t\t<label class=\"woocommerce-form__label woocommerce-form__label-for-checkbox woocommerce-form-login__rememberme\">\n\t\t\t\t\t<input class=\"woocommerce-form__input woocommerce-form__input-checkbox\" name=\"rememberme\" type=\"checkbox\" id=\"rememberme\" value=\"forever\" \/> <span>Ricordami<\/span>\n\t\t\t\t<\/label>\n\t\t\t\t<input type=\"hidden\" id=\"wcwp-login-nonce\" name=\"wcwp-login-nonce\" value=\"dbea80d772\" \/><input type=\"hidden\" name=\"_wp_http_referer\" value=\"\/it\/wp-json\/wp\/v2\/pages\/18944\" \/>\t\t\t\t<button type=\"submit\" class=\"woocommerce-button button woocommerce-form-login__submit\" name=\"login\" value=\"Accedi\">Accedi<\/button>\n\t\t\t<\/p>\n\t\t\t<p class=\"woocommerce-LostPassword lost_password\">\n\t\t\t\t<a href=\"https:\/\/fightingfilms.shop\/it\/il-mio-account\/lost-password\/\">Hai perso la tua password?<\/a>\n\t\t\t<\/p>\n\n\t\t\t\n\t\t<\/form>\n\n\n\t<\/div>\n\n\t<div class=\"u-column2 col-2\">\n\n\t\t<h2>Registrati<\/h2>\n\n\t\t<form method=\"post\" class=\"woocommerce-form woocommerce-form-register register\"  >\n\n\t\t\t\n\t\t\t\n\t\t\t<p class=\"woocommerce-form-row woocommerce-form-row--wide form-row form-row-wide\">\n\t\t\t\t<label for=\"reg_email\">Indirizzo email&nbsp;<span class=\"required\">*<\/span><\/label>\n\t\t\t\t<input type=\"email\" class=\"woocommerce-Input woocommerce-Input--text input-text\" name=\"email\" id=\"reg_email\" autocomplete=\"email\" value=\"\" \/>\t\t\t<\/p>\n\n\n\t\t\t<p class=\"form-row validate-required\" id=\"wcwp-61a6b970eb221_field\" data-priority=\"\"><label for=\"wcwp-61a6b970eb221\" class=\"required_field\">phone&nbsp;<span class=\"required\" aria-hidden=\"true\">*<\/span><\/label><span class=\"woocommerce-input-wrapper\"><input type=\"text\" class=\"input-text \" name=\"wcwp-61a6b970eb221\" id=\"wcwp-61a6b970eb221\" placeholder=\"\"  value=\"\" aria-required=\"true\" \/><\/span><\/p><wc-order-attribution-inputs><\/wc-order-attribution-inputs><div class=\"woocommerce-privacy-policy-text\"><\/div>\n\n\t\t\t\t\t\t\t<p>Un link per impostare una password sar\u00e0 inviato al tuo indirizzo email quando il tuo account sar\u00e0 approvato.<\/p>\n\t\t\t\n\t\t\t<p class=\"woocommerce-FormRow form-row\">\n\t\t\t\t<input type=\"hidden\" id=\"wcwp-register-nonce\" name=\"wcwp-register-nonce\" value=\"c39dede3a0\" \/><input type=\"hidden\" name=\"_wp_http_referer\" value=\"\/it\/wp-json\/wp\/v2\/pages\/18944\" \/>\t\t\t\t<button type=\"submit\" class=\"woocommerce-Button woocommerce-button button woocommerce-form-register__submit\" name=\"register\" value=\"Registrati\">Registrati<\/button>\n\t\t\t<\/p>\n\n\t\t\t\n\t\t<\/form>\n\n\t<\/div>\n\n<\/div>\n\n<\/div>\n\n\n","protected":false},"excerpt":{"rendered":"<p>&#13; Benvenuti nell&#8217;accesso riservato ai distributori e ai club di Judo. &#13; Une fois votre acc\u00e8s valid\u00e9 par nos soins, vous recevrez un email de confirmation &#8211; v\u00e9rifiez vos spams &#8211; et vous aurez ainsi acc\u00e8s \u00e0 des tarifs privil\u00e9gi\u00e9s. &#13;<\/p>\n","protected":false},"author":1,"featured_media":0,"parent":0,"menu_order":0,"comment_status":"closed","ping_status":"closed","template":"","meta":{"footnotes":""},"class_list":["post-18944","page","type-page","status-publish","hentry"],"_links":{"self":[{"href":"https:\/\/fightingfilms.shop\/it\/wp-json\/wp\/v2\/pages\/18944","targetHints":{"allow":["GET"]}}],"collection":[{"href":"https:\/\/fightingfilms.shop\/it\/wp-json\/wp\/v2\/pages"}],"about":[{"href":"https:\/\/fightingfilms.shop\/it\/wp-json\/wp\/v2\/types\/page"}],"author":[{"embeddable":true,"href":"https:\/\/fightingfilms.shop\/it\/wp-json\/wp\/v2\/users\/1"}],"replies":[{"embeddable":true,"href":"https:\/\/fightingfilms.shop\/it\/wp-json\/wp\/v2\/comments?post=18944"}],"version-history":[{"count":0,"href":"https:\/\/fightingfilms.shop\/it\/wp-json\/wp\/v2\/pages\/18944\/revisions"}],"wp:attachment":[{"href":"https:\/\/fightingfilms.shop\/it\/wp-json\/wp\/v2\/media?parent=18944"}],"curies":[{"name":"wp","href":"https:\/\/api.w.org\/{rel}","templated":true}]}}