{"id":19184,"date":"2017-01-10T14:44:03","date_gmt":"2017-01-10T13:44:03","guid":{"rendered":"https:\/\/www.fightingfilms.shop\/faqs\/"},"modified":"2024-01-24T16:15:27","modified_gmt":"2024-01-24T15:15:27","slug":"faqs","status":"publish","type":"page","link":"https:\/\/fightingfilms.shop\/it\/faqs\/","title":{"rendered":"FAQs"},"content":{"rendered":"<div class=\"wpb-content-wrapper\"><p>[vc_row type=&#8221;boxed&#8221; background_style=&#8221;normal&#8221; css=&#8221;.vc_custom_1487365316112{margin-top: 75px !important;padding-right: 50px !important;padding-left: 50px !important;}&#8221;][vc_column][vc_column_text css=&#8221;.vc_custom_1629100962188{margin-bottom: 50px !important;}&#8221;]<\/p>\n<h3 style=\"text-align: center;\"><strong>Il mio acquisto di Kimono Fighting Films<\/strong><\/h3>\n<p>[\/vc_column_text][vc_row_inner css=&#8221;.vc_custom_1410358939666{margin-bottom: 20px !important;}&#8221;][vc_column_inner width=&#8221;1\/2&#8243; css=&#8221;.vc_custom_1443415906747{padding-right: 5% !important;padding-left: 10px !important;}&#8221;][vc_column_text]<\/p>\n<h5><strong>Se non sono sicuro della taglia del mio Kimono? <\/strong><\/h5>\n<p><span style=\"color: #000000;\">Non sei sicuro della taglia dei tuoi kimono Fighting Films ? Spensierato !<\/span><\/p>\n<p>Se hai qualche dubbio non esitare a consultare <a href=\"https:\/\/www.fightingfilms.shop\/it\/come-scegliere-il-judogi-della-giusta-dimensione\/\">l&#8217;articolo sull&#8217;argomento<\/a> oppure a contattarci direttamente <a href=\"https:\/\/www.fightingfilms.shop\/it\/contatto\/\">qui<\/a>.[\/vc_column_text][vc_column_text]<\/p>\n<h5><strong>Qual \u00e8 la differenza tra Superstar Original e Superstar 750 ? <\/strong><\/h5>\n<p><span style=\"color: #000000;\">Il Superstar Original e il Superstar 750 sono i due kimono di fascia alta di Fighting Films. La differenza tra i due sta nel peso di ciascuno. Il Superstar Original pesa 920 g e il Superstar 750 pesa 750 g. I nuovi standard IJF impongono quindi ai concorrenti internazionali di orientarsi verso il kimono Superstar 750. Se non gareggi a livello internazionale, puoi restare sulla Superstar Original, pi\u00f9 attillata e con una gonna pi\u00f9 corta.<\/span>[\/vc_column_text][\/vc_column_inner][vc_column_inner width=&#8221;1\/2&#8243; css=&#8221;.vc_custom_1443415917948{padding-right: 5% !important;padding-left: 10px !important;}&#8221;][vc_column_text]<\/p>\n<h5><strong>Come effettuare un ordine per il club?<\/strong><\/h5>\n<p><span style=\"color: #808080;\"><span style=\"color: #000000;\">Per accedere alle tariffe speciali previste per i club \u00e8 necessario effettuare il login tramite questo accesso:<\/span> <a href=\"https:\/\/www.fightingfilms.shop\/inscriptions\/.\">https:\/\/www.fightingfilms.shop\/inscriptions\/.<\/a> <span style=\"color: #000000;\">\u00c8 necessario ordinare un minimo di 10 kimono.<\/span><\/span>[\/vc_column_text][vc_column_text]<\/p>\n<h5><strong>\u00c8 possibile personalizzare il mio Kimono ? <\/strong><\/h5>\n<p><span style=\"color: #000000;\">\u00c8 infatti possibile ricamare i vostri kimono e cinture da Fighting Films. Nel nostro punto vendita siamo dotati di una macchina da ricamo, per aggiungere un nome o un logo al tuo kimono, non sar\u00e0 necessario ulteriore tempo!<\/span><\/p>\n<p><span style=\"color: #000000;\">Per modifiche che riguardano direttamente il logo Fighting Films, i tempi di consegna saranno prolungati a 10 settimane, perch\u00e9 queste modifiche vengono apportate direttamente in fabbrica. \u00c8 anche possibile personalizzare il kimono sulle spalle, oppure sostituire la scritta \u201cSuperstar\u201d con il nome del club o del combattente. Sono previste maggiorazioni di prezzo (20\u20ac per ricamo cuore, 20\u20ac per ricamo spalla). Passare<br \/>\nordine, vai alla pagina dei <a style=\"color: #000000;\" href=\"https:\/\/www.fightingfilms.shop\/it\/contatto\/\">contatti.<\/a><\/span>[\/vc_column_text][\/vc_column_inner][\/vc_row_inner][\/vc_column][\/vc_row][vc_row type=&#8221;boxed&#8221; background_style=&#8221;normal&#8221; css=&#8221;.vc_custom_1410359860044{padding-top: 30px !important;padding-bottom: 65px !important;}&#8221;][vc_column][vc_separator][\/vc_column][\/vc_row][vc_row type=&#8221;boxed&#8221; background_style=&#8221;normal&#8221; css=&#8221;.vc_custom_1487365260609{padding-right: 50px !important;padding-left: 50px !important;}&#8221;][vc_column][vc_column_text css=&#8221;.vc_custom_1629127426943{margin-bottom: 50px !important;}&#8221;]<\/p>\n<h3 style=\"text-align: center;\">Reso e rimborso<\/h3>\n<p>[\/vc_column_text][vc_row_inner css=&#8221;.vc_custom_1410358939666{margin-bottom: 20px !important;}&#8221;][vc_column_inner width=&#8221;1\/2&#8243; css=&#8221;.vc_custom_1443415995655{padding-right: 5% !important;padding-left: 10px !important;}&#8221;][vc_column_text]<\/p>\n<h5><strong>CCome posso restituire un prodotto ?<\/strong><\/h5>\n<p><span style=\"color: #000000;\">Finch\u00e9 un articolo \u00e8 ancora nelle sue <strong>condizioni originali<\/strong>, puoi effettuare resi. Se hai lavato il tuo kimono, non potremo riprenderlo<br \/>\nHai <strong>14 giorni<\/strong> di calendario dalla data della richiesta di reso per restituire l&#8217;articolo.<\/span>[\/vc_column_text][vc_column_text]<\/p>\n<h5><strong>Dove restituire un prodotto ?<\/strong><\/h5>\n<p><span style=\"color: #000000;\">Al comando di :<\/span><\/p>\n<p><span style=\"color: #000000;\">Fighting Films \/ Kokoro<\/span><br \/>\n<span style=\"color: #000000;\">1 rue des Messageries<\/span><br \/>\n<span style=\"color: #000000;\">75010 Paris<\/span><\/p>\n<p><span style=\"color: #000000;\">Infine, le spese di restituzione sono attualmente a carico dell&#8217;acquirente, ma ci stiamo lavorando<\/span><br \/>\n<span style=\"color: #000000;\">un buono di reso gratuito.<\/span>[\/vc_column_text][\/vc_column_inner][vc_column_inner width=&#8221;1\/2&#8243; css=&#8221;.vc_custom_1443416006097{padding-right: 5% !important;padding-left: 10px !important;}&#8221;][vc_column_text]<\/p>\n<h5><strong>Quali sono le condizioni di recesso ?<\/strong><\/h5>\n<p><span style=\"color: #000000;\">Hai 14 giorni di calendario dalla data di ricezione del prodotto per esercitare il diritto di recesso. L&#8217;articolo non deve essere stato utilizzato e deve essere restituito nella sua confezione originale e in buone condizioni. Qualsiasi articolo personalizzato non \u00e8 rimborsabile, assicurati, chiedendoci consiglio, di scegliere la taglia giusta! <\/span>[\/vc_column_text][vc_column_text]<\/p>\n<h5><strong>Quali sono le condizioni di rimborso?<\/strong><\/h5>\n<p><span style=\"color: #000000;\">Finch\u00e9 l&#8217;articolo \u00e8 ancora nelle sue condizioni originali, il rimborso sar\u00e0 completo, altrimenti sar\u00e0 parziale o non rimborsato.<\/span>[\/vc_column_text][\/vc_column_inner][\/vc_row_inner][\/vc_column][\/vc_row][vc_row type=&#8221;boxed&#8221; background_style=&#8221;normal&#8221; css=&#8221;.vc_custom_1410359860044{padding-top: 30px !important;padding-bottom: 65px !important;}&#8221;][vc_column][vc_separator][\/vc_column][\/vc_row][vc_row type=&#8221;boxed&#8221; background_style=&#8221;normal&#8221; css=&#8221;.vc_custom_1487365260609{padding-right: 50px !important;padding-left: 50px !important;}&#8221;][vc_column][vc_column_text css=&#8221;.vc_custom_1629127378660{margin-bottom: 50px !important;}&#8221;]<\/p>\n<h3 style=\"text-align: center;\">Spedizione<\/h3>\n<p>[\/vc_column_text][vc_row_inner css=&#8221;.vc_custom_1410358939666{margin-bottom: 20px !important;}&#8221;][vc_column_inner width=&#8221;1\/2&#8243; css=&#8221;.vc_custom_1443415995655{padding-right: 5% !important;padding-left: 10px !important;}&#8221;][vc_column_text]<\/p>\n<h5><strong>Quale metodo di consegna viene utilizzatoilis\u00e9 ?<\/strong><\/h5>\n<p><span style=\"color: #000000;\">Le consegne vengono effettuate tramite il fornitore di servizi DPD, direttamente a casa vostra. Ou par DHL si vous \u00eates \u00e0 l&#8217;\u00e9tranger.<\/span>[\/vc_column_text][vc_column_text]<\/p>\n<h5><strong>Posso ritirare il mio ordine in negozio ?<\/strong><\/h5>\n<p><span style=\"color: #000000;\">Puoi venire a incontrarci direttamente nel nostro negozio se desideri provare i tuoi kimono e chiacchierare con noi, il nostro team sar\u00e0 lieto di accoglierti. <\/span>[\/vc_column_text][\/vc_column_inner][vc_column_inner width=&#8221;1\/2&#8243; css=&#8221;.vc_custom_1443416006097{padding-right: 5% !important;padding-left: 10px !important;}&#8221;][vc_column_text]<\/p>\n<h5><strong>Quando ricever\u00f2 il mio ordine ?<\/strong><\/h5>\n<p><span style=\"color: #000000;\">Se gli articoli ordinati sono in stock, saranno necessari dai 2 ai 4 giorni lavorativi per la Francia e dai 4 agli 8 giorni lavorativi per l&#8217;Unione Europea.<\/span>[\/vc_column_text][vc_column_text]<\/p>\n<h5><strong>Non ho ricevuto tutti gli articoli ordinati. Cosa fare ?<\/strong><\/h5>\n<p><span style=\"color: #000000;\">Vi preghiamo di contattarci tramite il nostro modulo di contatto indicando il numero oggetto del vostro ordine.<\/span>[\/vc_column_text][\/vc_column_inner][\/vc_row_inner][\/vc_column][\/vc_row][vc_row type=&#8221;boxed&#8221; background_style=&#8221;normal&#8221; css=&#8221;.vc_custom_1410359860044{padding-top: 30px !important;padding-bottom: 65px !important;}&#8221;][vc_column][vc_separator][\/vc_column][\/vc_row][vc_row type=&#8221;boxed&#8221; background_style=&#8221;normal&#8221; css=&#8221;.vc_custom_1487365260609{padding-right: 50px !important;padding-left: 50px !important;}&#8221;][vc_column][vc_column_text css=&#8221;.vc_custom_1629126376032{margin-bottom: 50px !important;}&#8221;]<\/p>\n<h3 style=\"text-align: center;\">Pagamento<\/h3>\n<p>[\/vc_column_text][vc_row_inner css=&#8221;.vc_custom_1410358939666{margin-bottom: 20px !important;}&#8221;][vc_column_inner width=&#8221;1\/2&#8243; css=&#8221;.vc_custom_1443415995655{padding-right: 5% !important;padding-left: 10px !important;}&#8221;][vc_column_text]<\/p>\n<h5><strong>Il pagamento \u00e8 sicuro ?<\/strong><\/h5>\n<p><span style=\"color: #000000;\">Fighting Films ti garantisce la totale sicurezza durante i tuoi acquisti e-commerce. Puoi pagare i tuoi acquisti con numerose carte bancarie (Visa, Mastercard, American Express). Questo sistema di transazione sicuro \u00e8 fornito dal fornitore di servizi PayPlug.<\/span>[\/vc_column_text][\/vc_column_inner][vc_column_inner width=&#8221;1\/2&#8243; css=&#8221;.vc_custom_1443416006097{padding-right: 5% !important;padding-left: 10px !important;}&#8221;][vc_column_text]<\/p>\n<h5><strong>Come ottenere una fattura ?<\/strong><\/h5>\n<p><span style=\"color: #000000;\">Le fatture sono disponibili nella tua area abbonati. Se riscontri un problema nell&#8217;emissione della fattura, vai alla pagina dei <a style=\"color: #000000;\" href=\"https:\/\/www.fightingfilms.shop\/it\/contatto\/\">contatti<\/a> e inviaci un&#8217;e-mail.<\/span>[\/vc_column_text][\/vc_column_inner][\/vc_row_inner][\/vc_column][\/vc_row]<\/p>\n<\/div>","protected":false},"excerpt":{"rendered":"<p>[vc_row type=&#8221;boxed&#8221; background_style=&#8221;normal&#8221; css=&#8221;.vc_custom_1487365316112{margin-top: 75px !important;padding-right: 50px !important;padding-left: 50px !important;}&#8221;][vc_column][vc_column_text css=&#8221;.vc_custom_1629100962188{margin-bottom: 50px !important;}&#8221;] Il mio acquisto di Kimono Fighting Films [\/vc_column_text][vc_row_inner css=&#8221;.vc_custom_1410358939666{margin-bottom: 20px !important;}&#8221;][vc_column_inner width=&#8221;1\/2&#8243; css=&#8221;.vc_custom_1443415906747{padding-right: 5% !important;padding-left: 10px !important;}&#8221;][vc_column_text] Se non sono sicuro della taglia del mio Kimono? Non sei sicuro della taglia dei tuoi kimono Fighting Films ? Spensierato ! Se hai qualche [&hellip;]<\/p>\n","protected":false},"author":1,"featured_media":0,"parent":0,"menu_order":0,"comment_status":"closed","ping_status":"closed","template":"page-boxed.php","meta":{"footnotes":""},"class_list":["post-19184","page","type-page","status-publish","hentry"],"_links":{"self":[{"href":"https:\/\/fightingfilms.shop\/it\/wp-json\/wp\/v2\/pages\/19184","targetHints":{"allow":["GET"]}}],"collection":[{"href":"https:\/\/fightingfilms.shop\/it\/wp-json\/wp\/v2\/pages"}],"about":[{"href":"https:\/\/fightingfilms.shop\/it\/wp-json\/wp\/v2\/types\/page"}],"author":[{"embeddable":true,"href":"https:\/\/fightingfilms.shop\/it\/wp-json\/wp\/v2\/users\/1"}],"replies":[{"embeddable":true,"href":"https:\/\/fightingfilms.shop\/it\/wp-json\/wp\/v2\/comments?post=19184"}],"version-history":[{"count":0,"href":"https:\/\/fightingfilms.shop\/it\/wp-json\/wp\/v2\/pages\/19184\/revisions"}],"wp:attachment":[{"href":"https:\/\/fightingfilms.shop\/it\/wp-json\/wp\/v2\/media?parent=19184"}],"curies":[{"name":"wp","href":"https:\/\/api.w.org\/{rel}","templated":true}]}}