{"id":16649,"date":"2023-06-01T16:54:30","date_gmt":"2023-06-01T14:54:30","guid":{"rendered":"https:\/\/www.fightingfilms.shop\/produit\/kimono-da-jiu-jitsu-brasiliano\/"},"modified":"2025-05-09T10:43:33","modified_gmt":"2025-05-09T08:43:33","slug":"kimono-da-jiu-jitsu-brasiliano","status":"publish","type":"product","link":"https:\/\/fightingfilms.shop\/it\/produit\/kimono-da-jiu-jitsu-brasiliano\/","title":{"rendered":"Kimono da jiu-jitsu brasiliano"},"content":{"rendered":"<p>Quando <strong>Giappone e Brasile si incontrano<\/strong>. I due territori delle arti marziali si incontrano per formare il <strong>kimono Fighting Films Brazilian jiu-jitsu<\/strong>. Il risultato di un lungo processo di riflessione per offrire un kimono di qualit\u00e0 a un prezzo ragionevole.<\/p>\n<p>Il kimono <strong>Yokai<\/strong>, che prende il nome da creature del folklore giapponese, \u00e8 il primo prodotto della nostra crescente gamma di prodotti per il jiu-jitsu brasiliano.<\/p>\n<p><strong>Perch\u00e9 il jiu-jitsu brasiliano?<\/strong> Si tratta di un&#8217;arte marziale legata al judo, che si concentra sul lavoro a terra, diventato sempre pi\u00f9 importante nel judo di oggi. I judoka che praticano spesso sono obbligati a praticare quest&#8217;arte marziale per perfezionare la loro padronanza del terreno. Ma i <a href=\"https:\/\/www.fightingfilms.shop\/categorie\/kimonos\/kimonos-de-judo\/\">kimono da judo<\/a> non sono ideali per allenarsi nelle migliori condizioni.<\/p>\n<h2>I punti salienti del nostro kimono da jiu-jitsu brasiliano:<\/h2>\n<p>Cos\u00ec abbiamo creato il nostro primo kimono da jiu-jitsu brasiliano in linea con le esigenze dei jujitsuka. Con questo kimono <strong>leggero (450 g) e di alta qualit\u00e0<\/strong>, \u00e8 possibile praticare il jiu-jitsu pi\u00f9 volte alla settimana e in gara. La giacca \u00e8 realizzata in cotone e tessuta a grana di riso. Infine, i pantaloni sono realizzati in Ripstop, un materiale appositamente studiato per i combattimenti a terra: estremamente resistente e leggero, \u00e8 il tessuto per eccellenza di JJB.<\/p>\n<p>Il kimono \u00e8 <strong>misto<\/strong> e disponibile in tre colori: <strong>bianco, nero, blu e kaki<\/strong>.<\/p>\n<p>Questo semplice kimono \u00e8 tuttavia personalizzato con i colori Fighting Films. Il <strong>logo \u00e8 ricamato sul cuore<\/strong> e scritto in giapponese appena sotto. Il retro reca l&#8217;iscrizione &#8220;Fighting Spirit&#8221;. Infine, i pantaloni sono leggermente personalizzati con la scritta Fighting Films in giapponese.<\/p>\n<p>Con questo kimono \u00e8 possibile allenarsi o combattere nelle competizioni francesi e internazionali di <a href=\"https:\/\/cfjjb.com\" rel=\"nofollow noopener\" target=\"_blank\">CFJJB<\/a>.<\/p>\n<p>Leggete il nostro articolo sulle <a href=\"https:\/\/www.fightingfilms.shop\/differences-kimono-judo-ou-jjb\/\">differenze tra un kimono da judo e un kimono da jiu-jitsu brasiliano<\/a>.<\/p>\n<div id=\"kurato_extension_modal\"><\/div>\n<div id=\"kurato_extension_modal\"><\/div>\n<div id=\"kurato_extension_modal\"><\/div>\n<div id=\"kurato_extension_modal\"><\/div>\n<div id=\"kurato_extension_modal\"><\/div>\n<div id=\"kurato_extension_modal\"><\/div>\n<div id=\"kurato_extension_modal\"><\/div>\n<div id=\"kurato_extension_modal\"><\/div>\n<div id=\"kurato_extension_modal\"><\/div>\n<div id=\"kurato_extension_modal\"><\/div>\n<div id=\"kurato_extension_modal\"><\/div>\n","protected":false},"excerpt":{"rendered":"<p>Fighting Films lancia il suo primo <a href=\"https:\/\/www.espritjjb.com\/jujitsu-bresilien-cest-quoi\">kimono da jiu-jitsu brasiliano<\/a>!<\/p>\n<p>Il pi\u00f9 giapponese dei kimono da jiu-jitsu brasiliano \u00e8 finalmente arrivato! Scoprite i nostri kimono Yokai, ispirati ai nomi delle creature del folklore giapponese e progettati per soddisfare le aspettative dei jujitsuka. Il suo design unico e i suoi pantaloni Ripstop super resistenti sono fatti per il jiu-jitsu.<\/p>\n<p><strong>KIMONO SECONDO GLI STANDARD IBJJF<\/strong><\/p>\n<p>Il kimono \u00e8 disponibile in tre colori ed \u00e8 misto.<\/p>\n<p>Guida alle taglie:<\/p>\n<p>A1= 160 cm<\/p>\n<p>A2=170cm<\/p>\n<p>A3=180cm<\/p>\n<p>A4=190cm<\/p>\n<p>A5=200cm<\/p>\n<h4 id=\"kurato_extension_modal\">Non sapete ancora quale taglia di judogi scegliere? Scoprite la nostra <strong><a href=\"http:\/\/tinyurl.com\/2mjwnc4w\">Guida alle taglie .<\/a><\/strong><\/h4>\n<div id=\"kurato_extension_modal\"><\/div>\n<div id=\"kurato_extension_modal\"><\/div>\n<div id=\"kurato_extension_modal\"><\/div>\n<div id=\"kurato_extension_modal\"><\/div>\n<div id=\"kurato_extension_modal\"><\/div>\n<div id=\"kurato_extension_modal\"><\/div>\n<div id=\"kurato_extension_modal\"><\/div>\n<div id=\"kurato_extension_modal\"><\/div>\n<div id=\"kurato_extension_modal\"><\/div>\n<div id=\"kurato_extension_modal\"><\/div>\n","protected":false},"featured_media":27264,"comment_status":"closed","ping_status":"closed","template":"","meta":[],"product_brand":[],"product_cat":[496],"product_tag":[],"giftcard-category":[],"class_list":{"0":"post-16649","1":"product","2":"type-product","3":"status-publish","4":"has-post-thumbnail","6":"product_cat-kimono-da-jiu-jitsu","7":"product_shipping_class-kimono-black-label-superstar-it","9":"first","10":"instock","11":"taxable","12":"shipping-taxable","13":"purchasable","14":"product-type-variable"},"exclude_global_add_ons":[],"addons":[],"_links":{"self":[{"href":"https:\/\/fightingfilms.shop\/it\/wp-json\/wp\/v2\/product\/16649","targetHints":{"allow":["GET"]}}],"collection":[{"href":"https:\/\/fightingfilms.shop\/it\/wp-json\/wp\/v2\/product"}],"about":[{"href":"https:\/\/fightingfilms.shop\/it\/wp-json\/wp\/v2\/types\/product"}],"replies":[{"embeddable":true,"href":"https:\/\/fightingfilms.shop\/it\/wp-json\/wp\/v2\/comments?post=16649"}],"wp:featuredmedia":[{"embeddable":true,"href":"https:\/\/fightingfilms.shop\/it\/wp-json\/wp\/v2\/media\/27264"}],"wp:attachment":[{"href":"https:\/\/fightingfilms.shop\/it\/wp-json\/wp\/v2\/media?parent=16649"}],"wp:term":[{"taxonomy":"product_brand","embeddable":true,"href":"https:\/\/fightingfilms.shop\/it\/wp-json\/wp\/v2\/product_brand?post=16649"},{"taxonomy":"product_cat","embeddable":true,"href":"https:\/\/fightingfilms.shop\/it\/wp-json\/wp\/v2\/product_cat?post=16649"},{"taxonomy":"product_tag","embeddable":true,"href":"https:\/\/fightingfilms.shop\/it\/wp-json\/wp\/v2\/product_tag?post=16649"},{"taxonomy":"giftcard-category","embeddable":true,"href":"https:\/\/fightingfilms.shop\/it\/wp-json\/wp\/v2\/giftcard-category?post=16649"}],"curies":[{"name":"wp","href":"https:\/\/api.w.org\/{rel}","templated":true}]}}