{"id":17042,"date":"2022-11-03T14:52:01","date_gmt":"2022-11-03T13:52:01","guid":{"rendered":"https:\/\/www.fightingfilms.shop\/produit\/formazione-tatami-i-tis-di-trocellen\/"},"modified":"2024-01-25T11:45:27","modified_gmt":"2024-01-25T10:45:27","slug":"formazione-tatami-i-tis-di-trocellen","status":"publish","type":"product","link":"https:\/\/fightingfilms.shop\/it\/produit\/formazione-tatami-i-tis-di-trocellen\/","title":{"rendered":"Formazione Tatami I-TIS di Trocellen"},"content":{"rendered":"<p>Il tatami I-TIS Training by Trocellen \u00e8 innovativo e rivoluzionario in ogni sua caratteristica. \u00c8 stata testata e approvata per l&#8217;allenamento intensivo in discipline come <strong>judo<\/strong>, <strong>grappling<\/strong>, <strong>MMA<\/strong>, <strong>jiujitsu brasiliano<\/strong> e tutte le altre arti marziali che richiedono una superficie di allenamento ad alte prestazioni.<\/p>\n<p>Questo tatami \u00e8 ideale per i club di judo. Non soddisfa gli standard IJF e non pu\u00f2 quindi essere utilizzato per le competizioni pi\u00f9 importanti. Tuttavia, \u00e8 ancora di alta qualit\u00e0 e perfettamente adatto ai club di judo.<\/p>\n<p>Il tappetino da allenamento I-TIS IJF \u00e8 dotato di un <strong>sistema di fissaggio invisibile<\/strong> brevettato che tiene insieme i teli, rendendolo il tappetino ideale per tutti i tipi di attivit\u00e0. Inoltre, l&#8217;area installata non necessita di cornici aggiuntive.<\/p>\n<p>Grazie alla sua <strong>leggerezza<\/strong>, \u00e8 facile da installare, non lascia spazi vuoti tra i tappeti e, a differenza di altri tappeti tradizionali, non si sposta. Infine, la <strong>sicurezza<\/strong> garantita da questa stuoia e il suo innovativo sistema di sospensione invisibile la rendono la stuoia per tatami pi\u00f9 sicura e stabile sul mercato. Pu\u00f2 <strong>essere adattato a qualsiasi palestra<\/strong>.<\/p>\n<h2><strong>La formazione Tatami I-TIS offre:<\/strong><\/h2>\n<ul>\n<li>Leggero, impermeabile e sicuro<\/li>\n<li>Prestazioni elevate garantite da monitoraggio, misurazione e test continui<\/li>\n<li>Massima conformit\u00e0 &#8211; Prodotto riconosciuto idoneo all&#8217;uso intensivo<\/li>\n<li>Resistenza al fuoco &#8211; Certificazione Euroclass E<\/li>\n<li>Personalizzabile con logo e colori diversi<\/li>\n<\/ul>\n<p><em>Misure disponibili:<\/em> <strong>200cm x 100cm x 4cm <\/strong>o<strong> 200cm x100cm x5cm<\/strong><\/p>\n<p>Il successo di Tatamis by Trocellen nel campo dei tappetini per arti marziali si basa sulle perfette caratteristiche del prodotto. Soddisfano le esigenze dell&#8217;atleta e offrono flessibilit\u00e0 e facilit\u00e0 di installazione grazie al sistema di sospensione invisibile brevettato.<\/p>\n<p>&nbsp;<\/p>\n<p>Infine, \u00e8 responsabile di un club di judo? Ottieni il 20% di sconto su tutti i nostri kimono da judo e il 15% di sconto sugli accessori creando un account del club qui: https: <a href=\"https:\/\/www.fightingfilms.shop\/inscriptions\/\">\/\/www.fightingfilms.shop\/inscriptions\/<\/a><\/p>\n<p>Se desiderate saperne di pi\u00f9 sulle nostre partnership con i club, contattateci via e-mail: contact@fightingfilms.fr .<\/p>\n","protected":false},"excerpt":{"rendered":"<p>Scoprite il nostro modello Tatami I-ITS Training, tappetini da judo progettati appositamente per i club. La sua leggerezza, il sistema di fissaggio invisibile e la sua durata ne fanno uno dei migliori tappetini da judo sul mercato!<\/p>\n<p>Il tatami I-TIS Competition IJF by ProGame \u00e8 stato testato e <strong>approvato per l&#8217;allenamento intensivo<\/strong> in discipline come judo, grappling, MMA, jiujitsu brasiliano e tutte le altre arti marziali che richiedono una superficie di allenamento ad alte prestazioni.<\/p>\n<p><strong>ORDINE MINIMO: 40 pezzi<\/strong><\/p>\n<p><strong>Colori disponibili: Giallo, Rosso, Blu, Verde, Nero<\/strong><\/p>\n<p><em>Dimensioni disponibili:<\/em> <strong>200 cm x 100 cm x 4 cm <\/strong>o<strong> 200 cm x 100 cm x 5 cm<\/strong>.<\/p>\n<p>Tempi di consegna : <em><strong>8 settimane<\/strong><\/em><\/p>\n","protected":false},"featured_media":17043,"comment_status":"closed","ping_status":"closed","template":"","meta":[],"product_brand":[],"product_cat":[498,511],"product_tag":[],"giftcard-category":[],"class_list":{"0":"post-17042","1":"product","2":"type-product","3":"status-publish","4":"has-post-thumbnail","6":"product_cat-accessori-per-il-judo","7":"product_cat-per-i-club","9":"first","10":"instock","11":"taxable","12":"shipping-taxable","13":"product-type-external"},"exclude_global_add_ons":[],"addons":[],"_links":{"self":[{"href":"https:\/\/fightingfilms.shop\/it\/wp-json\/wp\/v2\/product\/17042","targetHints":{"allow":["GET"]}}],"collection":[{"href":"https:\/\/fightingfilms.shop\/it\/wp-json\/wp\/v2\/product"}],"about":[{"href":"https:\/\/fightingfilms.shop\/it\/wp-json\/wp\/v2\/types\/product"}],"replies":[{"embeddable":true,"href":"https:\/\/fightingfilms.shop\/it\/wp-json\/wp\/v2\/comments?post=17042"}],"wp:featuredmedia":[{"embeddable":true,"href":"https:\/\/fightingfilms.shop\/it\/wp-json\/wp\/v2\/media\/17043"}],"wp:attachment":[{"href":"https:\/\/fightingfilms.shop\/it\/wp-json\/wp\/v2\/media?parent=17042"}],"wp:term":[{"taxonomy":"product_brand","embeddable":true,"href":"https:\/\/fightingfilms.shop\/it\/wp-json\/wp\/v2\/product_brand?post=17042"},{"taxonomy":"product_cat","embeddable":true,"href":"https:\/\/fightingfilms.shop\/it\/wp-json\/wp\/v2\/product_cat?post=17042"},{"taxonomy":"product_tag","embeddable":true,"href":"https:\/\/fightingfilms.shop\/it\/wp-json\/wp\/v2\/product_tag?post=17042"},{"taxonomy":"giftcard-category","embeddable":true,"href":"https:\/\/fightingfilms.shop\/it\/wp-json\/wp\/v2\/giftcard-category?post=17042"}],"curies":[{"name":"wp","href":"https:\/\/api.w.org\/{rel}","templated":true}]}}