{"id":17221,"date":"2022-06-10T12:00:27","date_gmt":"2022-06-10T10:00:27","guid":{"rendered":"https:\/\/www.fightingfilms.shop\/produit\/judogi-superstar-650-gr-edizione-limitata\/"},"modified":"2025-11-21T14:30:33","modified_gmt":"2025-11-21T13:30:33","slug":"judogi-superstar-650-gr-edizione-limitata","status":"publish","type":"product","link":"https:\/\/fightingfilms.shop\/it\/produit\/judogi-superstar-650-gr-edizione-limitata\/","title":{"rendered":"Judogi Superstar 650 Gr edizione limitata"},"content":{"rendered":"<p>Il judogi Superstar 650 Gr in edizione limitata con i colori della Francia \u00e8 un kimono ideale per i <strong>praticanti abituali di<\/strong> judo e per chi partecipa alle competizioni.<\/p>\n<p>Il <strong>kimono Superstar 650 Fighting Films Judo <\/strong>\u00e8 realizzato in cotone di alta qualit\u00e0. Il materiale \u00e8 quindi piacevole al tatto e molto resistente. Oltre alla sua robustezza, si <strong>restringe molto poco nel lavaggio<\/strong>. Ci piace molto la giacca a grana di riso con <strong>cuciture posteriori<\/strong> e <strong>risvolti <\/strong><b>pesanti<\/b>, perfetta per i judoka pi\u00f9 esigenti. Inoltre, la giacca <strong>ha un taglio svasato sul ventre per consentire al judogi di incrociarsi correttamente. Ma pi\u00f9 aderente rispetto alla Superstar 750. <\/strong> I pantaloni, invece, sono larghi e rinforzati al ginocchio.<\/p>\n<p>Infine, l&#8217;<strong> edizione limitata Fighting Films Superstar 650 Gr judogi<\/strong> <strong>presenta un elegante galletto con i colori della Francia all&#8217;interno della giacca<\/strong>, rendendo il suo look unico.<\/p>\n<p><strong>Istruzioni per la cura :<\/strong><\/p>\n<ul>\n<li>Lavaggio in lavatrice &#8211; 30\u00b0 max &#8211; normale<\/li>\n<li>Nessun sbiancamento<\/li>\n<\/ul>\n<h5><strong>Come scegliere la taglia giusta del kimono Fighting Films? <\/strong><\/h5>\n<p>Consigliamo a tutti i nostri clienti di scegliere un kimono <strong>5 cm al di sotto della loro altezza<\/strong>. Se siete alti <strong>1m70<\/strong>, optate invece per il modello da <strong>165 cm.<\/strong> Grazie alla nostra esperienza e alla conoscenza dei nostri kimono, possiamo assicurarvi che questo \u00e8 il metodo giusto da utilizzare.<\/p>\n<p>Se avete dei dubbi, non esitate a consultare l&#8217;articolo su <a href=\"https:\/\/www.fightingfilms.shop\/comment-bien-choisir-la-taille-de-son-judogi\/\">come scegliere la taglia del vostro kimono da judo<\/a> o a contattarci direttamente <a href=\"https:\/\/www.fightingfilms.shop\/contact\/\">qui<\/a>.<\/p>\n<p>Per le dimensioni esatte, vedere il modello nella galleria!<\/p>\n<p>Potete anche consultare i nostri vari articoli sulla scelta del <a href=\"https:\/\/www.fightingfilms.shop\/categorie-produit\/kimonos-de-judo\/\">kimono da judo<\/a> o dare un&#8217;occhiata alle nostre <a href=\"https:\/\/www.fightingfilms.shop\/categorie\/ceintures-de-judo\/\">cinture da judo<\/a> per completare il vostro abbigliamento.<\/p>\n<p>Scoprite i nostri kimono <a href=\"http:\/\/ijf.org\" rel=\"nofollow noopener\" target=\"_blank\">certificati IJF<\/a> per le competizioni internazionali.<\/p>\n<p>&nbsp;<\/p>\n<div id=\"kurato_extension_modal\"><\/div>\n<div id=\"kurato_extension_modal\"><\/div>\n<div id=\"kurato_extension_modal\"><\/div>\n<div id=\"kurato_extension_modal\"><\/div>\n<div id=\"kurato_extension_modal\"><\/div>\n<div id=\"kurato_extension_modal\"><\/div>\n","protected":false},"excerpt":{"rendered":"<p><strong>Disponibile in sole 30 copie!<\/strong><\/p>\n<p>Il judogi Superstar 650 Gr \u00e8 una nuova gamma di judogi pi\u00f9 leggeri e pi\u00f9 aderenti rispetto al Superstar 750.<\/p>\n<p>Pi\u00f9 leggero, questo judogi \u00e8 perfetto per le competizioni.<\/p>\n<p>Questo judogi pi\u00f9 leggero ha un&#8217;altra particolarit\u00e0, un tocco estetico, con un galletto nei colori della Francia.<\/p>\n<p>Questo kimono da judo \u00e8 <strong>misto<\/strong>.<\/p>\n<p><strong>Come scegliere la taglia giusta del kimono Fighting Films? <\/strong><\/p>\n<p>Consigliamo a tutti i nostri clienti di scegliere un kimono <strong>5 cm al di sotto della loro altezza<\/strong>. Se siete alti <strong>1m70<\/strong>, optate invece per il modello da <strong>165 cm.<\/strong> Grazie alla nostra esperienza e alla conoscenza dei nostri kimono, possiamo assicurarvi che questo \u00e8 il metodo giusto da utilizzare.<\/p>\n<p>&nbsp;<\/p>\n<div id=\"kurato_extension_modal\"><\/div>\n<div id=\"kurato_extension_modal\"><\/div>\n<div id=\"kurato_extension_modal\"><\/div>\n<div id=\"kurato_extension_modal\"><\/div>\n<div id=\"kurato_extension_modal\"><\/div>\n<div id=\"kurato_extension_modal\"><\/div>\n","protected":false},"featured_media":24838,"comment_status":"closed","ping_status":"closed","template":"","meta":[],"product_brand":[],"product_cat":[440],"product_tag":[],"giftcard-category":[],"class_list":{"0":"post-17221","1":"product","2":"type-product","3":"status-publish","4":"has-post-thumbnail","6":"product_cat-kimono-da-judo","7":"product_shipping_class-kimono-black-label-superstar-it","9":"first","10":"instock","11":"taxable","12":"shipping-taxable","13":"purchasable","14":"product-type-variable"},"exclude_global_add_ons":[],"addons":[],"_links":{"self":[{"href":"https:\/\/fightingfilms.shop\/it\/wp-json\/wp\/v2\/product\/17221","targetHints":{"allow":["GET"]}}],"collection":[{"href":"https:\/\/fightingfilms.shop\/it\/wp-json\/wp\/v2\/product"}],"about":[{"href":"https:\/\/fightingfilms.shop\/it\/wp-json\/wp\/v2\/types\/product"}],"replies":[{"embeddable":true,"href":"https:\/\/fightingfilms.shop\/it\/wp-json\/wp\/v2\/comments?post=17221"}],"wp:featuredmedia":[{"embeddable":true,"href":"https:\/\/fightingfilms.shop\/it\/wp-json\/wp\/v2\/media\/24838"}],"wp:attachment":[{"href":"https:\/\/fightingfilms.shop\/it\/wp-json\/wp\/v2\/media?parent=17221"}],"wp:term":[{"taxonomy":"product_brand","embeddable":true,"href":"https:\/\/fightingfilms.shop\/it\/wp-json\/wp\/v2\/product_brand?post=17221"},{"taxonomy":"product_cat","embeddable":true,"href":"https:\/\/fightingfilms.shop\/it\/wp-json\/wp\/v2\/product_cat?post=17221"},{"taxonomy":"product_tag","embeddable":true,"href":"https:\/\/fightingfilms.shop\/it\/wp-json\/wp\/v2\/product_tag?post=17221"},{"taxonomy":"giftcard-category","embeddable":true,"href":"https:\/\/fightingfilms.shop\/it\/wp-json\/wp\/v2\/giftcard-category?post=17221"}],"curies":[{"name":"wp","href":"https:\/\/api.w.org\/{rel}","templated":true}]}}