{"id":17338,"date":"2022-09-14T11:16:23","date_gmt":"2022-09-14T09:16:23","guid":{"rendered":"https:\/\/www.fightingfilms.shop\/produit\/tatami-olimpico-di-judo\/"},"modified":"2024-01-25T10:25:11","modified_gmt":"2024-01-25T09:25:11","slug":"tatami-olimpico-di-judo","status":"publish","type":"product","link":"https:\/\/fightingfilms.shop\/it\/produit\/tatami-olimpico-di-judo\/","title":{"rendered":"Tatami olimpico di judo"},"content":{"rendered":"<p>Il tatami olimpico per il judo \u00e8 prodotto secondo le pi\u00f9 alte specifiche. Realizzato in vinile di alta qualit\u00e0 con motivo a paglia di riso, appositamente impregnato per evitare crepe e rimanere flessibile per molti anni. I tappetini hanno una base antiscivolo microcellulare con angoli termosaldati. Questa gamma di alta qualit\u00e0 \u00e8 quella utilizzata nelle principali competizioni internazionali. L&#8217;alta densit\u00e0 garantisce un&#8217;eccezionale rigidit\u00e0 e resistenza.<\/p>\n<p><strong>Il tatami olimpico per il judo ha una densit\u00e0 compresa tra 270\/280 kg\/m3.<\/strong><\/p>\n<p>A differenza di molte imitazioni pi\u00f9 economiche, il tatami Fighting Films \u00e8 costruito per durare. Alcuni dei nostri clienti utilizzano ancora tatami da judo Fighting Films vecchi di 30 anni senza che il vinile si crepi o che la base antiscivolo si stacchi.<\/p>\n<p>I nostri tatami sono conformi alla <a href=\"https:\/\/www.ffjudo.com\/uploads\/elfinder\/ESPACE-SERVICE-INTERNET\/Construire%20un%20dojo\/5_10%20Salles%20de%20judo.pdf\" rel=\"nofollow noopener\" target=\"_blank\">norma europea EN 12503-3<\/a>.<\/p>\n<p>I tappeti Fighting Films sono stati utilizzati ai Giochi del Commonwealth del 2022, a riprova della qualit\u00e0 dei nostri tappeti.<\/p>\n<p>I tappeti sono disponibili in due misure: 2 m x 1 m e 1 m x 1 m, entrambi con uno spessore di 40 mm.<\/p>\n<p>Dopo aver selezionato la densit\u00e0 pi\u00f9 adatta alle vostre esigenze, scegliete tra un&#8217;ampia gamma di colori. Sono disponibili anche due misure di tatami.<\/p>\n<p>Scoprite gli altri prodotti Fighting Films per il judo, i <a href=\"https:\/\/www.fightingfilms.shop\/categorie-produit\/kimonos-de-judo\/\">kimono per il judo<\/a>, gli accessori per il judo e i tessuti.<\/p>\n","protected":false},"excerpt":{"rendered":"<p>Il tatami da judo Fighting Films \u00e8 prodotto secondo le pi\u00f9 alte specifiche in <strong>vinile<\/strong> di alta qualit\u00e0 con <strong>motivo a paglia di riso<\/strong>, appositamente impregnato per prevenire le crepe e rimanere flessibile per molti anni. I tappetini hanno una <strong>base antiscivolo<\/strong> microcellulare con angoli termosaldati.<\/p>\n<p>Questa gamma di alta qualit\u00e0 \u00e8 quella utilizzata nelle principali competizioni internazionali. L&#8217;alta densit\u00e0 garantisce un&#8217;eccezionale rigidit\u00e0 e resistenza.<\/p>\n<p><strong>Il tatami olimpico ha una densit\u00e0 compresa tra 270\/280 kg\/m3.<\/strong><\/p>\n","protected":false},"featured_media":17339,"comment_status":"closed","ping_status":"closed","template":"","meta":[],"product_brand":[],"product_cat":[511],"product_tag":[],"giftcard-category":[],"class_list":{"0":"post-17338","1":"product","2":"type-product","3":"status-publish","4":"has-post-thumbnail","6":"product_cat-per-i-club","7":"product_shipping_class-tatami-da-judo","9":"first","10":"outofstock","11":"taxable","12":"shipping-taxable","13":"purchasable","14":"product-type-variable"},"exclude_global_add_ons":[],"addons":[],"_links":{"self":[{"href":"https:\/\/fightingfilms.shop\/it\/wp-json\/wp\/v2\/product\/17338","targetHints":{"allow":["GET"]}}],"collection":[{"href":"https:\/\/fightingfilms.shop\/it\/wp-json\/wp\/v2\/product"}],"about":[{"href":"https:\/\/fightingfilms.shop\/it\/wp-json\/wp\/v2\/types\/product"}],"replies":[{"embeddable":true,"href":"https:\/\/fightingfilms.shop\/it\/wp-json\/wp\/v2\/comments?post=17338"}],"wp:featuredmedia":[{"embeddable":true,"href":"https:\/\/fightingfilms.shop\/it\/wp-json\/wp\/v2\/media\/17339"}],"wp:attachment":[{"href":"https:\/\/fightingfilms.shop\/it\/wp-json\/wp\/v2\/media?parent=17338"}],"wp:term":[{"taxonomy":"product_brand","embeddable":true,"href":"https:\/\/fightingfilms.shop\/it\/wp-json\/wp\/v2\/product_brand?post=17338"},{"taxonomy":"product_cat","embeddable":true,"href":"https:\/\/fightingfilms.shop\/it\/wp-json\/wp\/v2\/product_cat?post=17338"},{"taxonomy":"product_tag","embeddable":true,"href":"https:\/\/fightingfilms.shop\/it\/wp-json\/wp\/v2\/product_tag?post=17338"},{"taxonomy":"giftcard-category","embeddable":true,"href":"https:\/\/fightingfilms.shop\/it\/wp-json\/wp\/v2\/giftcard-category?post=17338"}],"curies":[{"name":"wp","href":"https:\/\/api.w.org\/{rel}","templated":true}]}}