{"id":17422,"date":"2022-09-14T11:10:31","date_gmt":"2022-09-14T09:10:31","guid":{"rendered":"https:\/\/www.fightingfilms.shop\/produit\/tatami-da-judo-performante\/"},"modified":"2024-01-25T11:59:34","modified_gmt":"2024-01-25T10:59:34","slug":"tatami-da-judo-performante","status":"publish","type":"product","link":"https:\/\/fightingfilms.shop\/it\/produit\/tatami-da-judo-performante\/","title":{"rendered":"Tatami da judo performante"},"content":{"rendered":"<p>Il tappetino da judo Performance \u00e8 prodotto secondo le pi\u00f9 alte specifiche.<\/p>\n<p>Il tappeto Performance \u00e8 ideale per i club con un gran numero di soci. Grazie alla sua leggerezza, pu\u00f2 essere spostato pi\u00f9 facilmente rispetto ai tatami olimpici. Ma \u00e8 ancora estremamente resistente e abbastanza robusto da accogliere judoka di tutte le et\u00e0 per molti anni a venire.<\/p>\n<p>Realizzato in vinile di alta qualit\u00e0 con motivo a paglia di riso, appositamente impregnato per evitare crepe e rimanere flessibile per molti anni. I tappetini hanno una base antiscivolo microcellulare con angoli termosaldati.<\/p>\n<p><strong>Il tatami da judo ha una densit\u00e0 compresa tra 200 e 210 kg\/m3.<\/strong><\/p>\n<p>A differenza di molte imitazioni pi\u00f9 economiche, il tatami Fighting Films \u00e8 costruito per durare. Alcuni dei nostri clienti utilizzano ancora tatami da judo Fighting Films vecchi di 30 anni senza che il vinile si crepi o che la base antiscivolo si stacchi.<\/p>\n<p>I nostri tatami sono conformi alla <a href=\"https:\/\/www.ffjudo.com\/uploads\/elfinder\/ESPACE-SERVICE-INTERNET\/Construire%20un%20dojo\/5_10%20Salles%20de%20judo.pdf\" rel=\"nofollow noopener\" target=\"_blank\">norma europea EN 12503-3<\/a>.<\/p>\n<p>I tappetini Fighting Films sono stati utilizzati ai Giochi del Commonwealth del 2022, a riprova della qualit\u00e0 dei nostri tatami.<\/p>\n<p>I tappeti sono disponibili nelle misure standard di : 2 m x 1 m e 1 m x 1 m, entrambi con uno spessore di 40 mm.<\/p>\n<p>Dopo aver selezionato la densit\u00e0 pi\u00f9 adatta alle vostre esigenze, scegliete tra un&#8217;ampia gamma di colori. Sono disponibili anche due misure di tatami.<\/p>\n<p>Scoprite gli altri prodotti Fighting Films per il judo, i <a href=\"https:\/\/www.fightingfilms.shop\/categorie-produit\/kimonos-de-judo\/\">kimono per il judo<\/a>, gli accessori per il judo e i tessuti.<\/p>\n","protected":false},"excerpt":{"rendered":"<p>Il tatami da judo Fighting Films \u00e8 prodotto secondo le pi\u00f9 alte specifiche in <strong>vinile<\/strong> di alta qualit\u00e0 con <strong>motivo a paglia di riso<\/strong>, appositamente impregnato per prevenire le crepe e rimanere flessibile per molti anni. I tappetini hanno una <strong>base antiscivolo<\/strong> microcellulare con angoli termosaldati.<\/p>\n<p>Il tappeto Performance \u00e8 ideale per i club con un gran numero di soci. Grazie alla sua leggerezza, pu\u00f2 essere spostato pi\u00f9 facilmente rispetto ai tatami olimpici. Ma \u00e8 ancora estremamente resistente e abbastanza robusto da accogliere judoka di tutte le et\u00e0 per molti anni a venire.<\/p>\n<p><strong>Il tatami ad alte prestazioni ha una densit\u00e0 compresa tra 200 e 210 kg\/m3.<\/strong><\/p>\n","protected":false},"featured_media":17423,"comment_status":"closed","ping_status":"closed","template":"","meta":[],"product_brand":[],"product_cat":[511],"product_tag":[],"giftcard-category":[],"class_list":{"0":"post-17422","1":"product","2":"type-product","3":"status-publish","4":"has-post-thumbnail","6":"product_cat-per-i-club","7":"product_shipping_class-tatami-da-judo","9":"first","10":"outofstock","11":"taxable","12":"shipping-taxable","13":"purchasable","14":"product-type-variable"},"exclude_global_add_ons":[],"addons":[],"_links":{"self":[{"href":"https:\/\/fightingfilms.shop\/it\/wp-json\/wp\/v2\/product\/17422","targetHints":{"allow":["GET"]}}],"collection":[{"href":"https:\/\/fightingfilms.shop\/it\/wp-json\/wp\/v2\/product"}],"about":[{"href":"https:\/\/fightingfilms.shop\/it\/wp-json\/wp\/v2\/types\/product"}],"replies":[{"embeddable":true,"href":"https:\/\/fightingfilms.shop\/it\/wp-json\/wp\/v2\/comments?post=17422"}],"wp:featuredmedia":[{"embeddable":true,"href":"https:\/\/fightingfilms.shop\/it\/wp-json\/wp\/v2\/media\/17423"}],"wp:attachment":[{"href":"https:\/\/fightingfilms.shop\/it\/wp-json\/wp\/v2\/media?parent=17422"}],"wp:term":[{"taxonomy":"product_brand","embeddable":true,"href":"https:\/\/fightingfilms.shop\/it\/wp-json\/wp\/v2\/product_brand?post=17422"},{"taxonomy":"product_cat","embeddable":true,"href":"https:\/\/fightingfilms.shop\/it\/wp-json\/wp\/v2\/product_cat?post=17422"},{"taxonomy":"product_tag","embeddable":true,"href":"https:\/\/fightingfilms.shop\/it\/wp-json\/wp\/v2\/product_tag?post=17422"},{"taxonomy":"giftcard-category","embeddable":true,"href":"https:\/\/fightingfilms.shop\/it\/wp-json\/wp\/v2\/giftcard-category?post=17422"}],"curies":[{"name":"wp","href":"https:\/\/api.w.org\/{rel}","templated":true}]}}