{"id":17543,"date":"2022-04-19T16:25:20","date_gmt":"2022-04-19T14:25:20","guid":{"rendered":"https:\/\/www.fightingfilms.shop\/produit\/il-mio-primo-kimono\/"},"modified":"2024-02-07T11:57:06","modified_gmt":"2024-02-07T10:57:06","slug":"il-mio-primo-kimono","status":"publish","type":"product","link":"https:\/\/fightingfilms.shop\/it\/produit\/il-mio-primo-kimono\/","title":{"rendered":"Il mio primo kimono"},"content":{"rendered":"<p>Il mio primo kimono \u00e8 perfetto per i bambini che iniziano il judo in tenera et\u00e0. Con un peso del materiale di 185 g, questo kimono da judo per bambini \u00e8 un&#8217;opzione economica e ideale per accompagnare un bambino nella sua prima stagione.<\/p>\n<p>Realizzato in 65% cotone e 35% poliestere.<\/p>\n<p>Leggero e ben rifinito, ogni judogi presenta il logo Fighting Films su ogni manica. I pantaloni hanno un elastico in vita.<\/p>\n<p>Questi kimono sono disponibili nelle misure da 100 a 150 cm. A partire dai 4 anni di et\u00e0. Quando il bambino supera i 150 cm di altezza, \u00e8 possibile acquistare il <a href=\"https:\/\/www.fightingfilms.shop\/produit\/kimono-de-judo-red-label-500-gr\/\">judogi<\/a> Red Label. Pu\u00f2 essere utilizzato da bambini e adulti per la pratica regolare del judo.<\/p>\n<p>\u00c8 l&#8217;attrezzatura ideale per un bambino alle prime armi con il judo. Ottimo rapporto qualit\u00e0\/prezzo.<\/p>\n<p>Una cintura bianca \u00e8 inclusa nel kimono da judo per bambini. Se il bambino ha gi\u00e0 un grado superiore, \u00e8 possibile acquistare <a href=\"https:\/\/www.fightingfilms.shop\/produit\/ceintures-de-judo\/ceinture-club-de-couleur\/\">cinture di judo<\/a> di tutti i colori.<\/p>\n<p>Se il vostro bambino ha gi\u00e0 familiarit\u00e0 con il mondo del judo, non esitate a scegliere la gamma pi\u00f9 alta, i <a href=\"https:\/\/www.fightingfilms.shop\/categorie\/kimonos\/kimonos-de-judo\/kimonos-enfants\/\">kimono da judo per bambini<\/a> Hajime.<\/p>\n<p>Per altri prodotti appositamente studiati per i bambini, visitate <a href=\"https:\/\/fightingfilms.com\/collections\/kids-zone\" rel=\"nofollow noopener\" target=\"_blank\">FightingFilms.com<\/a><\/p>\n<p>&nbsp;<\/p>\n<div id=\"kurato_extension_modal\"><\/div>\n","protected":false},"excerpt":{"rendered":"<p>Questo \u00e8 il kimono da judo per bambini ideale per <strong>iniziare a imparare il judo<\/strong> con i migliori mezzi. Questo kimono da judo per bambini \u00e8 realizzato in tessuto ed \u00e8 molto leggero, in modo da poter scoprire il judo in totale comodit\u00e0.<\/p>\n<div id=\"kurato_extension_modal\"><\/div>\n","protected":false},"featured_media":19674,"comment_status":"closed","ping_status":"closed","template":"","meta":[],"product_brand":[],"product_cat":[440,547],"product_tag":[],"giftcard-category":[],"class_list":{"0":"post-17543","1":"product","2":"type-product","3":"status-publish","4":"has-post-thumbnail","6":"product_cat-kimono-da-judo","7":"product_cat-kimono-per-bambini","8":"product_shipping_class-kimono-childrenred-label","10":"first","11":"instock","12":"taxable","13":"shipping-taxable","14":"purchasable","15":"product-type-variable"},"exclude_global_add_ons":[],"addons":[],"_links":{"self":[{"href":"https:\/\/fightingfilms.shop\/it\/wp-json\/wp\/v2\/product\/17543","targetHints":{"allow":["GET"]}}],"collection":[{"href":"https:\/\/fightingfilms.shop\/it\/wp-json\/wp\/v2\/product"}],"about":[{"href":"https:\/\/fightingfilms.shop\/it\/wp-json\/wp\/v2\/types\/product"}],"replies":[{"embeddable":true,"href":"https:\/\/fightingfilms.shop\/it\/wp-json\/wp\/v2\/comments?post=17543"}],"wp:featuredmedia":[{"embeddable":true,"href":"https:\/\/fightingfilms.shop\/it\/wp-json\/wp\/v2\/media\/19674"}],"wp:attachment":[{"href":"https:\/\/fightingfilms.shop\/it\/wp-json\/wp\/v2\/media?parent=17543"}],"wp:term":[{"taxonomy":"product_brand","embeddable":true,"href":"https:\/\/fightingfilms.shop\/it\/wp-json\/wp\/v2\/product_brand?post=17543"},{"taxonomy":"product_cat","embeddable":true,"href":"https:\/\/fightingfilms.shop\/it\/wp-json\/wp\/v2\/product_cat?post=17543"},{"taxonomy":"product_tag","embeddable":true,"href":"https:\/\/fightingfilms.shop\/it\/wp-json\/wp\/v2\/product_tag?post=17543"},{"taxonomy":"giftcard-category","embeddable":true,"href":"https:\/\/fightingfilms.shop\/it\/wp-json\/wp\/v2\/giftcard-category?post=17543"}],"curies":[{"name":"wp","href":"https:\/\/api.w.org\/{rel}","templated":true}]}}